{"id":4065,"date":"2019-05-31T13:43:01","date_gmt":"2019-05-31T11:43:01","guid":{"rendered":"https:\/\/www.cascina36.com\/cookies-erweiterte-informationen\/"},"modified":"2020-01-03T11:10:03","modified_gmt":"2020-01-03T10:10:03","slug":"cookies-erweiterte-informationen","status":"publish","type":"page","link":"https:\/\/www.cascina36.com\/de\/cookies-erweiterte-informationen\/","title":{"rendered":"COOKIES-erweiterte Informationen"},"content":{"rendered":"<h1>Cookies: Erweiterte Offenlegung<\/h1>\n<h2>voraussetzung:<\/h2>\n<p>&nbsp;<\/p>\n<h3>Diese &#8222;erweiterten Informationen&#8220; wurden speziell f\u00fcr diese Website erstellt und personalisiert www.anthilla.com <strong>Nach<\/strong> den Bestimmungen der Ma\u00dfnahme vom 8. Mai 2014, die vom Garanten f\u00fcr den Schutz personenbezogener Daten herausgegeben wurde.<\/h3>\n<p>&nbsp;<\/p>\n<p>Es integriert und aktualisiert andere Informationen bereits auf der Website and\/oder bereits jetzt von der Firma ver\u00f6ffentlicht, in Kombination mit denen es alle Elemente, die von der Kunst ben\u00f6tigt. 13 von D. Lgs. 196\/2003 und die nachfolgenden Bestimmungen der Beh\u00f6rde, die den Schutz personenbezogener Daten garantieren.<\/p>\n<p>&nbsp;<\/p>\n<h2>Wichtige Warnung:<\/h2>\n<p>Dritte Parteien werden dar\u00fcber informiert, dass die Verwendung dieser Erkl\u00e4rung oder auch nur bestimmter Teile davon auf anderen Websites, f\u00fcr die sie sicher nicht relevant und nicht relevant ist und nicht falsch und nicht konsequent ist, die Verh\u00e4ngung von hohen Strafen seitens der Der Beh\u00f6rde, die f\u00fcr den Schutz personenbezogener Daten zust\u00e4ndig ist.<\/p>\n<h2>Thema der Offenlegung:<\/h2>\n<p>Unser Unternehmen nutzt in diesen Webseiten Technologien mit sogenannten &#8222;Cookies&#8220; und diese Aussage hat den Zweck, dem Nutzer eine klare und pr\u00e4zise Art und Weise zu veranschaulichen.<\/p>\n<p>Dieses Dokument hebt und ersetzt alle bisherigen Informationen des Unternehmens zum Thema Cookies, die daher als v\u00f6llig veraltet gelten.<\/p>\n<p>&nbsp;<\/p>\n<h2>Was sind Cookies:<\/h2>\n<p>VI Cookies sind Textzeilen (kleine Dateien), die die von einem Nutzer besuchten Seiten an sein Terminal (PC, Tablet, Smartphone, etc.) senden, wo sie gespeichert und dann an die gleichen Seiten, die sie gesendet haben, w\u00e4hrend des Besuchs wieder \u00fcbertragen werden. Der gleiche Benutzer.<\/p>\n<p>&nbsp;<\/p>\n<h2>Arten von Cookies und ihre Zwecke:<\/h2>\n<p>Die Cookies, die auf dieser Website verwendet werden, sind folgende Art:<\/p>\n<p>&nbsp;<\/p>\n<h4><strong>1. Technische Cookies: <\/strong><\/h4>\n<p>Sie erm\u00f6glichen dem Nutzer das optimale und schnelle Surfen durch die Website und die effiziente Nutzung der Dienste and\/oder der verschiedenen Optionen, die es bietet, so dass zum Beispiel ein Kauf get\u00e4tigt werden kann oder sich authentifizieren, um auf reservierte Bereiche zuzugreifen.<\/p>\n<p>Diese Cookies sind notwendig, um die Benutzerfreundlichkeit der Website zu verbessern, k\u00f6nnen aber trotzdem deaktiviert werden.<\/p>\n<h4>2. Cookies Dritter:<\/h4>\n<p>Cookies werden \u00fcber diese Website von Drittanbietern auf dem Terminal des Nutzers installiert.<\/p>\n<p>Cookies von Drittanbietern, die haupts\u00e4chlich zu Analysezwecken dienen, stammen haupts\u00e4chlich aus den M\u00f6glichkeiten von Werkzeugen f\u00fcr die Verwaltung analytischer Statistiken wie: <strong><br \/>\n<em>Google Analytics<\/em><\/strong><\/p>\n<p>Weitere Informationen zu <strong><em>Google Analytics finden<\/em><\/strong><\/p>\n<p>Sie unter folgendem Link: <strong><em> <a href=\"https:\/\/www.google.it\/intl\/it\/analytics\">www.google.it\/intl\/it\/analytics<\/a> <\/em><\/strong><\/p>\n<p>Cookies deaktivieren und verhindern <strong><br \/>\n<em>Google Analytics,<\/em><br \/>\n<\/strong> um Browserdaten zu sammeln, k\u00f6nnen Sie das Browser-Add-on herunterladen, um zu deaktivieren <strong><br \/>\n<em>Google Analytics mit<\/em><br \/>\n<\/strong> einem Klick auf den folgenden Link: <a href=\"https:\/\/tools.google.com\/dlpage\/gaoptout\"><strong><em>tools.google.com\/dlpage\/gaoptout<\/em><\/strong><\/a> .<\/p>\n<h2>Ihre Browser-Einstellungen:<\/h2>\n<p>Wir informieren Sie auch dar\u00fcber, dass der Benutzer konfigurieren kann, <strong><em>Frei und jederzeit <\/em><\/strong>Seine Datenschutzparameter in Bezug auf die Installation und Verwendung von Cookies, direkt \u00fcber sein Navigationsprogramm (Browser) nach seinen Anweisungen.<br \/>\nInsbesondere kann der Nutzer die so genannte <strong>&#8222;private Navigation&#8220;<\/strong>einstellen, dank der sein Navigationsprogramm die Speicherung der besuchten historischen St\u00e4tten, der eingegebenen Passw\u00f6rter, Cookies und anderer Informationen zu den Seiten, die Sie besuchen.<br \/>\nWir warnen, dass im Falle, dass der Nutzer beschlie\u00dft, alle Cookies (auch die technischen Art) zu deaktivieren, die Qualit\u00e4t und Schnelligkeit der von dieser Website angebotenen Dienste sich drastisch verschlechtern kann und Sie m\u00f6glicherweise den Zugang zu einigen Abschnitten verlieren. Site itself.<\/p>\n<h2>Praktische Anleitungen an den Benutzer f\u00fcr die korrekte Einstellung des Browsers:<\/h2>\n<p>Um die Verwendung von Cookies zu blockieren oder zu beschr\u00e4nken, sei es durch diese Website oder durch andere Websites, direkt \u00fcber Ihren Browser, k\u00f6nnen Sie die einfachen Anweisungen unten befolgen und auf die Browser der h\u00e4ufigsten Nutzung verweisen.<\/p>\n<h3>Google Chrome:<\/h3>\n<ul>\n<li>Klicken Sie auf das Symbol mit der Aufschrift<strong>&#8222;Customize and check Google Chrome&#8220;, das<\/strong>sich oben rechts befindet.<\/li>\n<li>Dann w\u00e4hlen Sie den Men\u00fcpunkt &#8222;Einstellungen&#8220;.<\/li>\n<li>In dem ge\u00f6ffneten Formular w\u00e4hlen Sie den<strong>Men\u00fcpunkt<\/strong>&#8222;Erweiterte Einstellungen anzeigen&#8220;.<\/li>\n<li>Dann zum Men\u00fcpunkt &#8222;Datenschutz&#8220;<strong>.<\/strong><\/li>\n<li>Klicken Sie auf die Schaltfl\u00e4che &#8222;<strong>Inhalte&#8220;,<\/strong>wo Sie den Block aller oder eines Teils der Cookies einstellen k\u00f6nnen.<\/li>\n<\/ul>\n<h3>Microsoft Internet Explorer:<\/h3>\n<ul>\n<li>Klicken Sie auf das Symbol mit der Aufschrift &#8222;<strong>Werkzeuge&#8220; oben<\/strong>rechts.<\/li>\n<li>Dann w\u00e4hlen Sie den Men\u00fcpunkt &#8222;<strong>Internet-Optionen&#8220;.<\/strong><\/li>\n<li>In dem Formular, das sich \u00f6ffnet, w\u00e4hlen Sie den Men\u00fcpunkt &#8222;<strong>Datenschutz&#8220;,<\/strong>in dem Sie den Block aller oder einen Teil der Cookies einstellen k\u00f6nnen.<\/li>\n<\/ul>\n<h3>Mozilla Firefox:<\/h3>\n<ul>\n<li>Vom Drop-Down-Men\u00fc oben links oder vom 3-Zeilen-Icon rechts in der Werkzeugleiste.<\/li>\n<li>W\u00e4hlen Sie den Men\u00fcpunkt &#8222;Optionen&#8220;.<\/li>\n<li>In dem Formular, das sich \u00f6ffnet, w\u00e4hlen Sie den Men\u00fcpunkt &#8222;<strong>Datenschutz&#8220;,<\/strong><\/li>\n<li>Wo Sie den Block aller oder einen Teil der Cookies setzen k\u00f6nnen.<\/li>\n<\/ul>\n<p><em>Datum der Ausarbeitung dieses Dokuments:<\/em> <em>26\/03\/2019<\/em><\/p>\n<p>&nbsp;<\/p>\n","protected":false},"excerpt":{"rendered":"<p>Cookies: Erweiterte Offenlegung voraussetzung: &nbsp; Diese &#8222;erweiterten Informationen&#8220; wurden speziell f\u00fcr diese Website erstellt und personalisiert www.anthilla.com Nach den Bestimmungen der Ma\u00dfnahme vom 8. Mai 2014, die vom Garanten f\u00fcr den Schutz personenbezogener Daten herausgegeben wurde. &nbsp; Es integriert und  [&#8230;]<\/p>\n","protected":false},"author":1,"featured_media":0,"parent":0,"menu_order":0,"comment_status":"closed","ping_status":"closed","template":"","meta":{"iawp_total_views":1,"footnotes":""},"class_list":["post-4065","page","type-page","status-publish","hentry"],"yoast_head":"<!-- This site is optimized with the Yoast SEO plugin v27.3 - https:\/\/yoast.com\/product\/yoast-seo-wordpress\/ -->\n<title>COOKIES-erweiterte Informationen - Cascina36 B&amp;B<\/title>\n<meta name=\"robots\" content=\"index, follow, max-snippet:-1, max-image-preview:large, max-video-preview:-1\" \/>\n<link rel=\"canonical\" href=\"https:\/\/www.cascina36.com\/de\/cookies-erweiterte-informationen\/\" \/>\n<meta property=\"og:locale\" content=\"de_DE\" \/>\n<meta property=\"og:type\" content=\"article\" \/>\n<meta property=\"og:title\" content=\"COOKIES-erweiterte Informationen - Cascina36 B&amp;B\" \/>\n<meta property=\"og:description\" content=\"Cookies: Erweiterte Offenlegung voraussetzung: &nbsp; Diese &#8222;erweiterten Informationen&#8220; wurden speziell f\u00fcr diese Website erstellt und personalisiert www.anthilla.com Nach den Bestimmungen der Ma\u00dfnahme vom 8. Mai 2014, die vom Garanten f\u00fcr den Schutz personenbezogener Daten herausgegeben wurde. &nbsp; Es integriert und [...]\" \/>\n<meta property=\"og:url\" content=\"https:\/\/www.cascina36.com\/de\/cookies-erweiterte-informationen\/\" \/>\n<meta property=\"og:site_name\" content=\"Cascina36 B&amp;B\" \/>\n<meta property=\"article:modified_time\" content=\"2020-01-03T10:10:03+00:00\" \/>\n<meta name=\"twitter:card\" content=\"summary_large_image\" \/>\n<meta name=\"twitter:label1\" content=\"Gesch\u00e4tzte Lesezeit\" \/>\n\t<meta name=\"twitter:data1\" content=\"4\u00a0Minuten\" \/>\n<script type=\"application\/ld+json\" class=\"yoast-schema-graph\">{\"@context\":\"https:\\\/\\\/schema.org\",\"@graph\":[{\"@type\":\"WebPage\",\"@id\":\"https:\\\/\\\/www.cascina36.com\\\/de\\\/cookies-erweiterte-informationen\\\/\",\"url\":\"https:\\\/\\\/www.cascina36.com\\\/de\\\/cookies-erweiterte-informationen\\\/\",\"name\":\"COOKIES-erweiterte Informationen - Cascina36 B&amp;B\",\"isPartOf\":{\"@id\":\"https:\\\/\\\/www.cascina36.com\\\/de\\\/#website\"},\"datePublished\":\"2019-05-31T11:43:01+00:00\",\"dateModified\":\"2020-01-03T10:10:03+00:00\",\"breadcrumb\":{\"@id\":\"https:\\\/\\\/www.cascina36.com\\\/de\\\/cookies-erweiterte-informationen\\\/#breadcrumb\"},\"inLanguage\":\"de\",\"potentialAction\":[{\"@type\":\"ReadAction\",\"target\":[\"https:\\\/\\\/www.cascina36.com\\\/de\\\/cookies-erweiterte-informationen\\\/\"]}]},{\"@type\":\"BreadcrumbList\",\"@id\":\"https:\\\/\\\/www.cascina36.com\\\/de\\\/cookies-erweiterte-informationen\\\/#breadcrumb\",\"itemListElement\":[{\"@type\":\"ListItem\",\"position\":1,\"name\":\"Home\",\"item\":\"https:\\\/\\\/www.cascina36.com\\\/de\\\/home-cascina36-b-b-willkommen\\\/\"},{\"@type\":\"ListItem\",\"position\":2,\"name\":\"COOKIES-erweiterte Informationen\"}]},{\"@type\":\"WebSite\",\"@id\":\"https:\\\/\\\/www.cascina36.com\\\/de\\\/#website\",\"url\":\"https:\\\/\\\/www.cascina36.com\\\/de\\\/\",\"name\":\"Cascina36 B&amp;B\",\"description\":\"B&amp;B, Bed and Breakfast, Pregnana Milanese, Milano, Italia, Fiera di Rho, Fiera Milano.\",\"publisher\":{\"@id\":\"https:\\\/\\\/www.cascina36.com\\\/de\\\/#organization\"},\"potentialAction\":[{\"@type\":\"SearchAction\",\"target\":{\"@type\":\"EntryPoint\",\"urlTemplate\":\"https:\\\/\\\/www.cascina36.com\\\/de\\\/?s={search_term_string}\"},\"query-input\":{\"@type\":\"PropertyValueSpecification\",\"valueRequired\":true,\"valueName\":\"search_term_string\"}}],\"inLanguage\":\"de\"},{\"@type\":\"Organization\",\"@id\":\"https:\\\/\\\/www.cascina36.com\\\/de\\\/#organization\",\"name\":\"Cascina36 B&amp;B\",\"url\":\"https:\\\/\\\/www.cascina36.com\\\/de\\\/\",\"logo\":{\"@type\":\"ImageObject\",\"inLanguage\":\"de\",\"@id\":\"https:\\\/\\\/www.cascina36.com\\\/de\\\/#\\\/schema\\\/logo\\\/image\\\/\",\"url\":\"https:\\\/\\\/www.cascina36.com\\\/wp-content\\\/uploads\\\/2017\\\/04\\\/LogoCascina36-1.jpg\",\"contentUrl\":\"https:\\\/\\\/www.cascina36.com\\\/wp-content\\\/uploads\\\/2017\\\/04\\\/LogoCascina36-1.jpg\",\"width\":1038,\"height\":188,\"caption\":\"Cascina36 B&amp;B\"},\"image\":{\"@id\":\"https:\\\/\\\/www.cascina36.com\\\/de\\\/#\\\/schema\\\/logo\\\/image\\\/\"}}]}<\/script>\n<!-- \/ Yoast SEO plugin. -->","yoast_head_json":{"title":"COOKIES-erweiterte Informationen - Cascina36 B&amp;B","robots":{"index":"index","follow":"follow","max-snippet":"max-snippet:-1","max-image-preview":"max-image-preview:large","max-video-preview":"max-video-preview:-1"},"canonical":"https:\/\/www.cascina36.com\/de\/cookies-erweiterte-informationen\/","og_locale":"de_DE","og_type":"article","og_title":"COOKIES-erweiterte Informationen - Cascina36 B&amp;B","og_description":"Cookies: Erweiterte Offenlegung voraussetzung: &nbsp; Diese &#8222;erweiterten Informationen&#8220; wurden speziell f\u00fcr diese Website erstellt und personalisiert www.anthilla.com Nach den Bestimmungen der Ma\u00dfnahme vom 8. Mai 2014, die vom Garanten f\u00fcr den Schutz personenbezogener Daten herausgegeben wurde. &nbsp; Es integriert und [...]","og_url":"https:\/\/www.cascina36.com\/de\/cookies-erweiterte-informationen\/","og_site_name":"Cascina36 B&amp;B","article_modified_time":"2020-01-03T10:10:03+00:00","twitter_card":"summary_large_image","twitter_misc":{"Gesch\u00e4tzte Lesezeit":"4\u00a0Minuten"},"schema":{"@context":"https:\/\/schema.org","@graph":[{"@type":"WebPage","@id":"https:\/\/www.cascina36.com\/de\/cookies-erweiterte-informationen\/","url":"https:\/\/www.cascina36.com\/de\/cookies-erweiterte-informationen\/","name":"COOKIES-erweiterte Informationen - Cascina36 B&amp;B","isPartOf":{"@id":"https:\/\/www.cascina36.com\/de\/#website"},"datePublished":"2019-05-31T11:43:01+00:00","dateModified":"2020-01-03T10:10:03+00:00","breadcrumb":{"@id":"https:\/\/www.cascina36.com\/de\/cookies-erweiterte-informationen\/#breadcrumb"},"inLanguage":"de","potentialAction":[{"@type":"ReadAction","target":["https:\/\/www.cascina36.com\/de\/cookies-erweiterte-informationen\/"]}]},{"@type":"BreadcrumbList","@id":"https:\/\/www.cascina36.com\/de\/cookies-erweiterte-informationen\/#breadcrumb","itemListElement":[{"@type":"ListItem","position":1,"name":"Home","item":"https:\/\/www.cascina36.com\/de\/home-cascina36-b-b-willkommen\/"},{"@type":"ListItem","position":2,"name":"COOKIES-erweiterte Informationen"}]},{"@type":"WebSite","@id":"https:\/\/www.cascina36.com\/de\/#website","url":"https:\/\/www.cascina36.com\/de\/","name":"Cascina36 B&amp;B","description":"B&amp;B, Bed and Breakfast, Pregnana Milanese, Milano, Italia, Fiera di Rho, Fiera Milano.","publisher":{"@id":"https:\/\/www.cascina36.com\/de\/#organization"},"potentialAction":[{"@type":"SearchAction","target":{"@type":"EntryPoint","urlTemplate":"https:\/\/www.cascina36.com\/de\/?s={search_term_string}"},"query-input":{"@type":"PropertyValueSpecification","valueRequired":true,"valueName":"search_term_string"}}],"inLanguage":"de"},{"@type":"Organization","@id":"https:\/\/www.cascina36.com\/de\/#organization","name":"Cascina36 B&amp;B","url":"https:\/\/www.cascina36.com\/de\/","logo":{"@type":"ImageObject","inLanguage":"de","@id":"https:\/\/www.cascina36.com\/de\/#\/schema\/logo\/image\/","url":"https:\/\/www.cascina36.com\/wp-content\/uploads\/2017\/04\/LogoCascina36-1.jpg","contentUrl":"https:\/\/www.cascina36.com\/wp-content\/uploads\/2017\/04\/LogoCascina36-1.jpg","width":1038,"height":188,"caption":"Cascina36 B&amp;B"},"image":{"@id":"https:\/\/www.cascina36.com\/de\/#\/schema\/logo\/image\/"}}]}},"_links":{"self":[{"href":"https:\/\/www.cascina36.com\/de\/wp-json\/wp\/v2\/pages\/4065","targetHints":{"allow":["GET"]}}],"collection":[{"href":"https:\/\/www.cascina36.com\/de\/wp-json\/wp\/v2\/pages"}],"about":[{"href":"https:\/\/www.cascina36.com\/de\/wp-json\/wp\/v2\/types\/page"}],"author":[{"embeddable":true,"href":"https:\/\/www.cascina36.com\/de\/wp-json\/wp\/v2\/users\/1"}],"replies":[{"embeddable":true,"href":"https:\/\/www.cascina36.com\/de\/wp-json\/wp\/v2\/comments?post=4065"}],"version-history":[{"count":0,"href":"https:\/\/www.cascina36.com\/de\/wp-json\/wp\/v2\/pages\/4065\/revisions"}],"wp:attachment":[{"href":"https:\/\/www.cascina36.com\/de\/wp-json\/wp\/v2\/media?parent=4065"}],"curies":[{"name":"wp","href":"https:\/\/api.w.org\/{rel}","templated":true}]}}