{"id":4067,"date":"2019-05-31T13:43:49","date_gmt":"2019-05-31T11:43:49","guid":{"rendered":"https:\/\/www.cascina36.com\/koch-faq-der-garant-fur-privatsphare-der-italienischen-republik\/"},"modified":"2019-05-31T13:43:50","modified_gmt":"2019-05-31T11:43:50","slug":"koch-faq-der-garant-fur-privatsphare-der-italienischen-republik","status":"publish","type":"page","link":"https:\/\/www.cascina36.com\/de\/koch-faq-der-garant-fur-privatsphare-der-italienischen-republik\/","title":{"rendered":"Koch-FAQ der Garant f\u00fcr Privatsph\u00e4re der Italienischen Republik"},"content":{"rendered":"<h2>Information und Einwilligung zur Verwendung von Cookies<\/h2>\n<h3>H\u00e4ufig gestellte Fragen<\/h3>\n<p>&nbsp;<\/p>\n<ol>\n<li><strong> Was sind Cookies?<\/strong><\/li>\n<\/ol>\n<p>Cookies sind kleine Textdateien, die die von den Nutzern besuchten Seiten an ihre Terminals senden, wo sie gespeichert werden, um sie beim n\u00e4chsten Besuch an die gleichen Seiten zu \u00fcbertragen. Die Cookies der sogenannten &#8222;Dritten&#8220; werden stattdessen von einer anderen Website als der, die der Nutzer besucht, eingerichtet. Das liegt daran, dass es auf jeder Website Elemente (Bilder, Karten, T\u00f6ne, spezifische Links zu Webseiten anderer Domains, etc.) geben kann, die sich auf anderen Servern als der besuchten Website befinden.<\/p>\n<p>&nbsp;<\/p>\n<ol start=\"2\">\n<li><strong> Wof\u00fcr sind Cookies?<\/strong><\/li>\n<\/ol>\n<p>Cookies werden f\u00fcr verschiedene Zwecke verwendet: Ausf\u00fchrung der Computer-Authentifizierung, \u00dcberwachung von Sitzungen, Speicherung von Informationen \u00fcber spezifische Konfigurationen in Bezug auf Nutzer, die auf den Server zugreifen, Speicherung von Pr\u00e4ferenzen, etc.<\/p>\n<p>&nbsp;<\/p>\n<ol start=\"3\">\n<li><strong> Was sind &#8222;technische&#8220; Cookies?<\/strong><\/li>\n<\/ol>\n<p>Das sind die Cookies, die verwendet werden, um die Navigation zu machen oder einen vom Nutzer gew\u00fcnschten Dienst anzubieten. Sie werden nicht f\u00fcr weitere Zwecke verwendet und werden in der Regel direkt vom Betreiber der Website installiert.<\/p>\n<p>Ohne R\u00fcckgriff auf solche Cookies k\u00f6nnten einige Transaktionen nicht erf\u00fcllt werden oder w\u00e4ren komplexer und nicht unsicher, wie zum Beispiel Home-Banking-Aktivit\u00e4ten (Anzeige der Bank\u00fcberweisung, \u00dcberweisungen, Zahlung von Rechnungen, etc.), f\u00fcr die Cookies, Das erm\u00f6glicht es Ihnen, die Benutzeridentifikation innerhalb der Sitzung zu erstellen und zu pflegen, sind unverzichtbar.<\/p>\n<p>&nbsp;<\/p>\n<ol start=\"4\">\n<li><strong> Sind Cookie-Analytics-Cookies &#8222;technisch&#8220;?<\/strong><\/li>\n<\/ol>\n<p>Nein. Der Garant (vgl. <a href=\"https:\/\/www.garanteprivacy.it\/garante\/doc.jsp?ID=3118884\">Ma\u00dfnahme vom 8. Mai 2014<\/a>) Er wies darauf hin, dass sie nur dann an technische Cookies angepasst werden k\u00f6nnen, wenn sie zum Zweck der Optimierung der Website direkt vom Eigent\u00fcmer der Website verwendet werden, die in aggregierter Form Informationen \u00fcber die Anzahl der Nutzer und wie sie die platz. Unter diesen Bedingungen gelten die gleichen Regeln f\u00fcr die Cookie-Analyse, was die Information und den Konsens betrifft, die f\u00fcr technische Cookies vorgesehen sind.<\/p>\n<p>&nbsp;<\/p>\n<ol start=\"5\">\n<li><strong> Was sind &#8222;Profiling&#8220; Cookies?<\/strong><\/li>\n<\/ol>\n<p>Es sind die Cookies, die verwendet werden, um das Surfen des Benutzers im Netzwerk zu verfolgen und Profile \u00fcber seinen Geschmack, seine Gewohnheiten, seine Auswahl usw. zu erstellen. Mit diesen Cookies k\u00f6nnen die Terminalanzeigen des Nutzers in \u00dcbereinstimmung mit den Pr\u00e4ferenzen, die bereits vom gleichen Nutzer im Online-Surfen manifestiert wurden, an die Terminalwerbung des Nutzers gesendet werden.<\/p>\n<p>&nbsp;<\/p>\n<ol start=\"6\">\n<li><strong> Ben\u00f6tigen Sie die Zustimmung des Nutzers, um Cookies auf Ihrem Terminal zu installieren?<\/strong><\/li>\n<\/ol>\n<p>Es h\u00e4ngt davon ab, zu welchem Zweck Cookies verwendet werden und ob es sich also um &#8222;technische&#8220; oder &#8222;Profiling&#8220; Cookies handelt.<\/p>\n<p>F\u00fcr die Installation von technischen Cookies ist die Zustimmung des Nutzers nicht erforderlich, w\u00e4hrend die Informationen angegeben werden m\u00fcssen (Artikel 13 des Datenschutzgesetzes). Profiling-Cookies k\u00f6nnen hingegen nur dann auf dem Terminal des Nutzers installiert werden, wenn er seine Zustimmung nach vereinfachter Information zum Ausdruck gebracht hat.<\/p>\n<p>&nbsp;<\/p>\n<ol start=\"7\">\n<li><strong> Wie sollte der Betreiber der Website die vereinfachten Informationen zur Verf\u00fcgung stellen und die Zustimmung zur Verwendung von Profiling-Cookies einholen?<\/strong><\/li>\n<\/ol>\n<p>Wie vom Garanten in der in der Anfrage Nr. 1 genannten Ma\u00dfnahme festgelegt. 4, muss die Offenbarung auf zwei Ebenen gesetzt werden.<\/p>\n<p>Wenn der Nutzer auf eine Website zugreift (auf der Startseite oder auf einer anderen Seite), enth\u00e4lt ein Banner, das eine erste &#8222;kurze&#8220; Information enth\u00e4lt, die Bitte um Zustimmung zur Verwendung von Cookies und einen Link zum Zugang zu einem informativeren &#8220; Erweitert &#8222;. Auf dieser Seite kann der Nutzer immer detailliertere Cookie-Informationen finden, um zu entscheiden, welche spezifischen Cookies zu genehmigen sind.<\/p>\n<p>&nbsp;<\/p>\n<ol start=\"8\">\n<li><strong> Wie soll das Banner gemacht werden?<\/strong><\/li>\n<\/ol>\n<p>Das Banner muss die Gr\u00f6\u00dfe haben, um zum Teil den Inhalt der Webseite, die der Benutzer besucht, abzudecken. Sie muss nur durch eine aktive Benutzerintervention, also durch die Auswahl eines Elements, das auf der Seite unten enthalten ist, eliminiert werden k\u00f6nnen.<\/p>\n<p>&nbsp;<\/p>\n<ol start=\"9\">\n<li><strong> Welche Hinweise sollte das Banner enthalten?<\/strong><\/li>\n<\/ol>\n<p>Das Banner muss angeben, dass die Website Profiling-Cookies verwendet, m\u00f6glicherweise auch &#8222;Dritte&#8220;, die es Ihnen erm\u00f6glichen, Anzeigen entsprechend den Vorlieben des Nutzers zu senden.<\/p>\n<p>Es muss den Link zu den erweiterten Informationen enthalten und den Hinweis, dass es durch diesen Link m\u00f6glich ist, die Zustimmung zur Installation eines Cookies zu verweigern.<\/p>\n<p>Er muss angeben, dass der Nutzer, wenn er sich entscheidet, das Banner weiter zu &#8222;\u00fcberspringen&#8220;, mit der Verwendung von Cookies einverstanden ist.<\/p>\n<p>&nbsp;<\/p>\n<ol start=\"10\">\n<li><strong> Wie kann der Erwerb der Einwilligung durch die Verwendung des Banners dokumentiert werden?<\/strong><\/li>\n<\/ol>\n<p>Um den \u00dcberblick \u00fcber den erworbenen Konsens zu behalten, kann der Betreiber der Website ein spezielles technisches Cookie verwenden, ein System, das nicht besonders invasiv ist und keine weitere Zustimmung erfordert.<\/p>\n<p>In Anwesenheit einer solchen &#8222;Dokumentation&#8220; ist es nicht notwendig, dass die kurzen Informationen zum zweiten Besuch des Nutzers auf der Website, trotz der M\u00f6glichkeit f\u00fcr diesen, die Einwilligung zu verweigern und zu jeder Zeit und auf einfache Weise, seine Optionen, wie zum Beispiel durch den Zugriff auf die erweiterten Informationen, die von jeder Seite der Website verkn\u00fcpft sein m\u00fcssen.<\/p>\n<p>&nbsp;<\/p>\n<ol start=\"11\">\n<li><strong> Kann die Online-Zustimmung zur Verwendung von Cookies nur durch die Verwendung des Banners angefordert werden?<\/strong><\/li>\n<\/ol>\n<p>Nein. Die Eigent\u00fcmer der Standorte haben immer die M\u00f6glichkeit, andere Modalit\u00e4ten zu nutzen als die, die der Garantiegeber in der oben genannten Ma\u00dfnahme identifiziert hat, sofern die ausgew\u00e4hlten Modalit\u00e4ten alle G\u00fcltigkeitsvoraussetzungen der gesetzlich vorgeschriebenen Zustimmung haben.<\/p>\n<p>&nbsp;<\/p>\n<ol start=\"12\">\n<li><strong> Ist die Verpflichtung, das Banner auch auf den Eigent\u00fcmern von Websites zu verwenden, die nur technische Cookies verwenden?<\/strong><\/li>\n<\/ol>\n<p>Nein. In diesem Fall kann der Eigent\u00fcmer der Website die Informationen an die Nutzer mit den Modalit\u00e4ten, die er f\u00fcr am besten geeignet h\u00e4lt, zum Beispiel auch durch die Einf\u00fcgung der entsprechenden Hinweise in die auf der Website angegebenen Datenschutzrichtlinien geben.<\/p>\n<p>&nbsp;<\/p>\n<ol start=\"13\">\n<li><strong> Was sollten die &#8222;erweiterten&#8220; Informationen angegeben werden?<\/strong><\/li>\n<\/ol>\n<p>Es muss alle gesetzlich vorgeschriebenen Elemente enthalten, die Eigenschaften und den Zweck von Cookies, die von der Website installiert werden, analytisch beschreiben und es dem Nutzer erm\u00f6glichen, einzelne Cookies auszuw\u00e4hlen.<\/p>\n<p>Sie muss den aktualisierten Link zu Informationen und Einwilligungsformularen Dritter enthalten, mit denen der Inhaber \u00fcber seine Website Vereinbarungen \u00fcber die Installation von Cookies unterzeichnet hat.<\/p>\n<p>Schlie\u00dflich kann die M\u00f6glichkeit des Nutzers, seine Optionen auf Cookies auszudr\u00fccken, auch \u00fcber die verwendeten Browser-Einstellungen aufgerufen werden.<\/p>\n<p>&nbsp;<\/p>\n<ol start=\"14\">\n<li><strong> Wer ist verpflichtet, die Informationen zur Verf\u00fcgung zu stellen und die Zustimmung zur Verwendung von Cookies zu verlangen?<\/strong><\/li>\n<\/ol>\n<p>Der Inhaber der Website, die Profiling-Cookies installiert.<\/p>\n<p>F\u00fcr Cookies Dritter, die \u00fcber die Website installiert werden, werden die Offenlegungs-und Einwilligungspflichten an Dritte weitergegeben, aber der Eigent\u00fcmer der Website ist als technischer Vermittler zwischen diesen und den Nutzern verpflichtet, in die &#8222;erweiterten&#8220; Informationen die Links, die aktualisiert wurden, aufzunehmen. Informationen und die Einwilligungsformulare der Dritten selbst.<\/p>\n<p>&nbsp;<\/p>\n<ol start=\"15\">\n<li><strong> Sollte die Verwendung von Cookies an den Garanten mitgeteilt werden?<\/strong><\/li>\n<\/ol>\n<p>Profiling-Cookies, die in der Regel im Laufe der Zeit fortbestehen, unterliegen der Meldepflicht, w\u00e4hrend Cookies, die unterschiedliche Zwecke haben und in die Kategorie der technischen Cookies fallen, nicht dem Garanten gemeldet werden d\u00fcrfen.<\/p>\n<p>&nbsp;<\/p>\n<ol start=\"16\">\n<li><strong> Wann treten die vom Gutachter vorgeschriebenen Ma\u00dfnahmen mit der Ma\u00dfnahme vom 8. Mai 2014 in Kraft?<\/strong><\/li>\n<\/ol>\n<p>Der Garant hat eine \u00dcbergangsfrist von einem Jahr ab der Ver\u00f6ffentlichung der Ma\u00dfnahme im Amtsblatt vorgesehen, um Interessenten die Einrichtung zu erm\u00f6glichen. Diese Frist endet am 2. Juni 2015.<\/p>\n<p>&nbsp;<\/p>\n","protected":false},"excerpt":{"rendered":"<p>Information und Einwilligung zur Verwendung von Cookies H\u00e4ufig gestellte Fragen &nbsp; Was sind Cookies? Cookies sind kleine Textdateien, die die von den Nutzern besuchten Seiten an ihre Terminals senden, wo sie gespeichert werden, um sie beim n\u00e4chsten Besuch an die  [&#8230;]<\/p>\n","protected":false},"author":1,"featured_media":0,"parent":0,"menu_order":0,"comment_status":"closed","ping_status":"closed","template":"","meta":{"iawp_total_views":0,"footnotes":""},"class_list":["post-4067","page","type-page","status-publish","hentry"],"yoast_head":"<!-- This site is optimized with the Yoast SEO plugin v27.3 - https:\/\/yoast.com\/product\/yoast-seo-wordpress\/ -->\n<title>Koch-FAQ der Garant f\u00fcr Privatsph\u00e4re der Italienischen Republik - Cascina36 B&amp;B<\/title>\n<meta name=\"robots\" content=\"index, follow, max-snippet:-1, max-image-preview:large, max-video-preview:-1\" \/>\n<link rel=\"canonical\" href=\"https:\/\/www.cascina36.com\/de\/koch-faq-der-garant-fur-privatsphare-der-italienischen-republik\/\" \/>\n<meta property=\"og:locale\" content=\"de_DE\" \/>\n<meta property=\"og:type\" content=\"article\" \/>\n<meta property=\"og:title\" content=\"Koch-FAQ der Garant f\u00fcr Privatsph\u00e4re der Italienischen Republik - Cascina36 B&amp;B\" \/>\n<meta property=\"og:description\" content=\"Information und Einwilligung zur Verwendung von Cookies H\u00e4ufig gestellte Fragen &nbsp; Was sind Cookies? Cookies sind kleine Textdateien, die die von den Nutzern besuchten Seiten an ihre Terminals senden, wo sie gespeichert werden, um sie beim n\u00e4chsten Besuch an die [...]\" \/>\n<meta property=\"og:url\" content=\"https:\/\/www.cascina36.com\/de\/koch-faq-der-garant-fur-privatsphare-der-italienischen-republik\/\" \/>\n<meta property=\"og:site_name\" content=\"Cascina36 B&amp;B\" \/>\n<meta property=\"article:modified_time\" content=\"2019-05-31T11:43:50+00:00\" \/>\n<meta name=\"twitter:card\" content=\"summary_large_image\" \/>\n<meta name=\"twitter:label1\" content=\"Gesch\u00e4tzte Lesezeit\" \/>\n\t<meta name=\"twitter:data1\" content=\"6\u00a0Minuten\" \/>\n<script type=\"application\/ld+json\" class=\"yoast-schema-graph\">{\"@context\":\"https:\\\/\\\/schema.org\",\"@graph\":[{\"@type\":\"WebPage\",\"@id\":\"https:\\\/\\\/www.cascina36.com\\\/de\\\/koch-faq-der-garant-fur-privatsphare-der-italienischen-republik\\\/\",\"url\":\"https:\\\/\\\/www.cascina36.com\\\/de\\\/koch-faq-der-garant-fur-privatsphare-der-italienischen-republik\\\/\",\"name\":\"Koch-FAQ der Garant f\u00fcr Privatsph\u00e4re der Italienischen Republik - Cascina36 B&amp;B\",\"isPartOf\":{\"@id\":\"https:\\\/\\\/www.cascina36.com\\\/de\\\/#website\"},\"datePublished\":\"2019-05-31T11:43:49+00:00\",\"dateModified\":\"2019-05-31T11:43:50+00:00\",\"breadcrumb\":{\"@id\":\"https:\\\/\\\/www.cascina36.com\\\/de\\\/koch-faq-der-garant-fur-privatsphare-der-italienischen-republik\\\/#breadcrumb\"},\"inLanguage\":\"de\",\"potentialAction\":[{\"@type\":\"ReadAction\",\"target\":[\"https:\\\/\\\/www.cascina36.com\\\/de\\\/koch-faq-der-garant-fur-privatsphare-der-italienischen-republik\\\/\"]}]},{\"@type\":\"BreadcrumbList\",\"@id\":\"https:\\\/\\\/www.cascina36.com\\\/de\\\/koch-faq-der-garant-fur-privatsphare-der-italienischen-republik\\\/#breadcrumb\",\"itemListElement\":[{\"@type\":\"ListItem\",\"position\":1,\"name\":\"Home\",\"item\":\"https:\\\/\\\/www.cascina36.com\\\/de\\\/home-cascina36-b-b-willkommen\\\/\"},{\"@type\":\"ListItem\",\"position\":2,\"name\":\"Koch-FAQ der Garant f\u00fcr Privatsph\u00e4re der Italienischen Republik\"}]},{\"@type\":\"WebSite\",\"@id\":\"https:\\\/\\\/www.cascina36.com\\\/de\\\/#website\",\"url\":\"https:\\\/\\\/www.cascina36.com\\\/de\\\/\",\"name\":\"Cascina36 B&amp;B\",\"description\":\"B&amp;B, Bed and Breakfast, Pregnana Milanese, Milano, Italia, Fiera di Rho, Fiera Milano.\",\"publisher\":{\"@id\":\"https:\\\/\\\/www.cascina36.com\\\/de\\\/#organization\"},\"potentialAction\":[{\"@type\":\"SearchAction\",\"target\":{\"@type\":\"EntryPoint\",\"urlTemplate\":\"https:\\\/\\\/www.cascina36.com\\\/de\\\/?s={search_term_string}\"},\"query-input\":{\"@type\":\"PropertyValueSpecification\",\"valueRequired\":true,\"valueName\":\"search_term_string\"}}],\"inLanguage\":\"de\"},{\"@type\":\"Organization\",\"@id\":\"https:\\\/\\\/www.cascina36.com\\\/de\\\/#organization\",\"name\":\"Cascina36 B&amp;B\",\"url\":\"https:\\\/\\\/www.cascina36.com\\\/de\\\/\",\"logo\":{\"@type\":\"ImageObject\",\"inLanguage\":\"de\",\"@id\":\"https:\\\/\\\/www.cascina36.com\\\/de\\\/#\\\/schema\\\/logo\\\/image\\\/\",\"url\":\"https:\\\/\\\/www.cascina36.com\\\/wp-content\\\/uploads\\\/2017\\\/04\\\/LogoCascina36-1.jpg\",\"contentUrl\":\"https:\\\/\\\/www.cascina36.com\\\/wp-content\\\/uploads\\\/2017\\\/04\\\/LogoCascina36-1.jpg\",\"width\":1038,\"height\":188,\"caption\":\"Cascina36 B&amp;B\"},\"image\":{\"@id\":\"https:\\\/\\\/www.cascina36.com\\\/de\\\/#\\\/schema\\\/logo\\\/image\\\/\"}}]}<\/script>\n<!-- \/ Yoast SEO plugin. -->","yoast_head_json":{"title":"Koch-FAQ der Garant f\u00fcr Privatsph\u00e4re der Italienischen Republik - Cascina36 B&amp;B","robots":{"index":"index","follow":"follow","max-snippet":"max-snippet:-1","max-image-preview":"max-image-preview:large","max-video-preview":"max-video-preview:-1"},"canonical":"https:\/\/www.cascina36.com\/de\/koch-faq-der-garant-fur-privatsphare-der-italienischen-republik\/","og_locale":"de_DE","og_type":"article","og_title":"Koch-FAQ der Garant f\u00fcr Privatsph\u00e4re der Italienischen Republik - Cascina36 B&amp;B","og_description":"Information und Einwilligung zur Verwendung von Cookies H\u00e4ufig gestellte Fragen &nbsp; Was sind Cookies? Cookies sind kleine Textdateien, die die von den Nutzern besuchten Seiten an ihre Terminals senden, wo sie gespeichert werden, um sie beim n\u00e4chsten Besuch an die [...]","og_url":"https:\/\/www.cascina36.com\/de\/koch-faq-der-garant-fur-privatsphare-der-italienischen-republik\/","og_site_name":"Cascina36 B&amp;B","article_modified_time":"2019-05-31T11:43:50+00:00","twitter_card":"summary_large_image","twitter_misc":{"Gesch\u00e4tzte Lesezeit":"6\u00a0Minuten"},"schema":{"@context":"https:\/\/schema.org","@graph":[{"@type":"WebPage","@id":"https:\/\/www.cascina36.com\/de\/koch-faq-der-garant-fur-privatsphare-der-italienischen-republik\/","url":"https:\/\/www.cascina36.com\/de\/koch-faq-der-garant-fur-privatsphare-der-italienischen-republik\/","name":"Koch-FAQ der Garant f\u00fcr Privatsph\u00e4re der Italienischen Republik - Cascina36 B&amp;B","isPartOf":{"@id":"https:\/\/www.cascina36.com\/de\/#website"},"datePublished":"2019-05-31T11:43:49+00:00","dateModified":"2019-05-31T11:43:50+00:00","breadcrumb":{"@id":"https:\/\/www.cascina36.com\/de\/koch-faq-der-garant-fur-privatsphare-der-italienischen-republik\/#breadcrumb"},"inLanguage":"de","potentialAction":[{"@type":"ReadAction","target":["https:\/\/www.cascina36.com\/de\/koch-faq-der-garant-fur-privatsphare-der-italienischen-republik\/"]}]},{"@type":"BreadcrumbList","@id":"https:\/\/www.cascina36.com\/de\/koch-faq-der-garant-fur-privatsphare-der-italienischen-republik\/#breadcrumb","itemListElement":[{"@type":"ListItem","position":1,"name":"Home","item":"https:\/\/www.cascina36.com\/de\/home-cascina36-b-b-willkommen\/"},{"@type":"ListItem","position":2,"name":"Koch-FAQ der Garant f\u00fcr Privatsph\u00e4re der Italienischen Republik"}]},{"@type":"WebSite","@id":"https:\/\/www.cascina36.com\/de\/#website","url":"https:\/\/www.cascina36.com\/de\/","name":"Cascina36 B&amp;B","description":"B&amp;B, Bed and Breakfast, Pregnana Milanese, Milano, Italia, Fiera di Rho, Fiera Milano.","publisher":{"@id":"https:\/\/www.cascina36.com\/de\/#organization"},"potentialAction":[{"@type":"SearchAction","target":{"@type":"EntryPoint","urlTemplate":"https:\/\/www.cascina36.com\/de\/?s={search_term_string}"},"query-input":{"@type":"PropertyValueSpecification","valueRequired":true,"valueName":"search_term_string"}}],"inLanguage":"de"},{"@type":"Organization","@id":"https:\/\/www.cascina36.com\/de\/#organization","name":"Cascina36 B&amp;B","url":"https:\/\/www.cascina36.com\/de\/","logo":{"@type":"ImageObject","inLanguage":"de","@id":"https:\/\/www.cascina36.com\/de\/#\/schema\/logo\/image\/","url":"https:\/\/www.cascina36.com\/wp-content\/uploads\/2017\/04\/LogoCascina36-1.jpg","contentUrl":"https:\/\/www.cascina36.com\/wp-content\/uploads\/2017\/04\/LogoCascina36-1.jpg","width":1038,"height":188,"caption":"Cascina36 B&amp;B"},"image":{"@id":"https:\/\/www.cascina36.com\/de\/#\/schema\/logo\/image\/"}}]}},"_links":{"self":[{"href":"https:\/\/www.cascina36.com\/de\/wp-json\/wp\/v2\/pages\/4067","targetHints":{"allow":["GET"]}}],"collection":[{"href":"https:\/\/www.cascina36.com\/de\/wp-json\/wp\/v2\/pages"}],"about":[{"href":"https:\/\/www.cascina36.com\/de\/wp-json\/wp\/v2\/types\/page"}],"author":[{"embeddable":true,"href":"https:\/\/www.cascina36.com\/de\/wp-json\/wp\/v2\/users\/1"}],"replies":[{"embeddable":true,"href":"https:\/\/www.cascina36.com\/de\/wp-json\/wp\/v2\/comments?post=4067"}],"version-history":[{"count":0,"href":"https:\/\/www.cascina36.com\/de\/wp-json\/wp\/v2\/pages\/4067\/revisions"}],"wp:attachment":[{"href":"https:\/\/www.cascina36.com\/de\/wp-json\/wp\/v2\/media?parent=4067"}],"curies":[{"name":"wp","href":"https:\/\/api.w.org\/{rel}","templated":true}]}}