{"id":4069,"date":"2019-05-31T13:44:00","date_gmt":"2019-05-31T11:44:00","guid":{"rendered":"https:\/\/www.cascina36.com\/informationen-zur-datenverarbeitung\/"},"modified":"2021-08-02T14:13:20","modified_gmt":"2021-08-02T12:13:20","slug":"informationen-zur-datenverarbeitung","status":"publish","type":"page","link":"https:\/\/www.cascina36.com\/de\/informationen-zur-datenverarbeitung\/","title":{"rendered":"Informationen zur Datenverarbeitung"},"content":{"rendered":"<h2><strong>Datenschutz<\/strong><\/h2>\n<p>Inhaber der Behandlungs-und Bezugsvorschriften<br \/>\nDer Datenkontrolleur ist Cascina 36 B &amp; B mit Hauptsitz in der Via Cascina Comune 36, Pregnana Milanese, 20006, MI (Italien), im Folgenden &#8222;Cascina36&#8220;, f\u00fcr K\u00fcrze. Cascina36 behandelt personenbezogene Daten in \u00dcbereinstimmung mit den europ\u00e4ischen Vorschriften zum Schutz personenbezogener Daten (im Folgenden &#8222;GDPR&#8220;, f\u00fcr K\u00fcrze). Nach Art. 12, 13 und 14 von GDPR, der Rechteinhaber stellt diese Informationen \u00fcber die Verarbeitung personenbezogener Daten zur Verf\u00fcgung, die er durchgef\u00fchrt hat.<\/p>\n<p><strong>Anwendungsbereich<\/strong><\/p>\n<p>Diese Erkl\u00e4rung gilt f\u00fcr CASCINA36 und seine Website sowie f\u00fcr personenbezogene Daten, die sich auf Einzelpersonen beziehen. Cascina36 kann und ist in keiner Weise f\u00fcr die Behandlung von unabh\u00e4ngigen Dritten und Websites Dritter verantwortlich, die von irgendwelchen Links auf der Cascina36-Website erreichbar sind. Wenn man bedenkt, dass Cascina36 ein &#8222;Business-to-Business&#8220; (B2B) Unternehmen ist:<br \/>\n\u2022 Cascina36 behandelt als Inhaber systematisch und \u00fcberwiegend Daten von juristischen oder \u00f6ffentlichen Personen,<br \/>\n\u2022 Der Europ\u00e4ische Standard (GDPR) gilt f\u00fcr die pers\u00f6nlichen Daten nur nat\u00fcrlicher Personen,<br \/>\nPersonenbezogene Daten von nat\u00fcrlichen Personen werden vom Eigent\u00fcmer Cascina36 elektronisch oder manuell unter voller Beachtung der GDPR verarbeitet und angemessenen Sicherheitsma\u00dfnahmen unterworfen, wie es die Gesetzgebung verlangt, und zwar nach den besten Industriestandards ( ISO27002, ISO 29134, NIST 800-123). Die Daten und Informationen von juristischen Personen werden dennoch vertraulich behandelt und unterliegen den gleichen Sicherheitsma\u00dfnahmen und der Angemessenheit der gleichen Standards.<\/p>\n<p><strong>Zweck der Behandlung ohne ausdr\u00fcckliche Zustimmung<\/strong><\/p>\n<p>Alle pers\u00f6nlichen Daten, die Sie uns ohne ausdr\u00fcckliche Einwilligung, per Web oder E-Mail oder auf andere Weise zur Verf\u00fcgung stellen, sind optional und das Ergebnis Ihrer freien Wahl. Diese Informationen werden ausschlie\u00dflich von Cascina36 zum Zwecke der (a) Reagieren und Ihren Anforderungen gerecht zu werden, B) Erf\u00fcllung unserer vertraglichen Verpflichtungen, (c) Wahrung legitimer Interessen des Rechteinhabers (Beispiel: Verteidigung im Rechtsamt], d) Erf\u00fcllung rechtlicher und steuerlicher Verpflichtungen.<br \/>\nZweck der Behandlung mit ausdr\u00fccklicher Zustimmung<br \/>\nNur mit ausdr\u00fccklicher Zustimmung der betroffenen Person behandelt CASCINA36 personenbezogene Daten von nat\u00fcrlichen Personen zu Werbe-und Handelszwecken, zum Beispiel um Sie \u00fcber neue Angebote von Produkten oder Dienstleistungen zu informieren.<\/p>\n<p><strong>Aufbewahrungsfrist f\u00fcr personenbezogene Daten<\/strong><\/p>\n<p>Cascina36 wird die pers\u00f6nlichen Daten f\u00fcr den Zeitraum, der f\u00fcr die Zwecke erforderlich und ausreichend ist, die durch die gesetzlichen und steuerlichen Regeln oder bis zur L\u00f6schung des Betroffenen angegeben oder vorgesehen sind, gespeichert (siehe auch die Rechte des Betroffenen).<\/p>\n<p><strong>Rechte des Betroffenen<\/strong><\/p>\n<p>Die nat\u00fcrliche Person, auf die sich die Daten beziehen (&#8222;interessiert&#8220;), hat folgende Rechte:<br \/>\nDie Einwilligung des Inhabers jederzeit widerrufen *<br \/>\n\u2022 Beschwerde bei der Aufsichtsbeh\u00f6rde (Garant) einzureichen,<br \/>\n\u2022 Fragen Sie den Inhaber nach dem Zugriff auf die Daten, um seine Richtigkeit zu \u00fcberpr\u00fcfen und gegebenenfalls eine Korrektur zu verlangen,<br \/>\n\u2022 Fragen Sie den Inhaber nach der \u00dcbertragbarkeit seiner Daten in einem verst\u00e4ndlichen Format (csv),<br \/>\n\u2022 Erbitten Sie den Besitzer, * * Ihre pers\u00f6nlichen Daten zu l\u00f6schen<\/p>\n<p>* Dies beeintr\u00e4chtigt nicht die Rechtm\u00e4\u00dfigkeit der Behandlung vor dem Entzug<br \/>\n* * Der Antrag auf K\u00fcndigung wird erf\u00fcllt, wenn es keine anderen Rechtsgrundlagen gibt, die zur Pflege der Daten verpflichtet sind: Zum Beispiel Daten, die f\u00fcr die Erf\u00fcllung unserer vertraglichen oder normativen Verpflichtung notwendig sind.<\/p>\n<p><strong>Kategorien pers\u00f6nlicher Daten<\/strong><\/p>\n<p>Wenn die betroffene Person nicht anders zur Verf\u00fcgung gestellt wird, behandelt Cascina36 nur &#8222;gemeinsame&#8220; personenbezogene Daten. Die systematische und kontinuierliche Behandlung von &#8222;bestimmten Daten&#8220; (z.B.: sensibel, medizinisch, juristisch, etc.) ist ausgeschlossen.<\/p>\n<p><strong>Quellen personenbezogener Daten<\/strong><\/p>\n<p>Cascina36 kann Ihre pers\u00f6nlichen Daten von Ihnen f\u00fcr Ihre freie Wahl (per E-Mail, Website, Telefon, Fax, etc.) oder aus \u00f6ffentlichen Quellen (\u00f6ffentliche Register, Soziales, etc.) erhalten. Was auch immer die Quelle sein mag, Cascina36 wird ohne deren ausdr\u00fcckliche Zustimmung nicht mit der Verarbeitung personenbezogener Daten von nat\u00fcrlichen Personen zu Werbe-oder Handelszwecken fortfahren.<\/p>\n<p><strong>Kontakt\/Fragen<\/strong><\/p>\n<p>Wenden Sie sich an den Datenkontrolleur, um Ihre Rechte wahrzunehmen oder um Kl\u00e4rung zu bitten.<\/p>\n","protected":false},"excerpt":{"rendered":"<p>Datenschutz Inhaber der Behandlungs-und Bezugsvorschriften Der Datenkontrolleur ist Cascina 36 B &amp; B mit Hauptsitz in der Via Cascina Comune 36, Pregnana Milanese, 20006, MI (Italien), im Folgenden &#8222;Cascina36&#8220;, f\u00fcr K\u00fcrze. Cascina36 behandelt personenbezogene Daten in \u00dcbereinstimmung mit den europ\u00e4ischen  [&#8230;]<\/p>\n","protected":false},"author":1,"featured_media":0,"parent":0,"menu_order":0,"comment_status":"closed","ping_status":"closed","template":"","meta":{"iawp_total_views":0,"footnotes":""},"class_list":["post-4069","page","type-page","status-publish","hentry"],"yoast_head":"<!-- This site is optimized with the Yoast SEO plugin v27.3 - https:\/\/yoast.com\/product\/yoast-seo-wordpress\/ -->\n<title>Informationen zur Datenverarbeitung - Cascina36 B&amp;B<\/title>\n<meta name=\"robots\" content=\"index, follow, max-snippet:-1, max-image-preview:large, max-video-preview:-1\" \/>\n<link rel=\"canonical\" href=\"https:\/\/www.cascina36.com\/de\/informationen-zur-datenverarbeitung\/\" \/>\n<meta property=\"og:locale\" content=\"de_DE\" \/>\n<meta property=\"og:type\" content=\"article\" \/>\n<meta property=\"og:title\" content=\"Informationen zur Datenverarbeitung - Cascina36 B&amp;B\" \/>\n<meta property=\"og:description\" content=\"Datenschutz Inhaber der Behandlungs-und Bezugsvorschriften Der Datenkontrolleur ist Cascina 36 B &amp; B mit Hauptsitz in der Via Cascina Comune 36, Pregnana Milanese, 20006, MI (Italien), im Folgenden &#8222;Cascina36&#8220;, f\u00fcr K\u00fcrze. Cascina36 behandelt personenbezogene Daten in \u00dcbereinstimmung mit den europ\u00e4ischen [...]\" \/>\n<meta property=\"og:url\" content=\"https:\/\/www.cascina36.com\/de\/informationen-zur-datenverarbeitung\/\" \/>\n<meta property=\"og:site_name\" content=\"Cascina36 B&amp;B\" \/>\n<meta property=\"article:modified_time\" content=\"2021-08-02T12:13:20+00:00\" \/>\n<meta name=\"twitter:card\" content=\"summary_large_image\" \/>\n<meta name=\"twitter:label1\" content=\"Gesch\u00e4tzte Lesezeit\" \/>\n\t<meta name=\"twitter:data1\" content=\"3\u00a0Minuten\" \/>\n<script type=\"application\/ld+json\" class=\"yoast-schema-graph\">{\"@context\":\"https:\\\/\\\/schema.org\",\"@graph\":[{\"@type\":\"WebPage\",\"@id\":\"https:\\\/\\\/www.cascina36.com\\\/de\\\/informationen-zur-datenverarbeitung\\\/\",\"url\":\"https:\\\/\\\/www.cascina36.com\\\/de\\\/informationen-zur-datenverarbeitung\\\/\",\"name\":\"Informationen zur Datenverarbeitung - Cascina36 B&amp;B\",\"isPartOf\":{\"@id\":\"https:\\\/\\\/www.cascina36.com\\\/de\\\/#website\"},\"datePublished\":\"2019-05-31T11:44:00+00:00\",\"dateModified\":\"2021-08-02T12:13:20+00:00\",\"breadcrumb\":{\"@id\":\"https:\\\/\\\/www.cascina36.com\\\/de\\\/informationen-zur-datenverarbeitung\\\/#breadcrumb\"},\"inLanguage\":\"de\",\"potentialAction\":[{\"@type\":\"ReadAction\",\"target\":[\"https:\\\/\\\/www.cascina36.com\\\/de\\\/informationen-zur-datenverarbeitung\\\/\"]}]},{\"@type\":\"BreadcrumbList\",\"@id\":\"https:\\\/\\\/www.cascina36.com\\\/de\\\/informationen-zur-datenverarbeitung\\\/#breadcrumb\",\"itemListElement\":[{\"@type\":\"ListItem\",\"position\":1,\"name\":\"Home\",\"item\":\"https:\\\/\\\/www.cascina36.com\\\/de\\\/home-cascina36-b-b-willkommen\\\/\"},{\"@type\":\"ListItem\",\"position\":2,\"name\":\"Informationen zur Datenverarbeitung\"}]},{\"@type\":\"WebSite\",\"@id\":\"https:\\\/\\\/www.cascina36.com\\\/de\\\/#website\",\"url\":\"https:\\\/\\\/www.cascina36.com\\\/de\\\/\",\"name\":\"Cascina36 B&amp;B\",\"description\":\"B&amp;B, Bed and Breakfast, Pregnana Milanese, Milano, Italia, Fiera di Rho, Fiera Milano.\",\"publisher\":{\"@id\":\"https:\\\/\\\/www.cascina36.com\\\/de\\\/#organization\"},\"potentialAction\":[{\"@type\":\"SearchAction\",\"target\":{\"@type\":\"EntryPoint\",\"urlTemplate\":\"https:\\\/\\\/www.cascina36.com\\\/de\\\/?s={search_term_string}\"},\"query-input\":{\"@type\":\"PropertyValueSpecification\",\"valueRequired\":true,\"valueName\":\"search_term_string\"}}],\"inLanguage\":\"de\"},{\"@type\":\"Organization\",\"@id\":\"https:\\\/\\\/www.cascina36.com\\\/de\\\/#organization\",\"name\":\"Cascina36 B&amp;B\",\"url\":\"https:\\\/\\\/www.cascina36.com\\\/de\\\/\",\"logo\":{\"@type\":\"ImageObject\",\"inLanguage\":\"de\",\"@id\":\"https:\\\/\\\/www.cascina36.com\\\/de\\\/#\\\/schema\\\/logo\\\/image\\\/\",\"url\":\"https:\\\/\\\/www.cascina36.com\\\/wp-content\\\/uploads\\\/2017\\\/04\\\/LogoCascina36-1.jpg\",\"contentUrl\":\"https:\\\/\\\/www.cascina36.com\\\/wp-content\\\/uploads\\\/2017\\\/04\\\/LogoCascina36-1.jpg\",\"width\":1038,\"height\":188,\"caption\":\"Cascina36 B&amp;B\"},\"image\":{\"@id\":\"https:\\\/\\\/www.cascina36.com\\\/de\\\/#\\\/schema\\\/logo\\\/image\\\/\"}}]}<\/script>\n<!-- \/ Yoast SEO plugin. -->","yoast_head_json":{"title":"Informationen zur Datenverarbeitung - Cascina36 B&amp;B","robots":{"index":"index","follow":"follow","max-snippet":"max-snippet:-1","max-image-preview":"max-image-preview:large","max-video-preview":"max-video-preview:-1"},"canonical":"https:\/\/www.cascina36.com\/de\/informationen-zur-datenverarbeitung\/","og_locale":"de_DE","og_type":"article","og_title":"Informationen zur Datenverarbeitung - Cascina36 B&amp;B","og_description":"Datenschutz Inhaber der Behandlungs-und Bezugsvorschriften Der Datenkontrolleur ist Cascina 36 B &amp; B mit Hauptsitz in der Via Cascina Comune 36, Pregnana Milanese, 20006, MI (Italien), im Folgenden &#8222;Cascina36&#8220;, f\u00fcr K\u00fcrze. Cascina36 behandelt personenbezogene Daten in \u00dcbereinstimmung mit den europ\u00e4ischen [...]","og_url":"https:\/\/www.cascina36.com\/de\/informationen-zur-datenverarbeitung\/","og_site_name":"Cascina36 B&amp;B","article_modified_time":"2021-08-02T12:13:20+00:00","twitter_card":"summary_large_image","twitter_misc":{"Gesch\u00e4tzte Lesezeit":"3\u00a0Minuten"},"schema":{"@context":"https:\/\/schema.org","@graph":[{"@type":"WebPage","@id":"https:\/\/www.cascina36.com\/de\/informationen-zur-datenverarbeitung\/","url":"https:\/\/www.cascina36.com\/de\/informationen-zur-datenverarbeitung\/","name":"Informationen zur Datenverarbeitung - Cascina36 B&amp;B","isPartOf":{"@id":"https:\/\/www.cascina36.com\/de\/#website"},"datePublished":"2019-05-31T11:44:00+00:00","dateModified":"2021-08-02T12:13:20+00:00","breadcrumb":{"@id":"https:\/\/www.cascina36.com\/de\/informationen-zur-datenverarbeitung\/#breadcrumb"},"inLanguage":"de","potentialAction":[{"@type":"ReadAction","target":["https:\/\/www.cascina36.com\/de\/informationen-zur-datenverarbeitung\/"]}]},{"@type":"BreadcrumbList","@id":"https:\/\/www.cascina36.com\/de\/informationen-zur-datenverarbeitung\/#breadcrumb","itemListElement":[{"@type":"ListItem","position":1,"name":"Home","item":"https:\/\/www.cascina36.com\/de\/home-cascina36-b-b-willkommen\/"},{"@type":"ListItem","position":2,"name":"Informationen zur Datenverarbeitung"}]},{"@type":"WebSite","@id":"https:\/\/www.cascina36.com\/de\/#website","url":"https:\/\/www.cascina36.com\/de\/","name":"Cascina36 B&amp;B","description":"B&amp;B, Bed and Breakfast, Pregnana Milanese, Milano, Italia, Fiera di Rho, Fiera Milano.","publisher":{"@id":"https:\/\/www.cascina36.com\/de\/#organization"},"potentialAction":[{"@type":"SearchAction","target":{"@type":"EntryPoint","urlTemplate":"https:\/\/www.cascina36.com\/de\/?s={search_term_string}"},"query-input":{"@type":"PropertyValueSpecification","valueRequired":true,"valueName":"search_term_string"}}],"inLanguage":"de"},{"@type":"Organization","@id":"https:\/\/www.cascina36.com\/de\/#organization","name":"Cascina36 B&amp;B","url":"https:\/\/www.cascina36.com\/de\/","logo":{"@type":"ImageObject","inLanguage":"de","@id":"https:\/\/www.cascina36.com\/de\/#\/schema\/logo\/image\/","url":"https:\/\/www.cascina36.com\/wp-content\/uploads\/2017\/04\/LogoCascina36-1.jpg","contentUrl":"https:\/\/www.cascina36.com\/wp-content\/uploads\/2017\/04\/LogoCascina36-1.jpg","width":1038,"height":188,"caption":"Cascina36 B&amp;B"},"image":{"@id":"https:\/\/www.cascina36.com\/de\/#\/schema\/logo\/image\/"}}]}},"_links":{"self":[{"href":"https:\/\/www.cascina36.com\/de\/wp-json\/wp\/v2\/pages\/4069","targetHints":{"allow":["GET"]}}],"collection":[{"href":"https:\/\/www.cascina36.com\/de\/wp-json\/wp\/v2\/pages"}],"about":[{"href":"https:\/\/www.cascina36.com\/de\/wp-json\/wp\/v2\/types\/page"}],"author":[{"embeddable":true,"href":"https:\/\/www.cascina36.com\/de\/wp-json\/wp\/v2\/users\/1"}],"replies":[{"embeddable":true,"href":"https:\/\/www.cascina36.com\/de\/wp-json\/wp\/v2\/comments?post=4069"}],"version-history":[{"count":0,"href":"https:\/\/www.cascina36.com\/de\/wp-json\/wp\/v2\/pages\/4069\/revisions"}],"wp:attachment":[{"href":"https:\/\/www.cascina36.com\/de\/wp-json\/wp\/v2\/media?parent=4069"}],"curies":[{"name":"wp","href":"https:\/\/api.w.org\/{rel}","templated":true}]}}