{"id":4085,"date":"2019-05-31T13:45:49","date_gmt":"2019-05-31T11:45:49","guid":{"rendered":"https:\/\/www.cascina36.com\/cookies-erweiterte-offenlegung\/"},"modified":"2023-12-11T11:49:43","modified_gmt":"2023-12-11T10:49:43","slug":"cookies-erweiterte-offenlegung","status":"publish","type":"page","link":"https:\/\/www.cascina36.com\/de\/cookies-erweiterte-offenlegung\/","title":{"rendered":"Cookies: Erweiterte Offenlegung"},"content":{"rendered":"<div class=\"fusion-fullwidth fullwidth-box fusion-builder-row-1 nonhundred-percent-fullwidth non-hundred-percent-height-scrolling\" style=\"--awb-border-radius-top-left:0px;--awb-border-radius-top-right:0px;--awb-border-radius-bottom-right:0px;--awb-border-radius-bottom-left:0px;--awb-flex-wrap:wrap;\" ><div class=\"fusion-builder-row fusion-row\"><div class=\"fusion-layout-column fusion_builder_column fusion-builder-column-0 fusion_builder_column_1_1 1_1 fusion-one-full fusion-column-first fusion-column-last\" style=\"--awb-bg-size:cover;--awb-margin-bottom:0px;\"><div class=\"fusion-column-wrapper fusion-flex-column-wrapper-legacy\"><div class=\"fusion-text fusion-text-1\"><h1 style=\"text-align: center;\">Cookies: Erweiterte Offenlegung<\/h1>\n<h2><\/h2>\n<h2>voraussetzung:<\/h2>\n<p>&nbsp;<\/p>\n<h3>Dieser &#8222;erweiterte Informationshinweis&#8220; wurde speziell f\u00fcr diese Website <strong>www.cascina36.com<\/strong> gem\u00e4\u00df den Bestimmungen der Verordnung der Datenschutzbeh\u00f6rde vom 8. Mai 2014 erstellt und angepasst.<\/h3>\n<p>&nbsp;<\/p>\n<p>Es integriert und aktualisiert andere Informationen bereits auf der Website and\/oder bereits von der Firma ver\u00f6ffentlicht,<\/p>\n<p>In Kombination liefert er alle Elemente, die von der Kunst ben\u00f6tigt werden. 13 von D. Lgs. 196\/2003 und die nachfolgenden Bestimmungen der Beh\u00f6rde, die den Schutz personenbezogener Daten garantieren.<\/p>\n<h2><\/h2>\n<p>&nbsp;<\/p>\n<h2>Wichtige Warnung:<\/h2>\n<p>Dritte werden dar\u00fcber informiert, dass die Verwendung dieser Erkl\u00e4rung,<\/p>\n<p>Oder auch Teile davon, auf anderen Websites, auf die es sicherlich irrelevant w\u00e4re und\/oder falsch and\/oder inkongruent,<\/p>\n<p>Kann die Verh\u00e4ngung von hohen Strafen durch die f\u00fcr den Schutz personenbezogener Daten zust\u00e4ndige Beh\u00f6rde mit sich bringen.<\/p>\n<h3><\/h3>\n<p>&nbsp;<\/p>\n<h2>Thema der Offenlegung:<\/h2>\n<p>Unser Unternehmen nutzt in diesen Webseiten Technologien mit sogenannten &#8222;Cookies&#8220; und diese Aussage hat den Zweck, dem Nutzer eine klare und pr\u00e4zise Art und Weise zu veranschaulichen.<\/p>\n<p>Dieses Dokument hebt und ersetzt in seiner Gesamtheit alle bisherigen Informationen, die das Unternehmen zum Thema Cookies zur Verf\u00fcgung stellt,<\/p>\n<p>Die daher als v\u00f6llig \u00fcberholt zu betrachten sind.<\/p>\n<p>&nbsp;<\/p>\n<p>&nbsp;<\/p>\n<h2>Was sind Cookies:<\/h2>\n<p>THERE-Cookies sind Textzeilen (kleine Dateien),<\/p>\n<p>Dass die von einem Nutzer besuchten Seiten an sein Terminal (PC, Tablet, Smartphone, etc.) senden,<\/p>\n<p>Wo sie gespeichert und dann an die gleichen Stellen, die sie gesendet, wieder \u00fcbertragen werden,<\/p>\n<p>Beim n\u00e4chsten Besuch desselben Nutzers.<\/p>\n<h3><\/h3>\n<p>&nbsp;<\/p>\n<h2>Arten von Cookies und ihre Zwecke:<\/h2>\n<p>Die Cookies, die auf dieser Website verwendet werden, sind folgende Art:<\/p>\n<p>&nbsp;<\/p>\n<h3><strong>1. Technische Cookies: <\/strong><\/h3>\n<p>Erm\u00f6glichen Sie dem Nutzer ein optimales und schnelles Surfen durch die Website und die effiziente Nutzung der Dienste und\/die verschiedenen Optionen, die er bietet,<\/p>\n<p>Zum Beispiel, damit Sie einen Kauf t\u00e4tigen oder sich authentifizieren k\u00f6nnen, um auf reservierte Bereiche zuzugreifen.<\/p>\n<p>Diese Cookies sind notwendig, um die Benutzerfreundlichkeit der Website zu verbessern, k\u00f6nnen aber trotzdem deaktiviert werden.<\/p>\n<p>&nbsp;<\/p>\n<h3>2. Cookies Dritter:<\/h3>\n<p>Cookies werden \u00fcber diese Website von Drittanbietern auf dem Terminal des Nutzers installiert.<\/p>\n<p>Cookies Dritter,<\/p>\n<p>Vor allem mit dem Zweck der Analyse,<\/p>\n<p>stammen meist aus der Funktionalit\u00e4t analytischer Statistik-Tools wie: <em><strong>Google Analytics<\/strong><\/em>.<\/p>\n<p>Weitere Informationen erhalten Sie unter <em><strong>Google-Analytik<\/strong><\/em> erhalten Sie, wenn Sie auf den folgenden Link klicken: <em><strong><a href=\"https:\/\/www.google.it\/intl\/it\/analytics.\">https:\/\/www.google.it\/intl\/it\/analytics.<\/a><\/strong><\/em><\/p>\n<p>So deaktivieren Sie Cookies und verhindern <em><strong>Google Analytics<\/strong><\/em> die Erfassung von Navigationsdaten zu verhindern,<\/p>\n<p>k\u00f6nnen Sie das Browser-Add-on zur Deaktivierung von <em><strong>Google Analytics<\/strong><\/em> herunterladen, indem Sie auf den folgenden Link klicken: <em><strong>https:\/\/tools.google.com\/dlpage\/gaoptout<\/strong><\/em>.<\/p>\n<h3><\/h3>\n<p>&nbsp;<\/p>\n<h2>Ihre Browser-Einstellungen:<\/h2>\n<p>Wir informieren Sie auch dar\u00fcber, dass der Benutzer konfigurieren kann,<\/p>\n<p><em><strong> Frei und jederzeit <\/strong><\/em><\/p>\n<p>Seine Datenschutzparameter in Bezug auf die Installation und Verwendung von Cookies,<\/p>\n<p>Direkt \u00fcber sein Navigationsprogramm (Browser) nach seinen Anweisungen.<br \/>\nInsbesondere kann der Nutzer das so genannte <strong>&#8222;Private Browsing&#8220;<\/strong> einrichten,<\/p>\n<p>Dank derer sein Navigationsprogramm die Speicherung der besuchten historischen St\u00e4tten, der eingegebenen Passw\u00f6rter, Cookies und anderer Informationen auf den besuchten Seiten unterbricht.<br \/>\nWir warnen, dass im Falle, dass der Nutzer beschlie\u00dft, alle Cookies (auch die technischen Art) zu deaktivieren, die Qualit\u00e4t und Schnelligkeit der von dieser Website angebotenen Dienste sich drastisch verschlechtern kann und Sie m\u00f6glicherweise den Zugang zu einigen Abschnitten verlieren. Site itself.<\/p>\n<h3><\/h3>\n<p>&nbsp;<\/p>\n<h2>Praktische Anleitungen an den Benutzer f\u00fcr die korrekte Einstellung des Browsers:<\/h2>\n<p>Die Verwendung von Cookies zu blockieren oder einzuschr\u00e4nken,<\/p>\n<p>Sowohl seitens dieser Website als auch von anderen Websites,<\/p>\n<p>Direkt \u00fcber Ihren Browser k\u00f6nnen Sie die einfachen Anweisungen unten befolgen und auf die Browser der h\u00e4ufigsten Verwendung verweisen.<\/p>\n<p>&nbsp;<\/p>\n<h3>Google Chrome:<\/h3>\n<ul>\n<li>Klicken Sie auf das Symbol<strong>&#8222;Anpassen und Steuern von Google Chrome<\/strong>&#8220; in der oberen rechten Ecke.<\/li>\n<li>W\u00e4hlen Sie dann den Men\u00fcpunkt<strong>&#8222;Einstellungen<\/strong>&#8222;.<\/li>\n<li>In der sich \u00f6ffnenden Maske w\u00e4hlen Sie den Men\u00fcpunkt<strong>&#8222;Erweiterte Einstellungen anzeigen<\/strong>&#8222;.<\/li>\n<li>Dann zum Men\u00fcpunkt<strong>&#8222;Datenschutz<\/strong>&#8222;.<\/li>\n<li>Klicken Sie auf die Schaltfl\u00e4che<strong>&#8222;Inhaltseinstellungen<\/strong>&#8222;, wo Sie einstellen k\u00f6nnen, dass alle oder ein Teil der Cookies blockiert werden.<\/li>\n<\/ul>\n<h3><\/h3>\n<h3>Microsoft Internet Explorer:<\/h3>\n<ul>\n<li>Klicken Sie auf das Symbol<strong>&#8222;Werkzeuge<\/strong>&#8220; in der oberen rechten Ecke.<\/li>\n<li>W\u00e4hlen Sie dann den Men\u00fcpunkt<strong>&#8222;Internetoptionen<\/strong>&#8222;.<\/li>\n<li>In der sich \u00f6ffnenden Maske w\u00e4hlen Sie den Men\u00fcpunkt<strong>&#8222;Datenschutz<\/strong>&#8222;, wo Sie die Sperrung aller oder eines Teils der Cookies einstellen k\u00f6nnen.<\/li>\n<\/ul>\n<p>&nbsp;<\/p>\n<h3><\/h3>\n<h3>Mozilla Firefox:<\/h3>\n<ul>\n<li>Aus dem Drop-Down-Men\u00fc, das sich oben links befindet, oder aus dem 3-Zeilen-Icon auf der rechten Seite der Werkzeugleiste;<\/li>\n<li>W\u00e4hlen Sie den Men\u00fcpunkt<strong>&#8222;Optionen<\/strong>&#8222;.<\/li>\n<li>In der sich \u00f6ffnenden Maske w\u00e4hlen Sie den Men\u00fcpunkt<strong>&#8222;Datenschutz<\/strong>&#8222;,<\/li>\n<li>Wo Sie den Block aller oder einen Teil der Cookies setzen k\u00f6nnen.<\/li>\n<\/ul>\n<p>&nbsp;<\/p>\n<p>&nbsp;<\/p>\n<p><em>Datum der Ausarbeitung dieses Dokuments: 10\/04\/2017<\/em><\/p>\n<\/div><div class=\"fusion-image-element fusion-image-align-center in-legacy-container\" style=\"text-align:center;--awb-caption-title-font-family:var(--h2_typography-font-family);--awb-caption-title-font-weight:var(--h2_typography-font-weight);--awb-caption-title-font-style:var(--h2_typography-font-style);--awb-caption-title-size:var(--h2_typography-font-size);--awb-caption-title-transform:var(--h2_typography-text-transform);--awb-caption-title-line-height:var(--h2_typography-line-height);--awb-caption-title-letter-spacing:var(--h2_typography-letter-spacing);\"><div class=\"imageframe-align-center\"><span class=\" fusion-imageframe imageframe-none imageframe-1 hover-type-none\"><img decoding=\"async\" width=\"1632\" height=\"918\" title=\"WP_20170420_005\" src=\"https:\/\/www.cascina36.com\/wp-content\/uploads\/2017\/04\/WP_20170420_005.jpg\" alt class=\"img-responsive wp-image-3679\" srcset=\"https:\/\/www.cascina36.com\/wp-content\/uploads\/2017\/04\/WP_20170420_005-200x113.jpg 200w, https:\/\/www.cascina36.com\/wp-content\/uploads\/2017\/04\/WP_20170420_005-400x225.jpg 400w, https:\/\/www.cascina36.com\/wp-content\/uploads\/2017\/04\/WP_20170420_005-600x338.jpg 600w, https:\/\/www.cascina36.com\/wp-content\/uploads\/2017\/04\/WP_20170420_005-800x450.jpg 800w, https:\/\/www.cascina36.com\/wp-content\/uploads\/2017\/04\/WP_20170420_005-1200x675.jpg 1200w, https:\/\/www.cascina36.com\/wp-content\/uploads\/2017\/04\/WP_20170420_005.jpg 1632w\" sizes=\"(max-width: 1105px) 100vw, 1200px\" \/><\/span><\/div><\/div><div class=\"fusion-clearfix\"><\/div><\/div><\/div><\/div><\/div>\n","protected":false},"excerpt":{"rendered":"","protected":false},"author":1,"featured_media":0,"parent":0,"menu_order":0,"comment_status":"closed","ping_status":"closed","template":"","meta":{"iawp_total_views":0,"footnotes":""},"class_list":["post-4085","page","type-page","status-publish","hentry"],"yoast_head":"<!-- This site is optimized with the Yoast SEO plugin v27.3 - https:\/\/yoast.com\/product\/yoast-seo-wordpress\/ -->\n<title>Cookies: Erweiterte Offenlegung - Cascina36 B&amp;B<\/title>\n<meta name=\"robots\" content=\"index, follow, max-snippet:-1, max-image-preview:large, max-video-preview:-1\" \/>\n<link rel=\"canonical\" href=\"https:\/\/www.cascina36.com\/de\/cookies-erweiterte-offenlegung\/\" \/>\n<meta property=\"og:locale\" content=\"de_DE\" \/>\n<meta property=\"og:type\" content=\"article\" \/>\n<meta property=\"og:title\" content=\"Cookies: Erweiterte Offenlegung - Cascina36 B&amp;B\" \/>\n<meta property=\"og:url\" content=\"https:\/\/www.cascina36.com\/de\/cookies-erweiterte-offenlegung\/\" \/>\n<meta property=\"og:site_name\" content=\"Cascina36 B&amp;B\" \/>\n<meta property=\"article:modified_time\" content=\"2023-12-11T10:49:43+00:00\" \/>\n<meta name=\"twitter:card\" content=\"summary_large_image\" \/>\n<meta name=\"twitter:label1\" content=\"Gesch\u00e4tzte Lesezeit\" \/>\n\t<meta name=\"twitter:data1\" content=\"5\u00a0Minuten\" \/>\n<script type=\"application\/ld+json\" class=\"yoast-schema-graph\">{\"@context\":\"https:\\\/\\\/schema.org\",\"@graph\":[{\"@type\":\"WebPage\",\"@id\":\"https:\\\/\\\/www.cascina36.com\\\/de\\\/cookies-erweiterte-offenlegung\\\/\",\"url\":\"https:\\\/\\\/www.cascina36.com\\\/de\\\/cookies-erweiterte-offenlegung\\\/\",\"name\":\"Cookies: Erweiterte Offenlegung - Cascina36 B&amp;B\",\"isPartOf\":{\"@id\":\"https:\\\/\\\/www.cascina36.com\\\/de\\\/#website\"},\"datePublished\":\"2019-05-31T11:45:49+00:00\",\"dateModified\":\"2023-12-11T10:49:43+00:00\",\"breadcrumb\":{\"@id\":\"https:\\\/\\\/www.cascina36.com\\\/de\\\/cookies-erweiterte-offenlegung\\\/#breadcrumb\"},\"inLanguage\":\"de\",\"potentialAction\":[{\"@type\":\"ReadAction\",\"target\":[\"https:\\\/\\\/www.cascina36.com\\\/de\\\/cookies-erweiterte-offenlegung\\\/\"]}]},{\"@type\":\"BreadcrumbList\",\"@id\":\"https:\\\/\\\/www.cascina36.com\\\/de\\\/cookies-erweiterte-offenlegung\\\/#breadcrumb\",\"itemListElement\":[{\"@type\":\"ListItem\",\"position\":1,\"name\":\"Home\",\"item\":\"https:\\\/\\\/www.cascina36.com\\\/de\\\/home-cascina36-b-b-willkommen\\\/\"},{\"@type\":\"ListItem\",\"position\":2,\"name\":\"Cookies: Erweiterte Offenlegung\"}]},{\"@type\":\"WebSite\",\"@id\":\"https:\\\/\\\/www.cascina36.com\\\/de\\\/#website\",\"url\":\"https:\\\/\\\/www.cascina36.com\\\/de\\\/\",\"name\":\"Cascina36 B&amp;B\",\"description\":\"B&amp;B, Bed and Breakfast, Pregnana Milanese, Milano, Italia, Fiera di Rho, Fiera Milano.\",\"publisher\":{\"@id\":\"https:\\\/\\\/www.cascina36.com\\\/de\\\/#organization\"},\"potentialAction\":[{\"@type\":\"SearchAction\",\"target\":{\"@type\":\"EntryPoint\",\"urlTemplate\":\"https:\\\/\\\/www.cascina36.com\\\/de\\\/?s={search_term_string}\"},\"query-input\":{\"@type\":\"PropertyValueSpecification\",\"valueRequired\":true,\"valueName\":\"search_term_string\"}}],\"inLanguage\":\"de\"},{\"@type\":\"Organization\",\"@id\":\"https:\\\/\\\/www.cascina36.com\\\/de\\\/#organization\",\"name\":\"Cascina36 B&amp;B\",\"url\":\"https:\\\/\\\/www.cascina36.com\\\/de\\\/\",\"logo\":{\"@type\":\"ImageObject\",\"inLanguage\":\"de\",\"@id\":\"https:\\\/\\\/www.cascina36.com\\\/de\\\/#\\\/schema\\\/logo\\\/image\\\/\",\"url\":\"https:\\\/\\\/www.cascina36.com\\\/wp-content\\\/uploads\\\/2017\\\/04\\\/LogoCascina36-1.jpg\",\"contentUrl\":\"https:\\\/\\\/www.cascina36.com\\\/wp-content\\\/uploads\\\/2017\\\/04\\\/LogoCascina36-1.jpg\",\"width\":1038,\"height\":188,\"caption\":\"Cascina36 B&amp;B\"},\"image\":{\"@id\":\"https:\\\/\\\/www.cascina36.com\\\/de\\\/#\\\/schema\\\/logo\\\/image\\\/\"}}]}<\/script>\n<!-- \/ Yoast SEO plugin. -->","yoast_head_json":{"title":"Cookies: Erweiterte Offenlegung - Cascina36 B&amp;B","robots":{"index":"index","follow":"follow","max-snippet":"max-snippet:-1","max-image-preview":"max-image-preview:large","max-video-preview":"max-video-preview:-1"},"canonical":"https:\/\/www.cascina36.com\/de\/cookies-erweiterte-offenlegung\/","og_locale":"de_DE","og_type":"article","og_title":"Cookies: Erweiterte Offenlegung - Cascina36 B&amp;B","og_url":"https:\/\/www.cascina36.com\/de\/cookies-erweiterte-offenlegung\/","og_site_name":"Cascina36 B&amp;B","article_modified_time":"2023-12-11T10:49:43+00:00","twitter_card":"summary_large_image","twitter_misc":{"Gesch\u00e4tzte Lesezeit":"5\u00a0Minuten"},"schema":{"@context":"https:\/\/schema.org","@graph":[{"@type":"WebPage","@id":"https:\/\/www.cascina36.com\/de\/cookies-erweiterte-offenlegung\/","url":"https:\/\/www.cascina36.com\/de\/cookies-erweiterte-offenlegung\/","name":"Cookies: Erweiterte Offenlegung - Cascina36 B&amp;B","isPartOf":{"@id":"https:\/\/www.cascina36.com\/de\/#website"},"datePublished":"2019-05-31T11:45:49+00:00","dateModified":"2023-12-11T10:49:43+00:00","breadcrumb":{"@id":"https:\/\/www.cascina36.com\/de\/cookies-erweiterte-offenlegung\/#breadcrumb"},"inLanguage":"de","potentialAction":[{"@type":"ReadAction","target":["https:\/\/www.cascina36.com\/de\/cookies-erweiterte-offenlegung\/"]}]},{"@type":"BreadcrumbList","@id":"https:\/\/www.cascina36.com\/de\/cookies-erweiterte-offenlegung\/#breadcrumb","itemListElement":[{"@type":"ListItem","position":1,"name":"Home","item":"https:\/\/www.cascina36.com\/de\/home-cascina36-b-b-willkommen\/"},{"@type":"ListItem","position":2,"name":"Cookies: Erweiterte Offenlegung"}]},{"@type":"WebSite","@id":"https:\/\/www.cascina36.com\/de\/#website","url":"https:\/\/www.cascina36.com\/de\/","name":"Cascina36 B&amp;B","description":"B&amp;B, Bed and Breakfast, Pregnana Milanese, Milano, Italia, Fiera di Rho, Fiera Milano.","publisher":{"@id":"https:\/\/www.cascina36.com\/de\/#organization"},"potentialAction":[{"@type":"SearchAction","target":{"@type":"EntryPoint","urlTemplate":"https:\/\/www.cascina36.com\/de\/?s={search_term_string}"},"query-input":{"@type":"PropertyValueSpecification","valueRequired":true,"valueName":"search_term_string"}}],"inLanguage":"de"},{"@type":"Organization","@id":"https:\/\/www.cascina36.com\/de\/#organization","name":"Cascina36 B&amp;B","url":"https:\/\/www.cascina36.com\/de\/","logo":{"@type":"ImageObject","inLanguage":"de","@id":"https:\/\/www.cascina36.com\/de\/#\/schema\/logo\/image\/","url":"https:\/\/www.cascina36.com\/wp-content\/uploads\/2017\/04\/LogoCascina36-1.jpg","contentUrl":"https:\/\/www.cascina36.com\/wp-content\/uploads\/2017\/04\/LogoCascina36-1.jpg","width":1038,"height":188,"caption":"Cascina36 B&amp;B"},"image":{"@id":"https:\/\/www.cascina36.com\/de\/#\/schema\/logo\/image\/"}}]}},"_links":{"self":[{"href":"https:\/\/www.cascina36.com\/de\/wp-json\/wp\/v2\/pages\/4085","targetHints":{"allow":["GET"]}}],"collection":[{"href":"https:\/\/www.cascina36.com\/de\/wp-json\/wp\/v2\/pages"}],"about":[{"href":"https:\/\/www.cascina36.com\/de\/wp-json\/wp\/v2\/types\/page"}],"author":[{"embeddable":true,"href":"https:\/\/www.cascina36.com\/de\/wp-json\/wp\/v2\/users\/1"}],"replies":[{"embeddable":true,"href":"https:\/\/www.cascina36.com\/de\/wp-json\/wp\/v2\/comments?post=4085"}],"version-history":[{"count":0,"href":"https:\/\/www.cascina36.com\/de\/wp-json\/wp\/v2\/pages\/4085\/revisions"}],"wp:attachment":[{"href":"https:\/\/www.cascina36.com\/de\/wp-json\/wp\/v2\/media?parent=4085"}],"curies":[{"name":"wp","href":"https:\/\/api.w.org\/{rel}","templated":true}]}}