{"id":4088,"date":"2019-05-31T13:45:53","date_gmt":"2019-05-31T11:45:53","guid":{"rendered":"https:\/\/www.cascina36.com\/wohnbereich\/"},"modified":"2023-12-11T11:46:13","modified_gmt":"2023-12-11T10:46:13","slug":"wohnbereich","status":"publish","type":"page","link":"https:\/\/www.cascina36.com\/de\/wohnbereich\/","title":{"rendered":"Wohnbereich"},"content":{"rendered":"<p><div class=\"fusion-fullwidth fullwidth-box fusion-builder-row-1 nonhundred-percent-fullwidth non-hundred-percent-height-scrolling\" style=\"--awb-background-position:left top;--awb-border-radius-top-left:0px;--awb-border-radius-top-right:0px;--awb-border-radius-bottom-right:0px;--awb-border-radius-bottom-left:0px;--awb-padding-top:0px;--awb-padding-bottom:60px;--awb-border-sizes-top:0px;--awb-border-sizes-bottom:0px;--awb-flex-wrap:wrap;\" ><div class=\"fusion-builder-row fusion-row\"><div class=\"fusion-layout-column fusion_builder_column fusion-builder-column-0 fusion_builder_column_1_2 1_2 fusion-one-half fusion-column-first\" style=\"--awb-bg-size:cover;width:48%; margin-right: 4%;\"><div class=\"fusion-column-wrapper fusion-flex-column-wrapper-legacy\"><div class=\"fusion-text fusion-text-1\"><p style=\"letter-spacing: 4px; font-size: 13px; text-align: center; margin-bottom: 0px;\">LIVING SPACE F\u00dcR IHRE WOHNEN<\/p>\n<h1 style=\"text-align: center;\">Wohnbereich<\/h1>\n<\/div><div class=\"fusion-sep-clear\"><\/div><div class=\"fusion-separator\" style=\"margin-left: auto;margin-right: auto;margin-top:0px;margin-bottom:20px;width:100%;max-width:50px;\"><div class=\"fusion-separator-border sep-single sep-solid\" style=\"--awb-height:20px;--awb-amount:20px;--awb-sep-color:#498ca3;border-color:#498ca3;border-top-width:1px;\"><\/div><\/div><div class=\"fusion-sep-clear\"><\/div><div class=\"fusion-text fusion-text-2\"><h4 style=\"text-align: center;\">Im Wohnbereich k\u00f6nnen Sie sich bequem im Wohnzimmer bei einem Getr\u00e4nk, einem Kaffee im Tagesbereich in einer entspannenden, eleganten und reservierten Umgebung entspannen.<\/h4>\n<\/div><div class=\"fusion-sep-clear\"><\/div><div class=\"fusion-separator fusion-full-width-sep\" style=\"margin-left: auto;margin-right: auto;margin-top:12px;width:100%;\"><\/div><div class=\"fusion-sep-clear\"><\/div><div class=\"fusion-text fusion-text-3\"><p>Die B &amp; B Cascina 36, eignet sich f\u00fcr alle Arten von Kunden, von Business bis Urlaub.<\/p>\n<p>Sie k\u00f6nnen sich im Herzen von Mailand in kurzer Zeit befinden, praktisch f\u00fcr diejenigen, die aus gesch\u00e4ftlichen Gr\u00fcnden reisen, und f\u00fcr diejenigen, die die Stadt wegen ihrer St\u00e4tten von historischem und kulturellem Interesse besuchen.<\/p>\n<p>Nach einem Tag der Arbeit oder zu Fu\u00df, k\u00f6nnen Sie sich in einem ruhigen, modernen und geschmackvollen Ambiente eintauchen.<\/p>\n<p>Genie\u00dfen Sie in der Herbst-und Wintersaison eine warme und raffinierte Atmosph\u00e4re, in der Sie bequem im Sessel einen Drink genie\u00dfen k\u00f6nnen, um die W\u00e4rme des Ofens zu genie\u00dfen oder ein gutes Buch zu lesen.<\/p>\n<\/div><div class=\"fusion-aligncenter\"><a class=\"fusion-button button-flat button-large button-custom fusion-button-default button-1 fusion-button-default-span \" style=\"--button_accent_color:#ffffff;--button_accent_hover_color:#ffffff;--button_border_hover_color:#ffffff;--button_border_width-top:0px;--button_border_width-right:0px;--button_border_width-bottom:0px;--button_border_width-left:0px;--button_gradient_top_color:#498ca3;--button_gradient_bottom_color:#498ca3;--button_gradient_top_color_hover:#498ca3;--button_gradient_bottom_color_hover:#498ca3;\" target=\"_self\" href=\"https:\/\/www.cascina36.com\/de\/kontakte\/\"><span class=\"fusion-button-text awb-button__text awb-button__text--default fusion-button-text-right\">BOOK JETZT!<\/span><span class=\"fusion-button-icon-divider button-icon-divider-right\"><i class=\" fa fa-angle-right awb-button__icon awb-button__icon--default\" aria-hidden=\"true\"><\/i><\/span><\/a><\/div><div class=\"fusion-sep-clear\"><\/div><div class=\"fusion-separator fusion-full-width-sep\" style=\"margin-left: auto;margin-right: auto;margin-top:12px;width:100%;\"><\/div><div class=\"fusion-sep-clear\"><\/div><div class=\"fusion-clearfix\"><\/div><\/div><\/div><div class=\"fusion-layout-column fusion_builder_column fusion-builder-column-1 fusion_builder_column_1_2 1_2 fusion-one-half fusion-column-last\" style=\"--awb-padding-top:40px;--awb-padding-right:40px;--awb-padding-bottom:40px;--awb-padding-left:40px;--awb-bg-color:#ffffff;--awb-bg-color-hover:#ffffff;--awb-bg-size:cover;--awb-border-color:#ebeef1;--awb-border-top:1px;--awb-border-right:1px;--awb-border-bottom:1px;--awb-border-left:1px;--awb-border-style:solid;width:48%;\"><div class=\"fusion-column-wrapper fusion-flex-column-wrapper-legacy\"><div class=\"fusion-image-element fusion-image-align-center in-legacy-container\" style=\"text-align:center;--awb-liftup-border-radius:0px;--awb-caption-title-font-family:var(--h2_typography-font-family);--awb-caption-title-font-weight:var(--h2_typography-font-weight);--awb-caption-title-font-style:var(--h2_typography-font-style);--awb-caption-title-size:var(--h2_typography-font-size);--awb-caption-title-transform:var(--h2_typography-text-transform);--awb-caption-title-line-height:var(--h2_typography-line-height);--awb-caption-title-letter-spacing:var(--h2_typography-letter-spacing);\"><div class=\"imageframe-align-center\"><div class=\"awb-image-frame awb-image-frame-1 imageframe-liftup\"><span class=\" fusion-imageframe imageframe-dropshadow imageframe-1\" style=\"border:13px solid #ffffff;-webkit-box-shadow: 3px 3px 7px rgba(0,0,0,0.3);box-shadow: 3px 3px 7px rgba(0,0,0,0.3);\"><a href=\"https:\/\/www.cascina36.com\/wp-content\/uploads\/2017\/04\/DSC_8857.jpg\" class=\"fusion-lightbox\" data-rel=\"iLightbox[lebendig]\" data-title=\"DSC_8857\" title=\"DSC_8857\"><img decoding=\"async\" width=\"842\" height=\"567\" src=\"https:\/\/www.cascina36.com\/wp-content\/uploads\/2017\/04\/DSC_8857.jpg\" alt class=\"img-responsive wp-image-3511\" srcset=\"https:\/\/www.cascina36.com\/wp-content\/uploads\/2017\/04\/DSC_8857-200x135.jpg 200w, https:\/\/www.cascina36.com\/wp-content\/uploads\/2017\/04\/DSC_8857-400x269.jpg 400w, https:\/\/www.cascina36.com\/wp-content\/uploads\/2017\/04\/DSC_8857-600x404.jpg 600w, https:\/\/www.cascina36.com\/wp-content\/uploads\/2017\/04\/DSC_8857-800x539.jpg 800w, https:\/\/www.cascina36.com\/wp-content\/uploads\/2017\/04\/DSC_8857.jpg 842w\" sizes=\"(max-width: 1105px) 100vw, 600px\" \/><\/a><\/span><\/div><\/div><\/div><div class=\"fusion-image-element fusion-image-align-center in-legacy-container\" style=\"text-align:center;--awb-liftup-border-radius:0px;--awb-caption-title-font-family:var(--h2_typography-font-family);--awb-caption-title-font-weight:var(--h2_typography-font-weight);--awb-caption-title-font-style:var(--h2_typography-font-style);--awb-caption-title-size:var(--h2_typography-font-size);--awb-caption-title-transform:var(--h2_typography-text-transform);--awb-caption-title-line-height:var(--h2_typography-line-height);--awb-caption-title-letter-spacing:var(--h2_typography-letter-spacing);\"><div class=\"imageframe-align-center\"><div class=\"awb-image-frame awb-image-frame-2 imageframe-liftup\"><span class=\" fusion-imageframe imageframe-dropshadow imageframe-2\" style=\"border:13px solid #ffffff;-webkit-box-shadow: 3px 3px 7px rgba(0,0,0,0.3);box-shadow: 3px 3px 7px rgba(0,0,0,0.3);\"><a href=\"https:\/\/www.cascina36.com\/wp-content\/uploads\/2017\/04\/DSC_8831.jpg\" class=\"fusion-lightbox\" data-rel=\"iLightbox[lebendig]\" data-title=\"DSC_8831\" title=\"DSC_8831\"><img decoding=\"async\" width=\"850\" height=\"568\" src=\"https:\/\/www.cascina36.com\/wp-content\/uploads\/2017\/04\/DSC_8831.jpg\" alt class=\"img-responsive wp-image-3487\" srcset=\"https:\/\/www.cascina36.com\/wp-content\/uploads\/2017\/04\/DSC_8831-200x134.jpg 200w, https:\/\/www.cascina36.com\/wp-content\/uploads\/2017\/04\/DSC_8831-400x267.jpg 400w, https:\/\/www.cascina36.com\/wp-content\/uploads\/2017\/04\/DSC_8831-600x401.jpg 600w, https:\/\/www.cascina36.com\/wp-content\/uploads\/2017\/04\/DSC_8831-800x535.jpg 800w, https:\/\/www.cascina36.com\/wp-content\/uploads\/2017\/04\/DSC_8831.jpg 850w\" sizes=\"(max-width: 1105px) 100vw, 600px\" \/><\/a><\/span><\/div><\/div><\/div><div class=\"fusion-image-element fusion-image-align-center in-legacy-container\" style=\"text-align:center;--awb-liftup-border-radius:0px;--awb-caption-title-font-family:var(--h2_typography-font-family);--awb-caption-title-font-weight:var(--h2_typography-font-weight);--awb-caption-title-font-style:var(--h2_typography-font-style);--awb-caption-title-size:var(--h2_typography-font-size);--awb-caption-title-transform:var(--h2_typography-text-transform);--awb-caption-title-line-height:var(--h2_typography-line-height);--awb-caption-title-letter-spacing:var(--h2_typography-letter-spacing);\"><div class=\"imageframe-align-center\"><div class=\"awb-image-frame awb-image-frame-3 imageframe-liftup\"><span class=\" fusion-imageframe imageframe-dropshadow imageframe-3\" style=\"border:13px solid #ffffff;-webkit-box-shadow: 3px 3px 7px rgba(0,0,0,0.3);box-shadow: 3px 3px 7px rgba(0,0,0,0.3);\"><a href=\"https:\/\/www.cascina36.com\/wp-content\/uploads\/2017\/04\/DSC_8815.jpg\" class=\"fusion-lightbox\" data-rel=\"iLightbox[lebendig]\" data-title=\"DSC_8815\" title=\"DSC_8815\"><img decoding=\"async\" width=\"717\" height=\"567\" src=\"https:\/\/www.cascina36.com\/wp-content\/uploads\/2017\/04\/DSC_8815.jpg\" alt class=\"img-responsive wp-image-3479\" srcset=\"https:\/\/www.cascina36.com\/wp-content\/uploads\/2017\/04\/DSC_8815-200x158.jpg 200w, https:\/\/www.cascina36.com\/wp-content\/uploads\/2017\/04\/DSC_8815-400x316.jpg 400w, https:\/\/www.cascina36.com\/wp-content\/uploads\/2017\/04\/DSC_8815-600x474.jpg 600w, https:\/\/www.cascina36.com\/wp-content\/uploads\/2017\/04\/DSC_8815.jpg 717w\" sizes=\"(max-width: 1105px) 100vw, 600px\" \/><\/a><\/span><\/div><\/div><\/div><div class=\"fusion-image-element fusion-image-align-center in-legacy-container\" style=\"text-align:center;--awb-liftup-border-radius:0px;--awb-caption-title-font-family:var(--h2_typography-font-family);--awb-caption-title-font-weight:var(--h2_typography-font-weight);--awb-caption-title-font-style:var(--h2_typography-font-style);--awb-caption-title-size:var(--h2_typography-font-size);--awb-caption-title-transform:var(--h2_typography-text-transform);--awb-caption-title-line-height:var(--h2_typography-line-height);--awb-caption-title-letter-spacing:var(--h2_typography-letter-spacing);\"><div class=\"imageframe-align-center\"><div class=\"awb-image-frame awb-image-frame-4 imageframe-liftup\"><span class=\" fusion-imageframe imageframe-dropshadow imageframe-4\" style=\"border:13px solid #ffffff;-webkit-box-shadow: 3px 3px 7px rgba(0,0,0,0.3);box-shadow: 3px 3px 7px rgba(0,0,0,0.3);\"><a href=\"https:\/\/www.cascina36.com\/wp-content\/uploads\/2017\/04\/DSC_8852.jpg\" class=\"fusion-lightbox\" data-rel=\"iLightbox[lebendig]\" data-title=\"DSC_8852\" title=\"DSC_8852\"><img decoding=\"async\" width=\"717\" height=\"567\" src=\"https:\/\/www.cascina36.com\/wp-content\/uploads\/2017\/04\/DSC_8852.jpg\" alt class=\"img-responsive wp-image-3503\" srcset=\"https:\/\/www.cascina36.com\/wp-content\/uploads\/2017\/04\/DSC_8852-200x158.jpg 200w, https:\/\/www.cascina36.com\/wp-content\/uploads\/2017\/04\/DSC_8852-400x316.jpg 400w, https:\/\/www.cascina36.com\/wp-content\/uploads\/2017\/04\/DSC_8852-600x474.jpg 600w, https:\/\/www.cascina36.com\/wp-content\/uploads\/2017\/04\/DSC_8852.jpg 717w\" sizes=\"(max-width: 1105px) 100vw, 600px\" \/><\/a><\/span><\/div><\/div><\/div><div class=\"fusion-clearfix\"><\/div><\/div><\/div><\/div><\/div><div class=\"fusion-fullwidth fullwidth-box fusion-builder-row-2 nonhundred-percent-fullwidth non-hundred-percent-height-scrolling\" style=\"--awb-background-position:center top;--awb-border-radius-top-left:0px;--awb-border-radius-top-right:0px;--awb-border-radius-bottom-right:0px;--awb-border-radius-bottom-left:0px;--awb-padding-top:75px;--awb-padding-bottom:850px;--awb-border-sizes-top:0px;--awb-border-sizes-bottom:0px;--awb-flex-wrap:wrap;\" ><div class=\"fusion-builder-row fusion-row\"><div class=\"fusion-layout-column fusion_builder_column fusion-builder-column-2 fusion_builder_column_1_1 1_1 fusion-one-full fusion-column-first fusion-column-last fusion-column-no-min-height\" style=\"--awb-bg-size:cover;--awb-margin-bottom:0px;\"><div class=\"fusion-column-wrapper fusion-flex-column-wrapper-legacy\"><div class=\"fusion-text fusion-text-4\"><p style=\"letter-spacing: 4px; font-size: 13px; text-align: center; margin-bottom: 0px;\"> QUALIT\u00c4T RELAXATION<\/p>\n<h1 style=\"text-align: center;\">Im Urlaub oder f\u00fcr die Arbeit<\/h1>\n<\/div><div class=\"fusion-sep-clear\"><\/div><div class=\"fusion-separator\" style=\"margin-left: auto;margin-right: auto;margin-top:0px;margin-bottom:20px;width:100%;max-width:50px;\"><div class=\"fusion-separator-border sep-single sep-solid\" style=\"--awb-height:20px;--awb-amount:20px;--awb-sep-color:#498ca3;border-color:#498ca3;border-top-width:1px;\"><\/div><\/div><div class=\"fusion-sep-clear\"><\/div><div class=\"fusion-image-element fusion-image-align-center in-legacy-container\" style=\"text-align:center;--awb-caption-title-font-family:var(--h2_typography-font-family);--awb-caption-title-font-weight:var(--h2_typography-font-weight);--awb-caption-title-font-style:var(--h2_typography-font-style);--awb-caption-title-size:var(--h2_typography-font-size);--awb-caption-title-transform:var(--h2_typography-text-transform);--awb-caption-title-line-height:var(--h2_typography-line-height);--awb-caption-title-letter-spacing:var(--h2_typography-letter-spacing);\"><div class=\"imageframe-align-center\"><span class=\" fusion-imageframe imageframe-none imageframe-5 hover-type-none\" style=\"border:13px solid #ffffff;\"><a href=\"https:\/\/www.cascina36.com\/wp-content\/uploads\/2017\/04\/DSC_8831.jpg\" class=\"fusion-lightbox\" data-rel=\"iLightbox[lebendig]\" data-title=\"DSC_8831\" title=\"DSC_8831\"><img decoding=\"async\" width=\"850\" height=\"568\" src=\"https:\/\/www.cascina36.com\/wp-content\/uploads\/2017\/04\/DSC_8831.jpg\" alt class=\"img-responsive wp-image-3487\" srcset=\"https:\/\/www.cascina36.com\/wp-content\/uploads\/2017\/04\/DSC_8831-200x134.jpg 200w, https:\/\/www.cascina36.com\/wp-content\/uploads\/2017\/04\/DSC_8831-400x267.jpg 400w, https:\/\/www.cascina36.com\/wp-content\/uploads\/2017\/04\/DSC_8831-600x401.jpg 600w, https:\/\/www.cascina36.com\/wp-content\/uploads\/2017\/04\/DSC_8831-800x535.jpg 800w, https:\/\/www.cascina36.com\/wp-content\/uploads\/2017\/04\/DSC_8831.jpg 850w\" sizes=\"(max-width: 1105px) 100vw, 850px\" \/><\/a><\/span><\/div><\/div><div class=\"fusion-clearfix\"><\/div><\/div><\/div><\/div><\/div><\/p>\n","protected":false},"excerpt":{"rendered":"","protected":false},"author":1,"featured_media":0,"parent":0,"menu_order":0,"comment_status":"closed","ping_status":"closed","template":"","meta":{"iawp_total_views":0,"footnotes":""},"class_list":["post-4088","page","type-page","status-publish","hentry"],"yoast_head":"<!-- This site is optimized with the Yoast SEO plugin v27.3 - https:\/\/yoast.com\/product\/yoast-seo-wordpress\/ -->\n<title>Wohnbereich - Cascina36 B&amp;B<\/title>\n<meta name=\"robots\" content=\"index, follow, max-snippet:-1, max-image-preview:large, max-video-preview:-1\" \/>\n<link rel=\"canonical\" href=\"https:\/\/www.cascina36.com\/de\/wohnbereich\/\" \/>\n<meta property=\"og:locale\" content=\"de_DE\" \/>\n<meta property=\"og:type\" content=\"article\" \/>\n<meta property=\"og:title\" content=\"Wohnbereich - Cascina36 B&amp;B\" \/>\n<meta property=\"og:url\" content=\"https:\/\/www.cascina36.com\/de\/wohnbereich\/\" \/>\n<meta property=\"og:site_name\" content=\"Cascina36 B&amp;B\" \/>\n<meta property=\"article:modified_time\" content=\"2023-12-11T10:46:13+00:00\" \/>\n<meta name=\"twitter:card\" content=\"summary_large_image\" \/>\n<meta name=\"twitter:label1\" content=\"Gesch\u00e4tzte Lesezeit\" \/>\n\t<meta name=\"twitter:data1\" content=\"4\u00a0Minuten\" \/>\n<script type=\"application\/ld+json\" class=\"yoast-schema-graph\">{\"@context\":\"https:\\\/\\\/schema.org\",\"@graph\":[{\"@type\":\"WebPage\",\"@id\":\"https:\\\/\\\/www.cascina36.com\\\/de\\\/wohnbereich\\\/\",\"url\":\"https:\\\/\\\/www.cascina36.com\\\/de\\\/wohnbereich\\\/\",\"name\":\"Wohnbereich - Cascina36 B&amp;B\",\"isPartOf\":{\"@id\":\"https:\\\/\\\/www.cascina36.com\\\/de\\\/#website\"},\"datePublished\":\"2019-05-31T11:45:53+00:00\",\"dateModified\":\"2023-12-11T10:46:13+00:00\",\"breadcrumb\":{\"@id\":\"https:\\\/\\\/www.cascina36.com\\\/de\\\/wohnbereich\\\/#breadcrumb\"},\"inLanguage\":\"de\",\"potentialAction\":[{\"@type\":\"ReadAction\",\"target\":[\"https:\\\/\\\/www.cascina36.com\\\/de\\\/wohnbereich\\\/\"]}]},{\"@type\":\"BreadcrumbList\",\"@id\":\"https:\\\/\\\/www.cascina36.com\\\/de\\\/wohnbereich\\\/#breadcrumb\",\"itemListElement\":[{\"@type\":\"ListItem\",\"position\":1,\"name\":\"Home\",\"item\":\"https:\\\/\\\/www.cascina36.com\\\/de\\\/home-cascina36-b-b-willkommen\\\/\"},{\"@type\":\"ListItem\",\"position\":2,\"name\":\"Wohnbereich\"}]},{\"@type\":\"WebSite\",\"@id\":\"https:\\\/\\\/www.cascina36.com\\\/de\\\/#website\",\"url\":\"https:\\\/\\\/www.cascina36.com\\\/de\\\/\",\"name\":\"Cascina36 B&amp;B\",\"description\":\"B&amp;B, Bed and Breakfast, Pregnana Milanese, Milano, Italia, Fiera di Rho, Fiera Milano.\",\"publisher\":{\"@id\":\"https:\\\/\\\/www.cascina36.com\\\/de\\\/#organization\"},\"potentialAction\":[{\"@type\":\"SearchAction\",\"target\":{\"@type\":\"EntryPoint\",\"urlTemplate\":\"https:\\\/\\\/www.cascina36.com\\\/de\\\/?s={search_term_string}\"},\"query-input\":{\"@type\":\"PropertyValueSpecification\",\"valueRequired\":true,\"valueName\":\"search_term_string\"}}],\"inLanguage\":\"de\"},{\"@type\":\"Organization\",\"@id\":\"https:\\\/\\\/www.cascina36.com\\\/de\\\/#organization\",\"name\":\"Cascina36 B&amp;B\",\"url\":\"https:\\\/\\\/www.cascina36.com\\\/de\\\/\",\"logo\":{\"@type\":\"ImageObject\",\"inLanguage\":\"de\",\"@id\":\"https:\\\/\\\/www.cascina36.com\\\/de\\\/#\\\/schema\\\/logo\\\/image\\\/\",\"url\":\"https:\\\/\\\/www.cascina36.com\\\/wp-content\\\/uploads\\\/2017\\\/04\\\/LogoCascina36-1.jpg\",\"contentUrl\":\"https:\\\/\\\/www.cascina36.com\\\/wp-content\\\/uploads\\\/2017\\\/04\\\/LogoCascina36-1.jpg\",\"width\":1038,\"height\":188,\"caption\":\"Cascina36 B&amp;B\"},\"image\":{\"@id\":\"https:\\\/\\\/www.cascina36.com\\\/de\\\/#\\\/schema\\\/logo\\\/image\\\/\"}}]}<\/script>\n<!-- \/ Yoast SEO plugin. -->","yoast_head_json":{"title":"Wohnbereich - Cascina36 B&amp;B","robots":{"index":"index","follow":"follow","max-snippet":"max-snippet:-1","max-image-preview":"max-image-preview:large","max-video-preview":"max-video-preview:-1"},"canonical":"https:\/\/www.cascina36.com\/de\/wohnbereich\/","og_locale":"de_DE","og_type":"article","og_title":"Wohnbereich - Cascina36 B&amp;B","og_url":"https:\/\/www.cascina36.com\/de\/wohnbereich\/","og_site_name":"Cascina36 B&amp;B","article_modified_time":"2023-12-11T10:46:13+00:00","twitter_card":"summary_large_image","twitter_misc":{"Gesch\u00e4tzte Lesezeit":"4\u00a0Minuten"},"schema":{"@context":"https:\/\/schema.org","@graph":[{"@type":"WebPage","@id":"https:\/\/www.cascina36.com\/de\/wohnbereich\/","url":"https:\/\/www.cascina36.com\/de\/wohnbereich\/","name":"Wohnbereich - Cascina36 B&amp;B","isPartOf":{"@id":"https:\/\/www.cascina36.com\/de\/#website"},"datePublished":"2019-05-31T11:45:53+00:00","dateModified":"2023-12-11T10:46:13+00:00","breadcrumb":{"@id":"https:\/\/www.cascina36.com\/de\/wohnbereich\/#breadcrumb"},"inLanguage":"de","potentialAction":[{"@type":"ReadAction","target":["https:\/\/www.cascina36.com\/de\/wohnbereich\/"]}]},{"@type":"BreadcrumbList","@id":"https:\/\/www.cascina36.com\/de\/wohnbereich\/#breadcrumb","itemListElement":[{"@type":"ListItem","position":1,"name":"Home","item":"https:\/\/www.cascina36.com\/de\/home-cascina36-b-b-willkommen\/"},{"@type":"ListItem","position":2,"name":"Wohnbereich"}]},{"@type":"WebSite","@id":"https:\/\/www.cascina36.com\/de\/#website","url":"https:\/\/www.cascina36.com\/de\/","name":"Cascina36 B&amp;B","description":"B&amp;B, Bed and Breakfast, Pregnana Milanese, Milano, Italia, Fiera di Rho, Fiera Milano.","publisher":{"@id":"https:\/\/www.cascina36.com\/de\/#organization"},"potentialAction":[{"@type":"SearchAction","target":{"@type":"EntryPoint","urlTemplate":"https:\/\/www.cascina36.com\/de\/?s={search_term_string}"},"query-input":{"@type":"PropertyValueSpecification","valueRequired":true,"valueName":"search_term_string"}}],"inLanguage":"de"},{"@type":"Organization","@id":"https:\/\/www.cascina36.com\/de\/#organization","name":"Cascina36 B&amp;B","url":"https:\/\/www.cascina36.com\/de\/","logo":{"@type":"ImageObject","inLanguage":"de","@id":"https:\/\/www.cascina36.com\/de\/#\/schema\/logo\/image\/","url":"https:\/\/www.cascina36.com\/wp-content\/uploads\/2017\/04\/LogoCascina36-1.jpg","contentUrl":"https:\/\/www.cascina36.com\/wp-content\/uploads\/2017\/04\/LogoCascina36-1.jpg","width":1038,"height":188,"caption":"Cascina36 B&amp;B"},"image":{"@id":"https:\/\/www.cascina36.com\/de\/#\/schema\/logo\/image\/"}}]}},"_links":{"self":[{"href":"https:\/\/www.cascina36.com\/de\/wp-json\/wp\/v2\/pages\/4088","targetHints":{"allow":["GET"]}}],"collection":[{"href":"https:\/\/www.cascina36.com\/de\/wp-json\/wp\/v2\/pages"}],"about":[{"href":"https:\/\/www.cascina36.com\/de\/wp-json\/wp\/v2\/types\/page"}],"author":[{"embeddable":true,"href":"https:\/\/www.cascina36.com\/de\/wp-json\/wp\/v2\/users\/1"}],"replies":[{"embeddable":true,"href":"https:\/\/www.cascina36.com\/de\/wp-json\/wp\/v2\/comments?post=4088"}],"version-history":[{"count":0,"href":"https:\/\/www.cascina36.com\/de\/wp-json\/wp\/v2\/pages\/4088\/revisions"}],"wp:attachment":[{"href":"https:\/\/www.cascina36.com\/de\/wp-json\/wp\/v2\/media?parent=4088"}],"curies":[{"name":"wp","href":"https:\/\/api.w.org\/{rel}","templated":true}]}}