{"id":4104,"date":"2019-05-31T13:46:23","date_gmt":"2019-05-31T11:46:23","guid":{"rendered":"https:\/\/www.cascina36.com\/regeln-fur-die-nutzung-des-relax-bereichs\/"},"modified":"2019-05-31T13:46:30","modified_gmt":"2019-05-31T11:46:30","slug":"regeln-fur-die-nutzung-des-relax-bereichs","status":"publish","type":"page","link":"https:\/\/www.cascina36.com\/de\/regeln-fur-die-nutzung-des-relax-bereichs\/","title":{"rendered":"Regeln f\u00fcr die Nutzung des Relax Bereichs"},"content":{"rendered":"<div class=\"fusion-fullwidth fullwidth-box fusion-builder-row-1 nonhundred-percent-fullwidth non-hundred-percent-height-scrolling\" style=\"--awb-border-radius-top-left:0px;--awb-border-radius-top-right:0px;--awb-border-radius-bottom-right:0px;--awb-border-radius-bottom-left:0px;--awb-flex-wrap:wrap;\" ><div class=\"fusion-builder-row fusion-row\"><div class=\"fusion-layout-column fusion_builder_column fusion-builder-column-0 fusion_builder_column_1_1 1_1 fusion-one-full fusion-column-first fusion-column-last\" style=\"--awb-bg-size:cover;--awb-margin-bottom:0px;\"><div class=\"fusion-column-wrapper fusion-flex-column-wrapper-legacy\"><div class=\"fusion-text fusion-text-1\"><h1 style=\"text-align: center;\">Regeln f\u00fcr die Nutzung des Relax Bereichs<\/h1>\n<h2 style=\"text-align: center;\">Die G\u00e4ste sind verpflichtet, folgende Regeln einzuhalten:<\/h2>\n<p>&nbsp;<\/p>\n<p>1. Der Zutritt ist nur f\u00fcr G\u00e4ste von &#8222;Cascina 36 B &amp; B&#8220; gestattet, externe Besucher d\u00fcrfen nicht l\u00e4nger als zwei Personen sein, m\u00fcssen sich an diese Regelung halten und ein g\u00fcltiges Ausweisdokument vorlegen.<\/p>\n<p>&nbsp;<\/p>\n<p>2. Sie k\u00f6nnen den Pool von 10.00 Uhr bis 21.00 Uhr erreichen.<\/p>\n<p>&nbsp;<\/p>\n<p>3. Der Zugang zu Minderj\u00e4hrigen mit 12 Jahren und unbegleiteten Behinderten ist aufgrund des Fehlens des Badepfads untersagt.<\/p>\n<p>&nbsp;<\/p>\n<p>4. Die Tiefe des Beckens betr\u00e4gt 1,40 Meter in allen seinen Teilen.<\/p>\n<p>&nbsp;<\/p>\n<p>5. Es ist verboten, auf dem Boden der Wanne zu tauchen und zu laufen.<\/p>\n<p>&nbsp;<\/p>\n<p>6. Es wird empfohlen, nicht weniger als drei Stunden nach dem Essen nass zu werden.<\/p>\n<p>&nbsp;<\/p>\n<p>7. Es ist nicht m\u00f6glich, auf der Wanne Boden, der Essen oder Getr\u00e4nke zu konsumieren.<\/p>\n<p>&nbsp;<\/p>\n<p>8. Das Schwimmbad muss durch die Dusche, die vor dem Betreten des Wassers genutzt werden muss, zug\u00e4nglich sein.<\/p>\n<p>&nbsp;<\/p>\n<p>9. Es ist verboten, Apnoen ohne die Anwesenheit eines qualifizierten Lehrers durchzuf\u00fchren.<\/p>\n<p>&nbsp;<\/p>\n<p>10. Tiere d\u00fcrfen nicht eingef\u00fchrt werden.<\/p>\n<p>&nbsp;<\/p>\n<p>11. Es ist verboten, Sonnenschutzmittel und Haar\u00f6le vor dem Betreten der Wanne zu verwenden.<\/p>\n<p>&nbsp;<\/p>\n<p>12. Flaschen, Glaswaren und andere Gegenst\u00e4nde, die nicht ausschlie\u00dflich mit dem Baden zu tun haben, d\u00fcrfen nicht in den Pool eingef\u00fchrt werden.<\/p>\n<p>&nbsp;<\/p>\n<p>13. Baden bei besonderen Witterungsverh\u00e4ltnissen (Gewitter) ist verboten.<\/p>\n<p>&nbsp;<\/p>\n<p>14. Es ist verboten, in den Pool von Personen in ver\u00e4ndertem psychophysikalischen Zustand (Trunkenheit, Ver\u00e4nderungen durch Bet\u00e4ubungsmittel, etc.) oder auch unter offensichtlichen Gesundheitsbedingungen zu gelangen, wie zum Beispiel ein Risiko f\u00fcr die Sicherheit des Subjekts selbst und f\u00fcr die Physiologisch inkontinente Nutzer.<\/p>\n<p>&nbsp;<\/p>\n<p>15. Die Direktion reagiert in keiner Weise auf Unf\u00e4lle, Verletzungen oder sonstige Unf\u00e4lle, die Schwimmern f\u00fcr ihr eigenes Verhalten passieren k\u00f6nnen, insbesondere wenn sie gegen diese Verordnung versto\u00dfen.<\/p>\n<p>&nbsp;<\/p>\n<p>16. Nach dem Gesetz ist die Dusche und das Bad ohne Kost\u00fcm verboten.<\/p>\n<p>&nbsp;<\/p>\n<p style=\"text-align: center;\"><em><strong>Die Richtung B &amp; B Cascina 36,<\/strong><\/em><\/p>\n<p style=\"text-align: center;\"><em><strong>Vielen Dank im Voraus, sicher von einer h\u00f6flichen Zusammenarbeit, <\/strong><\/em><\/p>\n<p style=\"text-align: center;\"><em><strong>Diese Verordnung akzeptieren und durchsetzen.<\/strong><\/em><\/p>\n<p style=\"text-align: center;\"><em><strong>Wir stehen Ihnen f\u00fcr jede Kl\u00e4rung zur Verf\u00fcgung und w\u00fcnschen Ihnen einen angenehmen Aufenthalt.<\/strong><\/em><\/p>\n<p>&nbsp;<\/p>\n<\/div><div class=\"fusion-image-element fusion-image-align-center in-legacy-container\" style=\"text-align:center;--awb-caption-title-font-family:var(--h2_typography-font-family);--awb-caption-title-font-weight:var(--h2_typography-font-weight);--awb-caption-title-font-style:var(--h2_typography-font-style);--awb-caption-title-size:var(--h2_typography-font-size);--awb-caption-title-transform:var(--h2_typography-text-transform);--awb-caption-title-line-height:var(--h2_typography-line-height);--awb-caption-title-letter-spacing:var(--h2_typography-letter-spacing);\"><div class=\"imageframe-align-center\"><span class=\" fusion-imageframe imageframe-none imageframe-1 hover-type-none\"><img decoding=\"async\" width=\"1280\" height=\"850\" title=\"piscina giorno\" src=\"https:\/\/www.cascina36.com\/wp-content\/uploads\/2017\/04\/piscina-giorno.jpg\" alt class=\"img-responsive wp-image-3607\" srcset=\"https:\/\/www.cascina36.com\/wp-content\/uploads\/2017\/04\/piscina-giorno-200x133.jpg 200w, https:\/\/www.cascina36.com\/wp-content\/uploads\/2017\/04\/piscina-giorno-400x266.jpg 400w, https:\/\/www.cascina36.com\/wp-content\/uploads\/2017\/04\/piscina-giorno-600x398.jpg 600w, https:\/\/www.cascina36.com\/wp-content\/uploads\/2017\/04\/piscina-giorno-800x531.jpg 800w, https:\/\/www.cascina36.com\/wp-content\/uploads\/2017\/04\/piscina-giorno-1200x797.jpg 1200w, https:\/\/www.cascina36.com\/wp-content\/uploads\/2017\/04\/piscina-giorno.jpg 1280w\" sizes=\"(max-width: 1105px) 100vw, 1200px\" \/><\/span><\/div><\/div><div class=\"fusion-clearfix\"><\/div><\/div><\/div><\/div><\/div>\n","protected":false},"excerpt":{"rendered":"","protected":false},"author":1,"featured_media":0,"parent":0,"menu_order":0,"comment_status":"closed","ping_status":"closed","template":"","meta":{"iawp_total_views":0,"footnotes":""},"class_list":["post-4104","page","type-page","status-publish","hentry"],"yoast_head":"<!-- This site is optimized with the Yoast SEO plugin v27.3 - https:\/\/yoast.com\/product\/yoast-seo-wordpress\/ -->\n<title>Regeln f\u00fcr die Nutzung des Relax Bereichs - Cascina36 B&amp;B<\/title>\n<meta name=\"robots\" content=\"index, follow, max-snippet:-1, max-image-preview:large, max-video-preview:-1\" \/>\n<link rel=\"canonical\" href=\"https:\/\/www.cascina36.com\/de\/regeln-fur-die-nutzung-des-relax-bereichs\/\" \/>\n<meta property=\"og:locale\" content=\"de_DE\" \/>\n<meta property=\"og:type\" content=\"article\" \/>\n<meta property=\"og:title\" content=\"Regeln f\u00fcr die Nutzung des Relax Bereichs - Cascina36 B&amp;B\" \/>\n<meta property=\"og:url\" content=\"https:\/\/www.cascina36.com\/de\/regeln-fur-die-nutzung-des-relax-bereichs\/\" \/>\n<meta property=\"og:site_name\" content=\"Cascina36 B&amp;B\" \/>\n<meta property=\"article:modified_time\" content=\"2019-05-31T11:46:30+00:00\" \/>\n<meta name=\"twitter:card\" content=\"summary_large_image\" \/>\n<meta name=\"twitter:label1\" content=\"Gesch\u00e4tzte Lesezeit\" \/>\n\t<meta name=\"twitter:data1\" content=\"3\u00a0Minuten\" \/>\n<script type=\"application\/ld+json\" class=\"yoast-schema-graph\">{\"@context\":\"https:\\\/\\\/schema.org\",\"@graph\":[{\"@type\":\"WebPage\",\"@id\":\"https:\\\/\\\/www.cascina36.com\\\/de\\\/regeln-fur-die-nutzung-des-relax-bereichs\\\/\",\"url\":\"https:\\\/\\\/www.cascina36.com\\\/de\\\/regeln-fur-die-nutzung-des-relax-bereichs\\\/\",\"name\":\"Regeln f\u00fcr die Nutzung des Relax Bereichs - Cascina36 B&amp;B\",\"isPartOf\":{\"@id\":\"https:\\\/\\\/www.cascina36.com\\\/de\\\/#website\"},\"datePublished\":\"2019-05-31T11:46:23+00:00\",\"dateModified\":\"2019-05-31T11:46:30+00:00\",\"breadcrumb\":{\"@id\":\"https:\\\/\\\/www.cascina36.com\\\/de\\\/regeln-fur-die-nutzung-des-relax-bereichs\\\/#breadcrumb\"},\"inLanguage\":\"de\",\"potentialAction\":[{\"@type\":\"ReadAction\",\"target\":[\"https:\\\/\\\/www.cascina36.com\\\/de\\\/regeln-fur-die-nutzung-des-relax-bereichs\\\/\"]}]},{\"@type\":\"BreadcrumbList\",\"@id\":\"https:\\\/\\\/www.cascina36.com\\\/de\\\/regeln-fur-die-nutzung-des-relax-bereichs\\\/#breadcrumb\",\"itemListElement\":[{\"@type\":\"ListItem\",\"position\":1,\"name\":\"Home\",\"item\":\"https:\\\/\\\/www.cascina36.com\\\/de\\\/home-cascina36-b-b-willkommen\\\/\"},{\"@type\":\"ListItem\",\"position\":2,\"name\":\"Regeln f\u00fcr die Nutzung des Relax Bereichs\"}]},{\"@type\":\"WebSite\",\"@id\":\"https:\\\/\\\/www.cascina36.com\\\/de\\\/#website\",\"url\":\"https:\\\/\\\/www.cascina36.com\\\/de\\\/\",\"name\":\"Cascina36 B&amp;B\",\"description\":\"B&amp;B, Bed and Breakfast, Pregnana Milanese, Milano, Italia, Fiera di Rho, Fiera Milano.\",\"publisher\":{\"@id\":\"https:\\\/\\\/www.cascina36.com\\\/de\\\/#organization\"},\"potentialAction\":[{\"@type\":\"SearchAction\",\"target\":{\"@type\":\"EntryPoint\",\"urlTemplate\":\"https:\\\/\\\/www.cascina36.com\\\/de\\\/?s={search_term_string}\"},\"query-input\":{\"@type\":\"PropertyValueSpecification\",\"valueRequired\":true,\"valueName\":\"search_term_string\"}}],\"inLanguage\":\"de\"},{\"@type\":\"Organization\",\"@id\":\"https:\\\/\\\/www.cascina36.com\\\/de\\\/#organization\",\"name\":\"Cascina36 B&amp;B\",\"url\":\"https:\\\/\\\/www.cascina36.com\\\/de\\\/\",\"logo\":{\"@type\":\"ImageObject\",\"inLanguage\":\"de\",\"@id\":\"https:\\\/\\\/www.cascina36.com\\\/de\\\/#\\\/schema\\\/logo\\\/image\\\/\",\"url\":\"https:\\\/\\\/www.cascina36.com\\\/wp-content\\\/uploads\\\/2017\\\/04\\\/LogoCascina36-1.jpg\",\"contentUrl\":\"https:\\\/\\\/www.cascina36.com\\\/wp-content\\\/uploads\\\/2017\\\/04\\\/LogoCascina36-1.jpg\",\"width\":1038,\"height\":188,\"caption\":\"Cascina36 B&amp;B\"},\"image\":{\"@id\":\"https:\\\/\\\/www.cascina36.com\\\/de\\\/#\\\/schema\\\/logo\\\/image\\\/\"}}]}<\/script>\n<!-- \/ Yoast SEO plugin. -->","yoast_head_json":{"title":"Regeln f\u00fcr die Nutzung des Relax Bereichs - Cascina36 B&amp;B","robots":{"index":"index","follow":"follow","max-snippet":"max-snippet:-1","max-image-preview":"max-image-preview:large","max-video-preview":"max-video-preview:-1"},"canonical":"https:\/\/www.cascina36.com\/de\/regeln-fur-die-nutzung-des-relax-bereichs\/","og_locale":"de_DE","og_type":"article","og_title":"Regeln f\u00fcr die Nutzung des Relax Bereichs - Cascina36 B&amp;B","og_url":"https:\/\/www.cascina36.com\/de\/regeln-fur-die-nutzung-des-relax-bereichs\/","og_site_name":"Cascina36 B&amp;B","article_modified_time":"2019-05-31T11:46:30+00:00","twitter_card":"summary_large_image","twitter_misc":{"Gesch\u00e4tzte Lesezeit":"3\u00a0Minuten"},"schema":{"@context":"https:\/\/schema.org","@graph":[{"@type":"WebPage","@id":"https:\/\/www.cascina36.com\/de\/regeln-fur-die-nutzung-des-relax-bereichs\/","url":"https:\/\/www.cascina36.com\/de\/regeln-fur-die-nutzung-des-relax-bereichs\/","name":"Regeln f\u00fcr die Nutzung des Relax Bereichs - Cascina36 B&amp;B","isPartOf":{"@id":"https:\/\/www.cascina36.com\/de\/#website"},"datePublished":"2019-05-31T11:46:23+00:00","dateModified":"2019-05-31T11:46:30+00:00","breadcrumb":{"@id":"https:\/\/www.cascina36.com\/de\/regeln-fur-die-nutzung-des-relax-bereichs\/#breadcrumb"},"inLanguage":"de","potentialAction":[{"@type":"ReadAction","target":["https:\/\/www.cascina36.com\/de\/regeln-fur-die-nutzung-des-relax-bereichs\/"]}]},{"@type":"BreadcrumbList","@id":"https:\/\/www.cascina36.com\/de\/regeln-fur-die-nutzung-des-relax-bereichs\/#breadcrumb","itemListElement":[{"@type":"ListItem","position":1,"name":"Home","item":"https:\/\/www.cascina36.com\/de\/home-cascina36-b-b-willkommen\/"},{"@type":"ListItem","position":2,"name":"Regeln f\u00fcr die Nutzung des Relax Bereichs"}]},{"@type":"WebSite","@id":"https:\/\/www.cascina36.com\/de\/#website","url":"https:\/\/www.cascina36.com\/de\/","name":"Cascina36 B&amp;B","description":"B&amp;B, Bed and Breakfast, Pregnana Milanese, Milano, Italia, Fiera di Rho, Fiera Milano.","publisher":{"@id":"https:\/\/www.cascina36.com\/de\/#organization"},"potentialAction":[{"@type":"SearchAction","target":{"@type":"EntryPoint","urlTemplate":"https:\/\/www.cascina36.com\/de\/?s={search_term_string}"},"query-input":{"@type":"PropertyValueSpecification","valueRequired":true,"valueName":"search_term_string"}}],"inLanguage":"de"},{"@type":"Organization","@id":"https:\/\/www.cascina36.com\/de\/#organization","name":"Cascina36 B&amp;B","url":"https:\/\/www.cascina36.com\/de\/","logo":{"@type":"ImageObject","inLanguage":"de","@id":"https:\/\/www.cascina36.com\/de\/#\/schema\/logo\/image\/","url":"https:\/\/www.cascina36.com\/wp-content\/uploads\/2017\/04\/LogoCascina36-1.jpg","contentUrl":"https:\/\/www.cascina36.com\/wp-content\/uploads\/2017\/04\/LogoCascina36-1.jpg","width":1038,"height":188,"caption":"Cascina36 B&amp;B"},"image":{"@id":"https:\/\/www.cascina36.com\/de\/#\/schema\/logo\/image\/"}}]}},"_links":{"self":[{"href":"https:\/\/www.cascina36.com\/de\/wp-json\/wp\/v2\/pages\/4104","targetHints":{"allow":["GET"]}}],"collection":[{"href":"https:\/\/www.cascina36.com\/de\/wp-json\/wp\/v2\/pages"}],"about":[{"href":"https:\/\/www.cascina36.com\/de\/wp-json\/wp\/v2\/types\/page"}],"author":[{"embeddable":true,"href":"https:\/\/www.cascina36.com\/de\/wp-json\/wp\/v2\/users\/1"}],"replies":[{"embeddable":true,"href":"https:\/\/www.cascina36.com\/de\/wp-json\/wp\/v2\/comments?post=4104"}],"version-history":[{"count":0,"href":"https:\/\/www.cascina36.com\/de\/wp-json\/wp\/v2\/pages\/4104\/revisions"}],"wp:attachment":[{"href":"https:\/\/www.cascina36.com\/de\/wp-json\/wp\/v2\/media?parent=4104"}],"curies":[{"name":"wp","href":"https:\/\/api.w.org\/{rel}","templated":true}]}}