{"id":4111,"date":"2019-05-31T13:47:46","date_gmt":"2019-05-31T11:47:46","guid":{"rendered":"https:\/\/www.cascina36.com\/allgemeine-interne-regeln-fur-gaste\/"},"modified":"2019-05-31T13:47:53","modified_gmt":"2019-05-31T11:47:53","slug":"allgemeine-interne-regeln-fur-gaste","status":"publish","type":"page","link":"https:\/\/www.cascina36.com\/de\/allgemeine-interne-regeln-fur-gaste\/","title":{"rendered":"Allgemeine interne Regeln f\u00fcr G\u00e4ste"},"content":{"rendered":"<div class=\"fusion-fullwidth fullwidth-box fusion-builder-row-1 nonhundred-percent-fullwidth non-hundred-percent-height-scrolling\" style=\"--awb-border-radius-top-left:0px;--awb-border-radius-top-right:0px;--awb-border-radius-bottom-right:0px;--awb-border-radius-bottom-left:0px;--awb-flex-wrap:wrap;\" ><div class=\"fusion-builder-row fusion-row\"><div class=\"fusion-layout-column fusion_builder_column fusion-builder-column-0 fusion_builder_column_1_1 1_1 fusion-one-full fusion-column-first fusion-column-last\" style=\"--awb-bg-size:cover;--awb-margin-bottom:0px;\"><div class=\"fusion-column-wrapper fusion-flex-column-wrapper-legacy\"><div class=\"fusion-text fusion-text-1\"><h1>Allgemeine Regeln f\u00fcr G\u00e4ste und die Nutzung des Relax-Bereichs<\/h1>\n<h2 data-fontsize=\"26\" data-lineheight=\"43\">Wir laden Sie ein, einen Blick auf unsere Gesch\u00e4ftsordnung zu werfen.<\/h2>\n<h3 data-fontsize=\"24\" data-lineheight=\"40\">Unsere kleinen Regeln, die in B &amp; B zu beachten sind, sind nicht nur die gesetzlich vorgeschriebenen, sondern vor allem die, die von gesundem Menschenverstand und gegenseitigem Respekt diktiert werden.<\/h3>\n<ol>\n<li>Reservierungen k\u00f6nnen bis 3 Tage vor dem Check-In kostenlos, unter 3 Tagen oder im Falle einer Nichtank\u00fcndigung in Rechnung gestellt werden.<\/li>\n<\/ol>\n<ol start=\"2\">\n<li>Der Check-in ist von 12.30 bis 21.00 Uhr; Der Check-out erfolgt innerhalb von 10.00 Stunden. Bei konkreten Anfragen zum Wechsel der Check-in oder Check-out-Zeiten ist es notwendig, diese zu kommunizieren und sich vorher mit der Struktur vor Ihrer Ankunft zu verst\u00e4ndigen.<\/li>\n<\/ol>\n<ol start=\"3\">\n<li>Bei der Ankunft in B &amp; B Die Dokumente werden als g\u00fcltige <strong>Identit\u00e4tskarte<\/strong> <strong>and\/oder<\/strong> <strong>Reisepass<\/strong> angefordert und geliefert <strong>, die f\u00fcr die Anmeldungen der geltenden Vorschriften erforderlich ist.<\/strong> Die Nichteinhaltung dieser Verpflichtung stellt einen Versto\u00df gegen die Bestimmungen des Strafgesetzbuches dar und erm\u00e4chtigt uns, den sofortigen Verzicht auf B &amp; B zu beantragen. Die Daten unserer G\u00e4ste werden in \u00dcbereinstimmung mit den aktuellen Datenschutzbestimmungen verarbeitet.<\/li>\n<\/ol>\n<ol start=\"4\">\n<li>Sobald Sie die Benachrichtigungskarten abgeschlossen haben, werden Sie aufgefordert, den Restbetrag Ihres Aufenthalts in bar, Kreditkarte oder Geldautomaten zu machen.<\/li>\n<\/ol>\n<ol start=\"5\">\n<li>Die Struktur ist nicht durch vorgegebene Zeitpl\u00e4ne eingeschr\u00e4nkt, unsere G\u00e4ste sind so frei, die Immobilie zu den Zeiten f\u00fcr ihre Ideale zugreifen. Wir bitten Sie nur, Ihre Zimmer immer zu sperren.<\/li>\n<\/ol>\n<ol start=\"6\">\n<li>Innerhalb der B &amp; B sind nur aus hygienischen Gr\u00fcnden und bei Allergien anderer Kunden keine Haustiere erlaubt.<\/li>\n<\/ol>\n<ol start=\"7\">\n<li>Ein reichhaltiges Fr\u00fchst\u00fccksbuffet wird t\u00e4glich von 7.00 Uhr bis 10.00 Uhr im Gemeinschaftsbereich serviert.<\/li>\n<\/ol>\n<ol start=\"8\">\n<li>Es ist verboten, Lebensmittel im Zimmer zu konsumieren und den eigenen Herd einzuschalten. In \u00dcbereinstimmung mit der regionalen Gesetzgebung, und aus Gr\u00fcnden der Sicherheit und des Respekts gegen\u00fcber anderen G\u00e4sten, m\u00fcssen Sie das Personal f\u00fcr die Nutzung der K\u00fcche kontaktieren.<\/li>\n<\/ol>\n<ol start=\"9\">\n<li>Die Reinigung der Zimmer und B\u00e4der wird t\u00e4glich durchgef\u00fchrt; Der Wechsel der Bettw\u00e4sche jeden zweiten Tag ab dem Check-in; Die W\u00e4sche des Bades wird nur dann gewechselt, wenn diese auf den Boden gelegt wird.<\/li>\n<\/ol>\n<ol start=\"10\">\n<li>Rauchen ist nicht erlaubt. Die Einhaltung dieser Regel beruht auf der Notwendigkeit, diejenigen zu sch\u00fctzen, die nicht rauchen und die nach Ihnen kommen werden, sowie die Regeln der Brandverh\u00fctung.<\/li>\n<\/ol>\n<ol start=\"11\">\n<li>Es ist uns ein Anliegen, Sie dar\u00fcber zu informieren, dass die Zimmer keine Safe haben. Deshalb bitten wir Sie, keine Wertauswirkungen unbeaufsichtigt in den Zimmern, B\u00e4dern und Gemeinschaftsr\u00e4umen zu lassen. Wir laden die G\u00e4ste ein, T\u00fcren und Fenster immer zu schlie\u00dfen, die B &amp; B lehnt jegliche Verantwortung f\u00fcr den Verlust, Diebstahl oder Besch\u00e4digung von Gegenst\u00e4nden Ihres Eigentums ab, die in den Zimmern, B\u00e4dern und Gemeinschaftsr\u00e4umen zur\u00fcckgelassen werden.<\/li>\n<\/ol>\n<ol start=\"12\">\n<li>Jeder Gast ist verpflichtet, Sch\u00e4den an der B &amp; B und f\u00fcr die unsachgem\u00e4\u00dfe Nutzung der erg\u00e4nzenden Ausr\u00fcstung zu kompensieren. Am Ende des Aufenthalts m\u00fcssen sie <strong>die Schl\u00fcssel zur\u00fcckgeben<\/strong>.<\/li>\n<\/ol>\n<ol start=\"13\">\n<li>Im Falle des Verlustes der Schl\u00fcssel wird der Schaden berechnet.<\/li>\n<\/ol>\n<ol start=\"14\">\n<li>Erh\u00e4lt der Gast Besuch, muss der Besucher dem Mitarbeiter ein g\u00fcltiges Ausweisdokument vorlegen.<\/li>\n<\/ol>\n<ol start=\"15\">\n<li>Es wird empfohlen, die Beleuchtung, den Fernseher, die Klimaanlage und andere Ger\u00e4te jedes Mal auszuschalten, wenn Sie den Raum verlassen.<\/li>\n<\/ol>\n<p><strong>Relax-Bereich<\/strong><\/p>\n<ol start=\"16\">\n<li>Der Zugang zum Relax-Bereich ist nur f\u00fcr die G\u00e4ste von &#8222;Cascina 36 B &amp; B&#8220; erlaubt; Alle externen Besucher (maximal 2 Personen pro Gast von B &amp; B), m\u00fcssen sich an diese Regelung halten und ein ausschreitendes Ausweisdokument vorlegen, das in Arbeit ist.<\/li>\n<\/ol>\n<ol start=\"17\">\n<li>Das Schwimmbad ist von 10.00 Uhr bis 21.00 Uhr zug\u00e4nglich.<\/li>\n<\/ol>\n<ol start=\"18\">\n<li>Der Zugang zu Minderj\u00e4hrigen ab 12 Jahren und unbegleiteten Behinderten ist angesichts des Fehlens des Badepfads verboten.<\/li>\n<\/ol>\n<ol start=\"19\">\n<li>Die Tiefe des Beckens betr\u00e4gt 1,40 Meter in allen seinen Teilen.<\/li>\n<\/ol>\n<ol start=\"20\">\n<li>Es ist verboten, auf dem Boden der Wanne zu tauchen und zu laufen.<\/li>\n<\/ol>\n<ol start=\"21\">\n<li>Es wird empfohlen, nicht weniger als drei Stunden nach dem Essen nass zu werden.<\/li>\n<\/ol>\n<ol start=\"22\">\n<li>Es ist verboten, Speisen und Getr\u00e4nke auf dem Boden der Wanne zu konsumieren.<\/li>\n<\/ol>\n<ol start=\"23\">\n<li>Der Zugang zum Schwimmbad ist von der Dusche aus obligatorisch, die vor dem Betreten des Wassers genutzt werden muss.<\/li>\n<\/ol>\n<ol start=\"24\">\n<li>Es ist verboten, Aktivit\u00e4ten in Apnoe durchzuf\u00fchren, ohne dass ein Lehrer anwesend ist.<\/li>\n<\/ol>\n<ol start=\"25\">\n<li>Es ist verboten, Sonnenschutzmittel und Haar\u00f6le vor dem Betreten der Wanne zu verwenden.<\/li>\n<\/ol>\n<ol start=\"26\">\n<li>Flaschen, Glasobjekte und andere Gegenst\u00e4nde, die nicht ausschlie\u00dflich mit dem Baden zu tun haben, d\u00fcrfen nicht in den Pool eingef\u00fchrt werden.<\/li>\n<\/ol>\n<ol start=\"27\">\n<li>Es ist verboten, bei besonderen Wetterbedingungen wie Gewitter zu baden.<\/li>\n<\/ol>\n<ol start=\"28\">\n<li>Es ist verboten, den Pool Personen in ver\u00e4ndertem psychophysischen Zustand (Trunkenheit, Ver\u00e4nderungen von Bet\u00e4ubungsmitteln etc.) oder auch unter offensichtlichen prek\u00e4ren Gesundheitsbedingungen zu betreten, wie zum Beispiel ein Risiko f\u00fcr die Sicherheit des Subjekts selbst und f\u00fcr die Nutzer darstellen. Physiologisch inkontinent.<\/li>\n<\/ol>\n<ol start=\"29\">\n<li>Die Direktion reagiert in keiner Weise auf einen Unfall, Unfall oder anderweitig, was den Badeg\u00e4sten f\u00fcr ihr Verhalten passieren kann, insbesondere wenn sie gegen diese Verordnung versto\u00dfen.<\/li>\n<\/ol>\n<ol start=\"30\">\n<li>Nach dem Gesetz ist die Dusche und das Bad ohne Kost\u00fcm verboten.<\/li>\n<\/ol>\n<p style=\"text-align: center;\"><em><strong>Die Richtung B &amp; B Cascina 36,<\/strong><\/em><\/p>\n<p style=\"text-align: center;\"><em><strong>Vielen Dank im Voraus, sicher von einer h\u00f6flichen Zusammenarbeit, <\/strong><\/em><\/p>\n<p style=\"text-align: center;\"><em><strong>Diese Verordnung akzeptieren und durchsetzen.<\/strong><\/em><\/p>\n<p style=\"text-align: center;\"><em><strong>Wir stehen Ihnen f\u00fcr jede Kl\u00e4rung zur Verf\u00fcgung und w\u00fcnschen Ihnen einen angenehmen Aufenthalt.<\/strong><\/em><\/p>\n<\/div><div class=\"fusion-image-element fusion-image-align-center in-legacy-container\" style=\"text-align:center;--awb-caption-title-font-family:var(--h2_typography-font-family);--awb-caption-title-font-weight:var(--h2_typography-font-weight);--awb-caption-title-font-style:var(--h2_typography-font-style);--awb-caption-title-size:var(--h2_typography-font-size);--awb-caption-title-transform:var(--h2_typography-text-transform);--awb-caption-title-line-height:var(--h2_typography-line-height);--awb-caption-title-letter-spacing:var(--h2_typography-letter-spacing);\"><div class=\"imageframe-align-center\"><span class=\" fusion-imageframe imageframe-none imageframe-1 hover-type-none\"><img decoding=\"async\" width=\"1280\" height=\"850\" title=\"esterno principale\" src=\"https:\/\/www.cascina36.com\/wp-content\/uploads\/2017\/04\/esterno-principale.jpg\" alt class=\"img-responsive wp-image-3615\" srcset=\"https:\/\/www.cascina36.com\/wp-content\/uploads\/2017\/04\/esterno-principale-200x133.jpg 200w, https:\/\/www.cascina36.com\/wp-content\/uploads\/2017\/04\/esterno-principale-400x266.jpg 400w, https:\/\/www.cascina36.com\/wp-content\/uploads\/2017\/04\/esterno-principale-600x398.jpg 600w, https:\/\/www.cascina36.com\/wp-content\/uploads\/2017\/04\/esterno-principale-800x531.jpg 800w, https:\/\/www.cascina36.com\/wp-content\/uploads\/2017\/04\/esterno-principale-1200x797.jpg 1200w, https:\/\/www.cascina36.com\/wp-content\/uploads\/2017\/04\/esterno-principale.jpg 1280w\" sizes=\"(max-width: 1105px) 100vw, 1200px\" \/><\/span><\/div><\/div><div class=\"fusion-clearfix\"><\/div><\/div><\/div><\/div><\/div>\n","protected":false},"excerpt":{"rendered":"","protected":false},"author":1,"featured_media":0,"parent":0,"menu_order":0,"comment_status":"closed","ping_status":"closed","template":"","meta":{"iawp_total_views":1,"footnotes":""},"class_list":["post-4111","page","type-page","status-publish","hentry"],"yoast_head":"<!-- This site is optimized with the Yoast SEO plugin v27.3 - https:\/\/yoast.com\/product\/yoast-seo-wordpress\/ -->\n<title>Allgemeine interne Regeln f\u00fcr G\u00e4ste - Cascina36 B&amp;B<\/title>\n<meta name=\"robots\" content=\"index, follow, max-snippet:-1, max-image-preview:large, max-video-preview:-1\" \/>\n<link rel=\"canonical\" href=\"https:\/\/www.cascina36.com\/de\/allgemeine-interne-regeln-fur-gaste\/\" \/>\n<meta property=\"og:locale\" content=\"de_DE\" \/>\n<meta property=\"og:type\" content=\"article\" \/>\n<meta property=\"og:title\" content=\"Allgemeine interne Regeln f\u00fcr G\u00e4ste - Cascina36 B&amp;B\" \/>\n<meta property=\"og:url\" content=\"https:\/\/www.cascina36.com\/de\/allgemeine-interne-regeln-fur-gaste\/\" \/>\n<meta property=\"og:site_name\" content=\"Cascina36 B&amp;B\" \/>\n<meta property=\"article:modified_time\" content=\"2019-05-31T11:47:53+00:00\" \/>\n<meta name=\"twitter:card\" content=\"summary_large_image\" \/>\n<meta name=\"twitter:label1\" content=\"Gesch\u00e4tzte Lesezeit\" \/>\n\t<meta name=\"twitter:data1\" content=\"5\u00a0Minuten\" \/>\n<script type=\"application\/ld+json\" class=\"yoast-schema-graph\">{\"@context\":\"https:\\\/\\\/schema.org\",\"@graph\":[{\"@type\":\"WebPage\",\"@id\":\"https:\\\/\\\/www.cascina36.com\\\/de\\\/allgemeine-interne-regeln-fur-gaste\\\/\",\"url\":\"https:\\\/\\\/www.cascina36.com\\\/de\\\/allgemeine-interne-regeln-fur-gaste\\\/\",\"name\":\"Allgemeine interne Regeln f\u00fcr G\u00e4ste - Cascina36 B&amp;B\",\"isPartOf\":{\"@id\":\"https:\\\/\\\/www.cascina36.com\\\/de\\\/#website\"},\"datePublished\":\"2019-05-31T11:47:46+00:00\",\"dateModified\":\"2019-05-31T11:47:53+00:00\",\"breadcrumb\":{\"@id\":\"https:\\\/\\\/www.cascina36.com\\\/de\\\/allgemeine-interne-regeln-fur-gaste\\\/#breadcrumb\"},\"inLanguage\":\"de\",\"potentialAction\":[{\"@type\":\"ReadAction\",\"target\":[\"https:\\\/\\\/www.cascina36.com\\\/de\\\/allgemeine-interne-regeln-fur-gaste\\\/\"]}]},{\"@type\":\"BreadcrumbList\",\"@id\":\"https:\\\/\\\/www.cascina36.com\\\/de\\\/allgemeine-interne-regeln-fur-gaste\\\/#breadcrumb\",\"itemListElement\":[{\"@type\":\"ListItem\",\"position\":1,\"name\":\"Home\",\"item\":\"https:\\\/\\\/www.cascina36.com\\\/de\\\/home-cascina36-b-b-willkommen\\\/\"},{\"@type\":\"ListItem\",\"position\":2,\"name\":\"Allgemeine interne Regeln f\u00fcr G\u00e4ste\"}]},{\"@type\":\"WebSite\",\"@id\":\"https:\\\/\\\/www.cascina36.com\\\/de\\\/#website\",\"url\":\"https:\\\/\\\/www.cascina36.com\\\/de\\\/\",\"name\":\"Cascina36 B&amp;B\",\"description\":\"B&amp;B, Bed and Breakfast, Pregnana Milanese, Milano, Italia, Fiera di Rho, Fiera Milano.\",\"publisher\":{\"@id\":\"https:\\\/\\\/www.cascina36.com\\\/de\\\/#organization\"},\"potentialAction\":[{\"@type\":\"SearchAction\",\"target\":{\"@type\":\"EntryPoint\",\"urlTemplate\":\"https:\\\/\\\/www.cascina36.com\\\/de\\\/?s={search_term_string}\"},\"query-input\":{\"@type\":\"PropertyValueSpecification\",\"valueRequired\":true,\"valueName\":\"search_term_string\"}}],\"inLanguage\":\"de\"},{\"@type\":\"Organization\",\"@id\":\"https:\\\/\\\/www.cascina36.com\\\/de\\\/#organization\",\"name\":\"Cascina36 B&amp;B\",\"url\":\"https:\\\/\\\/www.cascina36.com\\\/de\\\/\",\"logo\":{\"@type\":\"ImageObject\",\"inLanguage\":\"de\",\"@id\":\"https:\\\/\\\/www.cascina36.com\\\/de\\\/#\\\/schema\\\/logo\\\/image\\\/\",\"url\":\"https:\\\/\\\/www.cascina36.com\\\/wp-content\\\/uploads\\\/2017\\\/04\\\/LogoCascina36-1.jpg\",\"contentUrl\":\"https:\\\/\\\/www.cascina36.com\\\/wp-content\\\/uploads\\\/2017\\\/04\\\/LogoCascina36-1.jpg\",\"width\":1038,\"height\":188,\"caption\":\"Cascina36 B&amp;B\"},\"image\":{\"@id\":\"https:\\\/\\\/www.cascina36.com\\\/de\\\/#\\\/schema\\\/logo\\\/image\\\/\"}}]}<\/script>\n<!-- \/ Yoast SEO plugin. -->","yoast_head_json":{"title":"Allgemeine interne Regeln f\u00fcr G\u00e4ste - Cascina36 B&amp;B","robots":{"index":"index","follow":"follow","max-snippet":"max-snippet:-1","max-image-preview":"max-image-preview:large","max-video-preview":"max-video-preview:-1"},"canonical":"https:\/\/www.cascina36.com\/de\/allgemeine-interne-regeln-fur-gaste\/","og_locale":"de_DE","og_type":"article","og_title":"Allgemeine interne Regeln f\u00fcr G\u00e4ste - Cascina36 B&amp;B","og_url":"https:\/\/www.cascina36.com\/de\/allgemeine-interne-regeln-fur-gaste\/","og_site_name":"Cascina36 B&amp;B","article_modified_time":"2019-05-31T11:47:53+00:00","twitter_card":"summary_large_image","twitter_misc":{"Gesch\u00e4tzte Lesezeit":"5\u00a0Minuten"},"schema":{"@context":"https:\/\/schema.org","@graph":[{"@type":"WebPage","@id":"https:\/\/www.cascina36.com\/de\/allgemeine-interne-regeln-fur-gaste\/","url":"https:\/\/www.cascina36.com\/de\/allgemeine-interne-regeln-fur-gaste\/","name":"Allgemeine interne Regeln f\u00fcr G\u00e4ste - Cascina36 B&amp;B","isPartOf":{"@id":"https:\/\/www.cascina36.com\/de\/#website"},"datePublished":"2019-05-31T11:47:46+00:00","dateModified":"2019-05-31T11:47:53+00:00","breadcrumb":{"@id":"https:\/\/www.cascina36.com\/de\/allgemeine-interne-regeln-fur-gaste\/#breadcrumb"},"inLanguage":"de","potentialAction":[{"@type":"ReadAction","target":["https:\/\/www.cascina36.com\/de\/allgemeine-interne-regeln-fur-gaste\/"]}]},{"@type":"BreadcrumbList","@id":"https:\/\/www.cascina36.com\/de\/allgemeine-interne-regeln-fur-gaste\/#breadcrumb","itemListElement":[{"@type":"ListItem","position":1,"name":"Home","item":"https:\/\/www.cascina36.com\/de\/home-cascina36-b-b-willkommen\/"},{"@type":"ListItem","position":2,"name":"Allgemeine interne Regeln f\u00fcr G\u00e4ste"}]},{"@type":"WebSite","@id":"https:\/\/www.cascina36.com\/de\/#website","url":"https:\/\/www.cascina36.com\/de\/","name":"Cascina36 B&amp;B","description":"B&amp;B, Bed and Breakfast, Pregnana Milanese, Milano, Italia, Fiera di Rho, Fiera Milano.","publisher":{"@id":"https:\/\/www.cascina36.com\/de\/#organization"},"potentialAction":[{"@type":"SearchAction","target":{"@type":"EntryPoint","urlTemplate":"https:\/\/www.cascina36.com\/de\/?s={search_term_string}"},"query-input":{"@type":"PropertyValueSpecification","valueRequired":true,"valueName":"search_term_string"}}],"inLanguage":"de"},{"@type":"Organization","@id":"https:\/\/www.cascina36.com\/de\/#organization","name":"Cascina36 B&amp;B","url":"https:\/\/www.cascina36.com\/de\/","logo":{"@type":"ImageObject","inLanguage":"de","@id":"https:\/\/www.cascina36.com\/de\/#\/schema\/logo\/image\/","url":"https:\/\/www.cascina36.com\/wp-content\/uploads\/2017\/04\/LogoCascina36-1.jpg","contentUrl":"https:\/\/www.cascina36.com\/wp-content\/uploads\/2017\/04\/LogoCascina36-1.jpg","width":1038,"height":188,"caption":"Cascina36 B&amp;B"},"image":{"@id":"https:\/\/www.cascina36.com\/de\/#\/schema\/logo\/image\/"}}]}},"_links":{"self":[{"href":"https:\/\/www.cascina36.com\/de\/wp-json\/wp\/v2\/pages\/4111","targetHints":{"allow":["GET"]}}],"collection":[{"href":"https:\/\/www.cascina36.com\/de\/wp-json\/wp\/v2\/pages"}],"about":[{"href":"https:\/\/www.cascina36.com\/de\/wp-json\/wp\/v2\/types\/page"}],"author":[{"embeddable":true,"href":"https:\/\/www.cascina36.com\/de\/wp-json\/wp\/v2\/users\/1"}],"replies":[{"embeddable":true,"href":"https:\/\/www.cascina36.com\/de\/wp-json\/wp\/v2\/comments?post=4111"}],"version-history":[{"count":0,"href":"https:\/\/www.cascina36.com\/de\/wp-json\/wp\/v2\/pages\/4111\/revisions"}],"wp:attachment":[{"href":"https:\/\/www.cascina36.com\/de\/wp-json\/wp\/v2\/media?parent=4111"}],"curies":[{"name":"wp","href":"https:\/\/api.w.org\/{rel}","templated":true}]}}