{"id":4161,"date":"2019-05-31T13:51:53","date_gmt":"2019-05-31T11:51:53","guid":{"rendered":"https:\/\/www.cascina36.com\/home-cascina36-b-b-willkommen\/wo-sind-wir\/"},"modified":"2023-12-11T12:14:16","modified_gmt":"2023-12-11T11:14:16","slug":"wo-sind-wir","status":"publish","type":"page","link":"https:\/\/www.cascina36.com\/de\/wo-sind-wir\/","title":{"rendered":"Wo sind wir"},"content":{"rendered":"<div class=\"fusion-fullwidth fullwidth-box fusion-builder-row-1 nonhundred-percent-fullwidth non-hundred-percent-height-scrolling\" style=\"--awb-border-radius-top-left:0px;--awb-border-radius-top-right:0px;--awb-border-radius-bottom-right:0px;--awb-border-radius-bottom-left:0px;--awb-flex-wrap:wrap;\" ><div class=\"fusion-builder-row fusion-row\"><div class=\"fusion-layout-column fusion_builder_column fusion-builder-column-0 fusion_builder_column_1_1 1_1 fusion-one-full fusion-column-first fusion-column-last\" style=\"--awb-bg-size:cover;\"><div class=\"fusion-column-wrapper fusion-flex-column-wrapper-legacy\"><div class=\"fusion-text fusion-text-1\"><p style=\"letter-spacing: 4px; font-size: 13px; margin-bottom: 0px; text-align: center;\">Wo sind wir<\/p>\n<h1 style=\"text-align: center;\">Das Bed &amp; Fr\u00fchst\u00fcck, die Lage, die Ziele.<\/h1>\n<\/div><div class=\"fusion-sep-clear\"><\/div><div class=\"fusion-separator\" style=\"margin-left: auto;margin-right: auto;margin-bottom:20px;width:100%;max-width:50px;\"><div class=\"fusion-separator-border sep-single sep-solid\" style=\"--awb-height:20px;--awb-amount:20px;--awb-sep-color:#498ca3;border-color:#498ca3;border-top-width:1px;\"><\/div><\/div><div class=\"fusion-sep-clear\"><\/div><div class=\"fusion-text fusion-text-2\"><h2 style=\"text-align: left;\">DER BED &amp;AMP; BREAKFAST<\/h2>\n<p style=\"text-align: center;\"><em>via Cascina Comune n.36, Pregnana Milanese, 20006, Mailand, Italien.<\/em><\/p>\n<\/div>\t\t\t\t\t<script type=\"text\/javascript\">\n\t\t\t\t\t\tvar map_fusion_map_6a073463b0592;\n\t\t\t\t\t\tvar markers = [];\n\t\t\t\t\t\tvar counter = 0;\n\t\t\t\t\t\t\t\t\t\t\t\t\t\t\t\t\t\t\t\tvar fusionMapNonce = '389edb0d89';\n\t\t\t\t\t\t\t\t\t\t\t\tfunction fusion_run_map_fusion_map_6a073463b0592() {\n\t\t\t\t\t\t\tjQuery ('#fusion_map_6a073463b0592' ).fusion_maps( {\n\t\t\t\t\t\t\t\taddresses: [{\"address\":\"B &amp; B Cascina36, via Cascina Comune 36, Pregnana Mailanese\",\"infobox_content\":\"B & B Cascina36, via Cascina Comune 36, Pregnana Mailanese\",\"coordinates\":false,\"cache\":false}],\n\t\t\t\t\t\t\t\tanimations: false,\n\t\t\t\t\t\t\t\tinfobox_background_color: '',\n\t\t\t\t\t\t\t\tinfobox_styling: 'default',\n\t\t\t\t\t\t\t\tinfobox_text_color: '',\n\t\t\t\t\t\t\t\tmap_style: 'default',\n\t\t\t\t\t\t\t\tmap_type: 'hybrid',\n\t\t\t\t\t\t\t\tmarker_icon: '',\n\t\t\t\t\t\t\t\toverlay_color: '',\n\t\t\t\t\t\t\t\toverlay_color_hsl: {\"hue\":0,\"sat\":0,\"lum\":100},\n\t\t\t\t\t\t\t\tshow_address: true,\n\t\t\t\t\t\t\t\tscale_control: true,\n\t\t\t\t\t\t\t\tscrollwheel: false,\n\t\t\t\t\t\t\t\tzoom: 11,\n\t\t\t\t\t\t\t\tzoom_control: true,\n\t\t\t\t\t\t\t} );\n\t\t\t\t\t\t}\n\n\t\t\t\t\t\tgoogle.maps.event.addDomListener(window, 'load', fusion_run_map_fusion_map_6a073463b0592);\n\t\t\t\t\t<\/script>\n\t\t\t\t\t<div class=\"shortcode-map fusion-google-map fusion-maps-js-type\" id=\"fusion_map_6a073463b0592\"><\/div><div class=\"fusion-sep-clear\"><\/div><div class=\"fusion-separator\" style=\"margin-left: auto;margin-right: auto;margin-top:20px;margin-bottom:40px;width:100%;max-width:50px;\"><\/div><div class=\"fusion-sep-clear\"><\/div><div class=\"fusion-text fusion-text-3\"><h2 style=\"text-align: left;\">DIE LOCATION<\/h2>\n<h3>Die B &amp; B, Cascina 36, befindet sich in einer \u00e4u\u00dferst strategischen Position:<\/h3>\n<ul>\n<li><em>S-Bahnhof<\/em>: zu erreichen in <strong><em>3 Minuten<\/em><\/strong>zu Fu\u00df. S-Bahnhof <strong>Pregnana Mailand<\/strong>;<\/li>\n<li>In 1 Haltestelle sind Sie in <strong>Rho<\/strong><em>(~5 Minuten<\/em>);<\/li>\n<li>Nach 2 Haltestellen sind Sie in <strong>Fiera Milano<\/strong><em>(Rho, ~10 Minuten<\/em>), das an das Gel\u00e4nde der Ex-EXPO<strong>2015<\/strong> grenzt;<\/li>\n<li>In 3 Stationen sind Sie in <strong>Mailand<\/strong><em>(~13 Minuten<\/em>);<\/li>\n<li>Sie sind zug\u00e4nglich und nutzbar f\u00fcr alle Metropolen und Oberfl\u00e4chenlinien, um ganz Mailand und die Hinterlandl\u00e4nder zu drehen;<\/li>\n<li>Die unterirdische Bahnlinie &#8222;passante ferroviario&#8220; verbindet <strong>Mailand<\/strong>, das<strong>Mail\u00e4nder Umland<\/strong> und den <strong>Comer See<\/strong> auf einfache Weise;<\/li>\n<li>Das Zentrum von <strong>Mailand<\/strong> ist in weniger als <em>30 Minuten<\/em> zu erreichen;<\/li>\n<li>Die G\u00e4ste k\u00f6nnen ihr Auto in der <em>Tiefgarage<\/em> <em>abstellen <\/em>und so alle Verkehrsprobleme einer Gro\u00dfstadt vermeiden.<\/li>\n<\/ul>\n<p>Flugh\u00e4fen: Die internationalen Flugh\u00e4fen Mailand Malpensa, Mailand Linate und Bergamo Orio al Serio sind nur <em>30 Autominuten<\/em> entfernt: Mailand <strong>Malpensa<\/strong>, <strong>Mailand Linate<\/strong> und <strong>Bergamo Orio al Serio<\/strong>.<\/p>\n<p>Nach Vereinbarung k\u00f6nnen Sie einen Shuttleservice nutzen.<\/p>\n<\/div><div class=\"fusion-image-element fusion-image-align-center in-legacy-container\" style=\"text-align:center;--awb-caption-title-font-family:var(--h2_typography-font-family);--awb-caption-title-font-weight:var(--h2_typography-font-weight);--awb-caption-title-font-style:var(--h2_typography-font-style);--awb-caption-title-size:var(--h2_typography-font-size);--awb-caption-title-transform:var(--h2_typography-text-transform);--awb-caption-title-line-height:var(--h2_typography-line-height);--awb-caption-title-letter-spacing:var(--h2_typography-letter-spacing);\"><div class=\"imageframe-align-center\"><span class=\" fusion-imageframe imageframe-none imageframe-1 hover-type-none\"><a href=\"https:\/\/www.cascina36.com\/wp-content\/uploads\/2017\/07\/mappa_mezzi_milano.jpg\" class=\"fusion-lightbox\" data-rel=\"iLightbox[karte]\" data-title=\"mappa _ mezzi _ milano\" title=\"mappa _ mezzi _ milano\"><img decoding=\"async\" width=\"1920\" height=\"1548\" alt=\"Karte Mailand Metro Routen und Reisen\" src=\"https:\/\/www.cascina36.com\/wp-content\/uploads\/2017\/07\/mappa_mezzi_milano.jpg\" class=\"img-responsive wp-image-3760\" srcset=\"https:\/\/www.cascina36.com\/wp-content\/uploads\/2017\/07\/mappa_mezzi_milano-200x161.jpg 200w, https:\/\/www.cascina36.com\/wp-content\/uploads\/2017\/07\/mappa_mezzi_milano-400x323.jpg 400w, https:\/\/www.cascina36.com\/wp-content\/uploads\/2017\/07\/mappa_mezzi_milano-600x484.jpg 600w, https:\/\/www.cascina36.com\/wp-content\/uploads\/2017\/07\/mappa_mezzi_milano-800x645.jpg 800w, https:\/\/www.cascina36.com\/wp-content\/uploads\/2017\/07\/mappa_mezzi_milano-1200x968.jpg 1200w, https:\/\/www.cascina36.com\/wp-content\/uploads\/2017\/07\/mappa_mezzi_milano.jpg 1920w\" sizes=\"(max-width: 1105px) 100vw, 1200px\" \/><\/a><\/span><\/div><\/div><div class=\"fusion-sep-clear\"><\/div><div class=\"fusion-separator\" style=\"margin-left: auto;margin-right: auto;margin-top:20px;margin-bottom:40px;width:100%;max-width:50px;\"><\/div><div class=\"fusion-sep-clear\"><\/div><div class=\"fusion-text fusion-text-4\"><h2 style=\"text-align: left;\">DIE GOALS<\/h2>\n<h4>Ziele und Vorschl\u00e4ge:<\/h4>\n<ul>\n<li><a href=\"https:\/\/it.wikipedia.org\/wiki\/Milano\"><strong>Mailand<\/strong><\/a>;<\/li>\n<li><a href=\"https:\/\/it.wikipedia.org\/wiki\/Villa_Visconti_Borromeo_Arese_Litta\"><strong>Nymphaeum der Villa Visconti Borromeo Litta<\/strong><\/a> von Lainate 15 Minuten entfernt;<\/li>\n<li>Die Konzerte und der Park der <a href=\"https:\/\/it.wikipedia.org\/wiki\/Villa_Arconati\"><strong>Villa Arconati<\/strong><\/a>in Castellazzo di Bollate, 20 Minuten;<\/li>\n<li><a href=\"https:\/\/it.wikipedia.org\/wiki\/Villa_Annoni_(Cuggiono)\"><strong>Villa Annoni<\/strong><\/a> in Cuggiono, wo 30 Minuten entfernt das Bake Off Italia stattfindet;<\/li>\n<li><a href=\"https:\/\/it.wikipedia.org\/wiki\/Como\"><strong>Como<\/strong><\/a>;<\/li>\n<li><a href=\"https:\/\/it.wikipedia.org\/wiki\/Rocca_Borromea_di_Angera\"><strong>Festung von Angera<\/strong><\/a> auf <a href=\"https:\/\/it.wikipedia.org\/wiki\/Lago_Maggiore\"><strong>Lago Maggiore<\/strong><\/a><\/li>\n<li><a href=\"https:\/\/it.wikipedia.org\/wiki\/Isole_Borromee\"><strong>Borrom\u00e4ische Inseln<\/strong><\/a> auf <a href=\"https:\/\/it.wikipedia.org\/wiki\/Lago_Maggiore\"><strong>Lago Maggiore<\/strong><\/a><\/li>\n<\/ul>\n<\/div>\t\t\t\t\t<script type=\"text\/javascript\">\n\t\t\t\t\t\tvar map_fusion_map_6a073463b1b49;\n\t\t\t\t\t\tvar markers = [];\n\t\t\t\t\t\tvar counter = 0;\n\t\t\t\t\t\t\t\t\t\t\t\tfunction fusion_run_map_fusion_map_6a073463b1b49() {\n\t\t\t\t\t\t\tjQuery ('#fusion_map_6a073463b1b49' ).fusion_maps( {\n\t\t\t\t\t\t\t\taddresses: [{\"address\":\"B &amp; B Cascina36, via Cascina Comune 36, Pregnana Milanese \",\"infobox_content\":\"B & B Cascina36, via Cascina Comune 36, Pregnana Milanese \",\"coordinates\":false,\"cache\":true,\"latitude\":\"45.511586\",\"longitude\":\"9.0039813\"},{\"address\":\" Station, Pregnana Mailanese \",\"infobox_content\":\" Station, Pregnana Mailanese \",\"coordinates\":false,\"cache\":true,\"latitude\":\"45.51011800000001\",\"longitude\":\"9.0027667\"},{\"address\":\" Station, Rho \",\"infobox_content\":\" Station, Rho \",\"coordinates\":false,\"cache\":true,\"latitude\":\"45.5241135\",\"longitude\":\"9.043543\"},{\"address\":\" Station, Rho Fiera Milano \",\"infobox_content\":\" Station, Rho Fiera Milano \",\"coordinates\":false,\"cache\":true,\"latitude\":\"45.5211325\",\"longitude\":\"9.0885057\"},{\"address\":\" Bahnhof Milano Certosa, Mailand \",\"infobox_content\":\" Bahnhof Milano Certosa, Mailand \",\"coordinates\":false,\"cache\":true,\"latitude\":\"45.5068353\",\"longitude\":\"9.1359374\"},{\"address\":\" Der Bahnhof Mailand Lancetti, Mailand, Mailand Porta Garibaldi Bahnhof, Mailand \",\"infobox_content\":\" Der Bahnhof Mailand Lancetti, Mailand, Mailand Porta Garibaldi Bahnhof, Mailand \",\"coordinates\":false,\"cache\":true,\"latitude\":\"45.4844806\",\"longitude\":\"9.1873881\"},{\"address\":\" Piazza Duomo, Mailand \",\"infobox_content\":\" Piazza Duomo, Mailand \",\"coordinates\":false,\"cache\":true,\"latitude\":\"45.4637\",\"longitude\":\"9.1905995\"},{\"address\":\" Bahnhof Lago, Como \",\"infobox_content\":\" Bahnhof Lago, Como \",\"coordinates\":false,\"cache\":true,\"latitude\":\"46.0160486\",\"longitude\":\"9.257167599999999\"},{\"address\":\" Castello Sforzesco, Mailand \",\"infobox_content\":\" Castello Sforzesco, Mailand \",\"coordinates\":false,\"cache\":true,\"latitude\":\"45.4704762\",\"longitude\":\"9.1793325\"},{\"address\":\" Flughafen Mailand Malpensa Mail\\u00e4nder Flughafen Linate Flughafen Bergamo, Orio al Serio\",\"infobox_content\":\" Flughafen Mailand Malpensa Mail\\u00e4nder Flughafen Linate Flughafen Bergamo, Orio al Serio\",\"coordinates\":false,\"cache\":true,\"latitude\":\"45.66957070000001\",\"longitude\":\"9.7036313\"}],\n\t\t\t\t\t\t\t\tanimations: false,\n\t\t\t\t\t\t\t\tinfobox_background_color: '',\n\t\t\t\t\t\t\t\tinfobox_styling: 'default',\n\t\t\t\t\t\t\t\tinfobox_text_color: '',\n\t\t\t\t\t\t\t\tmap_style: 'default',\n\t\t\t\t\t\t\t\tmap_type: 'roadmap',\n\t\t\t\t\t\t\t\tmarker_icon: '',\n\t\t\t\t\t\t\t\toverlay_color: '',\n\t\t\t\t\t\t\t\toverlay_color_hsl: {\"hue\":0,\"sat\":0,\"lum\":100},\n\t\t\t\t\t\t\t\tshow_address: true,\n\t\t\t\t\t\t\t\tscale_control: true,\n\t\t\t\t\t\t\t\tscrollwheel: false,\n\t\t\t\t\t\t\t\tzoom: 9,\n\t\t\t\t\t\t\t\tzoom_control: true,\n\t\t\t\t\t\t\t} );\n\t\t\t\t\t\t}\n\n\t\t\t\t\t\tgoogle.maps.event.addDomListener(window, 'load', fusion_run_map_fusion_map_6a073463b1b49);\n\t\t\t\t\t<\/script>\n\t\t\t\t\t<div class=\"shortcode-map fusion-google-map fusion-maps-js-type\" id=\"fusion_map_6a073463b1b49\"><\/div><div class=\"fusion-clearfix\"><\/div><\/div><\/div><\/div><\/div>\n","protected":false},"excerpt":{"rendered":"","protected":false},"author":2,"featured_media":0,"parent":0,"menu_order":0,"comment_status":"closed","ping_status":"closed","template":"","meta":{"iawp_total_views":2,"footnotes":""},"class_list":["post-4161","page","type-page","status-publish","hentry"],"yoast_head":"<!-- This site is optimized with the Yoast SEO plugin v27.3 - https:\/\/yoast.com\/product\/yoast-seo-wordpress\/ -->\n<title>Wo sind wir - Cascina36 B&amp;B<\/title>\n<meta name=\"robots\" content=\"index, follow, max-snippet:-1, max-image-preview:large, max-video-preview:-1\" \/>\n<link rel=\"canonical\" href=\"https:\/\/www.cascina36.com\/de\/wo-sind-wir\/\" \/>\n<meta property=\"og:locale\" content=\"de_DE\" \/>\n<meta property=\"og:type\" content=\"article\" \/>\n<meta property=\"og:title\" content=\"Wo sind wir - Cascina36 B&amp;B\" \/>\n<meta property=\"og:url\" content=\"https:\/\/www.cascina36.com\/de\/wo-sind-wir\/\" \/>\n<meta property=\"og:site_name\" content=\"Cascina36 B&amp;B\" \/>\n<meta property=\"article:modified_time\" content=\"2023-12-11T11:14:16+00:00\" \/>\n<meta name=\"twitter:card\" content=\"summary_large_image\" \/>\n<meta name=\"twitter:label1\" content=\"Gesch\u00e4tzte Lesezeit\" \/>\n\t<meta name=\"twitter:data1\" content=\"4\u00a0Minuten\" \/>\n<script type=\"application\/ld+json\" class=\"yoast-schema-graph\">{\"@context\":\"https:\\\/\\\/schema.org\",\"@graph\":[{\"@type\":\"WebPage\",\"@id\":\"https:\\\/\\\/www.cascina36.com\\\/de\\\/wo-sind-wir\\\/\",\"url\":\"https:\\\/\\\/www.cascina36.com\\\/de\\\/wo-sind-wir\\\/\",\"name\":\"Wo sind wir - Cascina36 B&amp;B\",\"isPartOf\":{\"@id\":\"https:\\\/\\\/www.cascina36.com\\\/de\\\/#website\"},\"datePublished\":\"2019-05-31T11:51:53+00:00\",\"dateModified\":\"2023-12-11T11:14:16+00:00\",\"breadcrumb\":{\"@id\":\"https:\\\/\\\/www.cascina36.com\\\/de\\\/wo-sind-wir\\\/#breadcrumb\"},\"inLanguage\":\"de\",\"potentialAction\":[{\"@type\":\"ReadAction\",\"target\":[\"https:\\\/\\\/www.cascina36.com\\\/de\\\/wo-sind-wir\\\/\"]}]},{\"@type\":\"BreadcrumbList\",\"@id\":\"https:\\\/\\\/www.cascina36.com\\\/de\\\/wo-sind-wir\\\/#breadcrumb\",\"itemListElement\":[{\"@type\":\"ListItem\",\"position\":1,\"name\":\"Home\",\"item\":\"https:\\\/\\\/www.cascina36.com\\\/de\\\/home-cascina36-b-b-willkommen\\\/\"},{\"@type\":\"ListItem\",\"position\":2,\"name\":\"Wo sind wir\"}]},{\"@type\":\"WebSite\",\"@id\":\"https:\\\/\\\/www.cascina36.com\\\/de\\\/#website\",\"url\":\"https:\\\/\\\/www.cascina36.com\\\/de\\\/\",\"name\":\"Cascina36 B&amp;B\",\"description\":\"B&amp;B, Bed and Breakfast, Pregnana Milanese, Milano, Italia, Fiera di Rho, Fiera Milano.\",\"publisher\":{\"@id\":\"https:\\\/\\\/www.cascina36.com\\\/de\\\/#organization\"},\"potentialAction\":[{\"@type\":\"SearchAction\",\"target\":{\"@type\":\"EntryPoint\",\"urlTemplate\":\"https:\\\/\\\/www.cascina36.com\\\/de\\\/?s={search_term_string}\"},\"query-input\":{\"@type\":\"PropertyValueSpecification\",\"valueRequired\":true,\"valueName\":\"search_term_string\"}}],\"inLanguage\":\"de\"},{\"@type\":\"Organization\",\"@id\":\"https:\\\/\\\/www.cascina36.com\\\/de\\\/#organization\",\"name\":\"Cascina36 B&amp;B\",\"url\":\"https:\\\/\\\/www.cascina36.com\\\/de\\\/\",\"logo\":{\"@type\":\"ImageObject\",\"inLanguage\":\"de\",\"@id\":\"https:\\\/\\\/www.cascina36.com\\\/de\\\/#\\\/schema\\\/logo\\\/image\\\/\",\"url\":\"https:\\\/\\\/www.cascina36.com\\\/wp-content\\\/uploads\\\/2017\\\/04\\\/LogoCascina36-1.jpg\",\"contentUrl\":\"https:\\\/\\\/www.cascina36.com\\\/wp-content\\\/uploads\\\/2017\\\/04\\\/LogoCascina36-1.jpg\",\"width\":1038,\"height\":188,\"caption\":\"Cascina36 B&amp;B\"},\"image\":{\"@id\":\"https:\\\/\\\/www.cascina36.com\\\/de\\\/#\\\/schema\\\/logo\\\/image\\\/\"}}]}<\/script>\n<!-- \/ Yoast SEO plugin. -->","yoast_head_json":{"title":"Wo sind wir - Cascina36 B&amp;B","robots":{"index":"index","follow":"follow","max-snippet":"max-snippet:-1","max-image-preview":"max-image-preview:large","max-video-preview":"max-video-preview:-1"},"canonical":"https:\/\/www.cascina36.com\/de\/wo-sind-wir\/","og_locale":"de_DE","og_type":"article","og_title":"Wo sind wir - Cascina36 B&amp;B","og_url":"https:\/\/www.cascina36.com\/de\/wo-sind-wir\/","og_site_name":"Cascina36 B&amp;B","article_modified_time":"2023-12-11T11:14:16+00:00","twitter_card":"summary_large_image","twitter_misc":{"Gesch\u00e4tzte Lesezeit":"4\u00a0Minuten"},"schema":{"@context":"https:\/\/schema.org","@graph":[{"@type":"WebPage","@id":"https:\/\/www.cascina36.com\/de\/wo-sind-wir\/","url":"https:\/\/www.cascina36.com\/de\/wo-sind-wir\/","name":"Wo sind wir - Cascina36 B&amp;B","isPartOf":{"@id":"https:\/\/www.cascina36.com\/de\/#website"},"datePublished":"2019-05-31T11:51:53+00:00","dateModified":"2023-12-11T11:14:16+00:00","breadcrumb":{"@id":"https:\/\/www.cascina36.com\/de\/wo-sind-wir\/#breadcrumb"},"inLanguage":"de","potentialAction":[{"@type":"ReadAction","target":["https:\/\/www.cascina36.com\/de\/wo-sind-wir\/"]}]},{"@type":"BreadcrumbList","@id":"https:\/\/www.cascina36.com\/de\/wo-sind-wir\/#breadcrumb","itemListElement":[{"@type":"ListItem","position":1,"name":"Home","item":"https:\/\/www.cascina36.com\/de\/home-cascina36-b-b-willkommen\/"},{"@type":"ListItem","position":2,"name":"Wo sind wir"}]},{"@type":"WebSite","@id":"https:\/\/www.cascina36.com\/de\/#website","url":"https:\/\/www.cascina36.com\/de\/","name":"Cascina36 B&amp;B","description":"B&amp;B, Bed and Breakfast, Pregnana Milanese, Milano, Italia, Fiera di Rho, Fiera Milano.","publisher":{"@id":"https:\/\/www.cascina36.com\/de\/#organization"},"potentialAction":[{"@type":"SearchAction","target":{"@type":"EntryPoint","urlTemplate":"https:\/\/www.cascina36.com\/de\/?s={search_term_string}"},"query-input":{"@type":"PropertyValueSpecification","valueRequired":true,"valueName":"search_term_string"}}],"inLanguage":"de"},{"@type":"Organization","@id":"https:\/\/www.cascina36.com\/de\/#organization","name":"Cascina36 B&amp;B","url":"https:\/\/www.cascina36.com\/de\/","logo":{"@type":"ImageObject","inLanguage":"de","@id":"https:\/\/www.cascina36.com\/de\/#\/schema\/logo\/image\/","url":"https:\/\/www.cascina36.com\/wp-content\/uploads\/2017\/04\/LogoCascina36-1.jpg","contentUrl":"https:\/\/www.cascina36.com\/wp-content\/uploads\/2017\/04\/LogoCascina36-1.jpg","width":1038,"height":188,"caption":"Cascina36 B&amp;B"},"image":{"@id":"https:\/\/www.cascina36.com\/de\/#\/schema\/logo\/image\/"}}]}},"_links":{"self":[{"href":"https:\/\/www.cascina36.com\/de\/wp-json\/wp\/v2\/pages\/4161","targetHints":{"allow":["GET"]}}],"collection":[{"href":"https:\/\/www.cascina36.com\/de\/wp-json\/wp\/v2\/pages"}],"about":[{"href":"https:\/\/www.cascina36.com\/de\/wp-json\/wp\/v2\/types\/page"}],"author":[{"embeddable":true,"href":"https:\/\/www.cascina36.com\/de\/wp-json\/wp\/v2\/users\/2"}],"replies":[{"embeddable":true,"href":"https:\/\/www.cascina36.com\/de\/wp-json\/wp\/v2\/comments?post=4161"}],"version-history":[{"count":0,"href":"https:\/\/www.cascina36.com\/de\/wp-json\/wp\/v2\/pages\/4161\/revisions"}],"wp:attachment":[{"href":"https:\/\/www.cascina36.com\/de\/wp-json\/wp\/v2\/media?parent=4161"}],"curies":[{"name":"wp","href":"https:\/\/api.w.org\/{rel}","templated":true}]}}