{"id":4066,"date":"2019-05-31T13:43:42","date_gmt":"2019-05-31T11:43:42","guid":{"rendered":"https:\/\/www.cascina36.com\/cookies-informations-etendues\/"},"modified":"2019-05-31T13:43:42","modified_gmt":"2019-05-31T11:43:42","slug":"cookies-informations-etendues","status":"publish","type":"page","link":"https:\/\/www.cascina36.com\/fr\/cookies-informations-etendues\/","title":{"rendered":"COOKIES-informations \u00e9tendues"},"content":{"rendered":"<h1>Cookies: Divulgation prolong\u00e9e<\/h1>\n<h2>pr\u00e9misse:<\/h2>\n<p>&nbsp;<\/p>\n<h3>Cette \u00ab\u00a0information \u00e9tendue\u00a0\u00bb a \u00e9t\u00e9 pr\u00e9par\u00e9e et personnalis\u00e9e sp\u00e9cifiquement pour ce site <strong>www.anthilla.com<\/strong> conform\u00e9ment aux dispositions de la mesure du 8 mai 2014 \u00e9mises par le garant pour la protection des donn\u00e9es \u00e0 caract\u00e8re personnel.<\/h3>\n<p>&nbsp;<\/p>\n<p>Il int\u00e8gre et met \u00e0 jour d\u2019autres informations d\u00e9j\u00e0 pr\u00e9sentes sur le site et\/ou publi\u00e9es avant maintenant par la soci\u00e9t\u00e9, en combinaison avec laquelle elle fournit tous les \u00e9l\u00e9ments requis par l\u2019art. 13 de D. Lgs. 196\/2003 et les dispositions ult\u00e9rieures de l\u2019autorit\u00e9 garantissant la protection des donn\u00e9es \u00e0 caract\u00e8re personnel.<\/p>\n<p>&nbsp;<\/p>\n<h2>Avertissement important:<\/h2>\n<p>Les tierces parties sont inform\u00e9es que l\u2019utilisation de cette d\u00e9claration, ou m\u00eame de certaines parties de celles-ci, sur d\u2019autres sites Web pour lesquels elle n\u2019est certainement pas pertinente et\/ou incorrecte et\/ou incompatible, peut entra\u00eener l\u2019imposition de lourdes sanctions de la part de l\u2019autorit\u00e9 responsable de la protection des donn\u00e9es \u00e0 caract\u00e8re personnel.<\/p>\n<h2>Objet de la divulgation:<\/h2>\n<p>Nos exploits d\u2019entreprise dans ces technologies de pages Web utilisant ce que l\u2019on appelle \u00ab\u00a0cookies\u00a0\u00bb et cette d\u00e9claration a pour but d\u2019illustrer \u00e0 l\u2019utilisateur de mani\u00e8re claire et pr\u00e9cise leur mode d\u2019utilisation.<\/p>\n<p>Ce document annule et remplace int\u00e9gralement toutes les informations pr\u00e9c\u00e9dentes fournies par la soci\u00e9t\u00e9 sur le sujet des cookies, qui doivent donc \u00eatre consid\u00e9r\u00e9es comme compl\u00e8tement obsol\u00e8tes.<\/p>\n<p>&nbsp;<\/p>\n<h2>Que sont les cookies:<\/h2>\n<p>VI les cookies sont des cha\u00eenes de texte (petits fichiers), que les sites visit\u00e9s par un utilisateur envoient \u00e0 son terminal (PC, tablette, t\u00e9l\u00e9phone intelligent, etc.), o\u00f9 ils sont stock\u00e9s et ensuite retransmis aux m\u00eames sites qui les ont envoy\u00e9s, lors de la visite du m\u00eame utilisateur.<\/p>\n<p>&nbsp;<\/p>\n<h2>Types de cookies et leurs finalit\u00e9s:<\/h2>\n<p>Les cookies utilis\u00e9s sur ce site Web sont des types suivants:<\/p>\n<p>&nbsp;<\/p>\n<h4><strong>1. Cookies techniques: <\/strong><\/h4>\n<p>Ils permettent \u00e0 l\u2019utilisateur la navigation optimale et rapide \u00e0 travers le site Web et l\u2019utilisation efficace des services et\/ou les diff\u00e9rentes options qu\u2019il offre, permettant par exemple de faire un achat ou de s\u2019authentifier pour acc\u00e9der aux zones r\u00e9serv\u00e9es.<\/p>\n<p>Ces cookies sont n\u00e9cessaires pour am\u00e9liorer la convivialit\u00e9 du site, mais ils peuvent toujours \u00eatre d\u00e9sactiv\u00e9s.<\/p>\n<h4>2. cookies tiers:<\/h4>\n<p>Les cookies sont install\u00e9s sur le terminal de l\u2019utilisateur par des gestionnaires de sites tiers via ce site Web.<\/p>\n<p>Les cookies de tiers, principalement \u00e0 des fins d\u2019analyse, d\u00e9rivent principalement des capacit\u00e9s des outils de gestion des statistiques analytiques tels que: <strong><br \/>\n  <em>Google Analytics<\/em><br \/>\n<\/strong>.<\/p>\n<p>Vous pouvez avoir plus d\u2019informations sur <strong><em>Google Analytics<\/em><\/p>\n<p><\/strong> en cliquant sur le lien suivant: <strong><em> <a href=\"https:\/\/www.google.it\/intl\/it\/analytics\">www.google.it\/Intl\/IT\/Analytics<\/a> <\/em><\/p>\n<p><\/strong> <em>.<\/em><\/p>\n<p>Pour d\u00e9sactiver les cookies et emp\u00eacher <strong><br \/>\n  <em>Google Analytics<\/em><br \/>\n<\/strong> pour collecter des donn\u00e9es de navigation, vous pouvez t\u00e9l\u00e9charger le navigateur Add-on pour d\u00e9sactiver <strong><br \/>\n  <em>Google Analytics<\/em><br \/>\n<\/strong> en cliquant sur le lien suivant: <a href=\"https:\/\/tools.google.com\/dlpage\/gaoptout\"><strong><em>tools.google.com\/dlpage\/gaoptout<\/em><\/strong><\/a> .<\/p>\n<p>&nbsp;<\/p>\n<h2>Param\u00e8tres de votre navigateur:<\/h2>\n<p>Nous vous informons \u00e9galement que l\u2019utilisateur peut configurer, <strong><em>Librement et \u00e0 tout moment, <\/em><\/strong>Ses param\u00e8tres de confidentialit\u00e9 par rapport \u00e0 l\u2019installation et l\u2019utilisation des cookies, directement via son programme de navigation (navigateur) selon ses instructions.<br \/>\nEn particulier, l\u2019utilisateur peut d\u00e9finir la soi-disant <strong>\u00ab\u00a0navigation priv\u00e9e\u00a0\u00bb<\/strong>, gr\u00e2ce \u00e0 laquelle son programme de navigation interrompt la sauvegarde des sites historiques visit\u00e9s, les mots de passe entr\u00e9s, les cookies et autres Informations sur les pages que vous visitez.<br \/>\nNous avertissons que, dans le cas o\u00f9 l\u2019utilisateur d\u00e9cide de d\u00e9sactiver tous les cookies (m\u00eame ceux de nature technique), la qualit\u00e9 et la rapidit\u00e9 des services offerts par ce site peuvent s\u2019aggraver radicalement et vous risquez de perdre l\u2019acc\u00e8s \u00e0 certaines sections de Site lui-m\u00eame.<\/p>\n<p>&nbsp;<\/p>\n<h2>Instructions pratiques \u00e0 l\u2019utilisateur pour le r\u00e9glage correct du navigateur:<\/h2>\n<p>Pour bloquer ou restreindre l\u2019utilisation des cookies, que ce soit par ce site ou par d\u2019autres sites Web, directement par le biais de votre navigateur, vous pouvez suivre les instructions simples ci-dessous et renvoy\u00e9 aux navigateurs de l\u2019utilisation la plus courante.<\/p>\n<p>&nbsp;<\/p>\n<h3>Google Chrome:<\/h3>\n<ul>\n<li>Cliquez sur l\u2019ic\u00f4ne intitul\u00e9e \u00ab<strong>personnaliser et v\u00e9rifier Google Chrome<\/strong>\u00bb situ\u00e9e en haut \u00e0 droite.<\/li>\n<li>S\u00e9lectionnez ensuite l\u2019\u00e9l\u00e9ment de menu nomm\u00e9 \u00abSettings\u00bb (<strong>param\u00e8tres<\/strong>).<\/li>\n<li>Dans le formulaire qui s\u2019ouvre, s\u00e9lectionnez l\u2019\u00e9l\u00e9ment de menu intitul\u00e9 \u00ab<strong>afficher les param\u00e8tres avanc\u00e9s<\/strong>\u00bb.<\/li>\n<li>Puis \u00e0 l\u2019\u00e9l\u00e9ment de menu appel\u00e9 \u00ab\u00a0<strong>Privacy<\/strong>\u00ab\u00a0.<\/li>\n<li>Cliquez sur le bouton \u00ab\u00a0<strong>param\u00e8tres de contenu<\/strong>\u00a0\u00bb o\u00f9 vous pouvez d\u00e9finir le bloc de tout ou partie des cookies.<\/li>\n<\/ul>\n<h3>Microsoft Internet Explorer:<\/h3>\n<ul>\n<li>Cliquez sur l\u2019ic\u00f4ne intitul\u00e9e \u00ab\u00a0<strong>Outils<\/strong>\u00a0\u00bb situ\u00e9e en haut \u00e0 droite.<\/li>\n<li>S\u00e9lectionnez ensuite l\u2019\u00e9l\u00e9ment de menu nomm\u00e9 \u00ab<strong>Options Internet<\/strong>\u00bb.<\/li>\n<li>Dans le formulaire qui s\u2019ouvre, s\u00e9lectionnez l\u2019\u00e9l\u00e9ment de menu appel\u00e9 \u00ab<strong>confidentialit\u00e9<\/strong>\u00bb o\u00f9 vous pouvez d\u00e9finir le bloc de tout ou partie des cookies.<\/li>\n<\/ul>\n<h3>Mozilla Firefox:<\/h3>\n<ul>\n<li>Dans le menu d\u00e9roulant situ\u00e9 en haut \u00e0 gauche ou \u00e0 partir de l\u2019ic\u00f4ne \u00e0 3 lignes situ\u00e9e \u00e0 droite de la barre d\u2019outils.<\/li>\n<li>S\u00e9lectionnez l\u2019\u00e9l\u00e9ment de menu intitul\u00e9 \u00ab<strong>options<\/strong>\u00bb.<\/li>\n<li>Dans le formulaire qui s\u2019ouvre, s\u00e9lectionnez l\u2019\u00e9l\u00e9ment de menu \u00ab<strong>confidentialit\u00e9<\/strong>\u00bb,<\/li>\n<li>O\u00f9 vous pouvez d\u00e9finir le bloc de tout ou partie des cookies.<\/li>\n<\/ul>\n<p>&nbsp;<\/p>\n<p><em>Date de r\u00e9daction du pr\u00e9sent document:<\/em> <em>26\/03\/2019<\/em><\/p>\n<p>&nbsp;<\/p>\n","protected":false},"excerpt":{"rendered":"<p>Cookies: Divulgation prolong\u00e9e pr\u00e9misse: &nbsp; Cette \u00ab\u00a0information \u00e9tendue\u00a0\u00bb a \u00e9t\u00e9 pr\u00e9par\u00e9e et personnalis\u00e9e sp\u00e9cifiquement pour ce site www.anthilla.com conform\u00e9ment aux dispositions de la mesure du 8 mai 2014 \u00e9mises par le garant pour la protection des donn\u00e9es \u00e0 caract\u00e8re personnel.  [&#8230;]<\/p>\n","protected":false},"author":1,"featured_media":0,"parent":0,"menu_order":0,"comment_status":"closed","ping_status":"closed","template":"","meta":{"iawp_total_views":1,"footnotes":""},"class_list":["post-4066","page","type-page","status-publish","hentry"],"yoast_head":"<!-- This site is optimized with the Yoast SEO plugin v27.3 - https:\/\/yoast.com\/product\/yoast-seo-wordpress\/ -->\n<title>COOKIES-informations \u00e9tendues - Cascina36 B&amp;B<\/title>\n<meta name=\"robots\" content=\"index, follow, max-snippet:-1, max-image-preview:large, max-video-preview:-1\" \/>\n<link rel=\"canonical\" href=\"https:\/\/www.cascina36.com\/fr\/cookies-informations-etendues\/\" \/>\n<meta property=\"og:locale\" content=\"fr_FR\" \/>\n<meta property=\"og:type\" content=\"article\" \/>\n<meta property=\"og:title\" content=\"COOKIES-informations \u00e9tendues - Cascina36 B&amp;B\" \/>\n<meta property=\"og:description\" content=\"Cookies: Divulgation prolong\u00e9e pr\u00e9misse: &nbsp; Cette \u00ab\u00a0information \u00e9tendue\u00a0\u00bb a \u00e9t\u00e9 pr\u00e9par\u00e9e et personnalis\u00e9e sp\u00e9cifiquement pour ce site www.anthilla.com conform\u00e9ment aux dispositions de la mesure du 8 mai 2014 \u00e9mises par le garant pour la protection des donn\u00e9es \u00e0 caract\u00e8re personnel. [...]\" \/>\n<meta property=\"og:url\" content=\"https:\/\/www.cascina36.com\/fr\/cookies-informations-etendues\/\" \/>\n<meta property=\"og:site_name\" content=\"Cascina36 B&amp;B\" \/>\n<meta name=\"twitter:card\" content=\"summary_large_image\" \/>\n<meta name=\"twitter:label1\" content=\"Dur\u00e9e de lecture estim\u00e9e\" \/>\n\t<meta name=\"twitter:data1\" content=\"5 minutes\" \/>\n<script type=\"application\/ld+json\" class=\"yoast-schema-graph\">{\"@context\":\"https:\\\/\\\/schema.org\",\"@graph\":[{\"@type\":\"WebPage\",\"@id\":\"https:\\\/\\\/www.cascina36.com\\\/fr\\\/cookies-informations-etendues\\\/\",\"url\":\"https:\\\/\\\/www.cascina36.com\\\/fr\\\/cookies-informations-etendues\\\/\",\"name\":\"COOKIES-informations \u00e9tendues - Cascina36 B&amp;B\",\"isPartOf\":{\"@id\":\"https:\\\/\\\/www.cascina36.com\\\/fr\\\/#website\"},\"datePublished\":\"2019-05-31T11:43:42+00:00\",\"breadcrumb\":{\"@id\":\"https:\\\/\\\/www.cascina36.com\\\/fr\\\/cookies-informations-etendues\\\/#breadcrumb\"},\"inLanguage\":\"fr-FR\",\"potentialAction\":[{\"@type\":\"ReadAction\",\"target\":[\"https:\\\/\\\/www.cascina36.com\\\/fr\\\/cookies-informations-etendues\\\/\"]}]},{\"@type\":\"BreadcrumbList\",\"@id\":\"https:\\\/\\\/www.cascina36.com\\\/fr\\\/cookies-informations-etendues\\\/#breadcrumb\",\"itemListElement\":[{\"@type\":\"ListItem\",\"position\":1,\"name\":\"Home\",\"item\":\"https:\\\/\\\/www.cascina36.com\\\/fr\\\/accueil-cascina36-b-b-bienvenue\\\/\"},{\"@type\":\"ListItem\",\"position\":2,\"name\":\"COOKIES-informations \u00e9tendues\"}]},{\"@type\":\"WebSite\",\"@id\":\"https:\\\/\\\/www.cascina36.com\\\/fr\\\/#website\",\"url\":\"https:\\\/\\\/www.cascina36.com\\\/fr\\\/\",\"name\":\"Cascina36 B&amp;B\",\"description\":\"B&amp;B, Bed and Breakfast, Pregnana Milanese, Milano, Italia, Fiera di Rho, Fiera Milano.\",\"publisher\":{\"@id\":\"https:\\\/\\\/www.cascina36.com\\\/fr\\\/#organization\"},\"potentialAction\":[{\"@type\":\"SearchAction\",\"target\":{\"@type\":\"EntryPoint\",\"urlTemplate\":\"https:\\\/\\\/www.cascina36.com\\\/fr\\\/?s={search_term_string}\"},\"query-input\":{\"@type\":\"PropertyValueSpecification\",\"valueRequired\":true,\"valueName\":\"search_term_string\"}}],\"inLanguage\":\"fr-FR\"},{\"@type\":\"Organization\",\"@id\":\"https:\\\/\\\/www.cascina36.com\\\/fr\\\/#organization\",\"name\":\"Cascina36 B&amp;B\",\"url\":\"https:\\\/\\\/www.cascina36.com\\\/fr\\\/\",\"logo\":{\"@type\":\"ImageObject\",\"inLanguage\":\"fr-FR\",\"@id\":\"https:\\\/\\\/www.cascina36.com\\\/fr\\\/#\\\/schema\\\/logo\\\/image\\\/\",\"url\":\"https:\\\/\\\/www.cascina36.com\\\/wp-content\\\/uploads\\\/2017\\\/04\\\/LogoCascina36-1.jpg\",\"contentUrl\":\"https:\\\/\\\/www.cascina36.com\\\/wp-content\\\/uploads\\\/2017\\\/04\\\/LogoCascina36-1.jpg\",\"width\":1038,\"height\":188,\"caption\":\"Cascina36 B&amp;B\"},\"image\":{\"@id\":\"https:\\\/\\\/www.cascina36.com\\\/fr\\\/#\\\/schema\\\/logo\\\/image\\\/\"}}]}<\/script>\n<!-- \/ Yoast SEO plugin. -->","yoast_head_json":{"title":"COOKIES-informations \u00e9tendues - Cascina36 B&amp;B","robots":{"index":"index","follow":"follow","max-snippet":"max-snippet:-1","max-image-preview":"max-image-preview:large","max-video-preview":"max-video-preview:-1"},"canonical":"https:\/\/www.cascina36.com\/fr\/cookies-informations-etendues\/","og_locale":"fr_FR","og_type":"article","og_title":"COOKIES-informations \u00e9tendues - Cascina36 B&amp;B","og_description":"Cookies: Divulgation prolong\u00e9e pr\u00e9misse: &nbsp; Cette \u00ab\u00a0information \u00e9tendue\u00a0\u00bb a \u00e9t\u00e9 pr\u00e9par\u00e9e et personnalis\u00e9e sp\u00e9cifiquement pour ce site www.anthilla.com conform\u00e9ment aux dispositions de la mesure du 8 mai 2014 \u00e9mises par le garant pour la protection des donn\u00e9es \u00e0 caract\u00e8re personnel. [...]","og_url":"https:\/\/www.cascina36.com\/fr\/cookies-informations-etendues\/","og_site_name":"Cascina36 B&amp;B","twitter_card":"summary_large_image","twitter_misc":{"Dur\u00e9e de lecture estim\u00e9e":"5 minutes"},"schema":{"@context":"https:\/\/schema.org","@graph":[{"@type":"WebPage","@id":"https:\/\/www.cascina36.com\/fr\/cookies-informations-etendues\/","url":"https:\/\/www.cascina36.com\/fr\/cookies-informations-etendues\/","name":"COOKIES-informations \u00e9tendues - Cascina36 B&amp;B","isPartOf":{"@id":"https:\/\/www.cascina36.com\/fr\/#website"},"datePublished":"2019-05-31T11:43:42+00:00","breadcrumb":{"@id":"https:\/\/www.cascina36.com\/fr\/cookies-informations-etendues\/#breadcrumb"},"inLanguage":"fr-FR","potentialAction":[{"@type":"ReadAction","target":["https:\/\/www.cascina36.com\/fr\/cookies-informations-etendues\/"]}]},{"@type":"BreadcrumbList","@id":"https:\/\/www.cascina36.com\/fr\/cookies-informations-etendues\/#breadcrumb","itemListElement":[{"@type":"ListItem","position":1,"name":"Home","item":"https:\/\/www.cascina36.com\/fr\/accueil-cascina36-b-b-bienvenue\/"},{"@type":"ListItem","position":2,"name":"COOKIES-informations \u00e9tendues"}]},{"@type":"WebSite","@id":"https:\/\/www.cascina36.com\/fr\/#website","url":"https:\/\/www.cascina36.com\/fr\/","name":"Cascina36 B&amp;B","description":"B&amp;B, Bed and Breakfast, Pregnana Milanese, Milano, Italia, Fiera di Rho, Fiera Milano.","publisher":{"@id":"https:\/\/www.cascina36.com\/fr\/#organization"},"potentialAction":[{"@type":"SearchAction","target":{"@type":"EntryPoint","urlTemplate":"https:\/\/www.cascina36.com\/fr\/?s={search_term_string}"},"query-input":{"@type":"PropertyValueSpecification","valueRequired":true,"valueName":"search_term_string"}}],"inLanguage":"fr-FR"},{"@type":"Organization","@id":"https:\/\/www.cascina36.com\/fr\/#organization","name":"Cascina36 B&amp;B","url":"https:\/\/www.cascina36.com\/fr\/","logo":{"@type":"ImageObject","inLanguage":"fr-FR","@id":"https:\/\/www.cascina36.com\/fr\/#\/schema\/logo\/image\/","url":"https:\/\/www.cascina36.com\/wp-content\/uploads\/2017\/04\/LogoCascina36-1.jpg","contentUrl":"https:\/\/www.cascina36.com\/wp-content\/uploads\/2017\/04\/LogoCascina36-1.jpg","width":1038,"height":188,"caption":"Cascina36 B&amp;B"},"image":{"@id":"https:\/\/www.cascina36.com\/fr\/#\/schema\/logo\/image\/"}}]}},"_links":{"self":[{"href":"https:\/\/www.cascina36.com\/fr\/wp-json\/wp\/v2\/pages\/4066","targetHints":{"allow":["GET"]}}],"collection":[{"href":"https:\/\/www.cascina36.com\/fr\/wp-json\/wp\/v2\/pages"}],"about":[{"href":"https:\/\/www.cascina36.com\/fr\/wp-json\/wp\/v2\/types\/page"}],"author":[{"embeddable":true,"href":"https:\/\/www.cascina36.com\/fr\/wp-json\/wp\/v2\/users\/1"}],"replies":[{"embeddable":true,"href":"https:\/\/www.cascina36.com\/fr\/wp-json\/wp\/v2\/comments?post=4066"}],"version-history":[{"count":0,"href":"https:\/\/www.cascina36.com\/fr\/wp-json\/wp\/v2\/pages\/4066\/revisions"}],"wp:attachment":[{"href":"https:\/\/www.cascina36.com\/fr\/wp-json\/wp\/v2\/media?parent=4066"}],"curies":[{"name":"wp","href":"https:\/\/api.w.org\/{rel}","templated":true}]}}