{"id":4071,"date":"2019-05-31T13:44:04","date_gmt":"2019-05-31T11:44:04","guid":{"rendered":"https:\/\/www.cascina36.com\/cookies-faq-du-garant-de-la-vie-privee-de-la-republique-italienne\/"},"modified":"2023-12-11T11:41:55","modified_gmt":"2023-12-11T10:41:55","slug":"cookies-faq-du-garant-de-la-vie-privee-de-la-republique-italienne","status":"publish","type":"page","link":"https:\/\/www.cascina36.com\/fr\/cookies-faq-du-garant-de-la-vie-privee-de-la-republique-italienne\/","title":{"rendered":"Cookies-FAQ du garant de la vie priv\u00e9e de la R\u00e9publique italienne"},"content":{"rendered":"<h2>Informations et consentement pour l\u2019utilisation des cookies<\/h2>\n<h3>questions<\/h3>\n<p>&nbsp;<\/p>\n<ol>\n<li><strong> Que sont les cookies?<\/strong><\/li>\n<\/ol>\n<p>Les cookies sont de petits fichiers texte que les sites visit\u00e9s par les utilisateurs envoient \u00e0 leurs terminaux, o\u00f9 ils sont stock\u00e9s pour \u00eatre retransmis aux m\u00eames sites lors de la prochaine visite. Les cookies des soi-disant \u00abtiers\u00bb sont, \u00e0 la place, mis en place par un site Web autre que celui que l\u2019utilisateur est en visite. C\u2019est parce que sur chaque site il peut y avoir des \u00e9l\u00e9ments (images, cartes, sons, des liens sp\u00e9cifiques \u00e0 des pages Web d\u2019autres domaines, etc) qui r\u00e9sident sur des serveurs autres que le site visit\u00e9.<\/p>\n<p>&nbsp;<\/p>\n<ol start=\"2\">\n<li><strong> \u00c0 quoi servent les cookies?<\/strong><\/li>\n<\/ol>\n<p>Les cookies sont utilis\u00e9s \u00e0 des fins diff\u00e9rentes: l\u2019ex\u00e9cution de l\u2019authentification par ordinateur, la surveillance des sessions, le stockage des informations sur des configurations sp\u00e9cifiques concernant les utilisateurs acc\u00e9dant au serveur, le stockage des pr\u00e9f\u00e9rences, etc.<\/p>\n<p>&nbsp;<\/p>\n<ol start=\"3\">\n<li><strong> Que sont les cookies \u00abtechniques\u00bb?<\/strong><\/li>\n<\/ol>\n<p>Ce sont les cookies qui sont utilis\u00e9s pour faire la navigation ou pour fournir un service demand\u00e9 par l\u2019utilisateur. Ils ne sont pas utilis\u00e9s \u00e0 d\u2019autres fins et sont normalement install\u00e9s directement par le propri\u00e9taire du site.<\/p>\n<p>Sans recourir \u00e0 ces cookies, certaines transactions ne pourraient pas \u00eatre remplies ou seraient plus complexes et\/ou dangereuses, telles que les activit\u00e9s bancaires \u00e0 domicile (affichage du relev\u00e9 bancaire, virements, paiement des factures, etc.), pour lesquels les cookies, Cela vous permet de faire et de maintenir l\u2019identification de l\u2019utilisateur dans la session, sont indispensables.<\/p>\n<p>&nbsp;<\/p>\n<ol start=\"4\">\n<li><strong> Les cookies d\u2019analyse de cookie sont-ils \u00abtechniques\u00bb?<\/strong><\/li>\n<\/ol>\n<p>non. La Garante (voir <a href=\"https:\/\/www.garanteprivacy.it\/garante\/doc.jsp?ID=3118884\">disposition du 8 mai 2014<\/a>) a pr\u00e9cis\u00e9 qu&rsquo;ils ne peuvent \u00eatre assimil\u00e9s \u00e0 des cookies techniques que s&rsquo;ils sont utilis\u00e9s \u00e0 des fins d&rsquo;optimisation du site directement par le propri\u00e9taire du site, qui peut collecter des informations sous forme agr\u00e9g\u00e9e sur le nombre d&rsquo;utilisateurs et la mani\u00e8re dont ils visitent le site. Dans ces conditions, les m\u00eames r\u00e8gles sont valables pour l\u2019analyse des cookies, en termes d\u2019informations et de consensus, fournies pour les cookies techniques.<\/p>\n<p>&nbsp;<\/p>\n<ol start=\"5\">\n<li><strong> Que sont les cookies de \u00abprofilage\u00bb?<\/strong><\/li>\n<\/ol>\n<p>Ce sont les cookies utilis\u00e9s pour suivre la navigation de l\u2019utilisateur sur le r\u00e9seau et cr\u00e9er des profils sur ses go\u00fbts, ses habitudes, ses choix, etc. Ces cookies peuvent \u00eatre envoy\u00e9s aux annonces de terminaux de l\u2019utilisateur en ligne avec les pr\u00e9f\u00e9rences d\u00e9j\u00e0 manifest\u00e9es par le m\u00eame utilisateur dans la navigation en ligne.<\/p>\n<p>&nbsp;<\/p>\n<ol start=\"6\">\n<li><strong> Avez-vous besoin du consentement de l\u2019utilisateur pour installer des cookies sur votre terminal?<\/strong><\/li>\n<\/ol>\n<p>Cela d\u00e9pend du but pour lequel les cookies sont utilis\u00e9s et, par cons\u00e9quent, s\u2019il s\u2019agit de cookies \u00abtechniques\u00bb ou \u00abprofilage\u00bb.<\/p>\n<p>Le consentement de l\u2019utilisateur n\u2019est pas n\u00e9cessaire pour l\u2019installation de cookies techniques, tandis que les informations doivent \u00eatre donn\u00e9es (article 13 du code de confidentialit\u00e9). Les cookies de profilage, d\u2019autre part, ne peuvent \u00eatre install\u00e9s sur le terminal de l\u2019utilisateur que s\u2019il a exprim\u00e9 son consentement apr\u00e8s avoir \u00e9t\u00e9 inform\u00e9 de mani\u00e8re simplifi\u00e9e.<\/p>\n<p>&nbsp;<\/p>\n<ol start=\"7\">\n<li><strong> Comment le propri\u00e9taire du site doit-il fournir les informations simplifi\u00e9es et demander le consentement \u00e0 l\u2019utilisation des cookies de profilage?<\/strong><\/li>\n<\/ol>\n<p>Tel que d\u00e9termin\u00e9 par le garant dans la mesure pr\u00e9cis\u00e9e dans la question n \u00b0 4, la divulgation doit \u00eatre fix\u00e9e \u00e0 deux niveaux.<\/p>\n<p>Lorsque l\u2019utilisateur acc\u00e8de \u00e0 un site Web (sur la page d\u2019accueil ou sur toute autre page), une banni\u00e8re contenant une premi\u00e8re information \u00ab\u00a0courte\u00a0\u00bb, la demande de consentement \u00e0 l\u2019utilisation de cookies et un lien pour acc\u00e9der \u00e0 un plus informatif \u00a0\u00bb Prolong\u00e9 \u00ab\u00a0. Sur cette page, l\u2019utilisateur peut trouver des informations de cookie de plus en plus d\u00e9taill\u00e9es pour choisir les cookies sp\u00e9cifiques \u00e0 autoriser.<\/p>\n<p>&nbsp;<\/p>\n<ol start=\"8\">\n<li><strong> Comment la banni\u00e8re doit-elle \u00eatre faite?<\/strong><\/li>\n<\/ol>\n<p>La banni\u00e8re doit avoir la taille pour couvrir en partie le contenu de la page Web que l\u2019utilisateur est en visite. Il ne doit pouvoir \u00eatre \u00e9limin\u00e9 que par une intervention active de l\u2019utilisateur, c\u2019est-\u00e0-dire par la s\u00e9lection d\u2019un \u00e9l\u00e9ment contenu dans la page ci-dessous.<\/p>\n<p>&nbsp;<\/p>\n<ol start=\"9\">\n<li><strong> Quelles indications la banni\u00e8re doit-elle contenir?<\/strong><\/li>\n<\/ol>\n<p>La banni\u00e8re doit sp\u00e9cifier que le site utilise des cookies de profilage, \u00e9ventuellement aussi des \u00abtiers\u00bb, qui vous permettent d\u2019envoyer des publicit\u00e9s en ligne avec les pr\u00e9f\u00e9rences de l\u2019utilisateur.<\/p>\n<p>Il doit contenir le lien vers les informations \u00e9tendues et l\u2019indication que, par ce lien, il est possible de refuser le consentement \u00e0 l\u2019installation d\u2019un cookie.<\/p>\n<p>Il doit sp\u00e9cifier que si l\u2019utilisateur choisit de continuer \u00e0 \u00ab\u00a0ignorer\u00a0\u00bb la banni\u00e8re, il accepte l\u2019utilisation de cookies.<\/p>\n<p>&nbsp;<\/p>\n<ol start=\"10\">\n<li><strong> Comment peut-on documenter l\u2019acquisition du consentement par l\u2019utilisation de la banni\u00e8re?<\/strong><\/li>\n<\/ol>\n<p>Afin de garder une trace du consensus acquis, le propri\u00e9taire du site peut utiliser un cookie technique sp\u00e9cial, un syst\u00e8me qui n\u2019est pas particuli\u00e8rement invasif et qui ne n\u00e9cessite pas de consentement suppl\u00e9mentaire.<\/p>\n<p>En pr\u00e9sence d\u2019une telle \u00ab\u00a0documentation\u00a0\u00bb, il n\u2019est pas n\u00e9cessaire que les br\u00e8ves informations soient repropos\u00e9es \u00e0 la deuxi\u00e8me visite de l\u2019utilisateur sur le site, nonobstant la possibilit\u00e9 pour ce dernier de refuser le consentement et\/ou de modifier, \u00e0 tout moment et de mani\u00e8re simple, son Options, par exemple par l\u2019acc\u00e8s \u00e0 l\u2019information \u00e9tendue, qui doit \u00eatre Linkable \u00e0 partir de chaque page du site.<\/p>\n<p>&nbsp;<\/p>\n<ol start=\"11\">\n<li><strong> Le consentement en ligne \u00e0 l\u2019utilisation des cookies peut-il \u00eatre demand\u00e9 uniquement par l\u2019utilisation de la banni\u00e8re?<\/strong><\/li>\n<\/ol>\n<p>non. Les propri\u00e9taires des sites ont toujours la possibilit\u00e9 d\u2019utiliser des modalit\u00e9s diff\u00e9rentes de celles identifi\u00e9es par le garant dans la mesure indiqu\u00e9e ci-dessus, \u00e0 condition que les modalit\u00e9s choisies aient toutes les exigences de validit\u00e9 du consentement exig\u00e9 par la Loi.<\/p>\n<p>&nbsp;<\/p>\n<ol start=\"12\">\n<li><strong> L\u2019obligation d\u2019utiliser la banni\u00e8re est-elle \u00e9galement sur les propri\u00e9taires de sites qui utilisent uniquement des cookies techniques?<\/strong><\/li>\n<\/ol>\n<p>non. Dans ce cas, le propri\u00e9taire du site peut donner les informations aux utilisateurs avec les modalit\u00e9s qu\u2019il estime les plus appropri\u00e9es, par exemple, par l\u2019insertion des indications pertinentes dans la politique de confidentialit\u00e9 indiqu\u00e9e sur le site.<\/p>\n<p>&nbsp;<\/p>\n<ol start=\"13\">\n<li><strong> Que devrait indiquer l\u2019information \u00abprolong\u00e9e\u00bb?<\/strong><\/li>\n<\/ol>\n<p>Il doit contenir tous les \u00e9l\u00e9ments requis par la Loi, d\u00e9crire analytiquement les caract\u00e9ristiques et le but des cookies install\u00e9s par le site et permettre \u00e0 l\u2019utilisateur de s\u00e9lectionner\/d\u00e9s\u00e9lectionner des cookies individuels.<\/p>\n<p>Il doit inclure le lien mis \u00e0 jour \u00e0 des informations de tiers et les formulaires de consentement avec lesquels le titulaire a sign\u00e9 des accords pour l\u2019installation de cookies via son site.<\/p>\n<p>Enfin, la capacit\u00e9 de l\u2019utilisateur \u00e0 exprimer ses options sur les cookies peut \u00e9galement \u00eatre invoqu\u00e9e via les param\u00e8tres du navigateur utilis\u00e9s.<\/p>\n<p>&nbsp;<\/p>\n<ol start=\"14\">\n<li><strong> Qui est tenu de fournir les informations et de demander le consentement pour l\u2019utilisation des cookies?<\/strong><\/li>\n<\/ol>\n<p>Le propri\u00e9taire du site Web qui installe les cookies de profilage.<\/p>\n<p>Pour les cookies tiers install\u00e9s sur le site, les obligations de divulgation et de consentement sont impos\u00e9es \u00e0 des tiers, mais le propri\u00e9taire du site, en tant qu\u2019interm\u00e9diaire technique entre ceux-ci et les utilisateurs, est tenu d\u2019inclure dans les informations \u00ab\u00e9tendues\u00bb les liens mis \u00e0 jour pour Les informations et les formulaires de consentement des tierces parties elles-m\u00eames.<\/p>\n<p>&nbsp;<\/p>\n<ol start=\"15\">\n<li><strong> L\u2019utilisation de cookies doit-elle \u00eatre notifi\u00e9e au garant?<\/strong><\/li>\n<\/ol>\n<p>Les cookies de profilage, qui persistent g\u00e9n\u00e9ralement au fil du temps, sont soumis \u00e0 l\u2019obligation de notification, tandis que les cookies qui ont des finalit\u00e9s diff\u00e9rentes et qui entrent dans la cat\u00e9gorie des cookies techniques ne doivent pas \u00eatre notifi\u00e9s au garant.<\/p>\n<p>&nbsp;<\/p>\n<ol start=\"16\">\n<li><strong> Quand les mesures prescrites par le garant entrent-elles en vigueur avec la mesure du 8 mai 2014?<\/strong><\/li>\n<\/ol>\n<p>Le garant a pr\u00e9vu une p\u00e9riode transitoire d\u2019un an \u00e0 compter de la publication de la mesure au Journal officiel afin de permettre aux parties int\u00e9ress\u00e9es de se mettre en place. Cette p\u00e9riode prendra fin le 2 juin 2015.<\/p>\n<p>&nbsp;<\/p>\n","protected":false},"excerpt":{"rendered":"<p>Informations et consentement pour l\u2019utilisation des cookies questions &nbsp; Que sont les cookies? Les cookies sont de petits fichiers texte que les sites visit\u00e9s par les utilisateurs envoient \u00e0 leurs terminaux, o\u00f9 ils sont stock\u00e9s pour \u00eatre retransmis aux m\u00eames  [&#8230;]<\/p>\n","protected":false},"author":1,"featured_media":0,"parent":0,"menu_order":0,"comment_status":"closed","ping_status":"closed","template":"","meta":{"iawp_total_views":0,"footnotes":""},"class_list":["post-4071","page","type-page","status-publish","hentry"],"yoast_head":"<!-- This site is optimized with the Yoast SEO plugin v27.3 - https:\/\/yoast.com\/product\/yoast-seo-wordpress\/ -->\n<title>Cookies-FAQ du garant de la vie priv\u00e9e de la R\u00e9publique italienne - Cascina36 B&amp;B<\/title>\n<meta name=\"robots\" content=\"index, follow, max-snippet:-1, max-image-preview:large, max-video-preview:-1\" \/>\n<link rel=\"canonical\" href=\"https:\/\/www.cascina36.com\/fr\/cookies-faq-du-garant-de-la-vie-privee-de-la-republique-italienne\/\" \/>\n<meta property=\"og:locale\" content=\"fr_FR\" \/>\n<meta property=\"og:type\" content=\"article\" \/>\n<meta property=\"og:title\" content=\"Cookies-FAQ du garant de la vie priv\u00e9e de la R\u00e9publique italienne - Cascina36 B&amp;B\" \/>\n<meta property=\"og:description\" content=\"Informations et consentement pour l\u2019utilisation des cookies questions &nbsp; Que sont les cookies? Les cookies sont de petits fichiers texte que les sites visit\u00e9s par les utilisateurs envoient \u00e0 leurs terminaux, o\u00f9 ils sont stock\u00e9s pour \u00eatre retransmis aux m\u00eames [...]\" \/>\n<meta property=\"og:url\" content=\"https:\/\/www.cascina36.com\/fr\/cookies-faq-du-garant-de-la-vie-privee-de-la-republique-italienne\/\" \/>\n<meta property=\"og:site_name\" content=\"Cascina36 B&amp;B\" \/>\n<meta property=\"article:modified_time\" content=\"2023-12-11T10:41:55+00:00\" \/>\n<meta name=\"twitter:card\" content=\"summary_large_image\" \/>\n<meta name=\"twitter:label1\" content=\"Dur\u00e9e de lecture estim\u00e9e\" \/>\n\t<meta name=\"twitter:data1\" content=\"7 minutes\" \/>\n<script type=\"application\/ld+json\" class=\"yoast-schema-graph\">{\"@context\":\"https:\\\/\\\/schema.org\",\"@graph\":[{\"@type\":\"WebPage\",\"@id\":\"https:\\\/\\\/www.cascina36.com\\\/fr\\\/cookies-faq-du-garant-de-la-vie-privee-de-la-republique-italienne\\\/\",\"url\":\"https:\\\/\\\/www.cascina36.com\\\/fr\\\/cookies-faq-du-garant-de-la-vie-privee-de-la-republique-italienne\\\/\",\"name\":\"Cookies-FAQ du garant de la vie priv\u00e9e de la R\u00e9publique italienne - Cascina36 B&amp;B\",\"isPartOf\":{\"@id\":\"https:\\\/\\\/www.cascina36.com\\\/fr\\\/#website\"},\"datePublished\":\"2019-05-31T11:44:04+00:00\",\"dateModified\":\"2023-12-11T10:41:55+00:00\",\"breadcrumb\":{\"@id\":\"https:\\\/\\\/www.cascina36.com\\\/fr\\\/cookies-faq-du-garant-de-la-vie-privee-de-la-republique-italienne\\\/#breadcrumb\"},\"inLanguage\":\"fr-FR\",\"potentialAction\":[{\"@type\":\"ReadAction\",\"target\":[\"https:\\\/\\\/www.cascina36.com\\\/fr\\\/cookies-faq-du-garant-de-la-vie-privee-de-la-republique-italienne\\\/\"]}]},{\"@type\":\"BreadcrumbList\",\"@id\":\"https:\\\/\\\/www.cascina36.com\\\/fr\\\/cookies-faq-du-garant-de-la-vie-privee-de-la-republique-italienne\\\/#breadcrumb\",\"itemListElement\":[{\"@type\":\"ListItem\",\"position\":1,\"name\":\"Home\",\"item\":\"https:\\\/\\\/www.cascina36.com\\\/fr\\\/accueil-cascina36-b-b-bienvenue\\\/\"},{\"@type\":\"ListItem\",\"position\":2,\"name\":\"Cookies-FAQ du garant de la vie priv\u00e9e de la R\u00e9publique italienne\"}]},{\"@type\":\"WebSite\",\"@id\":\"https:\\\/\\\/www.cascina36.com\\\/fr\\\/#website\",\"url\":\"https:\\\/\\\/www.cascina36.com\\\/fr\\\/\",\"name\":\"Cascina36 B&amp;B\",\"description\":\"B&amp;B, Bed and Breakfast, Pregnana Milanese, Milano, Italia, Fiera di Rho, Fiera Milano.\",\"publisher\":{\"@id\":\"https:\\\/\\\/www.cascina36.com\\\/fr\\\/#organization\"},\"potentialAction\":[{\"@type\":\"SearchAction\",\"target\":{\"@type\":\"EntryPoint\",\"urlTemplate\":\"https:\\\/\\\/www.cascina36.com\\\/fr\\\/?s={search_term_string}\"},\"query-input\":{\"@type\":\"PropertyValueSpecification\",\"valueRequired\":true,\"valueName\":\"search_term_string\"}}],\"inLanguage\":\"fr-FR\"},{\"@type\":\"Organization\",\"@id\":\"https:\\\/\\\/www.cascina36.com\\\/fr\\\/#organization\",\"name\":\"Cascina36 B&amp;B\",\"url\":\"https:\\\/\\\/www.cascina36.com\\\/fr\\\/\",\"logo\":{\"@type\":\"ImageObject\",\"inLanguage\":\"fr-FR\",\"@id\":\"https:\\\/\\\/www.cascina36.com\\\/fr\\\/#\\\/schema\\\/logo\\\/image\\\/\",\"url\":\"https:\\\/\\\/www.cascina36.com\\\/wp-content\\\/uploads\\\/2017\\\/04\\\/LogoCascina36-1.jpg\",\"contentUrl\":\"https:\\\/\\\/www.cascina36.com\\\/wp-content\\\/uploads\\\/2017\\\/04\\\/LogoCascina36-1.jpg\",\"width\":1038,\"height\":188,\"caption\":\"Cascina36 B&amp;B\"},\"image\":{\"@id\":\"https:\\\/\\\/www.cascina36.com\\\/fr\\\/#\\\/schema\\\/logo\\\/image\\\/\"}}]}<\/script>\n<!-- \/ Yoast SEO plugin. -->","yoast_head_json":{"title":"Cookies-FAQ du garant de la vie priv\u00e9e de la R\u00e9publique italienne - Cascina36 B&amp;B","robots":{"index":"index","follow":"follow","max-snippet":"max-snippet:-1","max-image-preview":"max-image-preview:large","max-video-preview":"max-video-preview:-1"},"canonical":"https:\/\/www.cascina36.com\/fr\/cookies-faq-du-garant-de-la-vie-privee-de-la-republique-italienne\/","og_locale":"fr_FR","og_type":"article","og_title":"Cookies-FAQ du garant de la vie priv\u00e9e de la R\u00e9publique italienne - Cascina36 B&amp;B","og_description":"Informations et consentement pour l\u2019utilisation des cookies questions &nbsp; Que sont les cookies? Les cookies sont de petits fichiers texte que les sites visit\u00e9s par les utilisateurs envoient \u00e0 leurs terminaux, o\u00f9 ils sont stock\u00e9s pour \u00eatre retransmis aux m\u00eames [...]","og_url":"https:\/\/www.cascina36.com\/fr\/cookies-faq-du-garant-de-la-vie-privee-de-la-republique-italienne\/","og_site_name":"Cascina36 B&amp;B","article_modified_time":"2023-12-11T10:41:55+00:00","twitter_card":"summary_large_image","twitter_misc":{"Dur\u00e9e de lecture estim\u00e9e":"7 minutes"},"schema":{"@context":"https:\/\/schema.org","@graph":[{"@type":"WebPage","@id":"https:\/\/www.cascina36.com\/fr\/cookies-faq-du-garant-de-la-vie-privee-de-la-republique-italienne\/","url":"https:\/\/www.cascina36.com\/fr\/cookies-faq-du-garant-de-la-vie-privee-de-la-republique-italienne\/","name":"Cookies-FAQ du garant de la vie priv\u00e9e de la R\u00e9publique italienne - Cascina36 B&amp;B","isPartOf":{"@id":"https:\/\/www.cascina36.com\/fr\/#website"},"datePublished":"2019-05-31T11:44:04+00:00","dateModified":"2023-12-11T10:41:55+00:00","breadcrumb":{"@id":"https:\/\/www.cascina36.com\/fr\/cookies-faq-du-garant-de-la-vie-privee-de-la-republique-italienne\/#breadcrumb"},"inLanguage":"fr-FR","potentialAction":[{"@type":"ReadAction","target":["https:\/\/www.cascina36.com\/fr\/cookies-faq-du-garant-de-la-vie-privee-de-la-republique-italienne\/"]}]},{"@type":"BreadcrumbList","@id":"https:\/\/www.cascina36.com\/fr\/cookies-faq-du-garant-de-la-vie-privee-de-la-republique-italienne\/#breadcrumb","itemListElement":[{"@type":"ListItem","position":1,"name":"Home","item":"https:\/\/www.cascina36.com\/fr\/accueil-cascina36-b-b-bienvenue\/"},{"@type":"ListItem","position":2,"name":"Cookies-FAQ du garant de la vie priv\u00e9e de la R\u00e9publique italienne"}]},{"@type":"WebSite","@id":"https:\/\/www.cascina36.com\/fr\/#website","url":"https:\/\/www.cascina36.com\/fr\/","name":"Cascina36 B&amp;B","description":"B&amp;B, Bed and Breakfast, Pregnana Milanese, Milano, Italia, Fiera di Rho, Fiera Milano.","publisher":{"@id":"https:\/\/www.cascina36.com\/fr\/#organization"},"potentialAction":[{"@type":"SearchAction","target":{"@type":"EntryPoint","urlTemplate":"https:\/\/www.cascina36.com\/fr\/?s={search_term_string}"},"query-input":{"@type":"PropertyValueSpecification","valueRequired":true,"valueName":"search_term_string"}}],"inLanguage":"fr-FR"},{"@type":"Organization","@id":"https:\/\/www.cascina36.com\/fr\/#organization","name":"Cascina36 B&amp;B","url":"https:\/\/www.cascina36.com\/fr\/","logo":{"@type":"ImageObject","inLanguage":"fr-FR","@id":"https:\/\/www.cascina36.com\/fr\/#\/schema\/logo\/image\/","url":"https:\/\/www.cascina36.com\/wp-content\/uploads\/2017\/04\/LogoCascina36-1.jpg","contentUrl":"https:\/\/www.cascina36.com\/wp-content\/uploads\/2017\/04\/LogoCascina36-1.jpg","width":1038,"height":188,"caption":"Cascina36 B&amp;B"},"image":{"@id":"https:\/\/www.cascina36.com\/fr\/#\/schema\/logo\/image\/"}}]}},"_links":{"self":[{"href":"https:\/\/www.cascina36.com\/fr\/wp-json\/wp\/v2\/pages\/4071","targetHints":{"allow":["GET"]}}],"collection":[{"href":"https:\/\/www.cascina36.com\/fr\/wp-json\/wp\/v2\/pages"}],"about":[{"href":"https:\/\/www.cascina36.com\/fr\/wp-json\/wp\/v2\/types\/page"}],"author":[{"embeddable":true,"href":"https:\/\/www.cascina36.com\/fr\/wp-json\/wp\/v2\/users\/1"}],"replies":[{"embeddable":true,"href":"https:\/\/www.cascina36.com\/fr\/wp-json\/wp\/v2\/comments?post=4071"}],"version-history":[{"count":0,"href":"https:\/\/www.cascina36.com\/fr\/wp-json\/wp\/v2\/pages\/4071\/revisions"}],"wp:attachment":[{"href":"https:\/\/www.cascina36.com\/fr\/wp-json\/wp\/v2\/media?parent=4071"}],"curies":[{"name":"wp","href":"https:\/\/api.w.org\/{rel}","templated":true}]}}