{"id":4084,"date":"2019-05-31T13:45:49","date_gmt":"2019-05-31T11:45:49","guid":{"rendered":"https:\/\/www.cascina36.com\/cookies-divulgation-prolongee\/"},"modified":"2023-12-11T11:47:56","modified_gmt":"2023-12-11T10:47:56","slug":"cookies-divulgation-prolongee","status":"publish","type":"page","link":"https:\/\/www.cascina36.com\/fr\/cookies-divulgation-prolongee\/","title":{"rendered":"Cookies: Divulgation prolong\u00e9e"},"content":{"rendered":"<div class=\"fusion-fullwidth fullwidth-box fusion-builder-row-1 nonhundred-percent-fullwidth non-hundred-percent-height-scrolling\" style=\"--awb-border-radius-top-left:0px;--awb-border-radius-top-right:0px;--awb-border-radius-bottom-right:0px;--awb-border-radius-bottom-left:0px;--awb-flex-wrap:wrap;\" ><div class=\"fusion-builder-row fusion-row\"><div class=\"fusion-layout-column fusion_builder_column fusion-builder-column-0 fusion_builder_column_1_1 1_1 fusion-one-full fusion-column-first fusion-column-last\" style=\"--awb-bg-size:cover;--awb-margin-bottom:0px;\"><div class=\"fusion-column-wrapper fusion-flex-column-wrapper-legacy\"><div class=\"fusion-text fusion-text-1\"><h1 style=\"text-align: center;\">Cookies: Divulgation prolong\u00e9e<\/h1>\n<h2><\/h2>\n<h2>pr\u00e9misse:<\/h2>\n<p>&nbsp;<\/p>\n<h3>Cette \u00ab\u00a0notice d&rsquo;information \u00e9tendue\u00a0\u00bb a \u00e9t\u00e9 r\u00e9dig\u00e9e et adapt\u00e9e sp\u00e9cifiquement pour ce site web <strong>www.cascina36.com<\/strong> conform\u00e9ment aux dispositions de l&rsquo;arr\u00eat\u00e9 du 8 mai 2014 de l&rsquo;Autorit\u00e9 de protection des donn\u00e9es personnelles.<\/h3>\n<p>&nbsp;<\/p>\n<p>Il int\u00e8gre et met \u00e0 jour d\u2019autres informations d\u00e9j\u00e0 pr\u00e9sentes sur le site et\/ou publi\u00e9es avant maintenant par la soci\u00e9t\u00e9,<\/p>\n<p>En combinaison avec laquelle il fournit tous les \u00e9l\u00e9ments requis par l\u2019art. 13 de D. Lgs. 196\/2003 et les dispositions ult\u00e9rieures de l\u2019autorit\u00e9 garantissant la protection des donn\u00e9es \u00e0 caract\u00e8re personnel.<\/p>\n<h2><\/h2>\n<p>&nbsp;<\/p>\n<h2>Avertissement important:<\/h2>\n<p>Les tierces parties sont inform\u00e9es que l\u2019utilisation de cette d\u00e9claration,<\/p>\n<p>Ou m\u00eame certaines parties de ceux-ci, sur d\u2019autres sites Web en r\u00e9f\u00e9rence auxquels il serait certainement sans pertinence et\/ou incorrect et\/ou incongrent,<\/p>\n<p>Peut entra\u00eener l\u2019imposition de lourdes peines par l\u2019autorit\u00e9 responsable de la protection des donn\u00e9es \u00e0 caract\u00e8re personnel.<\/p>\n<h3><\/h3>\n<p>&nbsp;<\/p>\n<h2>Objet de la divulgation:<\/h2>\n<p>Nos exploits d\u2019entreprise dans ces technologies de pages Web utilisant ce que l\u2019on appelle \u00ab\u00a0cookies\u00a0\u00bb et cette d\u00e9claration a pour but d\u2019illustrer \u00e0 l\u2019utilisateur de mani\u00e8re claire et pr\u00e9cise leur mode d\u2019utilisation.<\/p>\n<p>Ce document annule et remplace int\u00e9gralement toute information ant\u00e9rieure fournie par la soci\u00e9t\u00e9 au sujet des cookies,<\/p>\n<p>Qui doivent donc \u00eatre consid\u00e9r\u00e9s comme compl\u00e8tement obsol\u00e8tes.<\/p>\n<p>&nbsp;<\/p>\n<p>&nbsp;<\/p>\n<h2>Que sont les cookies:<\/h2>\n<p>THERE cookies sont des cha\u00eenes de texte (petits fichiers),<\/p>\n<p>Que les sites visit\u00e9s par un utilisateur envoient \u00e0 son terminal (PC, tablette, t\u00e9l\u00e9phone intelligent, etc.),<\/p>\n<p>O\u00f9 ils sont stock\u00e9s, puis retransmis aux m\u00eames sites qui les ont envoy\u00e9s,<\/p>\n<p>Lors de la prochaine visite du m\u00eame utilisateur.<\/p>\n<h3><\/h3>\n<p>&nbsp;<\/p>\n<h2>Types de cookies et leurs finalit\u00e9s:<\/h2>\n<p>Les cookies utilis\u00e9s sur ce site Web sont des types suivants:<\/p>\n<p>&nbsp;<\/p>\n<h3><strong>1. Cookies techniques: <\/strong><\/h3>\n<p>Permettez \u00e0 l\u2019utilisateur la navigation optimale et rapide \u00e0 travers le site Web et l\u2019utilisation efficace des services et\/ou les diff\u00e9rentes options qu\u2019il offre,<\/p>\n<p>Par exemple, vous permettant de faire un achat ou de vous authentifier pour acc\u00e9der aux zones r\u00e9serv\u00e9es.<\/p>\n<p>Ces cookies sont n\u00e9cessaires pour am\u00e9liorer la convivialit\u00e9 du site, mais ils peuvent toujours \u00eatre d\u00e9sactiv\u00e9s.<\/p>\n<p>&nbsp;<\/p>\n<h3>2. cookies tiers:<\/h3>\n<p>Les cookies sont install\u00e9s sur le terminal de l\u2019utilisateur par des gestionnaires de sites tiers via ce site Web.<\/p>\n<p>Cookies tiers,<\/p>\n<p>Principalement dans le but de l\u2019analyse,<\/p>\n<p>d\u00e9coulent principalement de la fonctionnalit\u00e9 d&rsquo;outils de statistiques analytiques tels que : <em><strong>Google Analytics<\/strong><\/em>.<\/p>\n<p>Vous pouvez obtenir plus d&rsquo;informations sur <em><br \/>\n  <strong>Google Analytics<\/strong><br \/>\n<\/em> en cliquant sur le lien suivant : <em><br \/>\n  <strong><br \/>\n    <a href=\"https:\/\/www.google.it\/intl\/it\/analytics.\">https:\/\/www.google.it\/intl\/it\/analytics.<\/a><br \/>\n  <\/strong><br \/>\n<\/em><\/p>\n<p>Pour d\u00e9sactiver les cookies et emp\u00eacher <em><strong>Google Analytics<\/strong><\/em> de collecter des donn\u00e9es de navigation,<\/p>\n<p>vous pouvez t\u00e9l\u00e9charger le module compl\u00e9mentaire de navigateur pour d\u00e9sactiver <em><strong>Google Analytics<\/strong><\/em> en cliquant sur le lien suivant : <em><strong>https:\/\/tools.google.com\/dlpage\/gaoptout<\/strong><\/em>.<\/p>\n<h3><\/h3>\n<p>&nbsp;<\/p>\n<h2>Param\u00e8tres de votre navigateur:<\/h2>\n<p>Nous vous informons \u00e9galement que l\u2019utilisateur peut configurer,<\/p>\n<p><em><strong> Librement et \u00e0 tout moment, <\/strong><\/em><\/p>\n<p>Ses param\u00e8tres de confidentialit\u00e9 relatifs \u00e0 l\u2019installation et \u00e0 l\u2019utilisation de cookies,<\/p>\n<p>directement via son programme de navigation (navigateur) selon ses instructions.<br \/>\nEn particulier, l&rsquo;utilisateur peut mettre en place ce que l&rsquo;on appelle la \u00a0\u00bb <strong>navigation priv\u00e9e\u00a0\u00bb<\/strong>,<\/p>\n<p>Gr\u00e2ce \u00e0 laquelle son programme de navigation interrompt la sauvegarde des sites historiques visit\u00e9s, tous les mots de passe entr\u00e9s, les cookies et autres informations sur les pages visit\u00e9es.<br \/>\nNous avertissons que, dans le cas o\u00f9 l\u2019utilisateur d\u00e9cide de d\u00e9sactiver tous les cookies (m\u00eame ceux de nature technique), la qualit\u00e9 et la rapidit\u00e9 des services offerts par ce site peuvent s\u2019aggraver radicalement et vous risquez de perdre l\u2019acc\u00e8s \u00e0 certaines sections de Site lui-m\u00eame.<\/p>\n<h3><\/h3>\n<p>&nbsp;<\/p>\n<h2>Instructions pratiques \u00e0 l\u2019utilisateur pour le r\u00e9glage correct du navigateur:<\/h2>\n<p>Pour bloquer ou restreindre l\u2019utilisation des cookies,<\/p>\n<p>Tant de la part de ce site Web et d\u2019autres sites Web,<\/p>\n<p>Directement via votre navigateur, vous pouvez suivre les instructions simples ci-dessous et r\u00e9f\u00e9rez-vous aux navigateurs de l\u2019utilisation la plus courante.<\/p>\n<p>&nbsp;<\/p>\n<h3>Google Chrome:<\/h3>\n<ul>\n<li>Cliquez sur l&rsquo;ic\u00f4ne<strong>\u00ab\u00a0Personnaliser et contr\u00f4ler Google Chrome<\/strong>\u00a0\u00bb dans le coin sup\u00e9rieur droit.<\/li>\n<li>S\u00e9lectionnez ensuite l&rsquo;\u00e9l\u00e9ment de menu<strong>\u00ab\u00a0Param\u00e8tres<\/strong>\u00ab\u00a0.<\/li>\n<li>Dans le masque qui s&rsquo;ouvre, s\u00e9lectionnez l&rsquo;\u00e9l\u00e9ment de menu intitul\u00e9<strong>\u00ab\u00a0Afficher les param\u00e8tres avanc\u00e9s<\/strong>\u00ab\u00a0.<\/li>\n<li>Passez ensuite \u00e0 l&rsquo;\u00e9l\u00e9ment de menu intitul\u00e9<strong>\u00ab\u00a0Vie priv\u00e9e<\/strong><\/li>\n<li>Cliquez sur le bouton<strong>\u00ab\u00a0Param\u00e8tres de contenu<\/strong>\u00ab\u00a0, qui vous permet de bloquer tout ou partie des cookies.<\/li>\n<\/ul>\n<h3><\/h3>\n<h3>Microsoft Internet Explorer:<\/h3>\n<ul>\n<li>Cliquez sur l&rsquo;ic\u00f4ne<strong>\u00ab\u00a0Outils<\/strong>\u00a0\u00bb dans le coin sup\u00e9rieur droit.<\/li>\n<li>S\u00e9lectionnez ensuite l&rsquo;\u00e9l\u00e9ment de menu intitul\u00e9<strong>\u00ab\u00a0Options Internet<\/strong>\u00ab\u00a0.<\/li>\n<li>Dans le masque qui s&rsquo;ouvre, s\u00e9lectionnez l&rsquo;option de menu<strong>\u00ab\u00a0Vie priv\u00e9e<\/strong>\u00ab\u00a0, qui vous permet de bloquer tout ou partie des cookies.<\/li>\n<\/ul>\n<p>&nbsp;<\/p>\n<h3><\/h3>\n<h3>Mozilla Firefox:<\/h3>\n<ul>\n<li>Dans le menu d\u00e9roulant situ\u00e9 en haut \u00e0 gauche ou \u00e0 partir de l\u2019ic\u00f4ne \u00e0 3 lignes situ\u00e9e sur le c\u00f4t\u00e9 droit de la barre d\u2019outils;<\/li>\n<li>S\u00e9lectionnez le point de menu<strong>\u00ab\u00a0Options<\/strong>\u00ab\u00a0.<\/li>\n<li>Dans le masque qui s&rsquo;ouvre, s\u00e9lectionnez l&rsquo;\u00e9l\u00e9ment de menu<strong>\u00ab\u00a0Vie priv\u00e9e<\/strong>\u00ab\u00a0,<\/li>\n<li>O\u00f9 vous pouvez d\u00e9finir le bloc de tout ou partie des cookies.<\/li>\n<\/ul>\n<p>&nbsp;<\/p>\n<p>&nbsp;<\/p>\n<p><em>Date de r\u00e9daction du pr\u00e9sent document: 10\/04\/2017<\/em><\/p>\n<\/div><div class=\"fusion-image-element fusion-image-align-center in-legacy-container\" style=\"text-align:center;--awb-caption-title-font-family:var(--h2_typography-font-family);--awb-caption-title-font-weight:var(--h2_typography-font-weight);--awb-caption-title-font-style:var(--h2_typography-font-style);--awb-caption-title-size:var(--h2_typography-font-size);--awb-caption-title-transform:var(--h2_typography-text-transform);--awb-caption-title-line-height:var(--h2_typography-line-height);--awb-caption-title-letter-spacing:var(--h2_typography-letter-spacing);\"><div class=\"imageframe-align-center\"><span class=\" fusion-imageframe imageframe-none imageframe-1 hover-type-none\"><img decoding=\"async\" width=\"1632\" height=\"918\" title=\"WP_20170420_005\" src=\"https:\/\/www.cascina36.com\/wp-content\/uploads\/2017\/04\/WP_20170420_005.jpg\" alt class=\"img-responsive wp-image-3678\" srcset=\"https:\/\/www.cascina36.com\/wp-content\/uploads\/2017\/04\/WP_20170420_005-200x113.jpg 200w, https:\/\/www.cascina36.com\/wp-content\/uploads\/2017\/04\/WP_20170420_005-400x225.jpg 400w, https:\/\/www.cascina36.com\/wp-content\/uploads\/2017\/04\/WP_20170420_005-600x338.jpg 600w, https:\/\/www.cascina36.com\/wp-content\/uploads\/2017\/04\/WP_20170420_005-800x450.jpg 800w, https:\/\/www.cascina36.com\/wp-content\/uploads\/2017\/04\/WP_20170420_005-1200x675.jpg 1200w, https:\/\/www.cascina36.com\/wp-content\/uploads\/2017\/04\/WP_20170420_005.jpg 1632w\" sizes=\"(max-width: 1105px) 100vw, 1200px\" \/><\/span><\/div><\/div><div class=\"fusion-clearfix\"><\/div><\/div><\/div><\/div><\/div>\n","protected":false},"excerpt":{"rendered":"","protected":false},"author":1,"featured_media":0,"parent":0,"menu_order":0,"comment_status":"closed","ping_status":"closed","template":"","meta":{"iawp_total_views":0,"footnotes":""},"class_list":["post-4084","page","type-page","status-publish","hentry"],"yoast_head":"<!-- This site is optimized with the Yoast SEO plugin v27.3 - https:\/\/yoast.com\/product\/yoast-seo-wordpress\/ -->\n<title>Cookies: Divulgation prolong\u00e9e - Cascina36 B&amp;B<\/title>\n<meta name=\"robots\" content=\"index, follow, max-snippet:-1, max-image-preview:large, max-video-preview:-1\" \/>\n<link rel=\"canonical\" href=\"https:\/\/www.cascina36.com\/fr\/cookies-divulgation-prolongee\/\" \/>\n<meta property=\"og:locale\" content=\"fr_FR\" \/>\n<meta property=\"og:type\" content=\"article\" \/>\n<meta property=\"og:title\" content=\"Cookies: Divulgation prolong\u00e9e - Cascina36 B&amp;B\" \/>\n<meta property=\"og:url\" content=\"https:\/\/www.cascina36.com\/fr\/cookies-divulgation-prolongee\/\" \/>\n<meta property=\"og:site_name\" content=\"Cascina36 B&amp;B\" \/>\n<meta property=\"article:modified_time\" content=\"2023-12-11T10:47:56+00:00\" \/>\n<meta name=\"twitter:card\" content=\"summary_large_image\" \/>\n<meta name=\"twitter:label1\" content=\"Dur\u00e9e de lecture estim\u00e9e\" \/>\n\t<meta name=\"twitter:data1\" content=\"5 minutes\" \/>\n<script type=\"application\/ld+json\" class=\"yoast-schema-graph\">{\"@context\":\"https:\\\/\\\/schema.org\",\"@graph\":[{\"@type\":\"WebPage\",\"@id\":\"https:\\\/\\\/www.cascina36.com\\\/fr\\\/cookies-divulgation-prolongee\\\/\",\"url\":\"https:\\\/\\\/www.cascina36.com\\\/fr\\\/cookies-divulgation-prolongee\\\/\",\"name\":\"Cookies: Divulgation prolong\u00e9e - Cascina36 B&amp;B\",\"isPartOf\":{\"@id\":\"https:\\\/\\\/www.cascina36.com\\\/fr\\\/#website\"},\"datePublished\":\"2019-05-31T11:45:49+00:00\",\"dateModified\":\"2023-12-11T10:47:56+00:00\",\"breadcrumb\":{\"@id\":\"https:\\\/\\\/www.cascina36.com\\\/fr\\\/cookies-divulgation-prolongee\\\/#breadcrumb\"},\"inLanguage\":\"fr-FR\",\"potentialAction\":[{\"@type\":\"ReadAction\",\"target\":[\"https:\\\/\\\/www.cascina36.com\\\/fr\\\/cookies-divulgation-prolongee\\\/\"]}]},{\"@type\":\"BreadcrumbList\",\"@id\":\"https:\\\/\\\/www.cascina36.com\\\/fr\\\/cookies-divulgation-prolongee\\\/#breadcrumb\",\"itemListElement\":[{\"@type\":\"ListItem\",\"position\":1,\"name\":\"Home\",\"item\":\"https:\\\/\\\/www.cascina36.com\\\/fr\\\/accueil-cascina36-b-b-bienvenue\\\/\"},{\"@type\":\"ListItem\",\"position\":2,\"name\":\"Cookies: Divulgation prolong\u00e9e\"}]},{\"@type\":\"WebSite\",\"@id\":\"https:\\\/\\\/www.cascina36.com\\\/fr\\\/#website\",\"url\":\"https:\\\/\\\/www.cascina36.com\\\/fr\\\/\",\"name\":\"Cascina36 B&amp;B\",\"description\":\"B&amp;B, Bed and Breakfast, Pregnana Milanese, Milano, Italia, Fiera di Rho, Fiera Milano.\",\"publisher\":{\"@id\":\"https:\\\/\\\/www.cascina36.com\\\/fr\\\/#organization\"},\"potentialAction\":[{\"@type\":\"SearchAction\",\"target\":{\"@type\":\"EntryPoint\",\"urlTemplate\":\"https:\\\/\\\/www.cascina36.com\\\/fr\\\/?s={search_term_string}\"},\"query-input\":{\"@type\":\"PropertyValueSpecification\",\"valueRequired\":true,\"valueName\":\"search_term_string\"}}],\"inLanguage\":\"fr-FR\"},{\"@type\":\"Organization\",\"@id\":\"https:\\\/\\\/www.cascina36.com\\\/fr\\\/#organization\",\"name\":\"Cascina36 B&amp;B\",\"url\":\"https:\\\/\\\/www.cascina36.com\\\/fr\\\/\",\"logo\":{\"@type\":\"ImageObject\",\"inLanguage\":\"fr-FR\",\"@id\":\"https:\\\/\\\/www.cascina36.com\\\/fr\\\/#\\\/schema\\\/logo\\\/image\\\/\",\"url\":\"https:\\\/\\\/www.cascina36.com\\\/wp-content\\\/uploads\\\/2017\\\/04\\\/LogoCascina36-1.jpg\",\"contentUrl\":\"https:\\\/\\\/www.cascina36.com\\\/wp-content\\\/uploads\\\/2017\\\/04\\\/LogoCascina36-1.jpg\",\"width\":1038,\"height\":188,\"caption\":\"Cascina36 B&amp;B\"},\"image\":{\"@id\":\"https:\\\/\\\/www.cascina36.com\\\/fr\\\/#\\\/schema\\\/logo\\\/image\\\/\"}}]}<\/script>\n<!-- \/ Yoast SEO plugin. -->","yoast_head_json":{"title":"Cookies: Divulgation prolong\u00e9e - Cascina36 B&amp;B","robots":{"index":"index","follow":"follow","max-snippet":"max-snippet:-1","max-image-preview":"max-image-preview:large","max-video-preview":"max-video-preview:-1"},"canonical":"https:\/\/www.cascina36.com\/fr\/cookies-divulgation-prolongee\/","og_locale":"fr_FR","og_type":"article","og_title":"Cookies: Divulgation prolong\u00e9e - Cascina36 B&amp;B","og_url":"https:\/\/www.cascina36.com\/fr\/cookies-divulgation-prolongee\/","og_site_name":"Cascina36 B&amp;B","article_modified_time":"2023-12-11T10:47:56+00:00","twitter_card":"summary_large_image","twitter_misc":{"Dur\u00e9e de lecture estim\u00e9e":"5 minutes"},"schema":{"@context":"https:\/\/schema.org","@graph":[{"@type":"WebPage","@id":"https:\/\/www.cascina36.com\/fr\/cookies-divulgation-prolongee\/","url":"https:\/\/www.cascina36.com\/fr\/cookies-divulgation-prolongee\/","name":"Cookies: Divulgation prolong\u00e9e - Cascina36 B&amp;B","isPartOf":{"@id":"https:\/\/www.cascina36.com\/fr\/#website"},"datePublished":"2019-05-31T11:45:49+00:00","dateModified":"2023-12-11T10:47:56+00:00","breadcrumb":{"@id":"https:\/\/www.cascina36.com\/fr\/cookies-divulgation-prolongee\/#breadcrumb"},"inLanguage":"fr-FR","potentialAction":[{"@type":"ReadAction","target":["https:\/\/www.cascina36.com\/fr\/cookies-divulgation-prolongee\/"]}]},{"@type":"BreadcrumbList","@id":"https:\/\/www.cascina36.com\/fr\/cookies-divulgation-prolongee\/#breadcrumb","itemListElement":[{"@type":"ListItem","position":1,"name":"Home","item":"https:\/\/www.cascina36.com\/fr\/accueil-cascina36-b-b-bienvenue\/"},{"@type":"ListItem","position":2,"name":"Cookies: Divulgation prolong\u00e9e"}]},{"@type":"WebSite","@id":"https:\/\/www.cascina36.com\/fr\/#website","url":"https:\/\/www.cascina36.com\/fr\/","name":"Cascina36 B&amp;B","description":"B&amp;B, Bed and Breakfast, Pregnana Milanese, Milano, Italia, Fiera di Rho, Fiera Milano.","publisher":{"@id":"https:\/\/www.cascina36.com\/fr\/#organization"},"potentialAction":[{"@type":"SearchAction","target":{"@type":"EntryPoint","urlTemplate":"https:\/\/www.cascina36.com\/fr\/?s={search_term_string}"},"query-input":{"@type":"PropertyValueSpecification","valueRequired":true,"valueName":"search_term_string"}}],"inLanguage":"fr-FR"},{"@type":"Organization","@id":"https:\/\/www.cascina36.com\/fr\/#organization","name":"Cascina36 B&amp;B","url":"https:\/\/www.cascina36.com\/fr\/","logo":{"@type":"ImageObject","inLanguage":"fr-FR","@id":"https:\/\/www.cascina36.com\/fr\/#\/schema\/logo\/image\/","url":"https:\/\/www.cascina36.com\/wp-content\/uploads\/2017\/04\/LogoCascina36-1.jpg","contentUrl":"https:\/\/www.cascina36.com\/wp-content\/uploads\/2017\/04\/LogoCascina36-1.jpg","width":1038,"height":188,"caption":"Cascina36 B&amp;B"},"image":{"@id":"https:\/\/www.cascina36.com\/fr\/#\/schema\/logo\/image\/"}}]}},"_links":{"self":[{"href":"https:\/\/www.cascina36.com\/fr\/wp-json\/wp\/v2\/pages\/4084","targetHints":{"allow":["GET"]}}],"collection":[{"href":"https:\/\/www.cascina36.com\/fr\/wp-json\/wp\/v2\/pages"}],"about":[{"href":"https:\/\/www.cascina36.com\/fr\/wp-json\/wp\/v2\/types\/page"}],"author":[{"embeddable":true,"href":"https:\/\/www.cascina36.com\/fr\/wp-json\/wp\/v2\/users\/1"}],"replies":[{"embeddable":true,"href":"https:\/\/www.cascina36.com\/fr\/wp-json\/wp\/v2\/comments?post=4084"}],"version-history":[{"count":0,"href":"https:\/\/www.cascina36.com\/fr\/wp-json\/wp\/v2\/pages\/4084\/revisions"}],"wp:attachment":[{"href":"https:\/\/www.cascina36.com\/fr\/wp-json\/wp\/v2\/media?parent=4084"}],"curies":[{"name":"wp","href":"https:\/\/api.w.org\/{rel}","templated":true}]}}