{"id":4096,"date":"2019-05-31T13:46:07","date_gmt":"2019-05-31T11:46:07","guid":{"rendered":"https:\/\/www.cascina36.com\/superficie-habitable\/"},"modified":"2023-12-11T11:42:29","modified_gmt":"2023-12-11T10:42:29","slug":"superficie-habitable","status":"publish","type":"page","link":"https:\/\/www.cascina36.com\/fr\/superficie-habitable\/","title":{"rendered":"Superficie habitable"},"content":{"rendered":"<p><div class=\"fusion-fullwidth fullwidth-box fusion-builder-row-1 nonhundred-percent-fullwidth non-hundred-percent-height-scrolling\" style=\"--awb-background-position:left top;--awb-border-radius-top-left:0px;--awb-border-radius-top-right:0px;--awb-border-radius-bottom-right:0px;--awb-border-radius-bottom-left:0px;--awb-padding-top:0px;--awb-padding-bottom:60px;--awb-border-sizes-top:0px;--awb-border-sizes-bottom:0px;--awb-flex-wrap:wrap;\" ><div class=\"fusion-builder-row fusion-row\"><div class=\"fusion-layout-column fusion_builder_column fusion-builder-column-0 fusion_builder_column_1_2 1_2 fusion-one-half fusion-column-first\" style=\"--awb-bg-size:cover;width:48%; margin-right: 4%;\"><div class=\"fusion-column-wrapper fusion-flex-column-wrapper-legacy\"><div class=\"fusion-text fusion-text-1\"><p style=\"letter-spacing: 4px; font-size: 13px; text-align: center; margin-bottom: 0px;\">ESPACE DE VIE POUR VOTRE TRAVAIL OU VOTRE RELAXATION<\/p>\n<h1 style=\"text-align: center;\">Superficie habitable<\/h1>\n<\/div><div class=\"fusion-sep-clear\"><\/div><div class=\"fusion-separator\" style=\"margin-left: auto;margin-right: auto;margin-top:0px;margin-bottom:20px;width:100%;max-width:50px;\"><div class=\"fusion-separator-border sep-single sep-solid\" style=\"--awb-height:20px;--awb-amount:20px;--awb-sep-color:#498ca3;border-color:#498ca3;border-top-width:1px;\"><\/div><\/div><div class=\"fusion-sep-clear\"><\/div><div class=\"fusion-text fusion-text-2\"><h4 style=\"text-align: center;\">Dans le salon, vous pouvez confortablement vous d\u00e9tendre dans le salon avec une boisson, un caf\u00e9 dans la zone de jour dans un environnement relaxant, \u00e9l\u00e9gant et r\u00e9serv\u00e9<\/h4>\n<\/div><div class=\"fusion-sep-clear\"><\/div><div class=\"fusion-separator fusion-full-width-sep\" style=\"margin-left: auto;margin-right: auto;margin-top:12px;width:100%;\"><\/div><div class=\"fusion-sep-clear\"><\/div><div class=\"fusion-text fusion-text-3\"><p>Le B &amp; B Cascina 36, se pr\u00eate \u00e0 tous les types de client\u00e8le, des affaires aux vacances.<\/p>\n<p>Vous pouvez vous retrouver au coeur de Milan en peu de temps, pratique pour ceux qui voyagent pour des raisons professionnelles et pour ceux qui visitent la ville pour ses sites d\u2019int\u00e9r\u00eat historique et culturel.<\/p>\n<p>Apr\u00e8s une journ\u00e9e de travail ou de marche, vous pouvez vous retrouver immerg\u00e9 dans un cadre calme, moderne et de bon go\u00fbt.<\/p>\n<p>Profitez, en automne et en hiver, d\u2019une atmosph\u00e8re chaleureuse et raffin\u00e9e o\u00f9 vous pourrez d\u00e9guster une boisson confortablement dans le fauteuil \u00e0 la chaleur du po\u00eale ou lire un bon livre.<\/p>\n<\/div><div class=\"fusion-aligncenter\"><a class=\"fusion-button button-flat button-large button-custom fusion-button-default button-1 fusion-button-default-span \" style=\"--button_accent_color:#ffffff;--button_accent_hover_color:#ffffff;--button_border_hover_color:var(--awb-color1);--button_border_width-top:0px;--button_border_width-right:0px;--button_border_width-bottom:0px;--button_border_width-left:0px;--button-border-radius-top-left:0px;--button-border-radius-top-right:0px;--button-border-radius-bottom-right:0px;--button-border-radius-bottom-left:0px;--button_gradient_top_color:#498ca3;--button_gradient_bottom_color:#498ca3;--button_gradient_top_color_hover:#498ca3;--button_gradient_bottom_color_hover:#498ca3;\" target=\"_self\" href=\"https:\/\/www.cascina36.com\/fr\/contacts\/\"><span class=\"fusion-button-text awb-button__text awb-button__text--default fusion-button-text-right\">RESERVEZ MAINTENANT!<\/span><span class=\"fusion-button-icon-divider button-icon-divider-right\"><i class=\" fa fa-angle-right awb-button__icon awb-button__icon--default\" aria-hidden=\"true\"><\/i><\/span><\/a><\/div><div class=\"fusion-sep-clear\"><\/div><div class=\"fusion-separator fusion-full-width-sep\" style=\"margin-left: auto;margin-right: auto;margin-top:12px;width:100%;\"><\/div><div class=\"fusion-sep-clear\"><\/div><div class=\"fusion-clearfix\"><\/div><\/div><\/div><div class=\"fusion-layout-column fusion_builder_column fusion-builder-column-1 fusion_builder_column_1_2 1_2 fusion-one-half fusion-column-last\" style=\"--awb-padding-top:40px;--awb-padding-right:40px;--awb-padding-bottom:40px;--awb-padding-left:40px;--awb-bg-color:#ffffff;--awb-bg-color-hover:#ffffff;--awb-bg-size:cover;--awb-border-color:#ebeef1;--awb-border-top:1px;--awb-border-right:1px;--awb-border-bottom:1px;--awb-border-left:1px;--awb-border-style:solid;width:48%;\"><div class=\"fusion-column-wrapper fusion-flex-column-wrapper-legacy\"><div class=\"fusion-image-element fusion-image-align-center in-legacy-container\" style=\"text-align:center;--awb-liftup-border-radius:0px;--awb-caption-title-font-family:var(--h2_typography-font-family);--awb-caption-title-font-weight:var(--h2_typography-font-weight);--awb-caption-title-font-style:var(--h2_typography-font-style);--awb-caption-title-size:var(--h2_typography-font-size);--awb-caption-title-transform:var(--h2_typography-text-transform);--awb-caption-title-line-height:var(--h2_typography-line-height);--awb-caption-title-letter-spacing:var(--h2_typography-letter-spacing);\"><div class=\"imageframe-align-center\"><div class=\"awb-image-frame awb-image-frame-1 imageframe-liftup\"><span class=\" fusion-imageframe imageframe-dropshadow imageframe-1\" style=\"border:13px solid #ffffff;-webkit-box-shadow: 3px 3px 7px rgba(0,0,0,0.3);box-shadow: 3px 3px 7px rgba(0,0,0,0.3);\"><a href=\"https:\/\/www.cascina36.com\/wp-content\/uploads\/2017\/04\/DSC_8857.jpg\" class=\"fusion-lightbox\" data-rel=\"iLightbox[vie]\" data-title=\"DSC_8857\" title=\"DSC_8857\"><img decoding=\"async\" width=\"842\" height=\"567\" src=\"https:\/\/www.cascina36.com\/wp-content\/uploads\/2017\/04\/DSC_8857.jpg\" alt class=\"img-responsive wp-image-3510\" srcset=\"https:\/\/www.cascina36.com\/wp-content\/uploads\/2017\/04\/DSC_8857-200x135.jpg 200w, https:\/\/www.cascina36.com\/wp-content\/uploads\/2017\/04\/DSC_8857-400x269.jpg 400w, https:\/\/www.cascina36.com\/wp-content\/uploads\/2017\/04\/DSC_8857-600x404.jpg 600w, https:\/\/www.cascina36.com\/wp-content\/uploads\/2017\/04\/DSC_8857-800x539.jpg 800w, https:\/\/www.cascina36.com\/wp-content\/uploads\/2017\/04\/DSC_8857.jpg 842w\" sizes=\"(max-width: 1105px) 100vw, 600px\" \/><\/a><\/span><\/div><\/div><\/div><div class=\"fusion-image-element fusion-image-align-center in-legacy-container\" style=\"text-align:center;--awb-liftup-border-radius:0px;--awb-caption-title-font-family:var(--h2_typography-font-family);--awb-caption-title-font-weight:var(--h2_typography-font-weight);--awb-caption-title-font-style:var(--h2_typography-font-style);--awb-caption-title-size:var(--h2_typography-font-size);--awb-caption-title-transform:var(--h2_typography-text-transform);--awb-caption-title-line-height:var(--h2_typography-line-height);--awb-caption-title-letter-spacing:var(--h2_typography-letter-spacing);\"><div class=\"imageframe-align-center\"><div class=\"awb-image-frame awb-image-frame-2 imageframe-liftup\"><span class=\" fusion-imageframe imageframe-dropshadow imageframe-2\" style=\"border:13px solid #ffffff;-webkit-box-shadow: 3px 3px 7px rgba(0,0,0,0.3);box-shadow: 3px 3px 7px rgba(0,0,0,0.3);\"><a href=\"https:\/\/www.cascina36.com\/wp-content\/uploads\/2017\/04\/DSC_8831.jpg\" class=\"fusion-lightbox\" data-rel=\"iLightbox[vie]\" data-title=\"DSC_8831\" title=\"DSC_8831\"><img decoding=\"async\" width=\"850\" height=\"568\" src=\"https:\/\/www.cascina36.com\/wp-content\/uploads\/2017\/04\/DSC_8831.jpg\" alt class=\"img-responsive wp-image-3486\" srcset=\"https:\/\/www.cascina36.com\/wp-content\/uploads\/2017\/04\/DSC_8831-200x134.jpg 200w, https:\/\/www.cascina36.com\/wp-content\/uploads\/2017\/04\/DSC_8831-400x267.jpg 400w, https:\/\/www.cascina36.com\/wp-content\/uploads\/2017\/04\/DSC_8831-600x401.jpg 600w, https:\/\/www.cascina36.com\/wp-content\/uploads\/2017\/04\/DSC_8831-800x535.jpg 800w, https:\/\/www.cascina36.com\/wp-content\/uploads\/2017\/04\/DSC_8831.jpg 850w\" sizes=\"(max-width: 1105px) 100vw, 600px\" \/><\/a><\/span><\/div><\/div><\/div><div class=\"fusion-image-element fusion-image-align-center in-legacy-container\" style=\"text-align:center;--awb-liftup-border-radius:0px;--awb-caption-title-font-family:var(--h2_typography-font-family);--awb-caption-title-font-weight:var(--h2_typography-font-weight);--awb-caption-title-font-style:var(--h2_typography-font-style);--awb-caption-title-size:var(--h2_typography-font-size);--awb-caption-title-transform:var(--h2_typography-text-transform);--awb-caption-title-line-height:var(--h2_typography-line-height);--awb-caption-title-letter-spacing:var(--h2_typography-letter-spacing);\"><div class=\"imageframe-align-center\"><div class=\"awb-image-frame awb-image-frame-3 imageframe-liftup\"><span class=\" fusion-imageframe imageframe-dropshadow imageframe-3\" style=\"border:13px solid #ffffff;-webkit-box-shadow: 3px 3px 7px rgba(0,0,0,0.3);box-shadow: 3px 3px 7px rgba(0,0,0,0.3);\"><a href=\"https:\/\/www.cascina36.com\/wp-content\/uploads\/2017\/04\/DSC_8815.jpg\" class=\"fusion-lightbox\" data-rel=\"iLightbox[vie]\" data-title=\"DSC_8815\" title=\"DSC_8815\"><img decoding=\"async\" width=\"717\" height=\"567\" src=\"https:\/\/www.cascina36.com\/wp-content\/uploads\/2017\/04\/DSC_8815.jpg\" alt class=\"img-responsive wp-image-3478\" srcset=\"https:\/\/www.cascina36.com\/wp-content\/uploads\/2017\/04\/DSC_8815-200x158.jpg 200w, https:\/\/www.cascina36.com\/wp-content\/uploads\/2017\/04\/DSC_8815-400x316.jpg 400w, https:\/\/www.cascina36.com\/wp-content\/uploads\/2017\/04\/DSC_8815-600x474.jpg 600w, https:\/\/www.cascina36.com\/wp-content\/uploads\/2017\/04\/DSC_8815.jpg 717w\" sizes=\"(max-width: 1105px) 100vw, 600px\" \/><\/a><\/span><\/div><\/div><\/div><div class=\"fusion-image-element fusion-image-align-center in-legacy-container\" style=\"text-align:center;--awb-liftup-border-radius:0px;--awb-caption-title-font-family:var(--h2_typography-font-family);--awb-caption-title-font-weight:var(--h2_typography-font-weight);--awb-caption-title-font-style:var(--h2_typography-font-style);--awb-caption-title-size:var(--h2_typography-font-size);--awb-caption-title-transform:var(--h2_typography-text-transform);--awb-caption-title-line-height:var(--h2_typography-line-height);--awb-caption-title-letter-spacing:var(--h2_typography-letter-spacing);\"><div class=\"imageframe-align-center\"><div class=\"awb-image-frame awb-image-frame-4 imageframe-liftup\"><span class=\" fusion-imageframe imageframe-dropshadow imageframe-4\" style=\"border:13px solid #ffffff;-webkit-box-shadow: 3px 3px 7px rgba(0,0,0,0.3);box-shadow: 3px 3px 7px rgba(0,0,0,0.3);\"><a href=\"https:\/\/www.cascina36.com\/wp-content\/uploads\/2017\/04\/DSC_8852.jpg\" class=\"fusion-lightbox\" data-rel=\"iLightbox[vie]\" data-title=\"DSC_8852\" title=\"DSC_8852\"><img decoding=\"async\" width=\"717\" height=\"567\" src=\"https:\/\/www.cascina36.com\/wp-content\/uploads\/2017\/04\/DSC_8852.jpg\" alt class=\"img-responsive wp-image-3502\" srcset=\"https:\/\/www.cascina36.com\/wp-content\/uploads\/2017\/04\/DSC_8852-200x158.jpg 200w, https:\/\/www.cascina36.com\/wp-content\/uploads\/2017\/04\/DSC_8852-400x316.jpg 400w, https:\/\/www.cascina36.com\/wp-content\/uploads\/2017\/04\/DSC_8852-600x474.jpg 600w, https:\/\/www.cascina36.com\/wp-content\/uploads\/2017\/04\/DSC_8852.jpg 717w\" sizes=\"(max-width: 1105px) 100vw, 600px\" \/><\/a><\/span><\/div><\/div><\/div><div class=\"fusion-clearfix\"><\/div><\/div><\/div><\/div><\/div><div class=\"fusion-fullwidth fullwidth-box fusion-builder-row-2 nonhundred-percent-fullwidth non-hundred-percent-height-scrolling\" style=\"--awb-background-position:center top;--awb-border-radius-top-left:0px;--awb-border-radius-top-right:0px;--awb-border-radius-bottom-right:0px;--awb-border-radius-bottom-left:0px;--awb-padding-top:75px;--awb-padding-bottom:850px;--awb-border-sizes-top:0px;--awb-border-sizes-bottom:0px;--awb-flex-wrap:wrap;\" ><div class=\"fusion-builder-row fusion-row\"><div class=\"fusion-layout-column fusion_builder_column fusion-builder-column-2 fusion_builder_column_1_1 1_1 fusion-one-full fusion-column-first fusion-column-last fusion-column-no-min-height\" style=\"--awb-bg-size:cover;--awb-margin-bottom:0px;\"><div class=\"fusion-column-wrapper fusion-flex-column-wrapper-legacy\"><div class=\"fusion-text fusion-text-4\"><p style=\"letter-spacing: 4px; font-size: 13px; text-align: center; margin-bottom: 0px;\"> RELAXATION DE QUALIT\u00c9<\/p>\n<h1 style=\"text-align: center;\">En vacances ou pour le travail<\/h1>\n<\/div><div class=\"fusion-sep-clear\"><\/div><div class=\"fusion-separator\" style=\"margin-left: auto;margin-right: auto;margin-top:0px;margin-bottom:20px;width:100%;max-width:50px;\"><div class=\"fusion-separator-border sep-single sep-solid\" style=\"--awb-height:20px;--awb-amount:20px;--awb-sep-color:#498ca3;border-color:#498ca3;border-top-width:1px;\"><\/div><\/div><div class=\"fusion-sep-clear\"><\/div><div class=\"fusion-image-element fusion-image-align-center in-legacy-container\" style=\"text-align:center;--awb-caption-title-font-family:var(--h2_typography-font-family);--awb-caption-title-font-weight:var(--h2_typography-font-weight);--awb-caption-title-font-style:var(--h2_typography-font-style);--awb-caption-title-size:var(--h2_typography-font-size);--awb-caption-title-transform:var(--h2_typography-text-transform);--awb-caption-title-line-height:var(--h2_typography-line-height);--awb-caption-title-letter-spacing:var(--h2_typography-letter-spacing);\"><div class=\"imageframe-align-center\"><span class=\" fusion-imageframe imageframe-none imageframe-5 hover-type-none\" style=\"border:13px solid #ffffff;\"><a href=\"https:\/\/www.cascina36.com\/wp-content\/uploads\/2017\/04\/DSC_8831.jpg\" class=\"fusion-lightbox\" data-rel=\"iLightbox[vie]\" data-title=\"DSC_8831\" title=\"DSC_8831\"><img decoding=\"async\" width=\"850\" height=\"568\" src=\"https:\/\/www.cascina36.com\/wp-content\/uploads\/2017\/04\/DSC_8831.jpg\" alt class=\"img-responsive wp-image-3486\" srcset=\"https:\/\/www.cascina36.com\/wp-content\/uploads\/2017\/04\/DSC_8831-200x134.jpg 200w, https:\/\/www.cascina36.com\/wp-content\/uploads\/2017\/04\/DSC_8831-400x267.jpg 400w, https:\/\/www.cascina36.com\/wp-content\/uploads\/2017\/04\/DSC_8831-600x401.jpg 600w, https:\/\/www.cascina36.com\/wp-content\/uploads\/2017\/04\/DSC_8831-800x535.jpg 800w, https:\/\/www.cascina36.com\/wp-content\/uploads\/2017\/04\/DSC_8831.jpg 850w\" sizes=\"(max-width: 1105px) 100vw, 850px\" \/><\/a><\/span><\/div><\/div><div class=\"fusion-clearfix\"><\/div><\/div><\/div><\/div><\/div><\/p>\n","protected":false},"excerpt":{"rendered":"","protected":false},"author":1,"featured_media":0,"parent":0,"menu_order":0,"comment_status":"closed","ping_status":"closed","template":"","meta":{"iawp_total_views":0,"footnotes":""},"class_list":["post-4096","page","type-page","status-publish","hentry"],"yoast_head":"<!-- This site is optimized with the Yoast SEO plugin v27.3 - https:\/\/yoast.com\/product\/yoast-seo-wordpress\/ -->\n<title>Superficie habitable - Cascina36 B&amp;B<\/title>\n<meta name=\"robots\" content=\"index, follow, max-snippet:-1, max-image-preview:large, max-video-preview:-1\" \/>\n<link rel=\"canonical\" href=\"https:\/\/www.cascina36.com\/fr\/superficie-habitable\/\" \/>\n<meta property=\"og:locale\" content=\"fr_FR\" \/>\n<meta property=\"og:type\" content=\"article\" \/>\n<meta property=\"og:title\" content=\"Superficie habitable - Cascina36 B&amp;B\" \/>\n<meta property=\"og:url\" content=\"https:\/\/www.cascina36.com\/fr\/superficie-habitable\/\" \/>\n<meta property=\"og:site_name\" content=\"Cascina36 B&amp;B\" \/>\n<meta property=\"article:modified_time\" content=\"2023-12-11T10:42:29+00:00\" \/>\n<meta name=\"twitter:card\" content=\"summary_large_image\" \/>\n<meta name=\"twitter:label1\" content=\"Dur\u00e9e de lecture estim\u00e9e\" \/>\n\t<meta name=\"twitter:data1\" content=\"4 minutes\" \/>\n<script type=\"application\/ld+json\" class=\"yoast-schema-graph\">{\"@context\":\"https:\\\/\\\/schema.org\",\"@graph\":[{\"@type\":\"WebPage\",\"@id\":\"https:\\\/\\\/www.cascina36.com\\\/fr\\\/superficie-habitable\\\/\",\"url\":\"https:\\\/\\\/www.cascina36.com\\\/fr\\\/superficie-habitable\\\/\",\"name\":\"Superficie habitable - Cascina36 B&amp;B\",\"isPartOf\":{\"@id\":\"https:\\\/\\\/www.cascina36.com\\\/fr\\\/#website\"},\"datePublished\":\"2019-05-31T11:46:07+00:00\",\"dateModified\":\"2023-12-11T10:42:29+00:00\",\"breadcrumb\":{\"@id\":\"https:\\\/\\\/www.cascina36.com\\\/fr\\\/superficie-habitable\\\/#breadcrumb\"},\"inLanguage\":\"fr-FR\",\"potentialAction\":[{\"@type\":\"ReadAction\",\"target\":[\"https:\\\/\\\/www.cascina36.com\\\/fr\\\/superficie-habitable\\\/\"]}]},{\"@type\":\"BreadcrumbList\",\"@id\":\"https:\\\/\\\/www.cascina36.com\\\/fr\\\/superficie-habitable\\\/#breadcrumb\",\"itemListElement\":[{\"@type\":\"ListItem\",\"position\":1,\"name\":\"Home\",\"item\":\"https:\\\/\\\/www.cascina36.com\\\/fr\\\/accueil-cascina36-b-b-bienvenue\\\/\"},{\"@type\":\"ListItem\",\"position\":2,\"name\":\"Superficie habitable\"}]},{\"@type\":\"WebSite\",\"@id\":\"https:\\\/\\\/www.cascina36.com\\\/fr\\\/#website\",\"url\":\"https:\\\/\\\/www.cascina36.com\\\/fr\\\/\",\"name\":\"Cascina36 B&amp;B\",\"description\":\"B&amp;B, Bed and Breakfast, Pregnana Milanese, Milano, Italia, Fiera di Rho, Fiera Milano.\",\"publisher\":{\"@id\":\"https:\\\/\\\/www.cascina36.com\\\/fr\\\/#organization\"},\"potentialAction\":[{\"@type\":\"SearchAction\",\"target\":{\"@type\":\"EntryPoint\",\"urlTemplate\":\"https:\\\/\\\/www.cascina36.com\\\/fr\\\/?s={search_term_string}\"},\"query-input\":{\"@type\":\"PropertyValueSpecification\",\"valueRequired\":true,\"valueName\":\"search_term_string\"}}],\"inLanguage\":\"fr-FR\"},{\"@type\":\"Organization\",\"@id\":\"https:\\\/\\\/www.cascina36.com\\\/fr\\\/#organization\",\"name\":\"Cascina36 B&amp;B\",\"url\":\"https:\\\/\\\/www.cascina36.com\\\/fr\\\/\",\"logo\":{\"@type\":\"ImageObject\",\"inLanguage\":\"fr-FR\",\"@id\":\"https:\\\/\\\/www.cascina36.com\\\/fr\\\/#\\\/schema\\\/logo\\\/image\\\/\",\"url\":\"https:\\\/\\\/www.cascina36.com\\\/wp-content\\\/uploads\\\/2017\\\/04\\\/LogoCascina36-1.jpg\",\"contentUrl\":\"https:\\\/\\\/www.cascina36.com\\\/wp-content\\\/uploads\\\/2017\\\/04\\\/LogoCascina36-1.jpg\",\"width\":1038,\"height\":188,\"caption\":\"Cascina36 B&amp;B\"},\"image\":{\"@id\":\"https:\\\/\\\/www.cascina36.com\\\/fr\\\/#\\\/schema\\\/logo\\\/image\\\/\"}}]}<\/script>\n<!-- \/ Yoast SEO plugin. -->","yoast_head_json":{"title":"Superficie habitable - Cascina36 B&amp;B","robots":{"index":"index","follow":"follow","max-snippet":"max-snippet:-1","max-image-preview":"max-image-preview:large","max-video-preview":"max-video-preview:-1"},"canonical":"https:\/\/www.cascina36.com\/fr\/superficie-habitable\/","og_locale":"fr_FR","og_type":"article","og_title":"Superficie habitable - Cascina36 B&amp;B","og_url":"https:\/\/www.cascina36.com\/fr\/superficie-habitable\/","og_site_name":"Cascina36 B&amp;B","article_modified_time":"2023-12-11T10:42:29+00:00","twitter_card":"summary_large_image","twitter_misc":{"Dur\u00e9e de lecture estim\u00e9e":"4 minutes"},"schema":{"@context":"https:\/\/schema.org","@graph":[{"@type":"WebPage","@id":"https:\/\/www.cascina36.com\/fr\/superficie-habitable\/","url":"https:\/\/www.cascina36.com\/fr\/superficie-habitable\/","name":"Superficie habitable - Cascina36 B&amp;B","isPartOf":{"@id":"https:\/\/www.cascina36.com\/fr\/#website"},"datePublished":"2019-05-31T11:46:07+00:00","dateModified":"2023-12-11T10:42:29+00:00","breadcrumb":{"@id":"https:\/\/www.cascina36.com\/fr\/superficie-habitable\/#breadcrumb"},"inLanguage":"fr-FR","potentialAction":[{"@type":"ReadAction","target":["https:\/\/www.cascina36.com\/fr\/superficie-habitable\/"]}]},{"@type":"BreadcrumbList","@id":"https:\/\/www.cascina36.com\/fr\/superficie-habitable\/#breadcrumb","itemListElement":[{"@type":"ListItem","position":1,"name":"Home","item":"https:\/\/www.cascina36.com\/fr\/accueil-cascina36-b-b-bienvenue\/"},{"@type":"ListItem","position":2,"name":"Superficie habitable"}]},{"@type":"WebSite","@id":"https:\/\/www.cascina36.com\/fr\/#website","url":"https:\/\/www.cascina36.com\/fr\/","name":"Cascina36 B&amp;B","description":"B&amp;B, Bed and Breakfast, Pregnana Milanese, Milano, Italia, Fiera di Rho, Fiera Milano.","publisher":{"@id":"https:\/\/www.cascina36.com\/fr\/#organization"},"potentialAction":[{"@type":"SearchAction","target":{"@type":"EntryPoint","urlTemplate":"https:\/\/www.cascina36.com\/fr\/?s={search_term_string}"},"query-input":{"@type":"PropertyValueSpecification","valueRequired":true,"valueName":"search_term_string"}}],"inLanguage":"fr-FR"},{"@type":"Organization","@id":"https:\/\/www.cascina36.com\/fr\/#organization","name":"Cascina36 B&amp;B","url":"https:\/\/www.cascina36.com\/fr\/","logo":{"@type":"ImageObject","inLanguage":"fr-FR","@id":"https:\/\/www.cascina36.com\/fr\/#\/schema\/logo\/image\/","url":"https:\/\/www.cascina36.com\/wp-content\/uploads\/2017\/04\/LogoCascina36-1.jpg","contentUrl":"https:\/\/www.cascina36.com\/wp-content\/uploads\/2017\/04\/LogoCascina36-1.jpg","width":1038,"height":188,"caption":"Cascina36 B&amp;B"},"image":{"@id":"https:\/\/www.cascina36.com\/fr\/#\/schema\/logo\/image\/"}}]}},"_links":{"self":[{"href":"https:\/\/www.cascina36.com\/fr\/wp-json\/wp\/v2\/pages\/4096","targetHints":{"allow":["GET"]}}],"collection":[{"href":"https:\/\/www.cascina36.com\/fr\/wp-json\/wp\/v2\/pages"}],"about":[{"href":"https:\/\/www.cascina36.com\/fr\/wp-json\/wp\/v2\/types\/page"}],"author":[{"embeddable":true,"href":"https:\/\/www.cascina36.com\/fr\/wp-json\/wp\/v2\/users\/1"}],"replies":[{"embeddable":true,"href":"https:\/\/www.cascina36.com\/fr\/wp-json\/wp\/v2\/comments?post=4096"}],"version-history":[{"count":0,"href":"https:\/\/www.cascina36.com\/fr\/wp-json\/wp\/v2\/pages\/4096\/revisions"}],"wp:attachment":[{"href":"https:\/\/www.cascina36.com\/fr\/wp-json\/wp\/v2\/media?parent=4096"}],"curies":[{"name":"wp","href":"https:\/\/api.w.org\/{rel}","templated":true}]}}