{"id":4102,"date":"2019-05-31T13:46:20","date_gmt":"2019-05-31T11:46:20","guid":{"rendered":"https:\/\/www.cascina36.com\/regles-dutilisation-de-la-zone-relax\/"},"modified":"2019-05-31T13:46:30","modified_gmt":"2019-05-31T11:46:30","slug":"regles-dutilisation-de-la-zone-relax","status":"publish","type":"page","link":"https:\/\/www.cascina36.com\/fr\/regles-dutilisation-de-la-zone-relax\/","title":{"rendered":"R\u00e8gles d\u2019utilisation de la zone relax"},"content":{"rendered":"<div class=\"fusion-fullwidth fullwidth-box fusion-builder-row-1 nonhundred-percent-fullwidth non-hundred-percent-height-scrolling\" style=\"--awb-border-radius-top-left:0px;--awb-border-radius-top-right:0px;--awb-border-radius-bottom-right:0px;--awb-border-radius-bottom-left:0px;--awb-flex-wrap:wrap;\" ><div class=\"fusion-builder-row fusion-row\"><div class=\"fusion-layout-column fusion_builder_column fusion-builder-column-0 fusion_builder_column_1_1 1_1 fusion-one-full fusion-column-first fusion-column-last\" style=\"--awb-bg-size:cover;--awb-margin-bottom:0px;\"><div class=\"fusion-column-wrapper fusion-flex-column-wrapper-legacy\"><div class=\"fusion-text fusion-text-1\"><h1 style=\"text-align: center;\">R\u00e8gles d\u2019utilisation de la zone relax<\/h1>\n<h2 style=\"text-align: center;\">Les clients sont tenus de respecter les r\u00e8gles suivantes:<\/h2>\n<p>&nbsp;<\/p>\n<p>1. l\u2019acc\u00e8s est autoris\u00e9 uniquement aux clients de \u00ab\u00a0Cascina 36 B &amp; B\u00a0\u00bb, les visiteurs ext\u00e9rieurs ne peuvent pas \u00eatre plus de deux personnes, doivent se conformer \u00e0 ce r\u00e8glement et pr\u00e9senter une pi\u00e8ce d\u2019identit\u00e9 valide.<\/p>\n<p>&nbsp;<\/p>\n<p>2. vous pouvez acc\u00e9der \u00e0 la piscine de 10,00 heures \u00e0 21,00.<\/p>\n<p>&nbsp;<\/p>\n<p>3. l\u2019acc\u00e8s aux mineurs de 12 ans et aux personnes handicap\u00e9es non accompagn\u00e9es est interdit, compte tenu de l\u2019absence du pr\u00e9pos\u00e9 \u00e0 la baignade.<\/p>\n<p>&nbsp;<\/p>\n<p>4. la profondeur de la piscine est de 1,40 m\u00e8tres dans toutes ses parties.<\/p>\n<p>&nbsp;<\/p>\n<p>5. il est interdit de plonger et de courir sur le plancher de la baignoire.<\/p>\n<p>&nbsp;<\/p>\n<p>6. il est recommand\u00e9 de ne pas \u00eatre mouill\u00e9 moins de trois heures apr\u00e8s la consommation du repas.<\/p>\n<p>&nbsp;<\/p>\n<p>7. il n\u2019est pas possible sur le plancher de la baignoire, la consommation de nourriture ou de boissons.<\/p>\n<p>&nbsp;<\/p>\n<p>8. la piscine doit \u00eatre accessible par la douche qui doit \u00eatre utilis\u00e9e avant d\u2019entrer dans l\u2019eau.<\/p>\n<p>&nbsp;<\/p>\n<p>9. il est interdit d\u2019effectuer des activit\u00e9s d\u2019apn\u00e9e sans la pr\u00e9sence d\u2019un instructeur qualifi\u00e9.<\/p>\n<p>&nbsp;<\/p>\n<p>10. les animaux ne doivent pas \u00eatre introduits.<\/p>\n<p>&nbsp;<\/p>\n<p>11. il est interdit d\u2019utiliser une cr\u00e8me solaire et des huiles capillaires avant d\u2019entrer dans la baignoire.<\/p>\n<p>&nbsp;<\/p>\n<p>12. les bouteilles, la verrerie et d\u2019autres objets non strictement li\u00e9s \u00e0 la baignade ne sont pas autoris\u00e9s \u00e0 \u00eatre introduits dans la piscine.<\/p>\n<p>&nbsp;<\/p>\n<p>13. il est interdit de se baigner dans des conditions m\u00e9t\u00e9orologiques particuli\u00e8res (orages).<\/p>\n<p>&nbsp;<\/p>\n<p>14. il est interdit d\u2019entrer dans le bassin de personnes en \u00e9tat psychophysique alt\u00e9r\u00e9 (ivresse, alt\u00e9rations de stup\u00e9fiants, etc.) ou m\u00eame dans des conditions de sant\u00e9 manifestement pr\u00e9caires, de nature \u00e0 pr\u00e9senter un risque pour la s\u00e9curit\u00e9 du sujet lui-m\u00eame et pour la Utilisateurs physiologiquement incontinents.<\/p>\n<p>&nbsp;<\/p>\n<p>15. la direction ne r\u00e9agit en aucune fa\u00e7on \u00e0 aucun accident, blessure ou autre, ce qui peut arriver aux nageurs pour leur propre comportement, surtout en cas de violation de ce r\u00e8glement.<\/p>\n<p>&nbsp;<\/p>\n<p>16. en vertu de la Loi est interdite la douche et la salle de bain sans costume.<\/p>\n<p>&nbsp;<\/p>\n<p style=\"text-align: center;\"><em><strong>La direction de B &amp; B Cascina 36,<\/strong><\/em><\/p>\n<p style=\"text-align: center;\"><em><strong>Merci d\u2019avance, certains d\u2019une collaboration courtoise, <\/strong><\/em><\/p>\n<p style=\"text-align: center;\"><em><strong>Accepter et appliquer ce r\u00e8glement.<\/strong><\/em><\/p>\n<p style=\"text-align: center;\"><em><strong>Nous restons disponibles pour toute clarification et vous souhaitons un s\u00e9jour heureux.<\/strong><\/em><\/p>\n<p>&nbsp;<\/p>\n<\/div><div class=\"fusion-image-element fusion-image-align-center in-legacy-container\" style=\"text-align:center;--awb-caption-title-font-family:var(--h2_typography-font-family);--awb-caption-title-font-weight:var(--h2_typography-font-weight);--awb-caption-title-font-style:var(--h2_typography-font-style);--awb-caption-title-size:var(--h2_typography-font-size);--awb-caption-title-transform:var(--h2_typography-text-transform);--awb-caption-title-line-height:var(--h2_typography-line-height);--awb-caption-title-letter-spacing:var(--h2_typography-letter-spacing);\"><div class=\"imageframe-align-center\"><span class=\" fusion-imageframe imageframe-none imageframe-1 hover-type-none\"><img decoding=\"async\" width=\"1280\" height=\"850\" title=\"piscina giorno\" src=\"https:\/\/www.cascina36.com\/wp-content\/uploads\/2017\/04\/piscina-giorno.jpg\" alt class=\"img-responsive wp-image-3606\" srcset=\"https:\/\/www.cascina36.com\/wp-content\/uploads\/2017\/04\/piscina-giorno-200x133.jpg 200w, https:\/\/www.cascina36.com\/wp-content\/uploads\/2017\/04\/piscina-giorno-400x266.jpg 400w, https:\/\/www.cascina36.com\/wp-content\/uploads\/2017\/04\/piscina-giorno-600x398.jpg 600w, https:\/\/www.cascina36.com\/wp-content\/uploads\/2017\/04\/piscina-giorno-800x531.jpg 800w, https:\/\/www.cascina36.com\/wp-content\/uploads\/2017\/04\/piscina-giorno-1200x797.jpg 1200w, https:\/\/www.cascina36.com\/wp-content\/uploads\/2017\/04\/piscina-giorno.jpg 1280w\" sizes=\"(max-width: 1105px) 100vw, 1200px\" \/><\/span><\/div><\/div><div class=\"fusion-clearfix\"><\/div><\/div><\/div><\/div><\/div>\n","protected":false},"excerpt":{"rendered":"","protected":false},"author":1,"featured_media":0,"parent":0,"menu_order":0,"comment_status":"closed","ping_status":"closed","template":"","meta":{"iawp_total_views":0,"footnotes":""},"class_list":["post-4102","page","type-page","status-publish","hentry"],"yoast_head":"<!-- This site is optimized with the Yoast SEO plugin v27.3 - https:\/\/yoast.com\/product\/yoast-seo-wordpress\/ -->\n<title>R\u00e8gles d\u2019utilisation de la zone relax - Cascina36 B&amp;B<\/title>\n<meta name=\"robots\" content=\"index, follow, max-snippet:-1, max-image-preview:large, max-video-preview:-1\" \/>\n<link rel=\"canonical\" href=\"https:\/\/www.cascina36.com\/fr\/regles-dutilisation-de-la-zone-relax\/\" \/>\n<meta property=\"og:locale\" content=\"fr_FR\" \/>\n<meta property=\"og:type\" content=\"article\" \/>\n<meta property=\"og:title\" content=\"R\u00e8gles d\u2019utilisation de la zone relax - Cascina36 B&amp;B\" \/>\n<meta property=\"og:url\" content=\"https:\/\/www.cascina36.com\/fr\/regles-dutilisation-de-la-zone-relax\/\" \/>\n<meta property=\"og:site_name\" content=\"Cascina36 B&amp;B\" \/>\n<meta property=\"article:modified_time\" content=\"2019-05-31T11:46:30+00:00\" \/>\n<meta name=\"twitter:card\" content=\"summary_large_image\" \/>\n<meta name=\"twitter:label1\" content=\"Dur\u00e9e de lecture estim\u00e9e\" \/>\n\t<meta name=\"twitter:data1\" content=\"3 minutes\" \/>\n<script type=\"application\/ld+json\" class=\"yoast-schema-graph\">{\"@context\":\"https:\\\/\\\/schema.org\",\"@graph\":[{\"@type\":\"WebPage\",\"@id\":\"https:\\\/\\\/www.cascina36.com\\\/fr\\\/regles-dutilisation-de-la-zone-relax\\\/\",\"url\":\"https:\\\/\\\/www.cascina36.com\\\/fr\\\/regles-dutilisation-de-la-zone-relax\\\/\",\"name\":\"R\u00e8gles d\u2019utilisation de la zone relax - Cascina36 B&amp;B\",\"isPartOf\":{\"@id\":\"https:\\\/\\\/www.cascina36.com\\\/fr\\\/#website\"},\"datePublished\":\"2019-05-31T11:46:20+00:00\",\"dateModified\":\"2019-05-31T11:46:30+00:00\",\"breadcrumb\":{\"@id\":\"https:\\\/\\\/www.cascina36.com\\\/fr\\\/regles-dutilisation-de-la-zone-relax\\\/#breadcrumb\"},\"inLanguage\":\"fr-FR\",\"potentialAction\":[{\"@type\":\"ReadAction\",\"target\":[\"https:\\\/\\\/www.cascina36.com\\\/fr\\\/regles-dutilisation-de-la-zone-relax\\\/\"]}]},{\"@type\":\"BreadcrumbList\",\"@id\":\"https:\\\/\\\/www.cascina36.com\\\/fr\\\/regles-dutilisation-de-la-zone-relax\\\/#breadcrumb\",\"itemListElement\":[{\"@type\":\"ListItem\",\"position\":1,\"name\":\"Home\",\"item\":\"https:\\\/\\\/www.cascina36.com\\\/fr\\\/accueil-cascina36-b-b-bienvenue\\\/\"},{\"@type\":\"ListItem\",\"position\":2,\"name\":\"R\u00e8gles d\u2019utilisation de la zone relax\"}]},{\"@type\":\"WebSite\",\"@id\":\"https:\\\/\\\/www.cascina36.com\\\/fr\\\/#website\",\"url\":\"https:\\\/\\\/www.cascina36.com\\\/fr\\\/\",\"name\":\"Cascina36 B&amp;B\",\"description\":\"B&amp;B, Bed and Breakfast, Pregnana Milanese, Milano, Italia, Fiera di Rho, Fiera Milano.\",\"publisher\":{\"@id\":\"https:\\\/\\\/www.cascina36.com\\\/fr\\\/#organization\"},\"potentialAction\":[{\"@type\":\"SearchAction\",\"target\":{\"@type\":\"EntryPoint\",\"urlTemplate\":\"https:\\\/\\\/www.cascina36.com\\\/fr\\\/?s={search_term_string}\"},\"query-input\":{\"@type\":\"PropertyValueSpecification\",\"valueRequired\":true,\"valueName\":\"search_term_string\"}}],\"inLanguage\":\"fr-FR\"},{\"@type\":\"Organization\",\"@id\":\"https:\\\/\\\/www.cascina36.com\\\/fr\\\/#organization\",\"name\":\"Cascina36 B&amp;B\",\"url\":\"https:\\\/\\\/www.cascina36.com\\\/fr\\\/\",\"logo\":{\"@type\":\"ImageObject\",\"inLanguage\":\"fr-FR\",\"@id\":\"https:\\\/\\\/www.cascina36.com\\\/fr\\\/#\\\/schema\\\/logo\\\/image\\\/\",\"url\":\"https:\\\/\\\/www.cascina36.com\\\/wp-content\\\/uploads\\\/2017\\\/04\\\/LogoCascina36-1.jpg\",\"contentUrl\":\"https:\\\/\\\/www.cascina36.com\\\/wp-content\\\/uploads\\\/2017\\\/04\\\/LogoCascina36-1.jpg\",\"width\":1038,\"height\":188,\"caption\":\"Cascina36 B&amp;B\"},\"image\":{\"@id\":\"https:\\\/\\\/www.cascina36.com\\\/fr\\\/#\\\/schema\\\/logo\\\/image\\\/\"}}]}<\/script>\n<!-- \/ Yoast SEO plugin. -->","yoast_head_json":{"title":"R\u00e8gles d\u2019utilisation de la zone relax - Cascina36 B&amp;B","robots":{"index":"index","follow":"follow","max-snippet":"max-snippet:-1","max-image-preview":"max-image-preview:large","max-video-preview":"max-video-preview:-1"},"canonical":"https:\/\/www.cascina36.com\/fr\/regles-dutilisation-de-la-zone-relax\/","og_locale":"fr_FR","og_type":"article","og_title":"R\u00e8gles d\u2019utilisation de la zone relax - Cascina36 B&amp;B","og_url":"https:\/\/www.cascina36.com\/fr\/regles-dutilisation-de-la-zone-relax\/","og_site_name":"Cascina36 B&amp;B","article_modified_time":"2019-05-31T11:46:30+00:00","twitter_card":"summary_large_image","twitter_misc":{"Dur\u00e9e de lecture estim\u00e9e":"3 minutes"},"schema":{"@context":"https:\/\/schema.org","@graph":[{"@type":"WebPage","@id":"https:\/\/www.cascina36.com\/fr\/regles-dutilisation-de-la-zone-relax\/","url":"https:\/\/www.cascina36.com\/fr\/regles-dutilisation-de-la-zone-relax\/","name":"R\u00e8gles d\u2019utilisation de la zone relax - Cascina36 B&amp;B","isPartOf":{"@id":"https:\/\/www.cascina36.com\/fr\/#website"},"datePublished":"2019-05-31T11:46:20+00:00","dateModified":"2019-05-31T11:46:30+00:00","breadcrumb":{"@id":"https:\/\/www.cascina36.com\/fr\/regles-dutilisation-de-la-zone-relax\/#breadcrumb"},"inLanguage":"fr-FR","potentialAction":[{"@type":"ReadAction","target":["https:\/\/www.cascina36.com\/fr\/regles-dutilisation-de-la-zone-relax\/"]}]},{"@type":"BreadcrumbList","@id":"https:\/\/www.cascina36.com\/fr\/regles-dutilisation-de-la-zone-relax\/#breadcrumb","itemListElement":[{"@type":"ListItem","position":1,"name":"Home","item":"https:\/\/www.cascina36.com\/fr\/accueil-cascina36-b-b-bienvenue\/"},{"@type":"ListItem","position":2,"name":"R\u00e8gles d\u2019utilisation de la zone relax"}]},{"@type":"WebSite","@id":"https:\/\/www.cascina36.com\/fr\/#website","url":"https:\/\/www.cascina36.com\/fr\/","name":"Cascina36 B&amp;B","description":"B&amp;B, Bed and Breakfast, Pregnana Milanese, Milano, Italia, Fiera di Rho, Fiera Milano.","publisher":{"@id":"https:\/\/www.cascina36.com\/fr\/#organization"},"potentialAction":[{"@type":"SearchAction","target":{"@type":"EntryPoint","urlTemplate":"https:\/\/www.cascina36.com\/fr\/?s={search_term_string}"},"query-input":{"@type":"PropertyValueSpecification","valueRequired":true,"valueName":"search_term_string"}}],"inLanguage":"fr-FR"},{"@type":"Organization","@id":"https:\/\/www.cascina36.com\/fr\/#organization","name":"Cascina36 B&amp;B","url":"https:\/\/www.cascina36.com\/fr\/","logo":{"@type":"ImageObject","inLanguage":"fr-FR","@id":"https:\/\/www.cascina36.com\/fr\/#\/schema\/logo\/image\/","url":"https:\/\/www.cascina36.com\/wp-content\/uploads\/2017\/04\/LogoCascina36-1.jpg","contentUrl":"https:\/\/www.cascina36.com\/wp-content\/uploads\/2017\/04\/LogoCascina36-1.jpg","width":1038,"height":188,"caption":"Cascina36 B&amp;B"},"image":{"@id":"https:\/\/www.cascina36.com\/fr\/#\/schema\/logo\/image\/"}}]}},"_links":{"self":[{"href":"https:\/\/www.cascina36.com\/fr\/wp-json\/wp\/v2\/pages\/4102","targetHints":{"allow":["GET"]}}],"collection":[{"href":"https:\/\/www.cascina36.com\/fr\/wp-json\/wp\/v2\/pages"}],"about":[{"href":"https:\/\/www.cascina36.com\/fr\/wp-json\/wp\/v2\/types\/page"}],"author":[{"embeddable":true,"href":"https:\/\/www.cascina36.com\/fr\/wp-json\/wp\/v2\/users\/1"}],"replies":[{"embeddable":true,"href":"https:\/\/www.cascina36.com\/fr\/wp-json\/wp\/v2\/comments?post=4102"}],"version-history":[{"count":0,"href":"https:\/\/www.cascina36.com\/fr\/wp-json\/wp\/v2\/pages\/4102\/revisions"}],"wp:attachment":[{"href":"https:\/\/www.cascina36.com\/fr\/wp-json\/wp\/v2\/media?parent=4102"}],"curies":[{"name":"wp","href":"https:\/\/api.w.org\/{rel}","templated":true}]}}