{"id":4117,"date":"2019-05-31T13:48:07","date_gmt":"2019-05-31T11:48:07","guid":{"rendered":"https:\/\/www.cascina36.com\/regles-internes-generales-pour-les-clients\/"},"modified":"2019-05-31T13:48:16","modified_gmt":"2019-05-31T11:48:16","slug":"regles-internes-generales-pour-les-clients","status":"publish","type":"page","link":"https:\/\/www.cascina36.com\/fr\/regles-internes-generales-pour-les-clients\/","title":{"rendered":"R\u00e8gles internes g\u00e9n\u00e9rales pour les clients"},"content":{"rendered":"<div class=\"fusion-fullwidth fullwidth-box fusion-builder-row-1 nonhundred-percent-fullwidth non-hundred-percent-height-scrolling\" style=\"--awb-border-radius-top-left:0px;--awb-border-radius-top-right:0px;--awb-border-radius-bottom-right:0px;--awb-border-radius-bottom-left:0px;--awb-flex-wrap:wrap;\" ><div class=\"fusion-builder-row fusion-row\"><div class=\"fusion-layout-column fusion_builder_column fusion-builder-column-0 fusion_builder_column_1_1 1_1 fusion-one-full fusion-column-first fusion-column-last\" style=\"--awb-bg-size:cover;--awb-margin-bottom:0px;\"><div class=\"fusion-column-wrapper fusion-flex-column-wrapper-legacy\"><div class=\"fusion-text fusion-text-1\"><h1>R\u00e8gles g\u00e9n\u00e9rales pour les clients et l\u2019utilisation de l\u2019espace relax<\/h1>\n<h2 data-fontsize=\"26\" data-lineheight=\"43\">Heureux de vous accueillir, nous vous invitons \u00e0 jeter un oeil \u00e0 nos r\u00e8gles de proc\u00e9dure.<\/h2>\n<h3 data-fontsize=\"24\" data-lineheight=\"40\">Nos petites r\u00e8gles, \u00e0 observer en B &amp; B, ne sont pas seulement celles pr\u00e9vues par la Loi, mais surtout celles dict\u00e9es par le bon sens et le respect mutuel.<\/h3>\n<ol>\n<li>Les r\u00e9servations peuvent \u00eatre annul\u00e9es gratuitement jusqu\u2019\u00e0 3 jours avant l\u2019enregistrement, moins de 3 jours ou en cas de non-pr\u00e9avis sera factur\u00e9 la premi\u00e8re nuit du s\u00e9jour r\u00e9serv\u00e9.<\/li>\n<\/ol>\n<ol start=\"2\">\n<li>Check-in est de 12,30 heures \u00e0 21,00; Le d\u00e9part est pr\u00e9vu dans les 10,00 heures. En cas de demandes sp\u00e9cifiques pour modifier les horaires d\u2019enregistrement ou de d\u00e9part, il est n\u00e9cessaire de le communiquer et d\u2019accepter pr\u00e9alablement la structure avant votre arriv\u00e9e.<\/li>\n<\/ol>\n<ol start=\"3\">\n<li>\u00c0 l\u2019arriv\u00e9e en B &amp; B les documents seront demand\u00e9s et livr\u00e9s en tant <strong>que carte d\u2019identit\u00e9<\/strong> <strong>et\/ou<\/strong> <strong>passeport<\/strong> valides, <strong>n\u00e9cessaires aux enregistrements pr\u00e9vus par la r\u00e9glementation en vigueur.<\/strong> Le non-respect de cette obligation constitue une violation des r\u00e8gles du code p\u00e9nal et nous autorise \u00e0 demander l\u2019abandon imm\u00e9diat de B &amp; B. Les donn\u00e9es de nos clients sont trait\u00e9es conform\u00e9ment \u00e0 la politique de confidentialit\u00e9 actuelle.<\/li>\n<\/ol>\n<ol start=\"4\">\n<li>Une fois que vous avez compl\u00e9t\u00e9 les cartes de notification, vous serez invit\u00e9 pour le solde de votre s\u00e9jour \u00e0 effectuer en esp\u00e8ces, carte de cr\u00e9dit ou ATM.<\/li>\n<\/ol>\n<ol start=\"5\">\n<li>La structure n\u2019est pas limit\u00e9e par des horaires pr\u00e9d\u00e9termin\u00e9s, nos clients sont si libres d\u2019acc\u00e9der \u00e0 la propri\u00e9t\u00e9 \u00e0 l\u2019heure pour leurs id\u00e9aux. Nous demandons seulement que vous verrouillez toujours vos chambres.<\/li>\n<\/ol>\n<ol start=\"6\">\n<li>Dans le B &amp; B, seulement pour des raisons hygi\u00e9niques et pour toutes les allergies d\u2019autres clients, aucun animal de compagnie n\u2019est autoris\u00e9.<\/li>\n<\/ol>\n<ol start=\"7\">\n<li>Un copieux petit-d\u00e9jeuner buffet est servi dans l\u2019espace commun tous les jours de 7,00 heures \u00e0 10,00.<\/li>\n<\/ol>\n<ol start=\"8\">\n<li>Il est interdit de consommer de la nourriture dans la chambre et d\u2019allumer son propre po\u00eale. Conform\u00e9ment \u00e0 la l\u00e9gislation r\u00e9gionale, et pour des raisons de s\u00e9curit\u00e9 et de respect pour les autres clients, vous devez contacter le personnel pour l\u2019utilisation de la cuisine.<\/li>\n<\/ol>\n<ol start=\"9\">\n<li>Le nettoyage des chambres et des salles de bains sont faits quotidiennement; Le changement de linge de lit tous les deux jours \u00e0 partir de la date d\u2019enregistrement; Le linge de bain ne sera chang\u00e9 que si ce dernier sera plac\u00e9 sur le sol.<\/li>\n<\/ol>\n<ol start=\"10\">\n<li>Il est interdit de fumer dans les chambres ou dans la chambre. Le respect de cette r\u00e8gle d\u00e9coule de la n\u00e9cessit\u00e9 de prot\u00e9ger ceux qui ne fument pas et qui viendront apr\u00e8s vous, ainsi que les r\u00e8gles de pr\u00e9vention des incendies.<\/li>\n<\/ol>\n<ol start=\"11\">\n<li>Nous nous pr\u00e9occuperons de vous informer que les chambres ne disposent pas de coffres-fort. Par cons\u00e9quent, nous vous invitons \u00e0 ne laisser aucun effet de valeur sans surveillance dans les chambres, les salles de bains et les espaces communs. Nous invitons les clients \u00e0 toujours fermer les portes et les fen\u00eatres, le B &amp; B d\u00e9cline toute responsabilit\u00e9 pour la perte, le vol ou les dommages des objets de votre propri\u00e9t\u00e9 laiss\u00e9s dans les chambres, les salles de bains et les parties communes.<\/li>\n<\/ol>\n<ol start=\"12\">\n<li>Chaque client est tenu de compenser les dommages caus\u00e9s au B &amp; B et \u00e0 l\u2019utilisation inappropri\u00e9e de l\u2019\u00e9quipement compl\u00e9mentaire. \u00c0 la fin du s\u00e9jour, ils doivent <strong>retourner les cl\u00e9s<\/strong>.<\/li>\n<\/ol>\n<ol start=\"13\">\n<li>En cas de perte des cl\u00e9s seront factur\u00e9s les dommages.<\/li>\n<\/ol>\n<ol start=\"14\">\n<li>Si l\u2019invit\u00e9 re\u00e7oit une visite, le visiteur doit pr\u00e9senter au personnel un document d\u2019identit\u00e9 valide.<\/li>\n<\/ol>\n<ol start=\"15\">\n<li>Il est recommand\u00e9 d\u2019\u00e9teindre les lumi\u00e8res, la t\u00e9l\u00e9vision, les climatiseurs et autres \u00e9quipements chaque fois que vous quittez la salle.<\/li>\n<\/ol>\n<p><strong>Espace relax<\/strong><\/p>\n<ol start=\"16\">\n<li>L\u2019acc\u00e8s \u00e0 la zone relax n\u2019est autoris\u00e9 que pour les clients de \u00ab\u00a0Cascina 36 B &amp; B\u00a0\u00bb; Tous les visiteurs externes (maximum de 2 personnes par invit\u00e9 de B &amp; B), doivent se conformer \u00e0 ce r\u00e8glement et pr\u00e9senter un document d\u2019identit\u00e9, valable en cours.<\/li>\n<\/ol>\n<ol start=\"17\">\n<li>La piscine est accessible de 10,00 heures \u00e0 21,00.<\/li>\n<\/ol>\n<ol start=\"18\">\n<li>L\u2019acc\u00e8s aux mineurs de 12 ans et aux personnes handicap\u00e9es non accompagn\u00e9es est interdit, \u00e9tant donn\u00e9 l\u2019absence du pr\u00e9pos\u00e9 aux bains.<\/li>\n<\/ol>\n<ol start=\"19\">\n<li>La profondeur de la piscine est de 1,40 m\u00e8tres dans toutes ses parties.<\/li>\n<\/ol>\n<ol start=\"20\">\n<li>Il est interdit de plonger et courir sur le plancher de la baignoire.<\/li>\n<\/ol>\n<ol start=\"21\">\n<li>Il est recommand\u00e9 de ne pas \u00eatre mouill\u00e9 moins de trois heures apr\u00e8s la consommation du repas.<\/li>\n<\/ol>\n<ol start=\"22\">\n<li>Il est interdit de consommer de la nourriture ou des boissons sur le plancher de la baignoire.<\/li>\n<\/ol>\n<ol start=\"23\">\n<li>Il est obligatoire d\u2019acc\u00e9der \u00e0 la piscine \u00e0 partir de la douche qui doit \u00eatre utilis\u00e9 avant d\u2019entrer dans l\u2019eau.<\/li>\n<\/ol>\n<ol start=\"24\">\n<li>Il est interdit d\u2019effectuer des activit\u00e9s en apn\u00e9e sans la pr\u00e9sence d\u2019un instructeur activ\u00e9.<\/li>\n<\/ol>\n<ol start=\"25\">\n<li>Il est interdit d\u2019utiliser une cr\u00e8me solaire et des huiles capillaires avant d\u2019entrer dans la baignoire.<\/li>\n<\/ol>\n<ol start=\"26\">\n<li>Les bouteilles, objets en verre et autres objets non strictement li\u00e9s \u00e0 la baignade ne sont pas autoris\u00e9s \u00e0 \u00eatre introduits dans la piscine.<\/li>\n<\/ol>\n<ol start=\"27\">\n<li>Il est interdit de se baigner dans des conditions m\u00e9t\u00e9orologiques particuli\u00e8res telles que les orages.<\/li>\n<\/ol>\n<ol start=\"28\">\n<li>Il est interdit d\u2019entrer dans la piscine \u00e0 des personnes en \u00e9tat psychophysique alt\u00e9r\u00e9 (ivresse, alt\u00e9rations de stup\u00e9fiants, etc.) ou m\u00eame dans des conditions de sant\u00e9 manifestement pr\u00e9caires, de mani\u00e8re \u00e0 pr\u00e9senter un risque pour la s\u00e9curit\u00e9 du sujet lui-m\u00eame et pour les utilisateurs Physiologiquement incontinent.<\/li>\n<\/ol>\n<ol start=\"29\">\n<li>La direction ne r\u00e9agit en aucun cas \u00e0 un accident, \u00e0 un accident ou autre, ce qui peut arriver aux baigneurs pour leur comportement, en particulier en cas de violation de ce r\u00e8glement.<\/li>\n<\/ol>\n<ol start=\"30\">\n<li>En vertu de la Loi est interdite la douche et la salle de bain sans costume.<\/li>\n<\/ol>\n<p style=\"text-align: center;\"><em><strong>La direction de B &amp; B Cascina 36,<\/strong><\/em><\/p>\n<p style=\"text-align: center;\"><em><strong>Merci d\u2019avance, certains d\u2019une collaboration courtoise, <\/strong><\/em><\/p>\n<p style=\"text-align: center;\"><em><strong>Accepter et appliquer ce r\u00e8glement.<\/strong><\/em><\/p>\n<p style=\"text-align: center;\"><em><strong>Nous restons disponibles pour toute clarification et vous souhaitons un s\u00e9jour heureux.<\/strong><\/em><\/p>\n<\/div><div class=\"fusion-image-element fusion-image-align-center in-legacy-container\" style=\"text-align:center;--awb-caption-title-font-family:var(--h2_typography-font-family);--awb-caption-title-font-weight:var(--h2_typography-font-weight);--awb-caption-title-font-style:var(--h2_typography-font-style);--awb-caption-title-size:var(--h2_typography-font-size);--awb-caption-title-transform:var(--h2_typography-text-transform);--awb-caption-title-line-height:var(--h2_typography-line-height);--awb-caption-title-letter-spacing:var(--h2_typography-letter-spacing);\"><div class=\"imageframe-align-center\"><span class=\" fusion-imageframe imageframe-none imageframe-1 hover-type-none\"><img decoding=\"async\" width=\"1280\" height=\"850\" title=\"esterno principale\" src=\"https:\/\/www.cascina36.com\/wp-content\/uploads\/2017\/04\/esterno-principale.jpg\" alt class=\"img-responsive wp-image-3614\" srcset=\"https:\/\/www.cascina36.com\/wp-content\/uploads\/2017\/04\/esterno-principale-200x133.jpg 200w, https:\/\/www.cascina36.com\/wp-content\/uploads\/2017\/04\/esterno-principale-400x266.jpg 400w, https:\/\/www.cascina36.com\/wp-content\/uploads\/2017\/04\/esterno-principale-600x398.jpg 600w, https:\/\/www.cascina36.com\/wp-content\/uploads\/2017\/04\/esterno-principale-800x531.jpg 800w, https:\/\/www.cascina36.com\/wp-content\/uploads\/2017\/04\/esterno-principale-1200x797.jpg 1200w, https:\/\/www.cascina36.com\/wp-content\/uploads\/2017\/04\/esterno-principale.jpg 1280w\" sizes=\"(max-width: 1105px) 100vw, 1200px\" \/><\/span><\/div><\/div><div class=\"fusion-clearfix\"><\/div><\/div><\/div><\/div><\/div>\n","protected":false},"excerpt":{"rendered":"","protected":false},"author":1,"featured_media":0,"parent":0,"menu_order":0,"comment_status":"closed","ping_status":"closed","template":"","meta":{"iawp_total_views":0,"footnotes":""},"class_list":["post-4117","page","type-page","status-publish","hentry"],"yoast_head":"<!-- This site is optimized with the Yoast SEO plugin v27.3 - https:\/\/yoast.com\/product\/yoast-seo-wordpress\/ -->\n<title>R\u00e8gles internes g\u00e9n\u00e9rales pour les clients - Cascina36 B&amp;B<\/title>\n<meta name=\"robots\" content=\"index, follow, max-snippet:-1, max-image-preview:large, max-video-preview:-1\" \/>\n<link rel=\"canonical\" href=\"https:\/\/www.cascina36.com\/fr\/regles-internes-generales-pour-les-clients\/\" \/>\n<meta property=\"og:locale\" content=\"fr_FR\" \/>\n<meta property=\"og:type\" content=\"article\" \/>\n<meta property=\"og:title\" content=\"R\u00e8gles internes g\u00e9n\u00e9rales pour les clients - Cascina36 B&amp;B\" \/>\n<meta property=\"og:url\" content=\"https:\/\/www.cascina36.com\/fr\/regles-internes-generales-pour-les-clients\/\" \/>\n<meta property=\"og:site_name\" content=\"Cascina36 B&amp;B\" \/>\n<meta property=\"article:modified_time\" content=\"2019-05-31T11:48:16+00:00\" \/>\n<meta name=\"twitter:card\" content=\"summary_large_image\" \/>\n<meta name=\"twitter:label1\" content=\"Dur\u00e9e de lecture estim\u00e9e\" \/>\n\t<meta name=\"twitter:data1\" content=\"6 minutes\" \/>\n<script type=\"application\/ld+json\" class=\"yoast-schema-graph\">{\"@context\":\"https:\\\/\\\/schema.org\",\"@graph\":[{\"@type\":\"WebPage\",\"@id\":\"https:\\\/\\\/www.cascina36.com\\\/fr\\\/regles-internes-generales-pour-les-clients\\\/\",\"url\":\"https:\\\/\\\/www.cascina36.com\\\/fr\\\/regles-internes-generales-pour-les-clients\\\/\",\"name\":\"R\u00e8gles internes g\u00e9n\u00e9rales pour les clients - Cascina36 B&amp;B\",\"isPartOf\":{\"@id\":\"https:\\\/\\\/www.cascina36.com\\\/fr\\\/#website\"},\"datePublished\":\"2019-05-31T11:48:07+00:00\",\"dateModified\":\"2019-05-31T11:48:16+00:00\",\"breadcrumb\":{\"@id\":\"https:\\\/\\\/www.cascina36.com\\\/fr\\\/regles-internes-generales-pour-les-clients\\\/#breadcrumb\"},\"inLanguage\":\"fr-FR\",\"potentialAction\":[{\"@type\":\"ReadAction\",\"target\":[\"https:\\\/\\\/www.cascina36.com\\\/fr\\\/regles-internes-generales-pour-les-clients\\\/\"]}]},{\"@type\":\"BreadcrumbList\",\"@id\":\"https:\\\/\\\/www.cascina36.com\\\/fr\\\/regles-internes-generales-pour-les-clients\\\/#breadcrumb\",\"itemListElement\":[{\"@type\":\"ListItem\",\"position\":1,\"name\":\"Home\",\"item\":\"https:\\\/\\\/www.cascina36.com\\\/fr\\\/accueil-cascina36-b-b-bienvenue\\\/\"},{\"@type\":\"ListItem\",\"position\":2,\"name\":\"R\u00e8gles internes g\u00e9n\u00e9rales pour les clients\"}]},{\"@type\":\"WebSite\",\"@id\":\"https:\\\/\\\/www.cascina36.com\\\/fr\\\/#website\",\"url\":\"https:\\\/\\\/www.cascina36.com\\\/fr\\\/\",\"name\":\"Cascina36 B&amp;B\",\"description\":\"B&amp;B, Bed and Breakfast, Pregnana Milanese, Milano, Italia, Fiera di Rho, Fiera Milano.\",\"publisher\":{\"@id\":\"https:\\\/\\\/www.cascina36.com\\\/fr\\\/#organization\"},\"potentialAction\":[{\"@type\":\"SearchAction\",\"target\":{\"@type\":\"EntryPoint\",\"urlTemplate\":\"https:\\\/\\\/www.cascina36.com\\\/fr\\\/?s={search_term_string}\"},\"query-input\":{\"@type\":\"PropertyValueSpecification\",\"valueRequired\":true,\"valueName\":\"search_term_string\"}}],\"inLanguage\":\"fr-FR\"},{\"@type\":\"Organization\",\"@id\":\"https:\\\/\\\/www.cascina36.com\\\/fr\\\/#organization\",\"name\":\"Cascina36 B&amp;B\",\"url\":\"https:\\\/\\\/www.cascina36.com\\\/fr\\\/\",\"logo\":{\"@type\":\"ImageObject\",\"inLanguage\":\"fr-FR\",\"@id\":\"https:\\\/\\\/www.cascina36.com\\\/fr\\\/#\\\/schema\\\/logo\\\/image\\\/\",\"url\":\"https:\\\/\\\/www.cascina36.com\\\/wp-content\\\/uploads\\\/2017\\\/04\\\/LogoCascina36-1.jpg\",\"contentUrl\":\"https:\\\/\\\/www.cascina36.com\\\/wp-content\\\/uploads\\\/2017\\\/04\\\/LogoCascina36-1.jpg\",\"width\":1038,\"height\":188,\"caption\":\"Cascina36 B&amp;B\"},\"image\":{\"@id\":\"https:\\\/\\\/www.cascina36.com\\\/fr\\\/#\\\/schema\\\/logo\\\/image\\\/\"}}]}<\/script>\n<!-- \/ Yoast SEO plugin. -->","yoast_head_json":{"title":"R\u00e8gles internes g\u00e9n\u00e9rales pour les clients - Cascina36 B&amp;B","robots":{"index":"index","follow":"follow","max-snippet":"max-snippet:-1","max-image-preview":"max-image-preview:large","max-video-preview":"max-video-preview:-1"},"canonical":"https:\/\/www.cascina36.com\/fr\/regles-internes-generales-pour-les-clients\/","og_locale":"fr_FR","og_type":"article","og_title":"R\u00e8gles internes g\u00e9n\u00e9rales pour les clients - Cascina36 B&amp;B","og_url":"https:\/\/www.cascina36.com\/fr\/regles-internes-generales-pour-les-clients\/","og_site_name":"Cascina36 B&amp;B","article_modified_time":"2019-05-31T11:48:16+00:00","twitter_card":"summary_large_image","twitter_misc":{"Dur\u00e9e de lecture estim\u00e9e":"6 minutes"},"schema":{"@context":"https:\/\/schema.org","@graph":[{"@type":"WebPage","@id":"https:\/\/www.cascina36.com\/fr\/regles-internes-generales-pour-les-clients\/","url":"https:\/\/www.cascina36.com\/fr\/regles-internes-generales-pour-les-clients\/","name":"R\u00e8gles internes g\u00e9n\u00e9rales pour les clients - Cascina36 B&amp;B","isPartOf":{"@id":"https:\/\/www.cascina36.com\/fr\/#website"},"datePublished":"2019-05-31T11:48:07+00:00","dateModified":"2019-05-31T11:48:16+00:00","breadcrumb":{"@id":"https:\/\/www.cascina36.com\/fr\/regles-internes-generales-pour-les-clients\/#breadcrumb"},"inLanguage":"fr-FR","potentialAction":[{"@type":"ReadAction","target":["https:\/\/www.cascina36.com\/fr\/regles-internes-generales-pour-les-clients\/"]}]},{"@type":"BreadcrumbList","@id":"https:\/\/www.cascina36.com\/fr\/regles-internes-generales-pour-les-clients\/#breadcrumb","itemListElement":[{"@type":"ListItem","position":1,"name":"Home","item":"https:\/\/www.cascina36.com\/fr\/accueil-cascina36-b-b-bienvenue\/"},{"@type":"ListItem","position":2,"name":"R\u00e8gles internes g\u00e9n\u00e9rales pour les clients"}]},{"@type":"WebSite","@id":"https:\/\/www.cascina36.com\/fr\/#website","url":"https:\/\/www.cascina36.com\/fr\/","name":"Cascina36 B&amp;B","description":"B&amp;B, Bed and Breakfast, Pregnana Milanese, Milano, Italia, Fiera di Rho, Fiera Milano.","publisher":{"@id":"https:\/\/www.cascina36.com\/fr\/#organization"},"potentialAction":[{"@type":"SearchAction","target":{"@type":"EntryPoint","urlTemplate":"https:\/\/www.cascina36.com\/fr\/?s={search_term_string}"},"query-input":{"@type":"PropertyValueSpecification","valueRequired":true,"valueName":"search_term_string"}}],"inLanguage":"fr-FR"},{"@type":"Organization","@id":"https:\/\/www.cascina36.com\/fr\/#organization","name":"Cascina36 B&amp;B","url":"https:\/\/www.cascina36.com\/fr\/","logo":{"@type":"ImageObject","inLanguage":"fr-FR","@id":"https:\/\/www.cascina36.com\/fr\/#\/schema\/logo\/image\/","url":"https:\/\/www.cascina36.com\/wp-content\/uploads\/2017\/04\/LogoCascina36-1.jpg","contentUrl":"https:\/\/www.cascina36.com\/wp-content\/uploads\/2017\/04\/LogoCascina36-1.jpg","width":1038,"height":188,"caption":"Cascina36 B&amp;B"},"image":{"@id":"https:\/\/www.cascina36.com\/fr\/#\/schema\/logo\/image\/"}}]}},"_links":{"self":[{"href":"https:\/\/www.cascina36.com\/fr\/wp-json\/wp\/v2\/pages\/4117","targetHints":{"allow":["GET"]}}],"collection":[{"href":"https:\/\/www.cascina36.com\/fr\/wp-json\/wp\/v2\/pages"}],"about":[{"href":"https:\/\/www.cascina36.com\/fr\/wp-json\/wp\/v2\/types\/page"}],"author":[{"embeddable":true,"href":"https:\/\/www.cascina36.com\/fr\/wp-json\/wp\/v2\/users\/1"}],"replies":[{"embeddable":true,"href":"https:\/\/www.cascina36.com\/fr\/wp-json\/wp\/v2\/comments?post=4117"}],"version-history":[{"count":0,"href":"https:\/\/www.cascina36.com\/fr\/wp-json\/wp\/v2\/pages\/4117\/revisions"}],"wp:attachment":[{"href":"https:\/\/www.cascina36.com\/fr\/wp-json\/wp\/v2\/media?parent=4117"}],"curies":[{"name":"wp","href":"https:\/\/api.w.org\/{rel}","templated":true}]}}