{"id":4140,"date":"2019-05-31T13:48:51","date_gmt":"2019-05-31T11:48:51","guid":{"rendered":"https:\/\/www.cascina36.com\/espace-relax\/"},"modified":"2023-12-11T11:50:17","modified_gmt":"2023-12-11T10:50:17","slug":"espace-relax","status":"publish","type":"page","link":"https:\/\/www.cascina36.com\/fr\/espace-relax\/","title":{"rendered":"Espace relax"},"content":{"rendered":"<p><div class=\"fusion-fullwidth fullwidth-box fusion-builder-row-1 nonhundred-percent-fullwidth non-hundred-percent-height-scrolling\" style=\"--awb-background-position:left top;--awb-border-radius-top-left:0px;--awb-border-radius-top-right:0px;--awb-border-radius-bottom-right:0px;--awb-border-radius-bottom-left:0px;--awb-padding-top:0px;--awb-padding-bottom:60px;--awb-border-sizes-top:0px;--awb-border-sizes-bottom:0px;--awb-flex-wrap:wrap;\" ><div class=\"fusion-builder-row fusion-row\"><div class=\"fusion-layout-column fusion_builder_column fusion-builder-column-0 fusion_builder_column_1_2 1_2 fusion-one-half fusion-column-first\" style=\"--awb-bg-size:cover;width:48%; margin-right: 4%;\"><div class=\"fusion-column-wrapper fusion-flex-column-wrapper-legacy\"><div class=\"fusion-text fusion-text-1\"><p style=\"letter-spacing: 4px; font-size: 13px; text-align: center; margin-bottom: 0px;\">PRENEZ VOTRE TEMPS DE RETOUR<\/p>\n<h1 style=\"text-align: center;\">Espace relax<\/h1>\n<\/div><div class=\"fusion-sep-clear\"><\/div><div class=\"fusion-separator\" style=\"margin-left: auto;margin-right: auto;margin-top:0px;margin-bottom:20px;width:100%;max-width:50px;\"><div class=\"fusion-separator-border sep-single sep-solid\" style=\"--awb-height:20px;--awb-amount:20px;--awb-sep-color:#498ca3;border-color:#498ca3;border-top-width:1px;\"><\/div><\/div><div class=\"fusion-sep-clear\"><\/div><div class=\"fusion-text fusion-text-2\"><h4 style=\"text-align: center;\">Notre magnifique espace d\u00e9tente en plein air.<\/h4>\n<h4 style=\"text-align: center;\">jardin. flaque. patio. barbecue.<\/h4>\n<\/div><div class=\"fusion-sep-clear\"><\/div><div class=\"fusion-separator fusion-full-width-sep\" style=\"margin-left: auto;margin-right: auto;margin-top:12px;width:100%;\"><\/div><div class=\"fusion-sep-clear\"><\/div><div class=\"fusion-text fusion-text-3\"><p style=\"text-align: center;\">Le B &amp; B Cascina 36, se pr\u00eate \u00e0 tous les types de client\u00e8le, des affaires aux vacances.<\/p>\n<p style=\"text-align: center;\">Vous pouvez vous retrouver au coeur de Milan en peu de temps, pratique pour ceux qui voyagent pour des raisons professionnelles et pour ceux qui visitent la ville pour ses sites d\u2019int\u00e9r\u00eat historique et culturel.<\/p>\n<p style=\"text-align: center;\">Apr\u00e8s une journ\u00e9e de travail ou de marche, vous pouvez vous retrouver immerg\u00e9 dans un cadre calme, moderne et de bon go\u00fbt.<\/p>\n<p style=\"text-align: center;\">Profitez en \u00e9t\u00e9 de la grande zone verte avec piscine, en profitant d\u2019un ap\u00e9ritif, seul ou en compagnie, entre une salle de bain dans la piscine et la vue sur les magnifiques couchers de soleil.<\/p>\n<\/div><div class=\"fusion-aligncenter\"><a class=\"fusion-button button-flat button-large button-custom fusion-button-default button-1 fusion-button-default-span \" style=\"--button_accent_color:#ffffff;--button_accent_hover_color:#ffffff;--button_border_hover_color:var(--awb-color1);--button_border_width-top:0px;--button_border_width-right:0px;--button_border_width-bottom:0px;--button_border_width-left:0px;--button-border-radius-top-left:0px;--button-border-radius-top-right:0px;--button-border-radius-bottom-right:0px;--button-border-radius-bottom-left:0px;--button_gradient_top_color:#498ca3;--button_gradient_bottom_color:#498ca3;--button_gradient_top_color_hover:#498ca3;--button_gradient_bottom_color_hover:#498ca3;\" target=\"_self\" href=\"https:\/\/www.cascina36.com\/fr\/contacts\/\"><span class=\"fusion-button-text awb-button__text awb-button__text--default fusion-button-text-right\">RESERVEZ MAINTENANT!<\/span><span class=\"fusion-button-icon-divider button-icon-divider-right\"><i class=\" fa fa-angle-right awb-button__icon awb-button__icon--default\" aria-hidden=\"true\"><\/i><\/span><\/a><\/div><div class=\"fusion-sep-clear\"><\/div><div class=\"fusion-separator fusion-full-width-sep\" style=\"margin-left: auto;margin-right: auto;margin-top:12px;width:100%;\"><\/div><div class=\"fusion-sep-clear\"><\/div><div class=\"fusion-clearfix\"><\/div><\/div><\/div><div class=\"fusion-layout-column fusion_builder_column fusion-builder-column-1 fusion_builder_column_1_2 1_2 fusion-one-half fusion-column-last\" style=\"--awb-padding-top:40px;--awb-padding-right:40px;--awb-padding-bottom:40px;--awb-padding-left:40px;--awb-bg-color:#ffffff;--awb-bg-color-hover:#ffffff;--awb-bg-size:cover;--awb-border-color:#ebeef1;--awb-border-top:1px;--awb-border-right:1px;--awb-border-bottom:1px;--awb-border-left:1px;--awb-border-style:solid;width:48%;\"><div class=\"fusion-column-wrapper fusion-flex-column-wrapper-legacy\"><div class=\"fusion-image-element fusion-image-align-center in-legacy-container\" style=\"text-align:center;--awb-liftup-border-radius:0px;--awb-caption-title-font-family:var(--h2_typography-font-family);--awb-caption-title-font-weight:var(--h2_typography-font-weight);--awb-caption-title-font-style:var(--h2_typography-font-style);--awb-caption-title-size:var(--h2_typography-font-size);--awb-caption-title-transform:var(--h2_typography-text-transform);--awb-caption-title-line-height:var(--h2_typography-line-height);--awb-caption-title-letter-spacing:var(--h2_typography-letter-spacing);\"><div class=\"imageframe-align-center\"><div class=\"awb-image-frame awb-image-frame-1 imageframe-liftup\"><span class=\" fusion-imageframe imageframe-dropshadow imageframe-1\" style=\"border:13px solid #ffffff;-webkit-box-shadow: 3px 3px 7px rgba(0,0,0,0.3);box-shadow: 3px 3px 7px rgba(0,0,0,0.3);\"><a href=\"https:\/\/www.cascina36.com\/wp-content\/uploads\/2015\/01\/piscina5.jpg\" class=\"fusion-lightbox\" data-rel=\"iLightbox[relaxation]\" data-title=\"piscina5\" title=\"piscina5\"><img decoding=\"async\" width=\"1087\" height=\"723\" src=\"https:\/\/www.cascina36.com\/wp-content\/uploads\/2015\/01\/piscina5.jpg\" alt class=\"img-responsive wp-image-3067\" srcset=\"https:\/\/www.cascina36.com\/wp-content\/uploads\/2015\/01\/piscina5-200x133.jpg 200w, https:\/\/www.cascina36.com\/wp-content\/uploads\/2015\/01\/piscina5-400x266.jpg 400w, https:\/\/www.cascina36.com\/wp-content\/uploads\/2015\/01\/piscina5-600x399.jpg 600w, https:\/\/www.cascina36.com\/wp-content\/uploads\/2015\/01\/piscina5-800x532.jpg 800w, https:\/\/www.cascina36.com\/wp-content\/uploads\/2015\/01\/piscina5.jpg 1087w\" sizes=\"(max-width: 1105px) 100vw, 600px\" \/><\/a><\/span><\/div><\/div><\/div><div class=\"fusion-image-element fusion-image-align-center in-legacy-container\" style=\"text-align:center;--awb-liftup-border-radius:0px;--awb-caption-title-font-family:var(--h2_typography-font-family);--awb-caption-title-font-weight:var(--h2_typography-font-weight);--awb-caption-title-font-style:var(--h2_typography-font-style);--awb-caption-title-size:var(--h2_typography-font-size);--awb-caption-title-transform:var(--h2_typography-text-transform);--awb-caption-title-line-height:var(--h2_typography-line-height);--awb-caption-title-letter-spacing:var(--h2_typography-letter-spacing);\"><div class=\"imageframe-align-center\"><div class=\"awb-image-frame awb-image-frame-2 imageframe-liftup\"><span class=\" fusion-imageframe imageframe-dropshadow imageframe-2\" style=\"border:13px solid #ffffff;-webkit-box-shadow: 3px 3px 7px rgba(0,0,0,0.3);box-shadow: 3px 3px 7px rgba(0,0,0,0.3);\"><a href=\"https:\/\/www.cascina36.com\/wp-content\/uploads\/2015\/04\/patiopiscina-1024x681.jpg\" class=\"fusion-lightbox\" data-rel=\"iLightbox[relaxation]\" data-title=\"patiopiscina\" title=\"patiopiscina\"><img decoding=\"async\" width=\"1024\" height=\"681\" src=\"https:\/\/www.cascina36.com\/wp-content\/uploads\/2015\/04\/patiopiscina-1024x681.jpg\" alt class=\"img-responsive wp-image-3310\" srcset=\"https:\/\/www.cascina36.com\/wp-content\/uploads\/2015\/04\/patiopiscina-200x133.jpg 200w, https:\/\/www.cascina36.com\/wp-content\/uploads\/2015\/04\/patiopiscina-400x266.jpg 400w, https:\/\/www.cascina36.com\/wp-content\/uploads\/2015\/04\/patiopiscina-600x399.jpg 600w, https:\/\/www.cascina36.com\/wp-content\/uploads\/2015\/04\/patiopiscina-800x532.jpg 800w, https:\/\/www.cascina36.com\/wp-content\/uploads\/2015\/04\/patiopiscina.jpg 1087w\" sizes=\"(max-width: 1105px) 100vw, 600px\" \/><\/a><\/span><\/div><\/div><\/div><div class=\"fusion-image-element fusion-image-align-center in-legacy-container\" style=\"text-align:center;--awb-liftup-border-radius:0px;--awb-caption-title-font-family:var(--h2_typography-font-family);--awb-caption-title-font-weight:var(--h2_typography-font-weight);--awb-caption-title-font-style:var(--h2_typography-font-style);--awb-caption-title-size:var(--h2_typography-font-size);--awb-caption-title-transform:var(--h2_typography-text-transform);--awb-caption-title-line-height:var(--h2_typography-line-height);--awb-caption-title-letter-spacing:var(--h2_typography-letter-spacing);\"><div class=\"imageframe-align-center\"><div class=\"awb-image-frame awb-image-frame-3 imageframe-liftup\"><span class=\" fusion-imageframe imageframe-dropshadow imageframe-3\" style=\"border:13px solid #ffffff;-webkit-box-shadow: 3px 3px 7px rgba(0,0,0,0.3);box-shadow: 3px 3px 7px rgba(0,0,0,0.3);\"><a href=\"https:\/\/www.cascina36.com\/wp-content\/uploads\/2015\/01\/piscina2.jpg\" class=\"fusion-lightbox\" data-rel=\"iLightbox[relaxation]\" data-title=\"piscina2\" title=\"piscina2\"><img decoding=\"async\" width=\"1087\" height=\"723\" src=\"https:\/\/www.cascina36.com\/wp-content\/uploads\/2015\/01\/piscina2.jpg\" alt class=\"img-responsive wp-image-3057\" srcset=\"https:\/\/www.cascina36.com\/wp-content\/uploads\/2015\/01\/piscina2-200x133.jpg 200w, https:\/\/www.cascina36.com\/wp-content\/uploads\/2015\/01\/piscina2-400x266.jpg 400w, https:\/\/www.cascina36.com\/wp-content\/uploads\/2015\/01\/piscina2-600x399.jpg 600w, https:\/\/www.cascina36.com\/wp-content\/uploads\/2015\/01\/piscina2-800x532.jpg 800w, https:\/\/www.cascina36.com\/wp-content\/uploads\/2015\/01\/piscina2.jpg 1087w\" sizes=\"(max-width: 1105px) 100vw, 600px\" \/><\/a><\/span><\/div><\/div><\/div><div class=\"fusion-image-element fusion-image-align-center in-legacy-container\" style=\"text-align:center;--awb-liftup-border-radius:0px;--awb-caption-title-font-family:var(--h2_typography-font-family);--awb-caption-title-font-weight:var(--h2_typography-font-weight);--awb-caption-title-font-style:var(--h2_typography-font-style);--awb-caption-title-size:var(--h2_typography-font-size);--awb-caption-title-transform:var(--h2_typography-text-transform);--awb-caption-title-line-height:var(--h2_typography-line-height);--awb-caption-title-letter-spacing:var(--h2_typography-letter-spacing);\"><div class=\"imageframe-align-center\"><div class=\"awb-image-frame awb-image-frame-4 imageframe-liftup\"><span class=\" fusion-imageframe imageframe-dropshadow imageframe-4\" style=\"border:13px solid #ffffff;-webkit-box-shadow: 3px 3px 7px rgba(0,0,0,0.3);box-shadow: 3px 3px 7px rgba(0,0,0,0.3);\"><a href=\"https:\/\/www.cascina36.com\/wp-content\/uploads\/2015\/01\/piscina6.jpg\" class=\"fusion-lightbox\" data-rel=\"iLightbox[relaxation]\" data-title=\"piscina6\" title=\"piscina6\"><img decoding=\"async\" width=\"1087\" height=\"723\" src=\"https:\/\/www.cascina36.com\/wp-content\/uploads\/2015\/01\/piscina6.jpg\" alt class=\"img-responsive wp-image-3062\" srcset=\"https:\/\/www.cascina36.com\/wp-content\/uploads\/2015\/01\/piscina6-200x133.jpg 200w, https:\/\/www.cascina36.com\/wp-content\/uploads\/2015\/01\/piscina6-400x266.jpg 400w, https:\/\/www.cascina36.com\/wp-content\/uploads\/2015\/01\/piscina6-600x399.jpg 600w, https:\/\/www.cascina36.com\/wp-content\/uploads\/2015\/01\/piscina6-800x532.jpg 800w, https:\/\/www.cascina36.com\/wp-content\/uploads\/2015\/01\/piscina6.jpg 1087w\" sizes=\"(max-width: 1105px) 100vw, 600px\" \/><\/a><\/span><\/div><\/div><\/div><div class=\"fusion-image-element fusion-image-align-center in-legacy-container\" style=\"text-align:center;--awb-liftup-border-radius:0px;--awb-caption-title-font-family:var(--h2_typography-font-family);--awb-caption-title-font-weight:var(--h2_typography-font-weight);--awb-caption-title-font-style:var(--h2_typography-font-style);--awb-caption-title-size:var(--h2_typography-font-size);--awb-caption-title-transform:var(--h2_typography-text-transform);--awb-caption-title-line-height:var(--h2_typography-line-height);--awb-caption-title-letter-spacing:var(--h2_typography-letter-spacing);\"><div class=\"imageframe-align-center\"><div class=\"awb-image-frame awb-image-frame-5 imageframe-liftup\"><span class=\" fusion-imageframe imageframe-dropshadow imageframe-5\" style=\"border:13px solid #ffffff;-webkit-box-shadow: 3px 3px 7px rgba(0,0,0,0.3);box-shadow: 3px 3px 7px rgba(0,0,0,0.3);\"><a href=\"https:\/\/www.cascina36.com\/wp-content\/uploads\/2015\/04\/patiobreakfast.jpg\" class=\"fusion-lightbox\" data-rel=\"iLightbox[relaxation]\" data-title=\"patiobreakfast\" title=\"patiobreakfast\"><img decoding=\"async\" width=\"1087\" height=\"723\" src=\"https:\/\/www.cascina36.com\/wp-content\/uploads\/2015\/04\/patiobreakfast.jpg\" alt class=\"img-responsive wp-image-3302\" srcset=\"https:\/\/www.cascina36.com\/wp-content\/uploads\/2015\/04\/patiobreakfast-200x133.jpg 200w, https:\/\/www.cascina36.com\/wp-content\/uploads\/2015\/04\/patiobreakfast-400x266.jpg 400w, https:\/\/www.cascina36.com\/wp-content\/uploads\/2015\/04\/patiobreakfast-600x399.jpg 600w, https:\/\/www.cascina36.com\/wp-content\/uploads\/2015\/04\/patiobreakfast-800x532.jpg 800w, https:\/\/www.cascina36.com\/wp-content\/uploads\/2015\/04\/patiobreakfast.jpg 1087w\" sizes=\"(max-width: 1105px) 100vw, 600px\" \/><\/a><\/span><\/div><\/div><\/div><div class=\"fusion-clearfix\"><\/div><\/div><\/div><\/div><\/div><div class=\"fusion-fullwidth fullwidth-box fusion-builder-row-2 nonhundred-percent-fullwidth non-hundred-percent-height-scrolling\" style=\"--awb-background-position:center top;--awb-border-radius-top-left:0px;--awb-border-radius-top-right:0px;--awb-border-radius-bottom-right:0px;--awb-border-radius-bottom-left:0px;--awb-padding-top:75px;--awb-padding-bottom:850px;--awb-border-sizes-top:0px;--awb-border-sizes-bottom:0px;--awb-flex-wrap:wrap;\" ><div class=\"fusion-builder-row fusion-row\"><div class=\"fusion-layout-column fusion_builder_column fusion-builder-column-2 fusion_builder_column_1_1 1_1 fusion-one-full fusion-column-first fusion-column-last fusion-column-no-min-height\" style=\"--awb-bg-size:cover;--awb-margin-bottom:0px;\"><div class=\"fusion-column-wrapper fusion-flex-column-wrapper-legacy\"><div class=\"fusion-text fusion-text-4\"><p style=\"letter-spacing: 4px; font-size: 13px; text-align: center; margin-bottom: 0px;\">VENEZ VOUS RELAXER<\/p>\n<h1 style=\"text-align: center;\">Organisez vos \u00e9v\u00e8nements<\/h1>\n<\/div><div class=\"fusion-sep-clear\"><\/div><div class=\"fusion-separator\" style=\"margin-left: auto;margin-right: auto;margin-top:0px;margin-bottom:20px;width:100%;max-width:50px;\"><div class=\"fusion-separator-border sep-single sep-solid\" style=\"--awb-height:20px;--awb-amount:20px;--awb-sep-color:#498ca3;border-color:#498ca3;border-top-width:1px;\"><\/div><\/div><div class=\"fusion-sep-clear\"><\/div><div class=\"fusion-image-element fusion-image-align-center in-legacy-container\" style=\"text-align:center;--awb-caption-title-font-family:var(--h2_typography-font-family);--awb-caption-title-font-weight:var(--h2_typography-font-weight);--awb-caption-title-font-style:var(--h2_typography-font-style);--awb-caption-title-size:var(--h2_typography-font-size);--awb-caption-title-transform:var(--h2_typography-text-transform);--awb-caption-title-line-height:var(--h2_typography-line-height);--awb-caption-title-letter-spacing:var(--h2_typography-letter-spacing);\"><div class=\"imageframe-align-center\"><span class=\" fusion-imageframe imageframe-none imageframe-6 hover-type-none\" style=\"border:13px solid #ffffff;\"><a href=\"https:\/\/www.cascina36.com\/wp-content\/uploads\/2015\/01\/piscina3.jpg\" class=\"fusion-lightbox\" data-rel=\"iLightbox[relaxation]\" data-title=\"piscina3\" title=\"piscina3\"><img decoding=\"async\" width=\"1087\" height=\"723\" src=\"https:\/\/www.cascina36.com\/wp-content\/uploads\/2015\/01\/piscina3.jpg\" alt class=\"img-responsive wp-image-3052\" srcset=\"https:\/\/www.cascina36.com\/wp-content\/uploads\/2015\/01\/piscina3-200x133.jpg 200w, https:\/\/www.cascina36.com\/wp-content\/uploads\/2015\/01\/piscina3-400x266.jpg 400w, https:\/\/www.cascina36.com\/wp-content\/uploads\/2015\/01\/piscina3-600x399.jpg 600w, https:\/\/www.cascina36.com\/wp-content\/uploads\/2015\/01\/piscina3-800x532.jpg 800w, https:\/\/www.cascina36.com\/wp-content\/uploads\/2015\/01\/piscina3.jpg 1087w\" sizes=\"(max-width: 1105px) 100vw, 1087px\" \/><\/a><\/span><\/div><\/div><div class=\"fusion-clearfix\"><\/div><\/div><\/div><\/div><\/div><\/p>\n","protected":false},"excerpt":{"rendered":"","protected":false},"author":1,"featured_media":0,"parent":0,"menu_order":4,"comment_status":"closed","ping_status":"closed","template":"100-width.php","meta":{"iawp_total_views":0,"footnotes":""},"class_list":["post-4140","page","type-page","status-publish","hentry"],"yoast_head":"<!-- This site is optimized with the Yoast SEO plugin v27.3 - https:\/\/yoast.com\/product\/yoast-seo-wordpress\/ -->\n<title>Espace relax - Cascina36 B&amp;B<\/title>\n<meta name=\"robots\" content=\"index, follow, max-snippet:-1, max-image-preview:large, max-video-preview:-1\" \/>\n<link rel=\"canonical\" href=\"https:\/\/www.cascina36.com\/fr\/espace-relax\/\" \/>\n<meta property=\"og:locale\" content=\"fr_FR\" \/>\n<meta property=\"og:type\" content=\"article\" \/>\n<meta property=\"og:title\" content=\"Espace relax - Cascina36 B&amp;B\" \/>\n<meta property=\"og:url\" content=\"https:\/\/www.cascina36.com\/fr\/espace-relax\/\" \/>\n<meta property=\"og:site_name\" content=\"Cascina36 B&amp;B\" \/>\n<meta property=\"article:modified_time\" content=\"2023-12-11T10:50:17+00:00\" \/>\n<meta name=\"twitter:card\" content=\"summary_large_image\" \/>\n<meta name=\"twitter:label1\" content=\"Dur\u00e9e de lecture estim\u00e9e\" \/>\n\t<meta name=\"twitter:data1\" content=\"4 minutes\" \/>\n<script type=\"application\/ld+json\" class=\"yoast-schema-graph\">{\"@context\":\"https:\\\/\\\/schema.org\",\"@graph\":[{\"@type\":\"WebPage\",\"@id\":\"https:\\\/\\\/www.cascina36.com\\\/fr\\\/espace-relax\\\/\",\"url\":\"https:\\\/\\\/www.cascina36.com\\\/fr\\\/espace-relax\\\/\",\"name\":\"Espace relax - Cascina36 B&amp;B\",\"isPartOf\":{\"@id\":\"https:\\\/\\\/www.cascina36.com\\\/fr\\\/#website\"},\"datePublished\":\"2019-05-31T11:48:51+00:00\",\"dateModified\":\"2023-12-11T10:50:17+00:00\",\"breadcrumb\":{\"@id\":\"https:\\\/\\\/www.cascina36.com\\\/fr\\\/espace-relax\\\/#breadcrumb\"},\"inLanguage\":\"fr-FR\",\"potentialAction\":[{\"@type\":\"ReadAction\",\"target\":[\"https:\\\/\\\/www.cascina36.com\\\/fr\\\/espace-relax\\\/\"]}]},{\"@type\":\"BreadcrumbList\",\"@id\":\"https:\\\/\\\/www.cascina36.com\\\/fr\\\/espace-relax\\\/#breadcrumb\",\"itemListElement\":[{\"@type\":\"ListItem\",\"position\":1,\"name\":\"Home\",\"item\":\"https:\\\/\\\/www.cascina36.com\\\/fr\\\/accueil-cascina36-b-b-bienvenue\\\/\"},{\"@type\":\"ListItem\",\"position\":2,\"name\":\"Espace relax\"}]},{\"@type\":\"WebSite\",\"@id\":\"https:\\\/\\\/www.cascina36.com\\\/fr\\\/#website\",\"url\":\"https:\\\/\\\/www.cascina36.com\\\/fr\\\/\",\"name\":\"Cascina36 B&amp;B\",\"description\":\"B&amp;B, Bed and Breakfast, Pregnana Milanese, Milano, Italia, Fiera di Rho, Fiera Milano.\",\"publisher\":{\"@id\":\"https:\\\/\\\/www.cascina36.com\\\/fr\\\/#organization\"},\"potentialAction\":[{\"@type\":\"SearchAction\",\"target\":{\"@type\":\"EntryPoint\",\"urlTemplate\":\"https:\\\/\\\/www.cascina36.com\\\/fr\\\/?s={search_term_string}\"},\"query-input\":{\"@type\":\"PropertyValueSpecification\",\"valueRequired\":true,\"valueName\":\"search_term_string\"}}],\"inLanguage\":\"fr-FR\"},{\"@type\":\"Organization\",\"@id\":\"https:\\\/\\\/www.cascina36.com\\\/fr\\\/#organization\",\"name\":\"Cascina36 B&amp;B\",\"url\":\"https:\\\/\\\/www.cascina36.com\\\/fr\\\/\",\"logo\":{\"@type\":\"ImageObject\",\"inLanguage\":\"fr-FR\",\"@id\":\"https:\\\/\\\/www.cascina36.com\\\/fr\\\/#\\\/schema\\\/logo\\\/image\\\/\",\"url\":\"https:\\\/\\\/www.cascina36.com\\\/wp-content\\\/uploads\\\/2017\\\/04\\\/LogoCascina36-1.jpg\",\"contentUrl\":\"https:\\\/\\\/www.cascina36.com\\\/wp-content\\\/uploads\\\/2017\\\/04\\\/LogoCascina36-1.jpg\",\"width\":1038,\"height\":188,\"caption\":\"Cascina36 B&amp;B\"},\"image\":{\"@id\":\"https:\\\/\\\/www.cascina36.com\\\/fr\\\/#\\\/schema\\\/logo\\\/image\\\/\"}}]}<\/script>\n<!-- \/ Yoast SEO plugin. -->","yoast_head_json":{"title":"Espace relax - Cascina36 B&amp;B","robots":{"index":"index","follow":"follow","max-snippet":"max-snippet:-1","max-image-preview":"max-image-preview:large","max-video-preview":"max-video-preview:-1"},"canonical":"https:\/\/www.cascina36.com\/fr\/espace-relax\/","og_locale":"fr_FR","og_type":"article","og_title":"Espace relax - Cascina36 B&amp;B","og_url":"https:\/\/www.cascina36.com\/fr\/espace-relax\/","og_site_name":"Cascina36 B&amp;B","article_modified_time":"2023-12-11T10:50:17+00:00","twitter_card":"summary_large_image","twitter_misc":{"Dur\u00e9e de lecture estim\u00e9e":"4 minutes"},"schema":{"@context":"https:\/\/schema.org","@graph":[{"@type":"WebPage","@id":"https:\/\/www.cascina36.com\/fr\/espace-relax\/","url":"https:\/\/www.cascina36.com\/fr\/espace-relax\/","name":"Espace relax - Cascina36 B&amp;B","isPartOf":{"@id":"https:\/\/www.cascina36.com\/fr\/#website"},"datePublished":"2019-05-31T11:48:51+00:00","dateModified":"2023-12-11T10:50:17+00:00","breadcrumb":{"@id":"https:\/\/www.cascina36.com\/fr\/espace-relax\/#breadcrumb"},"inLanguage":"fr-FR","potentialAction":[{"@type":"ReadAction","target":["https:\/\/www.cascina36.com\/fr\/espace-relax\/"]}]},{"@type":"BreadcrumbList","@id":"https:\/\/www.cascina36.com\/fr\/espace-relax\/#breadcrumb","itemListElement":[{"@type":"ListItem","position":1,"name":"Home","item":"https:\/\/www.cascina36.com\/fr\/accueil-cascina36-b-b-bienvenue\/"},{"@type":"ListItem","position":2,"name":"Espace relax"}]},{"@type":"WebSite","@id":"https:\/\/www.cascina36.com\/fr\/#website","url":"https:\/\/www.cascina36.com\/fr\/","name":"Cascina36 B&amp;B","description":"B&amp;B, Bed and Breakfast, Pregnana Milanese, Milano, Italia, Fiera di Rho, Fiera Milano.","publisher":{"@id":"https:\/\/www.cascina36.com\/fr\/#organization"},"potentialAction":[{"@type":"SearchAction","target":{"@type":"EntryPoint","urlTemplate":"https:\/\/www.cascina36.com\/fr\/?s={search_term_string}"},"query-input":{"@type":"PropertyValueSpecification","valueRequired":true,"valueName":"search_term_string"}}],"inLanguage":"fr-FR"},{"@type":"Organization","@id":"https:\/\/www.cascina36.com\/fr\/#organization","name":"Cascina36 B&amp;B","url":"https:\/\/www.cascina36.com\/fr\/","logo":{"@type":"ImageObject","inLanguage":"fr-FR","@id":"https:\/\/www.cascina36.com\/fr\/#\/schema\/logo\/image\/","url":"https:\/\/www.cascina36.com\/wp-content\/uploads\/2017\/04\/LogoCascina36-1.jpg","contentUrl":"https:\/\/www.cascina36.com\/wp-content\/uploads\/2017\/04\/LogoCascina36-1.jpg","width":1038,"height":188,"caption":"Cascina36 B&amp;B"},"image":{"@id":"https:\/\/www.cascina36.com\/fr\/#\/schema\/logo\/image\/"}}]}},"_links":{"self":[{"href":"https:\/\/www.cascina36.com\/fr\/wp-json\/wp\/v2\/pages\/4140","targetHints":{"allow":["GET"]}}],"collection":[{"href":"https:\/\/www.cascina36.com\/fr\/wp-json\/wp\/v2\/pages"}],"about":[{"href":"https:\/\/www.cascina36.com\/fr\/wp-json\/wp\/v2\/types\/page"}],"author":[{"embeddable":true,"href":"https:\/\/www.cascina36.com\/fr\/wp-json\/wp\/v2\/users\/1"}],"replies":[{"embeddable":true,"href":"https:\/\/www.cascina36.com\/fr\/wp-json\/wp\/v2\/comments?post=4140"}],"version-history":[{"count":0,"href":"https:\/\/www.cascina36.com\/fr\/wp-json\/wp\/v2\/pages\/4140\/revisions"}],"wp:attachment":[{"href":"https:\/\/www.cascina36.com\/fr\/wp-json\/wp\/v2\/media?parent=4140"}],"curies":[{"name":"wp","href":"https:\/\/api.w.org\/{rel}","templated":true}]}}