{"id":4163,"date":"2019-05-31T13:51:57","date_gmt":"2019-05-31T11:51:57","guid":{"rendered":"https:\/\/www.cascina36.com\/accueil-cascina36-b-b-bienvenue\/ou-sommes-nous\/"},"modified":"2023-12-11T12:11:18","modified_gmt":"2023-12-11T11:11:18","slug":"ou-sommes-nous","status":"publish","type":"page","link":"https:\/\/www.cascina36.com\/fr\/ou-sommes-nous\/","title":{"rendered":"O\u00f9 sommes-nous"},"content":{"rendered":"<div class=\"fusion-fullwidth fullwidth-box fusion-builder-row-1 nonhundred-percent-fullwidth non-hundred-percent-height-scrolling\" style=\"--awb-border-radius-top-left:0px;--awb-border-radius-top-right:0px;--awb-border-radius-bottom-right:0px;--awb-border-radius-bottom-left:0px;--awb-flex-wrap:wrap;\" ><div class=\"fusion-builder-row fusion-row\"><div class=\"fusion-layout-column fusion_builder_column fusion-builder-column-0 fusion_builder_column_1_1 1_1 fusion-one-full fusion-column-first fusion-column-last\" style=\"--awb-bg-size:cover;\"><div class=\"fusion-column-wrapper fusion-flex-column-wrapper-legacy\"><div class=\"fusion-text fusion-text-1\"><p style=\"letter-spacing: 4px; font-size: 13px; margin-bottom: 0px; text-align: center;\">O\u00f9 sommes-nous<\/p>\n<h1 style=\"text-align: center;\">Le lit &amp; petit d\u00e9jeuner, l\u2019emplacement, les destinations.<\/h1>\n<\/div><div class=\"fusion-sep-clear\"><\/div><div class=\"fusion-separator\" style=\"margin-left: auto;margin-right: auto;margin-bottom:20px;width:100%;max-width:50px;\"><div class=\"fusion-separator-border sep-single sep-solid\" style=\"--awb-height:20px;--awb-amount:20px;--awb-sep-color:#498ca3;border-color:#498ca3;border-top-width:1px;\"><\/div><\/div><div class=\"fusion-sep-clear\"><\/div><div class=\"fusion-text fusion-text-2\"><h2 style=\"text-align: left;\">LE lit &amp; petit d\u00e9jeuner<\/h2>\n<p style=\"text-align: center;\"><em>via Cascina Comune n.36, Pregnana Milanese, 20006, Milan, Italie.<\/em><\/p>\n<\/div>\t\t\t\t\t<script type=\"text\/javascript\">\n\t\t\t\t\t\tvar map_fusion_map_69f738cd87715;\n\t\t\t\t\t\tvar markers = [];\n\t\t\t\t\t\tvar counter = 0;\n\t\t\t\t\t\t\t\t\t\t\t\t\t\t\t\t\t\t\t\tvar fusionMapNonce = '862eecc6e0';\n\t\t\t\t\t\t\t\t\t\t\t\tfunction fusion_run_map_fusion_map_69f738cd87715() {\n\t\t\t\t\t\t\tjQuery ('#fusion_map_69f738cd87715' ).fusion_maps( {\n\t\t\t\t\t\t\t\taddresses: [{\"address\":\"B &amp; B Cascina36, Via Cascina Comune 36, pr\\u00e9p. Milanese\",\"infobox_content\":\"B & B Cascina36, Via Cascina Comune 36, pr\\u00e9p. Milanese\",\"coordinates\":false,\"cache\":false}],\n\t\t\t\t\t\t\t\tanimations: false,\n\t\t\t\t\t\t\t\tinfobox_background_color: '',\n\t\t\t\t\t\t\t\tinfobox_styling: 'default',\n\t\t\t\t\t\t\t\tinfobox_text_color: '',\n\t\t\t\t\t\t\t\tmap_style: 'default',\n\t\t\t\t\t\t\t\tmap_type: 'hybrid',\n\t\t\t\t\t\t\t\tmarker_icon: '',\n\t\t\t\t\t\t\t\toverlay_color: '',\n\t\t\t\t\t\t\t\toverlay_color_hsl: {\"hue\":0,\"sat\":0,\"lum\":100},\n\t\t\t\t\t\t\t\tshow_address: true,\n\t\t\t\t\t\t\t\tscale_control: true,\n\t\t\t\t\t\t\t\tscrollwheel: false,\n\t\t\t\t\t\t\t\tzoom: 11,\n\t\t\t\t\t\t\t\tzoom_control: true,\n\t\t\t\t\t\t\t} );\n\t\t\t\t\t\t}\n\n\t\t\t\t\t\tgoogle.maps.event.addDomListener(window, 'load', fusion_run_map_fusion_map_69f738cd87715);\n\t\t\t\t\t<\/script>\n\t\t\t\t\t<div class=\"shortcode-map fusion-google-map fusion-maps-js-type\" id=\"fusion_map_69f738cd87715\"><\/div><div class=\"fusion-sep-clear\"><\/div><div class=\"fusion-separator\" style=\"margin-left: auto;margin-right: auto;margin-top:20px;margin-bottom:40px;width:100%;max-width:50px;\"><\/div><div class=\"fusion-sep-clear\"><\/div><div class=\"fusion-text fusion-text-3\"><h2 style=\"text-align: left;\">L\u2019EMPLACEMENT<\/h2>\n<h3>Le B &amp; B, Cascina 36, est dans une position extr\u00eamement strat\u00e9gique:<\/h3>\n<ul>\n<li><em>Station de<\/em> m\u00e9tro : accessible en <strong><em>3 minutes \u00e0 pied<\/em><\/strong>\u00e0 pied. Station de m\u00e9tro et de chemin de fer <strong>Pregnana Milanese<\/strong>;<\/li>\n<li>En 1 arr\u00eat, vous \u00eates \u00e0 <strong>Rho<\/strong><em>(~5 minutes<\/em>) ;<\/li>\n<li>En deux arr\u00eats, vous \u00eates \u00e0 <strong>Fiera Milano<\/strong><em>(Rho, ~10 minutes<\/em>), en bordure de la zone Ex-EXPO<strong>2015<\/strong>;<\/li>\n<li>En 3 arr\u00eats, vous \u00eates \u00e0 <strong>Milan<\/strong><em>(~13 minutes<\/em>) ;<\/li>\n<li>Ils sont accessibles et utilisables toutes les m\u00e9tropoles et les lignes de surface pour tourner enti\u00e8rement \u00e0 Milan et les pays de l\u2019hinterland;<\/li>\n<li>Le circuit ferroviaire souterrain \u00ab\u00a0passante ferroviario\u00a0\u00bb relie facilement <strong>Milan<\/strong>, l&rsquo;<strong>arri\u00e8re-pays milanais<\/strong> et le <strong>lac de C\u00f4me<\/strong>;<\/li>\n<li>Le centre de <strong>Milan<\/strong> est accessible en moins de <em>30 minutes<\/em>;<\/li>\n<li>Les clients peuvent <em>laisser <\/em>leur voiture dans le <em>parking int\u00e9rieur<\/em>, \u00e9vitant ainsi tous les probl\u00e8mes de circulation d&rsquo;une grande ville.<\/li>\n<\/ul>\n<p>A\u00e9roports : les a\u00e9roports internationaux de Milan Malpensa, Milan Linate et Bergamo Orio al Serio se trouvent \u00e0 <em>30 minutes<\/em> en voiture : Milan <strong>Malpensa<\/strong>, <strong>Milan Linate<\/strong> et <strong>Bergame Orio al Serio<\/strong>.<\/p>\n<p>En acceptant, vous pouvez utiliser un service de navette.<\/p>\n<\/div><div class=\"fusion-image-element fusion-image-align-center in-legacy-container\" style=\"text-align:center;--awb-caption-title-font-family:var(--h2_typography-font-family);--awb-caption-title-font-weight:var(--h2_typography-font-weight);--awb-caption-title-font-style:var(--h2_typography-font-style);--awb-caption-title-size:var(--h2_typography-font-size);--awb-caption-title-transform:var(--h2_typography-text-transform);--awb-caption-title-line-height:var(--h2_typography-line-height);--awb-caption-title-letter-spacing:var(--h2_typography-letter-spacing);\"><div class=\"imageframe-align-center\"><span class=\" fusion-imageframe imageframe-none imageframe-1 hover-type-none\"><a href=\"https:\/\/www.cascina36.com\/wp-content\/uploads\/2017\/07\/mappa_mezzi_milano.jpg\" class=\"fusion-lightbox\" data-rel=\"iLightbox[carte]\" data-title=\"mappa_mezzi_milano\" title=\"mappa_mezzi_milano\"><img decoding=\"async\" width=\"1920\" height=\"1548\" alt=\"Carte des itin\u00e9raires et trajets de Milan Metro\" src=\"https:\/\/www.cascina36.com\/wp-content\/uploads\/2017\/07\/mappa_mezzi_milano.jpg\" class=\"img-responsive wp-image-3759\" srcset=\"https:\/\/www.cascina36.com\/wp-content\/uploads\/2017\/07\/mappa_mezzi_milano-200x161.jpg 200w, https:\/\/www.cascina36.com\/wp-content\/uploads\/2017\/07\/mappa_mezzi_milano-400x323.jpg 400w, https:\/\/www.cascina36.com\/wp-content\/uploads\/2017\/07\/mappa_mezzi_milano-600x484.jpg 600w, https:\/\/www.cascina36.com\/wp-content\/uploads\/2017\/07\/mappa_mezzi_milano-800x645.jpg 800w, https:\/\/www.cascina36.com\/wp-content\/uploads\/2017\/07\/mappa_mezzi_milano-1200x968.jpg 1200w, https:\/\/www.cascina36.com\/wp-content\/uploads\/2017\/07\/mappa_mezzi_milano.jpg 1920w\" sizes=\"(max-width: 1105px) 100vw, 1200px\" \/><\/a><\/span><\/div><\/div><div class=\"fusion-sep-clear\"><\/div><div class=\"fusion-separator\" style=\"margin-left: auto;margin-right: auto;margin-top:20px;margin-bottom:40px;width:100%;max-width:50px;\"><\/div><div class=\"fusion-sep-clear\"><\/div><div class=\"fusion-text fusion-text-4\"><h2 style=\"text-align: left;\">LES OBJECTIFS<\/h2>\n<h4>Objectifs et suggestions:<\/h4>\n<ul>\n<li><a href=\"https:\/\/it.wikipedia.org\/wiki\/Milano\"><strong>Milan<\/strong><\/a>;<\/li>\n<li><a href=\"https:\/\/it.wikipedia.org\/wiki\/Villa_Visconti_Borromeo_Arese_Litta\"><strong>Nymph\u00e9e de la Villa Visconti Borromeo Litta<\/strong><\/a> de Lainate \u00e0 15 minutes ;<\/li>\n<li>Concerts et parc de la <a href=\"https:\/\/it.wikipedia.org\/wiki\/Villa_Arconati\"><strong>Villa Arconati<\/strong><\/a>\u00e0 Castellazzo di Bollate, \u00e0 20 minutes ;<\/li>\n<li><a href=\"https:\/\/it.wikipedia.org\/wiki\/Villa_Annoni_(Cuggiono)\"><strong>Villa Annoni<\/strong><\/a> \u00e0 Cuggiono, qui accueille Bake Off Italia \u00e0 30 minutes de route ;<\/li>\n<li><a href=\"https:\/\/it.wikipedia.org\/wiki\/Como\"><strong>Como<\/strong><\/a>;<\/li>\n<li><a href=\"https:\/\/it.wikipedia.org\/wiki\/Rocca_Borromea_di_Angera\"><strong>Forteresse d&rsquo;Angera<\/strong><\/a> sur le <a href=\"https:\/\/it.wikipedia.org\/wiki\/Lago_Maggiore\"><strong>lac Majeur<\/strong><\/a><\/li>\n<li><a href=\"https:\/\/it.wikipedia.org\/wiki\/Isole_Borromee\"><strong>\u00celes Borrom\u00e9es<\/strong><\/a> sur <a href=\"https:\/\/it.wikipedia.org\/wiki\/Lago_Maggiore\"><strong>Lac Majeur<\/strong><\/a><\/li>\n<\/ul>\n<\/div>\t\t\t\t\t<script type=\"text\/javascript\">\n\t\t\t\t\t\tvar map_fusion_map_69f738cd88519;\n\t\t\t\t\t\tvar markers = [];\n\t\t\t\t\t\tvar counter = 0;\n\t\t\t\t\t\t\t\t\t\t\t\tfunction fusion_run_map_fusion_map_69f738cd88519() {\n\t\t\t\t\t\t\tjQuery ('#fusion_map_69f738cd88519' ).fusion_maps( {\n\t\t\t\t\t\t\t\taddresses: [{\"address\":\"B &amp; B Cascina36, Via Cascina Comune 36, pr\\u00e9c. milanais \",\"infobox_content\":\"B & B Cascina36, Via Cascina Comune 36, pr\\u00e9c. milanais \",\"coordinates\":false,\"cache\":false},{\"address\":\" Station, pr\\u00e9\\u00e0-la-Milane \",\"infobox_content\":\" Station, pr\\u00e9\\u00e0-la-Milane \",\"coordinates\":false,\"cache\":false},{\"address\":\" Station, Rho \",\"infobox_content\":\" Station, Rho \",\"coordinates\":false,\"cache\":true,\"latitude\":\"45.5241135\",\"longitude\":\"9.043543\"},{\"address\":\" Station, Rho Fiera Milano \",\"infobox_content\":\" Station, Rho Fiera Milano \",\"coordinates\":false,\"cache\":true,\"latitude\":\"45.5211325\",\"longitude\":\"9.0885057\"},{\"address\":\" Gare Milano Certosa, Milan \",\"infobox_content\":\" Gare Milano Certosa, Milan \",\"coordinates\":false,\"cache\":false},{\"address\":\" Gare de Milan Lancetti, Milan \",\"infobox_content\":\" Gare de Milan Lancetti, Milan \",\"coordinates\":false,\"cache\":false},{\"address\":\" Gare de Milan Porta Garibaldi, Milan \",\"infobox_content\":\" Gare de Milan Porta Garibaldi, Milan \",\"coordinates\":false,\"cache\":false},{\"address\":\" Piazza Duomo, Milan \",\"infobox_content\":\" Piazza Duomo, Milan \",\"coordinates\":false,\"cache\":true,\"latitude\":\"45.4637188\",\"longitude\":\"9.1906043\"},{\"address\":\" Como Lago Railway Station, Como \",\"infobox_content\":\" Como Lago Railway Station, Como \",\"coordinates\":false,\"cache\":false},{\"address\":\" Castello Sforzesco, Milan \",\"infobox_content\":\" Castello Sforzesco, Milan \",\"coordinates\":false,\"cache\":true,\"latitude\":\"45.4704762\",\"longitude\":\"9.1793325\"},{\"address\":\" A\\u00e9roport de Milan Malpensa \",\"infobox_content\":\" A\\u00e9roport de Milan Malpensa \",\"coordinates\":false,\"cache\":false},{\"address\":\" A\\u00e9roport de Milan Linate \",\"infobox_content\":\" A\\u00e9roport de Milan Linate \",\"coordinates\":false,\"cache\":false},{\"address\":\" A\\u00e9roport Bergamo, Orio al Serio\",\"infobox_content\":\" A\\u00e9roport Bergamo, Orio al Serio\",\"coordinates\":false,\"cache\":false}],\n\t\t\t\t\t\t\t\tanimations: false,\n\t\t\t\t\t\t\t\tinfobox_background_color: '',\n\t\t\t\t\t\t\t\tinfobox_styling: 'default',\n\t\t\t\t\t\t\t\tinfobox_text_color: '',\n\t\t\t\t\t\t\t\tmap_style: 'default',\n\t\t\t\t\t\t\t\tmap_type: 'roadmap',\n\t\t\t\t\t\t\t\tmarker_icon: '',\n\t\t\t\t\t\t\t\toverlay_color: '',\n\t\t\t\t\t\t\t\toverlay_color_hsl: {\"hue\":0,\"sat\":0,\"lum\":100},\n\t\t\t\t\t\t\t\tshow_address: true,\n\t\t\t\t\t\t\t\tscale_control: true,\n\t\t\t\t\t\t\t\tscrollwheel: false,\n\t\t\t\t\t\t\t\tzoom: 9,\n\t\t\t\t\t\t\t\tzoom_control: true,\n\t\t\t\t\t\t\t} );\n\t\t\t\t\t\t}\n\n\t\t\t\t\t\tgoogle.maps.event.addDomListener(window, 'load', fusion_run_map_fusion_map_69f738cd88519);\n\t\t\t\t\t<\/script>\n\t\t\t\t\t<div class=\"shortcode-map fusion-google-map fusion-maps-js-type\" id=\"fusion_map_69f738cd88519\"><\/div><div class=\"fusion-clearfix\"><\/div><\/div><\/div><\/div><\/div>\n","protected":false},"excerpt":{"rendered":"","protected":false},"author":2,"featured_media":0,"parent":0,"menu_order":0,"comment_status":"closed","ping_status":"closed","template":"","meta":{"iawp_total_views":0,"footnotes":""},"class_list":["post-4163","page","type-page","status-publish","hentry"],"yoast_head":"<!-- This site is optimized with the Yoast SEO plugin v27.3 - https:\/\/yoast.com\/product\/yoast-seo-wordpress\/ -->\n<title>O\u00f9 sommes-nous - Cascina36 B&amp;B<\/title>\n<meta name=\"robots\" content=\"index, follow, max-snippet:-1, max-image-preview:large, max-video-preview:-1\" \/>\n<link rel=\"canonical\" href=\"https:\/\/www.cascina36.com\/fr\/ou-sommes-nous\/\" \/>\n<meta property=\"og:locale\" content=\"fr_FR\" \/>\n<meta property=\"og:type\" content=\"article\" \/>\n<meta property=\"og:title\" content=\"O\u00f9 sommes-nous - Cascina36 B&amp;B\" \/>\n<meta property=\"og:url\" content=\"https:\/\/www.cascina36.com\/fr\/ou-sommes-nous\/\" \/>\n<meta property=\"og:site_name\" content=\"Cascina36 B&amp;B\" \/>\n<meta property=\"article:modified_time\" content=\"2023-12-11T11:11:18+00:00\" \/>\n<meta name=\"twitter:card\" content=\"summary_large_image\" \/>\n<meta name=\"twitter:label1\" content=\"Dur\u00e9e de lecture estim\u00e9e\" \/>\n\t<meta name=\"twitter:data1\" content=\"4 minutes\" \/>\n<script type=\"application\/ld+json\" class=\"yoast-schema-graph\">{\"@context\":\"https:\\\/\\\/schema.org\",\"@graph\":[{\"@type\":\"WebPage\",\"@id\":\"https:\\\/\\\/www.cascina36.com\\\/fr\\\/ou-sommes-nous\\\/\",\"url\":\"https:\\\/\\\/www.cascina36.com\\\/fr\\\/ou-sommes-nous\\\/\",\"name\":\"O\u00f9 sommes-nous - Cascina36 B&amp;B\",\"isPartOf\":{\"@id\":\"https:\\\/\\\/www.cascina36.com\\\/fr\\\/#website\"},\"datePublished\":\"2019-05-31T11:51:57+00:00\",\"dateModified\":\"2023-12-11T11:11:18+00:00\",\"breadcrumb\":{\"@id\":\"https:\\\/\\\/www.cascina36.com\\\/fr\\\/ou-sommes-nous\\\/#breadcrumb\"},\"inLanguage\":\"fr-FR\",\"potentialAction\":[{\"@type\":\"ReadAction\",\"target\":[\"https:\\\/\\\/www.cascina36.com\\\/fr\\\/ou-sommes-nous\\\/\"]}]},{\"@type\":\"BreadcrumbList\",\"@id\":\"https:\\\/\\\/www.cascina36.com\\\/fr\\\/ou-sommes-nous\\\/#breadcrumb\",\"itemListElement\":[{\"@type\":\"ListItem\",\"position\":1,\"name\":\"Home\",\"item\":\"https:\\\/\\\/www.cascina36.com\\\/fr\\\/accueil-cascina36-b-b-bienvenue\\\/\"},{\"@type\":\"ListItem\",\"position\":2,\"name\":\"O\u00f9 sommes-nous\"}]},{\"@type\":\"WebSite\",\"@id\":\"https:\\\/\\\/www.cascina36.com\\\/fr\\\/#website\",\"url\":\"https:\\\/\\\/www.cascina36.com\\\/fr\\\/\",\"name\":\"Cascina36 B&amp;B\",\"description\":\"B&amp;B, Bed and Breakfast, Pregnana Milanese, Milano, Italia, Fiera di Rho, Fiera Milano.\",\"publisher\":{\"@id\":\"https:\\\/\\\/www.cascina36.com\\\/fr\\\/#organization\"},\"potentialAction\":[{\"@type\":\"SearchAction\",\"target\":{\"@type\":\"EntryPoint\",\"urlTemplate\":\"https:\\\/\\\/www.cascina36.com\\\/fr\\\/?s={search_term_string}\"},\"query-input\":{\"@type\":\"PropertyValueSpecification\",\"valueRequired\":true,\"valueName\":\"search_term_string\"}}],\"inLanguage\":\"fr-FR\"},{\"@type\":\"Organization\",\"@id\":\"https:\\\/\\\/www.cascina36.com\\\/fr\\\/#organization\",\"name\":\"Cascina36 B&amp;B\",\"url\":\"https:\\\/\\\/www.cascina36.com\\\/fr\\\/\",\"logo\":{\"@type\":\"ImageObject\",\"inLanguage\":\"fr-FR\",\"@id\":\"https:\\\/\\\/www.cascina36.com\\\/fr\\\/#\\\/schema\\\/logo\\\/image\\\/\",\"url\":\"https:\\\/\\\/www.cascina36.com\\\/wp-content\\\/uploads\\\/2017\\\/04\\\/LogoCascina36-1.jpg\",\"contentUrl\":\"https:\\\/\\\/www.cascina36.com\\\/wp-content\\\/uploads\\\/2017\\\/04\\\/LogoCascina36-1.jpg\",\"width\":1038,\"height\":188,\"caption\":\"Cascina36 B&amp;B\"},\"image\":{\"@id\":\"https:\\\/\\\/www.cascina36.com\\\/fr\\\/#\\\/schema\\\/logo\\\/image\\\/\"}}]}<\/script>\n<!-- \/ Yoast SEO plugin. -->","yoast_head_json":{"title":"O\u00f9 sommes-nous - Cascina36 B&amp;B","robots":{"index":"index","follow":"follow","max-snippet":"max-snippet:-1","max-image-preview":"max-image-preview:large","max-video-preview":"max-video-preview:-1"},"canonical":"https:\/\/www.cascina36.com\/fr\/ou-sommes-nous\/","og_locale":"fr_FR","og_type":"article","og_title":"O\u00f9 sommes-nous - Cascina36 B&amp;B","og_url":"https:\/\/www.cascina36.com\/fr\/ou-sommes-nous\/","og_site_name":"Cascina36 B&amp;B","article_modified_time":"2023-12-11T11:11:18+00:00","twitter_card":"summary_large_image","twitter_misc":{"Dur\u00e9e de lecture estim\u00e9e":"4 minutes"},"schema":{"@context":"https:\/\/schema.org","@graph":[{"@type":"WebPage","@id":"https:\/\/www.cascina36.com\/fr\/ou-sommes-nous\/","url":"https:\/\/www.cascina36.com\/fr\/ou-sommes-nous\/","name":"O\u00f9 sommes-nous - Cascina36 B&amp;B","isPartOf":{"@id":"https:\/\/www.cascina36.com\/fr\/#website"},"datePublished":"2019-05-31T11:51:57+00:00","dateModified":"2023-12-11T11:11:18+00:00","breadcrumb":{"@id":"https:\/\/www.cascina36.com\/fr\/ou-sommes-nous\/#breadcrumb"},"inLanguage":"fr-FR","potentialAction":[{"@type":"ReadAction","target":["https:\/\/www.cascina36.com\/fr\/ou-sommes-nous\/"]}]},{"@type":"BreadcrumbList","@id":"https:\/\/www.cascina36.com\/fr\/ou-sommes-nous\/#breadcrumb","itemListElement":[{"@type":"ListItem","position":1,"name":"Home","item":"https:\/\/www.cascina36.com\/fr\/accueil-cascina36-b-b-bienvenue\/"},{"@type":"ListItem","position":2,"name":"O\u00f9 sommes-nous"}]},{"@type":"WebSite","@id":"https:\/\/www.cascina36.com\/fr\/#website","url":"https:\/\/www.cascina36.com\/fr\/","name":"Cascina36 B&amp;B","description":"B&amp;B, Bed and Breakfast, Pregnana Milanese, Milano, Italia, Fiera di Rho, Fiera Milano.","publisher":{"@id":"https:\/\/www.cascina36.com\/fr\/#organization"},"potentialAction":[{"@type":"SearchAction","target":{"@type":"EntryPoint","urlTemplate":"https:\/\/www.cascina36.com\/fr\/?s={search_term_string}"},"query-input":{"@type":"PropertyValueSpecification","valueRequired":true,"valueName":"search_term_string"}}],"inLanguage":"fr-FR"},{"@type":"Organization","@id":"https:\/\/www.cascina36.com\/fr\/#organization","name":"Cascina36 B&amp;B","url":"https:\/\/www.cascina36.com\/fr\/","logo":{"@type":"ImageObject","inLanguage":"fr-FR","@id":"https:\/\/www.cascina36.com\/fr\/#\/schema\/logo\/image\/","url":"https:\/\/www.cascina36.com\/wp-content\/uploads\/2017\/04\/LogoCascina36-1.jpg","contentUrl":"https:\/\/www.cascina36.com\/wp-content\/uploads\/2017\/04\/LogoCascina36-1.jpg","width":1038,"height":188,"caption":"Cascina36 B&amp;B"},"image":{"@id":"https:\/\/www.cascina36.com\/fr\/#\/schema\/logo\/image\/"}}]}},"_links":{"self":[{"href":"https:\/\/www.cascina36.com\/fr\/wp-json\/wp\/v2\/pages\/4163","targetHints":{"allow":["GET"]}}],"collection":[{"href":"https:\/\/www.cascina36.com\/fr\/wp-json\/wp\/v2\/pages"}],"about":[{"href":"https:\/\/www.cascina36.com\/fr\/wp-json\/wp\/v2\/types\/page"}],"author":[{"embeddable":true,"href":"https:\/\/www.cascina36.com\/fr\/wp-json\/wp\/v2\/users\/2"}],"replies":[{"embeddable":true,"href":"https:\/\/www.cascina36.com\/fr\/wp-json\/wp\/v2\/comments?post=4163"}],"version-history":[{"count":0,"href":"https:\/\/www.cascina36.com\/fr\/wp-json\/wp\/v2\/pages\/4163\/revisions"}],"wp:attachment":[{"href":"https:\/\/www.cascina36.com\/fr\/wp-json\/wp\/v2\/media?parent=4163"}],"curies":[{"name":"wp","href":"https:\/\/api.w.org\/{rel}","templated":true}]}}