{"id":1790,"date":"2017-04-19T14:08:32","date_gmt":"2017-04-19T12:08:32","guid":{"rendered":"http:\/\/www.cascina36.com\/?page_id=1790"},"modified":"2023-08-04T10:29:17","modified_gmt":"2023-08-04T08:29:17","slug":"regolamento-generale-ospiti","status":"publish","type":"page","link":"https:\/\/www.cascina36.com\/it\/regolamento-generale-ospiti\/","title":{"rendered":"Regolamento interno generale per gli ospiti"},"content":{"rendered":"<div class=\"fusion-fullwidth fullwidth-box fusion-builder-row-1 nonhundred-percent-fullwidth non-hundred-percent-height-scrolling\" style=\"--awb-border-radius-top-left:0px;--awb-border-radius-top-right:0px;--awb-border-radius-bottom-right:0px;--awb-border-radius-bottom-left:0px;--awb-flex-wrap:wrap;\" ><div class=\"fusion-builder-row fusion-row\"><div class=\"fusion-layout-column fusion_builder_column fusion-builder-column-0 fusion_builder_column_1_1 1_1 fusion-one-full fusion-column-first fusion-column-last\" style=\"--awb-bg-size:cover;--awb-margin-bottom:0px;\"><div class=\"fusion-column-wrapper fusion-flex-column-wrapper-legacy\"><div class=\"fusion-text fusion-text-1\"><h1>Regolamento interno generale per gli ospiti e per l\u2019utilizzo dell\u2019Area Relax<\/h1>\n<h2 data-fontsize=\"26\" data-lineheight=\"43\">Felici di ospitarvi, Vi invitiamo a prendere visione del nostro regolamento interno.<\/h2>\n<h3 data-fontsize=\"24\" data-lineheight=\"40\">Le nostre piccole regole, da osservare nel B&amp;B, non sono soltanto quelle previste dalla legge, ma soprattutto quelle dettate dal buon senso e dal reciproco rispetto.<\/h3>\n<ol>\n<li>Le prenotazioni possono essere disdette gratuitamente fino a 3 giorni prima del Check-In, sotto i 3 giorni o in caso di mancato avviso sar\u00e0 addebitata la prima notte del soggiorno prenotato.<\/li>\n<\/ol>\n<ol start=\"2\">\n<li>Il Check-in \u00e8 dalle ore 12,30 alle ore 21,00; il check-out \u00e8 previsto entro le ore 10,00. In caso di specifiche richieste per modificare gli orari di check-in o check-out si richiede di comunicarlo e concordarlo preventivamente con la struttura prima del vostro arrivo.<\/li>\n<\/ol>\n<ol start=\"3\">\n<li>All\u2019arrivo nel B&amp;B verranno richiesti e consegnati i documenti quali <strong>Carta di Identit\u00e0 <\/strong><strong>e\/o<\/strong><strong> Passaporto<\/strong> in corso di validit\u00e0, <strong>necessari per le registrazioni previste dalla Normativa Vigente.<\/strong> La non osservanza di tale obbligo costituisce violazione alle norme del codice penale e ci autorizza a chiedere l\u2019abbandono immediato del B&amp;B. I dati dei nostri ospiti sono trattati in conformit\u00e0 con la vigente normativa sulla privacy.<\/li>\n<\/ol>\n<ol start=\"4\">\n<li>Una volta compilate le schede di Notifica verr\u00e0 richiesto il saldo del soggiorno che dovr\u00e0 essere effettuato in contanti, carta di credito o bancomat.<\/li>\n<\/ol>\n<ol start=\"5\">\n<li>La struttura non \u00e8 vincolata da orari prestabiliti, i nostri ospiti sono cos\u00ec liberi di accedere alla struttura negli orari per loro ideali. Chiediamo solo di chiudere sempre a chiave le vostre camere.<\/li>\n<\/ol>\n<ol start=\"6\">\n<li>All\u2019interno del B&amp;B, solo per motivi igienici e per eventuali allergie da parte di altri clienti, non sono ammessi animali.<\/li>\n<\/ol>\n<ol start=\"7\">\n<li>Un ricco buffet per la colazione, viene servito nell\u2019area comune ogni giorno dalle ore 7,00 alle ore 10,00.<\/li>\n<\/ol>\n<ol start=\"8\">\n<li>\u00c8 vietato consumare cibi in camera e accendere fornelli propri. In conformit\u00e0 alla legislazione regionale, nonch\u00e9 per ragioni di sicurezza e rispetto degli altri ospiti, per l\u2019utilizzo della cucina ci si deve rivolgere al personale.<\/li>\n<\/ol>\n<ol start=\"9\">\n<li>Le pulizie delle camere e dei bagni vengono effettuate giornalmente; il cambio della biancheria da letto a giorni alterni dalla data del check-in; la biancheria del bagno, verr\u00e0 cambiata solo se quest\u2019ultima verr\u00e0 riposta sul pavimento.<\/li>\n<\/ol>\n<ol start=\"10\">\n<li>Non \u00e8 assolutamente consentito fumare all\u2019interno degli ambienti e delle camere. L\u2019osservanza di questa regola nasce dall\u2019esigenza di tutelare chi non fuma e chi verr\u00e0 dopo di voi, oltre che dalle norme di prevenzione incendi.<\/li>\n<\/ol>\n<ol start=\"11\">\n<li>\u00c8 nostra premura informarvi che le camere non dispongono di cassette di sicurezza. Pertanto vi invitiamo a non lasciare nessun effetto di valore incustodito nelle camere, bagni ed aree comuni. Invitiamo gli ospiti a chiudere sempre porte e finestre, il B&amp;B declina ogni responsabilit\u00e0 per lo smarrimento, il furto o il danneggiamento di oggetti di vostra propriet\u00e0 lasciati nelle camere, bagni ed aree comuni.<\/li>\n<\/ol>\n<ol start=\"12\">\n<li>Ogni ospite \u00e8 tenuto a risarcire eventuali danni arrecati al B&amp;B e per l\u2019uso improprio delle dotazioni complementari. A fine permanenza, dovranno <strong>riconsegnare le chiavi<\/strong>.<\/li>\n<\/ol>\n<ol start=\"13\">\n<li>In caso di smarrimento delle chiavi sar\u00e0 addebitato il danno.<\/li>\n<\/ol>\n<ol start=\"14\">\n<li>Qualora l\u2019ospite ricevesse una visita, il visitatore deve obbligatoriamente esibire al personale un documento di identit\u00e0 in corso di validit\u00e0.<\/li>\n<\/ol>\n<ol start=\"15\">\n<li>Si raccomanda di spegnere le luci, TV, climatizzatori e gli altri impianti ogni volta che si lascia la camera.<\/li>\n<\/ol>\n<p><strong>Area Relax<\/strong><\/p>\n<ol start=\"16\">\n<li>L\u2019accesso all\u2019Area Relax \u00e8 consentito solo agli ospiti de \u201cCascina 36 B&amp;B\u201d; eventuali visitatori esterni (massimo 2 persone per ospite del B&amp;B), dovranno attenersi al presente regolamento ed esibire un documento di identit\u00e0, in corso di validit\u00e0.<\/li>\n<\/ol>\n<ol start=\"17\">\n<li>La piscina \u00e8 accessibile dalle ore 10,00 alle ore 21,00.<\/li>\n<\/ol>\n<ol start=\"18\">\n<li>\u00c8 vietato l\u2019accesso ai minori di 12 anni ed ai portatori di handicap non accompagnati, data l\u2019assenza dell\u2019assistente bagnanti.<\/li>\n<\/ol>\n<ol start=\"19\">\n<li>La profondit\u00e0 della piscina \u00e8 di metri 1,40 in tutte le sue parti.<\/li>\n<\/ol>\n<ol start=\"20\">\n<li>\u00c8 vietato tuffarsi e correre sul piano vasca.<\/li>\n<\/ol>\n<ol start=\"21\">\n<li>Si raccomanda di non bagnarsi a meno di tre ore dal consumo del pasto.<\/li>\n<\/ol>\n<ol start=\"22\">\n<li>\u00c8 vietato consumare sul piano vasca cibi o bevande.<\/li>\n<\/ol>\n<ol start=\"23\">\n<li>\u00c8 obbligatorio accedere alla piscina passando dalla doccia che va utilizzata prima di entrare in acqua.<\/li>\n<\/ol>\n<ol start=\"24\">\n<li>\u00c8 vietato lo svolgimento di attivit\u00e0 in apnea senza la presenza di un istruttore abilitato.<\/li>\n<\/ol>\n<ol start=\"25\">\n<li>\u00c8 vietato l\u2019uso di creme solari e oli per capelli prima dell\u2019ingresso in vasca.<\/li>\n<\/ol>\n<ol start=\"26\">\n<li>\u00c8 vietato introdurre in piscina bottiglie, oggetti in vetro e altri oggetti non strettamente attinenti alla balneazione.<\/li>\n<\/ol>\n<ol start=\"27\">\n<li>\u00c8 fatto divieto di balneazione in particolari condizioni atmosferiche quali temporali.<\/li>\n<\/ol>\n<ol start=\"28\">\n<li>\u00c8 fatto divieto di entrare in piscina alle persone in stato psicofisico alterato (ubriachezza, alterazioni da stupefacenti ecc.) o anche in evidenti condizioni precarie di salute, tali da rappresentare un rischio per l\u2019incolumit\u00e0 del soggetto stesso e per gli utenti fisiologicamente incontinenti.<\/li>\n<\/ol>\n<ol start=\"29\">\n<li>La direzione non risponde in alcun modo degli eventuali incidenti, infortuni, o altro, che possano accadere ai bagnanti per comportamenti loro imputabili, soprattutto se in violazione del presente regolamento.<\/li>\n<\/ol>\n<ol start=\"30\">\n<li>A norma di legge \u00e8 proibita la doccia e il bagno senza costume.<\/li>\n<\/ol>\n<p style=\"text-align: center;\"><em><strong>La Direzione del B&amp;B Cascina 36,<\/strong><\/em><\/p>\n<p style=\"text-align: center;\"><em><strong>Ringrazia anticipatamente, certi di una cortese collaborazione, <\/strong><\/em><\/p>\n<p style=\"text-align: center;\"><em><strong>nell\u2019accettare e far rispettare il presente regolamento.<\/strong><\/em><\/p>\n<p style=\"text-align: center;\"><em><strong>Restiamo a disposizione per qualsiasi chiarimento e vi auguriamo un felice soggiorno.<\/strong><\/em><\/p>\n<\/div><div class=\"fusion-image-element fusion-image-align-center in-legacy-container\" style=\"text-align:center;--awb-caption-title-font-family:var(--h2_typography-font-family);--awb-caption-title-font-weight:var(--h2_typography-font-weight);--awb-caption-title-font-style:var(--h2_typography-font-style);--awb-caption-title-size:var(--h2_typography-font-size);--awb-caption-title-transform:var(--h2_typography-text-transform);--awb-caption-title-line-height:var(--h2_typography-line-height);--awb-caption-title-letter-spacing:var(--h2_typography-letter-spacing);\"><div class=\"imageframe-align-center\"><span class=\" fusion-imageframe imageframe-none imageframe-1 hover-type-none\"><img decoding=\"async\" width=\"1280\" height=\"850\" title=\"esterno principale\" src=\"https:\/\/www.cascina36.com\/wp-content\/uploads\/2017\/04\/esterno-principale.jpg\" alt class=\"img-responsive wp-image-2009\" srcset=\"https:\/\/www.cascina36.com\/wp-content\/uploads\/2017\/04\/esterno-principale-200x133.jpg 200w, https:\/\/www.cascina36.com\/wp-content\/uploads\/2017\/04\/esterno-principale-400x266.jpg 400w, https:\/\/www.cascina36.com\/wp-content\/uploads\/2017\/04\/esterno-principale-600x398.jpg 600w, https:\/\/www.cascina36.com\/wp-content\/uploads\/2017\/04\/esterno-principale-800x531.jpg 800w, https:\/\/www.cascina36.com\/wp-content\/uploads\/2017\/04\/esterno-principale-1200x797.jpg 1200w, https:\/\/www.cascina36.com\/wp-content\/uploads\/2017\/04\/esterno-principale.jpg 1280w\" sizes=\"(max-width: 1105px) 100vw, 1200px\" \/><\/span><\/div><\/div><div class=\"fusion-clearfix\"><\/div><\/div><\/div><\/div><\/div>\n","protected":false},"excerpt":{"rendered":"","protected":false},"author":1,"featured_media":0,"parent":0,"menu_order":0,"comment_status":"closed","ping_status":"closed","template":"","meta":{"iawp_total_views":1,"footnotes":""},"class_list":["post-1790","page","type-page","status-publish","hentry"],"yoast_head":"<!-- This site is optimized with the Yoast SEO plugin v27.3 - https:\/\/yoast.com\/product\/yoast-seo-wordpress\/ -->\n<title>Regolamento interno generale per gli ospiti - Cascina36 B&amp;B<\/title>\n<meta name=\"robots\" content=\"index, follow, max-snippet:-1, max-image-preview:large, max-video-preview:-1\" \/>\n<link rel=\"canonical\" href=\"https:\/\/www.cascina36.com\/it\/regolamento-generale-ospiti\/\" \/>\n<meta property=\"og:locale\" content=\"it_IT\" \/>\n<meta property=\"og:type\" content=\"article\" \/>\n<meta property=\"og:title\" content=\"Regolamento interno generale per gli ospiti - Cascina36 B&amp;B\" \/>\n<meta property=\"og:url\" content=\"https:\/\/www.cascina36.com\/it\/regolamento-generale-ospiti\/\" \/>\n<meta property=\"og:site_name\" content=\"Cascina36 B&amp;B\" \/>\n<meta property=\"article:modified_time\" content=\"2023-08-04T08:29:17+00:00\" \/>\n<meta name=\"twitter:card\" content=\"summary_large_image\" \/>\n<meta name=\"twitter:label1\" content=\"Tempo di lettura stimato\" \/>\n\t<meta name=\"twitter:data1\" content=\"5 minuti\" \/>\n<script type=\"application\/ld+json\" class=\"yoast-schema-graph\">{\"@context\":\"https:\\\/\\\/schema.org\",\"@graph\":[{\"@type\":\"WebPage\",\"@id\":\"https:\\\/\\\/www.cascina36.com\\\/it\\\/regolamento-generale-ospiti\\\/\",\"url\":\"https:\\\/\\\/www.cascina36.com\\\/it\\\/regolamento-generale-ospiti\\\/\",\"name\":\"Regolamento interno generale per gli ospiti - Cascina36 B&amp;B\",\"isPartOf\":{\"@id\":\"https:\\\/\\\/www.cascina36.com\\\/it\\\/#website\"},\"datePublished\":\"2017-04-19T12:08:32+00:00\",\"dateModified\":\"2023-08-04T08:29:17+00:00\",\"breadcrumb\":{\"@id\":\"https:\\\/\\\/www.cascina36.com\\\/it\\\/regolamento-generale-ospiti\\\/#breadcrumb\"},\"inLanguage\":\"it-IT\",\"potentialAction\":[{\"@type\":\"ReadAction\",\"target\":[\"https:\\\/\\\/www.cascina36.com\\\/it\\\/regolamento-generale-ospiti\\\/\"]}]},{\"@type\":\"BreadcrumbList\",\"@id\":\"https:\\\/\\\/www.cascina36.com\\\/it\\\/regolamento-generale-ospiti\\\/#breadcrumb\",\"itemListElement\":[{\"@type\":\"ListItem\",\"position\":1,\"name\":\"Home\",\"item\":\"https:\\\/\\\/www.cascina36.com\\\/it\\\/\"},{\"@type\":\"ListItem\",\"position\":2,\"name\":\"Regolamento interno generale per gli ospiti\"}]},{\"@type\":\"WebSite\",\"@id\":\"https:\\\/\\\/www.cascina36.com\\\/it\\\/#website\",\"url\":\"https:\\\/\\\/www.cascina36.com\\\/it\\\/\",\"name\":\"Cascina36 B&amp;B\",\"description\":\"B&amp;B, Bed and Breakfast, Pregnana Milanese, Milano, Italia, Fiera di Rho, Fiera Milano.\",\"publisher\":{\"@id\":\"https:\\\/\\\/www.cascina36.com\\\/it\\\/#organization\"},\"potentialAction\":[{\"@type\":\"SearchAction\",\"target\":{\"@type\":\"EntryPoint\",\"urlTemplate\":\"https:\\\/\\\/www.cascina36.com\\\/it\\\/?s={search_term_string}\"},\"query-input\":{\"@type\":\"PropertyValueSpecification\",\"valueRequired\":true,\"valueName\":\"search_term_string\"}}],\"inLanguage\":\"it-IT\"},{\"@type\":\"Organization\",\"@id\":\"https:\\\/\\\/www.cascina36.com\\\/it\\\/#organization\",\"name\":\"Cascina36 B&amp;B\",\"url\":\"https:\\\/\\\/www.cascina36.com\\\/it\\\/\",\"logo\":{\"@type\":\"ImageObject\",\"inLanguage\":\"it-IT\",\"@id\":\"https:\\\/\\\/www.cascina36.com\\\/it\\\/#\\\/schema\\\/logo\\\/image\\\/\",\"url\":\"https:\\\/\\\/www.cascina36.com\\\/wp-content\\\/uploads\\\/2017\\\/04\\\/LogoCascina36-1.jpg\",\"contentUrl\":\"https:\\\/\\\/www.cascina36.com\\\/wp-content\\\/uploads\\\/2017\\\/04\\\/LogoCascina36-1.jpg\",\"width\":1038,\"height\":188,\"caption\":\"Cascina36 B&amp;B\"},\"image\":{\"@id\":\"https:\\\/\\\/www.cascina36.com\\\/it\\\/#\\\/schema\\\/logo\\\/image\\\/\"}}]}<\/script>\n<!-- \/ Yoast SEO plugin. -->","yoast_head_json":{"title":"Regolamento interno generale per gli ospiti - Cascina36 B&amp;B","robots":{"index":"index","follow":"follow","max-snippet":"max-snippet:-1","max-image-preview":"max-image-preview:large","max-video-preview":"max-video-preview:-1"},"canonical":"https:\/\/www.cascina36.com\/it\/regolamento-generale-ospiti\/","og_locale":"it_IT","og_type":"article","og_title":"Regolamento interno generale per gli ospiti - Cascina36 B&amp;B","og_url":"https:\/\/www.cascina36.com\/it\/regolamento-generale-ospiti\/","og_site_name":"Cascina36 B&amp;B","article_modified_time":"2023-08-04T08:29:17+00:00","twitter_card":"summary_large_image","twitter_misc":{"Tempo di lettura stimato":"5 minuti"},"schema":{"@context":"https:\/\/schema.org","@graph":[{"@type":"WebPage","@id":"https:\/\/www.cascina36.com\/it\/regolamento-generale-ospiti\/","url":"https:\/\/www.cascina36.com\/it\/regolamento-generale-ospiti\/","name":"Regolamento interno generale per gli ospiti - Cascina36 B&amp;B","isPartOf":{"@id":"https:\/\/www.cascina36.com\/it\/#website"},"datePublished":"2017-04-19T12:08:32+00:00","dateModified":"2023-08-04T08:29:17+00:00","breadcrumb":{"@id":"https:\/\/www.cascina36.com\/it\/regolamento-generale-ospiti\/#breadcrumb"},"inLanguage":"it-IT","potentialAction":[{"@type":"ReadAction","target":["https:\/\/www.cascina36.com\/it\/regolamento-generale-ospiti\/"]}]},{"@type":"BreadcrumbList","@id":"https:\/\/www.cascina36.com\/it\/regolamento-generale-ospiti\/#breadcrumb","itemListElement":[{"@type":"ListItem","position":1,"name":"Home","item":"https:\/\/www.cascina36.com\/it\/"},{"@type":"ListItem","position":2,"name":"Regolamento interno generale per gli ospiti"}]},{"@type":"WebSite","@id":"https:\/\/www.cascina36.com\/it\/#website","url":"https:\/\/www.cascina36.com\/it\/","name":"Cascina36 B&amp;B","description":"B&amp;B, Bed and Breakfast, Pregnana Milanese, Milano, Italia, Fiera di Rho, Fiera Milano.","publisher":{"@id":"https:\/\/www.cascina36.com\/it\/#organization"},"potentialAction":[{"@type":"SearchAction","target":{"@type":"EntryPoint","urlTemplate":"https:\/\/www.cascina36.com\/it\/?s={search_term_string}"},"query-input":{"@type":"PropertyValueSpecification","valueRequired":true,"valueName":"search_term_string"}}],"inLanguage":"it-IT"},{"@type":"Organization","@id":"https:\/\/www.cascina36.com\/it\/#organization","name":"Cascina36 B&amp;B","url":"https:\/\/www.cascina36.com\/it\/","logo":{"@type":"ImageObject","inLanguage":"it-IT","@id":"https:\/\/www.cascina36.com\/it\/#\/schema\/logo\/image\/","url":"https:\/\/www.cascina36.com\/wp-content\/uploads\/2017\/04\/LogoCascina36-1.jpg","contentUrl":"https:\/\/www.cascina36.com\/wp-content\/uploads\/2017\/04\/LogoCascina36-1.jpg","width":1038,"height":188,"caption":"Cascina36 B&amp;B"},"image":{"@id":"https:\/\/www.cascina36.com\/it\/#\/schema\/logo\/image\/"}}]}},"_links":{"self":[{"href":"https:\/\/www.cascina36.com\/it\/wp-json\/wp\/v2\/pages\/1790","targetHints":{"allow":["GET"]}}],"collection":[{"href":"https:\/\/www.cascina36.com\/it\/wp-json\/wp\/v2\/pages"}],"about":[{"href":"https:\/\/www.cascina36.com\/it\/wp-json\/wp\/v2\/types\/page"}],"author":[{"embeddable":true,"href":"https:\/\/www.cascina36.com\/it\/wp-json\/wp\/v2\/users\/1"}],"replies":[{"embeddable":true,"href":"https:\/\/www.cascina36.com\/it\/wp-json\/wp\/v2\/comments?post=1790"}],"version-history":[{"count":0,"href":"https:\/\/www.cascina36.com\/it\/wp-json\/wp\/v2\/pages\/1790\/revisions"}],"wp:attachment":[{"href":"https:\/\/www.cascina36.com\/it\/wp-json\/wp\/v2\/media?parent=1790"}],"curies":[{"name":"wp","href":"https:\/\/api.w.org\/{rel}","templated":true}]}}