{"id":2812,"date":"2019-04-05T14:26:49","date_gmt":"2019-04-05T12:26:49","guid":{"rendered":"https:\/\/www.cascina36.com\/onde-estamos\/"},"modified":"2023-12-11T12:06:48","modified_gmt":"2023-12-11T11:06:48","slug":"onde-estamos","status":"publish","type":"page","link":"https:\/\/www.cascina36.com\/pt-br\/onde-estamos\/","title":{"rendered":"Onde estamos"},"content":{"rendered":"<div class=\"fusion-fullwidth fullwidth-box fusion-builder-row-1 nonhundred-percent-fullwidth non-hundred-percent-height-scrolling\" style=\"--awb-border-radius-top-left:0px;--awb-border-radius-top-right:0px;--awb-border-radius-bottom-right:0px;--awb-border-radius-bottom-left:0px;--awb-flex-wrap:wrap;\" ><div class=\"fusion-builder-row fusion-row\"><div class=\"fusion-layout-column fusion_builder_column fusion-builder-column-0 fusion_builder_column_1_1 1_1 fusion-one-full fusion-column-first fusion-column-last\" style=\"--awb-bg-size:cover;\"><div class=\"fusion-column-wrapper fusion-flex-column-wrapper-legacy\"><div class=\"fusion-text fusion-text-1\"><p style=\"letter-spacing: 4px; font-size: 13px; margin-bottom: 0px; text-align: center;\">Onde estamos<\/p>\n<h1 style=\"text-align: center;\">A cama &amp; caf\u00e9 da manh\u00e3, a localiza\u00e7\u00e3o, os destinos.<\/h1>\n<\/div><div class=\"fusion-sep-clear\"><\/div><div class=\"fusion-separator\" style=\"margin-left: auto;margin-right: auto;margin-bottom:20px;width:100%;max-width:50px;\"><div class=\"fusion-separator-border sep-single sep-solid\" style=\"--awb-height:20px;--awb-amount:20px;--awb-sep-color:#498ca3;border-color:#498ca3;border-top-width:1px;\"><\/div><\/div><div class=\"fusion-sep-clear\"><\/div><div class=\"fusion-text fusion-text-2\"><h2 style=\"text-align: left;\">a cama &amp; pequeno-almo\u00e7o<\/h2>\n<p style=\"text-align: center;\"><em>via Cascina Comune n.36, Pregnana Milanese, 20006, Mil\u00e3o, It\u00e1lia.<\/em><\/p>\n<\/div>\t\t\t\t\t<script type=\"text\/javascript\">\n\t\t\t\t\t\tvar map_fusion_map_6a07369073901;\n\t\t\t\t\t\tvar markers = [];\n\t\t\t\t\t\tvar counter = 0;\n\t\t\t\t\t\t\t\t\t\t\t\t\t\t\t\t\t\t\t\tvar fusionMapNonce = '389edb0d89';\n\t\t\t\t\t\t\t\t\t\t\t\tfunction fusion_run_map_fusion_map_6a07369073901() {\n\t\t\t\t\t\t\tjQuery ('#fusion_map_6a07369073901' ).fusion_maps( {\n\t\t\t\t\t\t\t\taddresses: [{\"address\":\"B &amp; B Cascina36, via Cascina comune 36, Pregnana Milanese\",\"infobox_content\":\"B & B Cascina36, via Cascina comune 36, Pregnana Milanese\",\"coordinates\":false,\"cache\":true,\"latitude\":\"45.511586\",\"longitude\":\"9.0039813\"}],\n\t\t\t\t\t\t\t\tanimations: false,\n\t\t\t\t\t\t\t\tinfobox_background_color: '',\n\t\t\t\t\t\t\t\tinfobox_styling: 'default',\n\t\t\t\t\t\t\t\tinfobox_text_color: '',\n\t\t\t\t\t\t\t\tmap_style: 'default',\n\t\t\t\t\t\t\t\tmap_type: 'hybrid',\n\t\t\t\t\t\t\t\tmarker_icon: '',\n\t\t\t\t\t\t\t\toverlay_color: '',\n\t\t\t\t\t\t\t\toverlay_color_hsl: {\"hue\":0,\"sat\":0,\"lum\":100},\n\t\t\t\t\t\t\t\tshow_address: true,\n\t\t\t\t\t\t\t\tscale_control: true,\n\t\t\t\t\t\t\t\tscrollwheel: false,\n\t\t\t\t\t\t\t\tzoom: 11,\n\t\t\t\t\t\t\t\tzoom_control: true,\n\t\t\t\t\t\t\t} );\n\t\t\t\t\t\t}\n\n\t\t\t\t\t\tgoogle.maps.event.addDomListener(window, 'load', fusion_run_map_fusion_map_6a07369073901);\n\t\t\t\t\t<\/script>\n\t\t\t\t\t<div class=\"shortcode-map fusion-google-map fusion-maps-js-type\" id=\"fusion_map_6a07369073901\"><\/div><div class=\"fusion-sep-clear\"><\/div><div class=\"fusion-separator\" style=\"margin-left: auto;margin-right: auto;margin-top:20px;margin-bottom:40px;width:100%;max-width:50px;\"><\/div><div class=\"fusion-sep-clear\"><\/div><div class=\"fusion-text fusion-text-3\"><h2 style=\"text-align: left;\">A LOCALIZA\u00c7\u00c3O<\/h2>\n<h3>O B &amp; B, Cascina 36, est\u00e1 em uma posi\u00e7\u00e3o extremamente estrat\u00e9gica:<\/h3>\n<ul>\n<li><em>Esta\u00e7\u00e3o<\/em> de metr\u00f4: pode ser alcan\u00e7ada em <strong><em>3 minutos<\/em><\/strong>a p\u00e9. Esta\u00e7\u00e3o de metr\u00f4 e trem <strong>Pregnana Milanese<\/strong>;<\/li>\n<li>Em uma parada, voc\u00ea estar\u00e1 em <strong>Rho<\/strong><em>(~5 minutos<\/em>);<\/li>\n<li>Em duas paradas, voc\u00ea estar\u00e1 na <strong>Fiera Milano<\/strong><em>(Rho, cerca de 10 minutos<\/em>), perto da \u00e1rea da Ex-EXPO<strong>2015<\/strong>;<\/li>\n<li>Em 3 paradas, voc\u00ea estar\u00e1 em <strong>Mil\u00e3o<\/strong><em>(~13 minutos<\/em>);<\/li>\n<li>S\u00e3o acess\u00edveis e utiliz\u00e1veis todas as linhas metropolitanas e de superf\u00edcie para girar inteiramente Milan e os pa\u00edses do interior;<\/li>\n<li>O circuito de trem subterr\u00e2neo &#8220;passante ferroviario&#8221; conecta facilmente <strong>Mil\u00e3o<\/strong>, o<strong>interior de Mil\u00e3o<\/strong> e o <strong>Lago Como<\/strong>;<\/li>\n<li>O centro de <strong>Mil\u00e3o<\/strong> pode ser alcan\u00e7ado em menos de <em>30 minutos<\/em>;<\/li>\n<li>Os h\u00f3spedes podem <em>deixar <\/em>seus carros no <em>estacionamento interno<\/em>, evitando assim todos os problemas de tr\u00e2nsito de uma cidade grande.<\/li>\n<\/ul>\n<p>Aeroportos: a uma dist\u00e2ncia de <em>30 minutos<\/em> de carro est\u00e3o os aeroportos internacionais de: Mil\u00e3o <strong>Malpensa<\/strong>, <strong>Mil\u00e3o Linate<\/strong> e <strong>Bergamo Orio al Serio<\/strong>.<\/p>\n<p>Ao concordar, voc\u00ea pode usar um servi\u00e7o de transporte.<\/p>\n<\/div><div class=\"fusion-image-element fusion-image-align-center in-legacy-container\" style=\"text-align:center;--awb-caption-title-font-family:var(--h2_typography-font-family);--awb-caption-title-font-weight:var(--h2_typography-font-weight);--awb-caption-title-font-style:var(--h2_typography-font-style);--awb-caption-title-size:var(--h2_typography-font-size);--awb-caption-title-transform:var(--h2_typography-text-transform);--awb-caption-title-line-height:var(--h2_typography-line-height);--awb-caption-title-letter-spacing:var(--h2_typography-letter-spacing);\"><div class=\"imageframe-align-center\"><span class=\" fusion-imageframe imageframe-none imageframe-1 hover-type-none\"><a href=\"https:\/\/www.cascina36.com\/wp-content\/uploads\/2017\/07\/mappa_mezzi_milano.jpg\" class=\"fusion-lightbox\" data-rel=\"iLightbox[Mapa]\" data-title=\"Mappa_mezzi_milano\" title=\"Mappa_mezzi_milano\"><img decoding=\"async\" width=\"1920\" height=\"1548\" alt=\"MAPA Mil\u00e3o rotas de metr\u00f4 e viagens\" src=\"https:\/\/www.cascina36.com\/wp-content\/uploads\/2017\/07\/mappa_mezzi_milano.jpg\" class=\"img-responsive wp-image-2831\" srcset=\"https:\/\/www.cascina36.com\/wp-content\/uploads\/2017\/07\/mappa_mezzi_milano-200x161.jpg 200w, https:\/\/www.cascina36.com\/wp-content\/uploads\/2017\/07\/mappa_mezzi_milano-400x323.jpg 400w, https:\/\/www.cascina36.com\/wp-content\/uploads\/2017\/07\/mappa_mezzi_milano-600x484.jpg 600w, https:\/\/www.cascina36.com\/wp-content\/uploads\/2017\/07\/mappa_mezzi_milano-800x645.jpg 800w, https:\/\/www.cascina36.com\/wp-content\/uploads\/2017\/07\/mappa_mezzi_milano-1200x968.jpg 1200w, https:\/\/www.cascina36.com\/wp-content\/uploads\/2017\/07\/mappa_mezzi_milano.jpg 1920w\" sizes=\"(max-width: 1105px) 100vw, 1200px\" \/><\/a><\/span><\/div><\/div><div class=\"fusion-sep-clear\"><\/div><div class=\"fusion-separator\" style=\"margin-left: auto;margin-right: auto;margin-top:20px;margin-bottom:40px;width:100%;max-width:50px;\"><\/div><div class=\"fusion-sep-clear\"><\/div><div class=\"fusion-text fusion-text-4\"><h2 style=\"text-align: left;\">AS METAS<\/h2>\n<h4>Objetivos e sugest\u00f5es:<\/h4>\n<ul>\n<li><a href=\"https:\/\/it.wikipedia.org\/wiki\/Milano\"><strong>Mil\u00e3o<\/strong><\/a>;<\/li>\n<li><a href=\"https:\/\/it.wikipedia.org\/wiki\/Villa_Visconti_Borromeo_Arese_Litta\"><strong>Ninfeu da Villa Visconti Borromeo Litta<\/strong><\/a> de Lainate a 15 minutos de dist\u00e2ncia;<\/li>\n<li>Os concertos e o parque da <a href=\"https:\/\/it.wikipedia.org\/wiki\/Villa_Arconati\"><strong>Villa Arconati<\/strong><\/a>em Castellazzo di Bollate, a 20 minutos;<\/li>\n<li><a href=\"https:\/\/it.wikipedia.org\/wiki\/Villa_Annoni_(Cuggiono)\"><strong>Villa Annoni<\/strong><\/a> em Cuggiono, que recebe o Bake Off Italia a 30 minutos de dist\u00e2ncia;<\/li>\n<li><a href=\"https:\/\/it.wikipedia.org\/wiki\/Como\"><strong>Como<\/strong><\/a>;<\/li>\n<li><a href=\"https:\/\/it.wikipedia.org\/wiki\/Rocca_Borromea_di_Angera\"><strong>Fortaleza de Angera<\/strong><\/a> no <a href=\"https:\/\/it.wikipedia.org\/wiki\/Lago_Maggiore\"><strong>Lago Maggiore<\/strong><\/a><\/li>\n<li><a href=\"https:\/\/it.wikipedia.org\/wiki\/Isole_Borromee\"><strong>Ilhas Borromeu<\/strong><\/a> no <a href=\"https:\/\/it.wikipedia.org\/wiki\/Lago_Maggiore\"><strong>Lago Maggiore<\/strong><\/a><\/li>\n<\/ul>\n<\/div>\t\t\t\t\t<script type=\"text\/javascript\">\n\t\t\t\t\t\tvar map_fusion_map_6a0736907494c;\n\t\t\t\t\t\tvar markers = [];\n\t\t\t\t\t\tvar counter = 0;\n\t\t\t\t\t\t\t\t\t\t\t\tfunction fusion_run_map_fusion_map_6a0736907494c() {\n\t\t\t\t\t\t\tjQuery ('#fusion_map_6a0736907494c' ).fusion_maps( {\n\t\t\t\t\t\t\t\taddresses: [{\"address\":\"B &amp; B Cascina36, via Cascina comune 36, Pregnana Milanese \",\"infobox_content\":\"B & B Cascina36, via Cascina comune 36, Pregnana Milanese \",\"coordinates\":false,\"cache\":true,\"latitude\":\"45.511586\",\"longitude\":\"9.0039813\"},{\"address\":\" Station, Pregnana Milanese \",\"infobox_content\":\" Station, Pregnana Milanese \",\"coordinates\":false,\"cache\":true,\"latitude\":\"45.51828039999999\",\"longitude\":\"9.0129907\"},{\"address\":\" Station, Rho \",\"infobox_content\":\" Station, Rho \",\"coordinates\":false,\"cache\":true,\"latitude\":\"45.5241135\",\"longitude\":\"9.043543\"},{\"address\":\" Station, Rho Fiera Milano \",\"infobox_content\":\" Station, Rho Fiera Milano \",\"coordinates\":false,\"cache\":true,\"latitude\":\"45.5211325\",\"longitude\":\"9.0885057\"},{\"address\":\" Esta\\u00e7\\u00e3o Ferrovi\\u00e1ria Milano Certosa, Mil\\u00e3o \",\"infobox_content\":\" Esta\\u00e7\\u00e3o Ferrovi\\u00e1ria Milano Certosa, Mil\\u00e3o \",\"coordinates\":false,\"cache\":true,\"latitude\":\"45.5068353\",\"longitude\":\"9.1359374\"},{\"address\":\" Milan Lancetti Train Station, Mil\\u00e3o \",\"infobox_content\":\" Milan Lancetti Train Station, Mil\\u00e3o \",\"coordinates\":false,\"cache\":true,\"latitude\":\"45.494903\",\"longitude\":\"9.176378699999999\"},{\"address\":\" Milan porta Garibaldi Train Station, Mil\\u00e3o \",\"infobox_content\":\" Milan porta Garibaldi Train Station, Mil\\u00e3o \",\"coordinates\":false,\"cache\":true,\"latitude\":\"45.4844919\",\"longitude\":\"9.187377399999999\"},{\"address\":\" Piazza Duomo, Mil\\u00e3o \",\"infobox_content\":\" Piazza Duomo, Mil\\u00e3o \",\"coordinates\":false,\"cache\":true,\"latitude\":\"45.4637188\",\"longitude\":\"9.1906043\"},{\"address\":\" Esta\\u00e7\\u00e3o Ferrovi\\u00e1ria como Lago, como \",\"infobox_content\":\" Esta\\u00e7\\u00e3o Ferrovi\\u00e1ria como Lago, como \",\"coordinates\":false,\"cache\":true,\"latitude\":\"45.8080597\",\"longitude\":\"9.0851765\"},{\"address\":\" Castello Sforzesco, Mil\\u00e3o \",\"infobox_content\":\" Castello Sforzesco, Mil\\u00e3o \",\"coordinates\":false,\"cache\":true,\"latitude\":\"45.4704762\",\"longitude\":\"9.1793325\"},{\"address\":\" Mil\\u00e3o Malpensa Aeroporto \",\"infobox_content\":\" Mil\\u00e3o Malpensa Aeroporto \",\"coordinates\":false,\"cache\":true,\"latitude\":\"45.6300625\",\"longitude\":\"8.7255307\"},{\"address\":\" Mil\\u00e3o Linate Aeroporto \",\"infobox_content\":\" Mil\\u00e3o Linate Aeroporto \",\"coordinates\":false,\"cache\":true,\"latitude\":\"45.46050289999999\",\"longitude\":\"9.2798207\"},{\"address\":\" Aeroporto Bergamo, Orio al Serio\",\"infobox_content\":\" Aeroporto Bergamo, Orio al Serio\",\"coordinates\":false,\"cache\":true,\"latitude\":\"45.6692408\",\"longitude\":\"9.7065307\"}],\n\t\t\t\t\t\t\t\tanimations: false,\n\t\t\t\t\t\t\t\tinfobox_background_color: '',\n\t\t\t\t\t\t\t\tinfobox_styling: 'default',\n\t\t\t\t\t\t\t\tinfobox_text_color: '',\n\t\t\t\t\t\t\t\tmap_style: 'default',\n\t\t\t\t\t\t\t\tmap_type: 'roadmap',\n\t\t\t\t\t\t\t\tmarker_icon: '',\n\t\t\t\t\t\t\t\toverlay_color: '',\n\t\t\t\t\t\t\t\toverlay_color_hsl: {\"hue\":0,\"sat\":0,\"lum\":100},\n\t\t\t\t\t\t\t\tshow_address: true,\n\t\t\t\t\t\t\t\tscale_control: true,\n\t\t\t\t\t\t\t\tscrollwheel: false,\n\t\t\t\t\t\t\t\tzoom: 9,\n\t\t\t\t\t\t\t\tzoom_control: true,\n\t\t\t\t\t\t\t} );\n\t\t\t\t\t\t}\n\n\t\t\t\t\t\tgoogle.maps.event.addDomListener(window, 'load', fusion_run_map_fusion_map_6a0736907494c);\n\t\t\t\t\t<\/script>\n\t\t\t\t\t<div class=\"shortcode-map fusion-google-map fusion-maps-js-type\" id=\"fusion_map_6a0736907494c\"><\/div><div class=\"fusion-clearfix\"><\/div><\/div><\/div><\/div><\/div>\n","protected":false},"excerpt":{"rendered":"","protected":false},"author":2,"featured_media":0,"parent":0,"menu_order":0,"comment_status":"closed","ping_status":"closed","template":"","meta":{"iawp_total_views":1,"footnotes":""},"class_list":["post-2812","page","type-page","status-publish","hentry"],"yoast_head":"<!-- This site is optimized with the Yoast SEO plugin v27.3 - https:\/\/yoast.com\/product\/yoast-seo-wordpress\/ -->\n<title>Onde estamos - Cascina36 B&amp;B<\/title>\n<meta name=\"robots\" content=\"index, follow, max-snippet:-1, max-image-preview:large, max-video-preview:-1\" \/>\n<link rel=\"canonical\" href=\"https:\/\/www.cascina36.com\/pt-br\/onde-estamos\/\" \/>\n<meta property=\"og:locale\" content=\"pt_BR\" \/>\n<meta property=\"og:type\" content=\"article\" \/>\n<meta property=\"og:title\" content=\"Onde estamos - Cascina36 B&amp;B\" \/>\n<meta property=\"og:url\" content=\"https:\/\/www.cascina36.com\/pt-br\/onde-estamos\/\" \/>\n<meta property=\"og:site_name\" content=\"Cascina36 B&amp;B\" \/>\n<meta property=\"article:modified_time\" content=\"2023-12-11T11:06:48+00:00\" \/>\n<meta name=\"twitter:card\" content=\"summary_large_image\" \/>\n<meta name=\"twitter:label1\" content=\"Est. tempo de leitura\" \/>\n\t<meta name=\"twitter:data1\" content=\"4 minutos\" \/>\n<script type=\"application\/ld+json\" class=\"yoast-schema-graph\">{\"@context\":\"https:\\\/\\\/schema.org\",\"@graph\":[{\"@type\":\"WebPage\",\"@id\":\"https:\\\/\\\/www.cascina36.com\\\/pt-br\\\/onde-estamos\\\/\",\"url\":\"https:\\\/\\\/www.cascina36.com\\\/pt-br\\\/onde-estamos\\\/\",\"name\":\"Onde estamos - Cascina36 B&amp;B\",\"isPartOf\":{\"@id\":\"https:\\\/\\\/www.cascina36.com\\\/pt-br\\\/#website\"},\"datePublished\":\"2019-04-05T12:26:49+00:00\",\"dateModified\":\"2023-12-11T11:06:48+00:00\",\"breadcrumb\":{\"@id\":\"https:\\\/\\\/www.cascina36.com\\\/pt-br\\\/onde-estamos\\\/#breadcrumb\"},\"inLanguage\":\"pt-BR\",\"potentialAction\":[{\"@type\":\"ReadAction\",\"target\":[\"https:\\\/\\\/www.cascina36.com\\\/pt-br\\\/onde-estamos\\\/\"]}]},{\"@type\":\"BreadcrumbList\",\"@id\":\"https:\\\/\\\/www.cascina36.com\\\/pt-br\\\/onde-estamos\\\/#breadcrumb\",\"itemListElement\":[{\"@type\":\"ListItem\",\"position\":1,\"name\":\"Home\",\"item\":\"https:\\\/\\\/www.cascina36.com\\\/pt-br\\\/home-cascina36-b-b-bem-vindo\\\/\"},{\"@type\":\"ListItem\",\"position\":2,\"name\":\"Onde estamos\"}]},{\"@type\":\"WebSite\",\"@id\":\"https:\\\/\\\/www.cascina36.com\\\/pt-br\\\/#website\",\"url\":\"https:\\\/\\\/www.cascina36.com\\\/pt-br\\\/\",\"name\":\"Cascina36 B&amp;B\",\"description\":\"B&amp;B, Bed and Breakfast, Pregnana Milanese, Milano, Italia, Fiera di Rho, Fiera Milano.\",\"publisher\":{\"@id\":\"https:\\\/\\\/www.cascina36.com\\\/pt-br\\\/#organization\"},\"potentialAction\":[{\"@type\":\"SearchAction\",\"target\":{\"@type\":\"EntryPoint\",\"urlTemplate\":\"https:\\\/\\\/www.cascina36.com\\\/pt-br\\\/?s={search_term_string}\"},\"query-input\":{\"@type\":\"PropertyValueSpecification\",\"valueRequired\":true,\"valueName\":\"search_term_string\"}}],\"inLanguage\":\"pt-BR\"},{\"@type\":\"Organization\",\"@id\":\"https:\\\/\\\/www.cascina36.com\\\/pt-br\\\/#organization\",\"name\":\"Cascina36 B&amp;B\",\"url\":\"https:\\\/\\\/www.cascina36.com\\\/pt-br\\\/\",\"logo\":{\"@type\":\"ImageObject\",\"inLanguage\":\"pt-BR\",\"@id\":\"https:\\\/\\\/www.cascina36.com\\\/pt-br\\\/#\\\/schema\\\/logo\\\/image\\\/\",\"url\":\"https:\\\/\\\/www.cascina36.com\\\/wp-content\\\/uploads\\\/2017\\\/04\\\/LogoCascina36-1.jpg\",\"contentUrl\":\"https:\\\/\\\/www.cascina36.com\\\/wp-content\\\/uploads\\\/2017\\\/04\\\/LogoCascina36-1.jpg\",\"width\":1038,\"height\":188,\"caption\":\"Cascina36 B&amp;B\"},\"image\":{\"@id\":\"https:\\\/\\\/www.cascina36.com\\\/pt-br\\\/#\\\/schema\\\/logo\\\/image\\\/\"}}]}<\/script>\n<!-- \/ Yoast SEO plugin. -->","yoast_head_json":{"title":"Onde estamos - Cascina36 B&amp;B","robots":{"index":"index","follow":"follow","max-snippet":"max-snippet:-1","max-image-preview":"max-image-preview:large","max-video-preview":"max-video-preview:-1"},"canonical":"https:\/\/www.cascina36.com\/pt-br\/onde-estamos\/","og_locale":"pt_BR","og_type":"article","og_title":"Onde estamos - Cascina36 B&amp;B","og_url":"https:\/\/www.cascina36.com\/pt-br\/onde-estamos\/","og_site_name":"Cascina36 B&amp;B","article_modified_time":"2023-12-11T11:06:48+00:00","twitter_card":"summary_large_image","twitter_misc":{"Est. tempo de leitura":"4 minutos"},"schema":{"@context":"https:\/\/schema.org","@graph":[{"@type":"WebPage","@id":"https:\/\/www.cascina36.com\/pt-br\/onde-estamos\/","url":"https:\/\/www.cascina36.com\/pt-br\/onde-estamos\/","name":"Onde estamos - Cascina36 B&amp;B","isPartOf":{"@id":"https:\/\/www.cascina36.com\/pt-br\/#website"},"datePublished":"2019-04-05T12:26:49+00:00","dateModified":"2023-12-11T11:06:48+00:00","breadcrumb":{"@id":"https:\/\/www.cascina36.com\/pt-br\/onde-estamos\/#breadcrumb"},"inLanguage":"pt-BR","potentialAction":[{"@type":"ReadAction","target":["https:\/\/www.cascina36.com\/pt-br\/onde-estamos\/"]}]},{"@type":"BreadcrumbList","@id":"https:\/\/www.cascina36.com\/pt-br\/onde-estamos\/#breadcrumb","itemListElement":[{"@type":"ListItem","position":1,"name":"Home","item":"https:\/\/www.cascina36.com\/pt-br\/home-cascina36-b-b-bem-vindo\/"},{"@type":"ListItem","position":2,"name":"Onde estamos"}]},{"@type":"WebSite","@id":"https:\/\/www.cascina36.com\/pt-br\/#website","url":"https:\/\/www.cascina36.com\/pt-br\/","name":"Cascina36 B&amp;B","description":"B&amp;B, Bed and Breakfast, Pregnana Milanese, Milano, Italia, Fiera di Rho, Fiera Milano.","publisher":{"@id":"https:\/\/www.cascina36.com\/pt-br\/#organization"},"potentialAction":[{"@type":"SearchAction","target":{"@type":"EntryPoint","urlTemplate":"https:\/\/www.cascina36.com\/pt-br\/?s={search_term_string}"},"query-input":{"@type":"PropertyValueSpecification","valueRequired":true,"valueName":"search_term_string"}}],"inLanguage":"pt-BR"},{"@type":"Organization","@id":"https:\/\/www.cascina36.com\/pt-br\/#organization","name":"Cascina36 B&amp;B","url":"https:\/\/www.cascina36.com\/pt-br\/","logo":{"@type":"ImageObject","inLanguage":"pt-BR","@id":"https:\/\/www.cascina36.com\/pt-br\/#\/schema\/logo\/image\/","url":"https:\/\/www.cascina36.com\/wp-content\/uploads\/2017\/04\/LogoCascina36-1.jpg","contentUrl":"https:\/\/www.cascina36.com\/wp-content\/uploads\/2017\/04\/LogoCascina36-1.jpg","width":1038,"height":188,"caption":"Cascina36 B&amp;B"},"image":{"@id":"https:\/\/www.cascina36.com\/pt-br\/#\/schema\/logo\/image\/"}}]}},"_links":{"self":[{"href":"https:\/\/www.cascina36.com\/pt-br\/wp-json\/wp\/v2\/pages\/2812","targetHints":{"allow":["GET"]}}],"collection":[{"href":"https:\/\/www.cascina36.com\/pt-br\/wp-json\/wp\/v2\/pages"}],"about":[{"href":"https:\/\/www.cascina36.com\/pt-br\/wp-json\/wp\/v2\/types\/page"}],"author":[{"embeddable":true,"href":"https:\/\/www.cascina36.com\/pt-br\/wp-json\/wp\/v2\/users\/2"}],"replies":[{"embeddable":true,"href":"https:\/\/www.cascina36.com\/pt-br\/wp-json\/wp\/v2\/comments?post=2812"}],"version-history":[{"count":0,"href":"https:\/\/www.cascina36.com\/pt-br\/wp-json\/wp\/v2\/pages\/2812\/revisions"}],"wp:attachment":[{"href":"https:\/\/www.cascina36.com\/pt-br\/wp-json\/wp\/v2\/media?parent=2812"}],"curies":[{"name":"wp","href":"https:\/\/api.w.org\/{rel}","templated":true}]}}