{"id":3079,"date":"2019-04-05T14:27:42","date_gmt":"2019-04-05T12:27:42","guid":{"rendered":"https:\/\/www.cascina36.com\/home-cascina36-b-b-bem-vindo\/regras-internas-gerais-para-os-hospedes\/"},"modified":"2019-04-05T14:27:49","modified_gmt":"2019-04-05T12:27:49","slug":"regras-internas-gerais-para-os-hospedes","status":"publish","type":"page","link":"https:\/\/www.cascina36.com\/pt-br\/regras-internas-gerais-para-os-hospedes\/","title":{"rendered":"Regras internas gerais para os h\u00f3spedes"},"content":{"rendered":"<div class=\"fusion-fullwidth fullwidth-box fusion-builder-row-1 nonhundred-percent-fullwidth non-hundred-percent-height-scrolling\" style=\"--awb-border-radius-top-left:0px;--awb-border-radius-top-right:0px;--awb-border-radius-bottom-right:0px;--awb-border-radius-bottom-left:0px;--awb-flex-wrap:wrap;\" ><div class=\"fusion-builder-row fusion-row\"><div class=\"fusion-layout-column fusion_builder_column fusion-builder-column-0 fusion_builder_column_1_1 1_1 fusion-one-full fusion-column-first fusion-column-last\" style=\"--awb-bg-size:cover;--awb-margin-bottom:0px;\"><div class=\"fusion-column-wrapper fusion-flex-column-wrapper-legacy\"><div class=\"fusion-text fusion-text-1\"><h1>Regras gerais para os h\u00f3spedes e o uso da \u00e1rea relax<\/h1>\n<h2 data-fontsize=\"26\" data-lineheight=\"43\">Feliz em acomod\u00e1-lo, n\u00f3s convidamos voc\u00ea a dar uma olhada em nossas regras de procedimento.<\/h2>\n<h3 data-fontsize=\"24\" data-lineheight=\"40\">Nossas pequenas regras, a serem observadas em B &amp; B, n\u00e3o s\u00e3o apenas as previstas pela lei, mas sobretudo aquelas ditadas pelo senso comum e pelo respeito m\u00fatuo.<\/h3>\n<ol>\n<li>As reservas podem ser canceladas gratuitamente at\u00e9 3 dias antes do check-in, menos de 3 dias ou em caso de n\u00e3o-aviso ser\u00e1 cobrada a primeira noite da estadia reservada.<\/li>\n<\/ol>\n<ol start=\"2\">\n<li>O check-in \u00e9 de 12,30 horas a 21, 0; O check-out \u00e9 fornecido dentro de 10, 0 horas. Em caso de pedidos espec\u00edficos para alterar o hor\u00e1rio de check-in ou check-out, \u00e9 necess\u00e1rio comunic\u00e1-lo e concordar antecipadamente com a estrutura antes da sua chegada.<\/li>\n<\/ol>\n<ol start=\"3\">\n<li>Ap\u00f3s a chegada em B &amp; B os documentos ser\u00e3o solicitados e entregues como documento de <strong>identidade<\/strong> v\u00e1lido <strong>e\/ou<\/strong> <strong>passaporte<\/strong> , <strong>necess\u00e1rios para as inscri\u00e7\u00f5es fornecidas pelos regulamentos em vigor.<\/strong> A n\u00e3o observ\u00e2ncia desta obriga\u00e7\u00e3o constitui uma viola\u00e7\u00e3o das regras do c\u00f3digo penal e autoriza-nos a procurar o abandono imediato da B &amp; B. Os dados dos nossos h\u00f3spedes s\u00e3o processados de acordo com a pol\u00edtica de privacidade atual.<\/li>\n<\/ol>\n<ol start=\"4\">\n<li>Depois de ter completado os cart\u00f5es de notifica\u00e7\u00e3o, voc\u00ea ser\u00e1 solicitado para o saldo de sua estadia a ser feita em dinheiro, cart\u00e3o de cr\u00e9dito ou ATM.<\/li>\n<\/ol>\n<ol start=\"5\">\n<li>A estrutura n\u00e3o \u00e9 restringida por programa\u00e7\u00f5es predeterminadas, nossos convidados s\u00e3o t\u00e3o livres para alcan\u00e7ar a propriedade nos tempos para seus ideais. S\u00f3 pedimos que fechem sempre os vossos quartos.<\/li>\n<\/ol>\n<ol start=\"6\">\n<li>No B &amp; B, apenas por raz\u00f5es higi\u00eanicas e por quaisquer alergias de outros clientes, n\u00e3o s\u00e3o permitidos animais de estima\u00e7\u00e3o.<\/li>\n<\/ol>\n<ol start=\"7\">\n<li>Um farto buffet de caf\u00e9 da manh\u00e3 \u00e9 servido na \u00e1rea comum todos os dias, de 7, 0 horas a 10, 0.<\/li>\n<\/ol>\n<ol start=\"8\">\n<li>\u00c9 proibido consumir alimentos na sala e ligar o pr\u00f3prio fog\u00e3o. De acordo com a legisla\u00e7\u00e3o regional, e por raz\u00f5es de seguran\u00e7a e respeito por outros h\u00f3spedes, voc\u00ea deve entrar em contato com a equipe para o uso da cozinha.<\/li>\n<\/ol>\n<ol start=\"9\">\n<li>A limpeza dos quartos e as casas de banho s\u00e3o feitas diariamente; A mudan\u00e7a de roupa de cama todos os dias a partir da data de check-in; O linho do banho ser\u00e1 mudado somente se o \u00faltimo ser\u00e1 coloc no assoalho.<\/li>\n<\/ol>\n<ol start=\"10\">\n<li>N\u00e3o \u00e9 permitido fumar nos quartos ou no quarto. A observ\u00e2ncia desta regra decorre da necessidade de proteger aqueles que n\u00e3o fumam e que vir\u00e3o atr\u00e1s de voc\u00ea, bem como as regras de preven\u00e7\u00e3o de inc\u00eandios.<\/li>\n<\/ol>\n<ol start=\"11\">\n<li>\u00c9 nossa preocupa\u00e7\u00e3o inform\u00e1-lo que os quartos n\u00e3o t\u00eam cofres. Portanto, pedimos-lhe para n\u00e3o deixar qualquer efeito de valor desacompanhado nos quartos, banheiros e \u00e1reas comuns. Convidamos os h\u00f3spedes a sempre fechar portas e janelas, o B &amp; B declina qualquer responsabilidade pela perda, roubo ou dano de objetos de sua propriedade deixada nos quartos, banheiros e \u00e1reas comuns.<\/li>\n<\/ol>\n<ol start=\"12\">\n<li>Cada h\u00f3spede \u00e9 obrigado a compensar qualquer dano causado ao B &amp; B e para o uso indevido do equipamento complementar. No final da estadia, eles devem <strong>devolver as chaves<\/strong>.<\/li>\n<\/ol>\n<ol start=\"13\">\n<li>Em caso de perda das chaves ser\u00e1 cobrado o dano.<\/li>\n<\/ol>\n<ol start=\"14\">\n<li>Se o h\u00f3spede receber uma visita, o visitante dever\u00e1 apresentar ao pessoal um documento de identidade v\u00e1lido.<\/li>\n<\/ol>\n<ol start=\"15\">\n<li>Recomenda-se desligar as luzes, TV, condicionadores de ar e outros equipamentos cada vez que voc\u00ea sair da sala.<\/li>\n<\/ol>\n<p><strong>\u00c1rea de relax<\/strong><\/p>\n<ol start=\"16\">\n<li>O acesso \u00e0 \u00e1rea relax s\u00f3 \u00e9 permitido aos h\u00f3spedes do &#8220;Cascina 36 B &amp; B&#8221;; Qualquer visitante externo (m\u00e1ximo de 2 pessoas por h\u00f3spede de B &amp; B), deve respeitar este regulamento e apresentar um documento de identidade, v\u00e1lido em andamento.<\/li>\n<\/ol>\n<ol start=\"17\">\n<li>A piscina \u00e9 acess\u00edvel a partir de 10, 0 horas para 21, 0.<\/li>\n<\/ol>\n<ol start=\"18\">\n<li>O acesso a menores de 12 anos e pessoas deficientes n\u00e3o acompanhadas \u00e9 proibida, dada a aus\u00eancia do atendente de banho.<\/li>\n<\/ol>\n<ol start=\"19\">\n<li>A profundidade da piscina \u00e9 1,40 metros em todas as suas partes.<\/li>\n<\/ol>\n<ol start=\"20\">\n<li>\u00c9 proibido mergulhar e correr no ch\u00e3o da banheira.<\/li>\n<\/ol>\n<ol start=\"21\">\n<li>Recomenda-se n\u00e3o molhar menos de tr\u00eas horas depois que a refei\u00e7\u00e3o \u00e9 consumida.<\/li>\n<\/ol>\n<ol start=\"22\">\n<li>\u00c9 proibido consumir alimentos ou bebidas no ch\u00e3o da banheira.<\/li>\n<\/ol>\n<ol start=\"23\">\n<li>\u00c9 obrigat\u00f3rio o acesso \u00e0 piscina a partir do chuveiro que deve ser usado antes de entrar na \u00e1gua.<\/li>\n<\/ol>\n<ol start=\"24\">\n<li>\u00c9 proibida a realiza\u00e7\u00e3o de atividades em apneia sem a presen\u00e7a de um instrutor habilitado.<\/li>\n<\/ol>\n<ol start=\"25\">\n<li>\u00c9 proibido usar protetor solar e \u00f3leos de cabelo antes de entrar na banheira.<\/li>\n<\/ol>\n<ol start=\"26\">\n<li>Garrafas, objetos de vidro e outros objetos n\u00e3o estritamente relacionados ao banho est\u00e3o proibidos de serem introduzidos na piscina.<\/li>\n<\/ol>\n<ol start=\"27\">\n<li>\u00c9 proibido banhar-se em condi\u00e7\u00f5es meteorol\u00f3gicas particulares, como tempestades.<\/li>\n<\/ol>\n<ol start=\"28\">\n<li>\u00c9 proibido entrar na piscina para pessoas em estado psicof\u00edsico alterado (embriaguez, altera\u00e7\u00f5es de narc\u00f3ticos, etc.) ou mesmo em condi\u00e7\u00f5es prec\u00e1rias \u00f3bvias de sa\u00fade, como para representar um risco para a seguran\u00e7a do pr\u00f3prio sujeito e para os usu\u00e1rios Fisiologicamente incontinente.<\/li>\n<\/ol>\n<ol start=\"29\">\n<li>A administra\u00e7\u00e3o n\u00e3o responde de forma alguma a qualquer acidente, acidente ou outra forma, o que pode acontecer aos banhistas pelo seu comportamento, especialmente se em viola\u00e7\u00e3o do presente regulamento.<\/li>\n<\/ol>\n<ol start=\"30\">\n<li>a lei \u00e9 proibido o chuveiro e o banheiro sem um traje.<\/li>\n<\/ol>\n<p style=\"text-align: center;\"><em><strong>A dire\u00e7\u00e3o de B &amp; B Cascina 36,<\/strong><\/em><\/p>\n<p style=\"text-align: center;\"><em><strong>Agradecemos antecipadamente, certo de uma colabora\u00e7\u00e3o cort\u00eas, <\/strong><\/em><\/p>\n<p style=\"text-align: center;\"><em><strong>Aceitar e aplicar este regulamento.<\/strong><\/em><\/p>\n<p style=\"text-align: center;\"><em><strong>Permanecemos dispon\u00edveis para qualquer esclarecimento e desejamos-lhe uma estadia feliz.<\/strong><\/em><\/p>\n<\/div><div class=\"fusion-image-element fusion-image-align-center in-legacy-container\" style=\"text-align:center;--awb-caption-title-font-family:var(--h2_typography-font-family);--awb-caption-title-font-weight:var(--h2_typography-font-weight);--awb-caption-title-font-style:var(--h2_typography-font-style);--awb-caption-title-size:var(--h2_typography-font-size);--awb-caption-title-transform:var(--h2_typography-text-transform);--awb-caption-title-line-height:var(--h2_typography-line-height);--awb-caption-title-letter-spacing:var(--h2_typography-letter-spacing);\"><div class=\"imageframe-align-center\"><span class=\" fusion-imageframe imageframe-none imageframe-1 hover-type-none\"><img decoding=\"async\" width=\"1280\" height=\"850\" title=\"esterno principale\" src=\"https:\/\/www.cascina36.com\/wp-content\/uploads\/2017\/04\/esterno-principale.jpg\" alt class=\"img-responsive wp-image-3616\" srcset=\"https:\/\/www.cascina36.com\/wp-content\/uploads\/2017\/04\/esterno-principale-200x133.jpg 200w, https:\/\/www.cascina36.com\/wp-content\/uploads\/2017\/04\/esterno-principale-400x266.jpg 400w, https:\/\/www.cascina36.com\/wp-content\/uploads\/2017\/04\/esterno-principale-600x398.jpg 600w, https:\/\/www.cascina36.com\/wp-content\/uploads\/2017\/04\/esterno-principale-800x531.jpg 800w, https:\/\/www.cascina36.com\/wp-content\/uploads\/2017\/04\/esterno-principale-1200x797.jpg 1200w, https:\/\/www.cascina36.com\/wp-content\/uploads\/2017\/04\/esterno-principale.jpg 1280w\" sizes=\"(max-width: 1105px) 100vw, 1200px\" \/><\/span><\/div><\/div><div class=\"fusion-clearfix\"><\/div><\/div><\/div><\/div><\/div>\n","protected":false},"excerpt":{"rendered":"","protected":false},"author":1,"featured_media":0,"parent":0,"menu_order":0,"comment_status":"closed","ping_status":"closed","template":"","meta":{"iawp_total_views":1,"footnotes":""},"class_list":["post-3079","page","type-page","status-publish","hentry"],"yoast_head":"<!-- This site is optimized with the Yoast SEO plugin v27.3 - https:\/\/yoast.com\/product\/yoast-seo-wordpress\/ -->\n<title>Regras internas gerais para os h\u00f3spedes - Cascina36 B&amp;B<\/title>\n<meta name=\"robots\" content=\"index, follow, max-snippet:-1, max-image-preview:large, max-video-preview:-1\" \/>\n<link rel=\"canonical\" href=\"https:\/\/www.cascina36.com\/pt-br\/regras-internas-gerais-para-os-hospedes\/\" \/>\n<meta property=\"og:locale\" content=\"pt_BR\" \/>\n<meta property=\"og:type\" content=\"article\" \/>\n<meta property=\"og:title\" content=\"Regras internas gerais para os h\u00f3spedes - Cascina36 B&amp;B\" \/>\n<meta property=\"og:url\" content=\"https:\/\/www.cascina36.com\/pt-br\/regras-internas-gerais-para-os-hospedes\/\" \/>\n<meta property=\"og:site_name\" content=\"Cascina36 B&amp;B\" \/>\n<meta property=\"article:modified_time\" content=\"2019-04-05T12:27:49+00:00\" \/>\n<meta name=\"twitter:card\" content=\"summary_large_image\" \/>\n<meta name=\"twitter:label1\" content=\"Est. tempo de leitura\" \/>\n\t<meta name=\"twitter:data1\" content=\"5 minutos\" \/>\n<script type=\"application\/ld+json\" class=\"yoast-schema-graph\">{\"@context\":\"https:\\\/\\\/schema.org\",\"@graph\":[{\"@type\":\"WebPage\",\"@id\":\"https:\\\/\\\/www.cascina36.com\\\/pt-br\\\/regras-internas-gerais-para-os-hospedes\\\/\",\"url\":\"https:\\\/\\\/www.cascina36.com\\\/pt-br\\\/regras-internas-gerais-para-os-hospedes\\\/\",\"name\":\"Regras internas gerais para os h\u00f3spedes - Cascina36 B&amp;B\",\"isPartOf\":{\"@id\":\"https:\\\/\\\/www.cascina36.com\\\/pt-br\\\/#website\"},\"datePublished\":\"2019-04-05T12:27:42+00:00\",\"dateModified\":\"2019-04-05T12:27:49+00:00\",\"breadcrumb\":{\"@id\":\"https:\\\/\\\/www.cascina36.com\\\/pt-br\\\/regras-internas-gerais-para-os-hospedes\\\/#breadcrumb\"},\"inLanguage\":\"pt-BR\",\"potentialAction\":[{\"@type\":\"ReadAction\",\"target\":[\"https:\\\/\\\/www.cascina36.com\\\/pt-br\\\/regras-internas-gerais-para-os-hospedes\\\/\"]}]},{\"@type\":\"BreadcrumbList\",\"@id\":\"https:\\\/\\\/www.cascina36.com\\\/pt-br\\\/regras-internas-gerais-para-os-hospedes\\\/#breadcrumb\",\"itemListElement\":[{\"@type\":\"ListItem\",\"position\":1,\"name\":\"Home\",\"item\":\"https:\\\/\\\/www.cascina36.com\\\/pt-br\\\/home-cascina36-b-b-bem-vindo\\\/\"},{\"@type\":\"ListItem\",\"position\":2,\"name\":\"Regras internas gerais para os h\u00f3spedes\"}]},{\"@type\":\"WebSite\",\"@id\":\"https:\\\/\\\/www.cascina36.com\\\/pt-br\\\/#website\",\"url\":\"https:\\\/\\\/www.cascina36.com\\\/pt-br\\\/\",\"name\":\"Cascina36 B&amp;B\",\"description\":\"B&amp;B, Bed and Breakfast, Pregnana Milanese, Milano, Italia, Fiera di Rho, Fiera Milano.\",\"publisher\":{\"@id\":\"https:\\\/\\\/www.cascina36.com\\\/pt-br\\\/#organization\"},\"potentialAction\":[{\"@type\":\"SearchAction\",\"target\":{\"@type\":\"EntryPoint\",\"urlTemplate\":\"https:\\\/\\\/www.cascina36.com\\\/pt-br\\\/?s={search_term_string}\"},\"query-input\":{\"@type\":\"PropertyValueSpecification\",\"valueRequired\":true,\"valueName\":\"search_term_string\"}}],\"inLanguage\":\"pt-BR\"},{\"@type\":\"Organization\",\"@id\":\"https:\\\/\\\/www.cascina36.com\\\/pt-br\\\/#organization\",\"name\":\"Cascina36 B&amp;B\",\"url\":\"https:\\\/\\\/www.cascina36.com\\\/pt-br\\\/\",\"logo\":{\"@type\":\"ImageObject\",\"inLanguage\":\"pt-BR\",\"@id\":\"https:\\\/\\\/www.cascina36.com\\\/pt-br\\\/#\\\/schema\\\/logo\\\/image\\\/\",\"url\":\"https:\\\/\\\/www.cascina36.com\\\/wp-content\\\/uploads\\\/2017\\\/04\\\/LogoCascina36-1.jpg\",\"contentUrl\":\"https:\\\/\\\/www.cascina36.com\\\/wp-content\\\/uploads\\\/2017\\\/04\\\/LogoCascina36-1.jpg\",\"width\":1038,\"height\":188,\"caption\":\"Cascina36 B&amp;B\"},\"image\":{\"@id\":\"https:\\\/\\\/www.cascina36.com\\\/pt-br\\\/#\\\/schema\\\/logo\\\/image\\\/\"}}]}<\/script>\n<!-- \/ Yoast SEO plugin. -->","yoast_head_json":{"title":"Regras internas gerais para os h\u00f3spedes - Cascina36 B&amp;B","robots":{"index":"index","follow":"follow","max-snippet":"max-snippet:-1","max-image-preview":"max-image-preview:large","max-video-preview":"max-video-preview:-1"},"canonical":"https:\/\/www.cascina36.com\/pt-br\/regras-internas-gerais-para-os-hospedes\/","og_locale":"pt_BR","og_type":"article","og_title":"Regras internas gerais para os h\u00f3spedes - Cascina36 B&amp;B","og_url":"https:\/\/www.cascina36.com\/pt-br\/regras-internas-gerais-para-os-hospedes\/","og_site_name":"Cascina36 B&amp;B","article_modified_time":"2019-04-05T12:27:49+00:00","twitter_card":"summary_large_image","twitter_misc":{"Est. tempo de leitura":"5 minutos"},"schema":{"@context":"https:\/\/schema.org","@graph":[{"@type":"WebPage","@id":"https:\/\/www.cascina36.com\/pt-br\/regras-internas-gerais-para-os-hospedes\/","url":"https:\/\/www.cascina36.com\/pt-br\/regras-internas-gerais-para-os-hospedes\/","name":"Regras internas gerais para os h\u00f3spedes - Cascina36 B&amp;B","isPartOf":{"@id":"https:\/\/www.cascina36.com\/pt-br\/#website"},"datePublished":"2019-04-05T12:27:42+00:00","dateModified":"2019-04-05T12:27:49+00:00","breadcrumb":{"@id":"https:\/\/www.cascina36.com\/pt-br\/regras-internas-gerais-para-os-hospedes\/#breadcrumb"},"inLanguage":"pt-BR","potentialAction":[{"@type":"ReadAction","target":["https:\/\/www.cascina36.com\/pt-br\/regras-internas-gerais-para-os-hospedes\/"]}]},{"@type":"BreadcrumbList","@id":"https:\/\/www.cascina36.com\/pt-br\/regras-internas-gerais-para-os-hospedes\/#breadcrumb","itemListElement":[{"@type":"ListItem","position":1,"name":"Home","item":"https:\/\/www.cascina36.com\/pt-br\/home-cascina36-b-b-bem-vindo\/"},{"@type":"ListItem","position":2,"name":"Regras internas gerais para os h\u00f3spedes"}]},{"@type":"WebSite","@id":"https:\/\/www.cascina36.com\/pt-br\/#website","url":"https:\/\/www.cascina36.com\/pt-br\/","name":"Cascina36 B&amp;B","description":"B&amp;B, Bed and Breakfast, Pregnana Milanese, Milano, Italia, Fiera di Rho, Fiera Milano.","publisher":{"@id":"https:\/\/www.cascina36.com\/pt-br\/#organization"},"potentialAction":[{"@type":"SearchAction","target":{"@type":"EntryPoint","urlTemplate":"https:\/\/www.cascina36.com\/pt-br\/?s={search_term_string}"},"query-input":{"@type":"PropertyValueSpecification","valueRequired":true,"valueName":"search_term_string"}}],"inLanguage":"pt-BR"},{"@type":"Organization","@id":"https:\/\/www.cascina36.com\/pt-br\/#organization","name":"Cascina36 B&amp;B","url":"https:\/\/www.cascina36.com\/pt-br\/","logo":{"@type":"ImageObject","inLanguage":"pt-BR","@id":"https:\/\/www.cascina36.com\/pt-br\/#\/schema\/logo\/image\/","url":"https:\/\/www.cascina36.com\/wp-content\/uploads\/2017\/04\/LogoCascina36-1.jpg","contentUrl":"https:\/\/www.cascina36.com\/wp-content\/uploads\/2017\/04\/LogoCascina36-1.jpg","width":1038,"height":188,"caption":"Cascina36 B&amp;B"},"image":{"@id":"https:\/\/www.cascina36.com\/pt-br\/#\/schema\/logo\/image\/"}}]}},"_links":{"self":[{"href":"https:\/\/www.cascina36.com\/pt-br\/wp-json\/wp\/v2\/pages\/3079","targetHints":{"allow":["GET"]}}],"collection":[{"href":"https:\/\/www.cascina36.com\/pt-br\/wp-json\/wp\/v2\/pages"}],"about":[{"href":"https:\/\/www.cascina36.com\/pt-br\/wp-json\/wp\/v2\/types\/page"}],"author":[{"embeddable":true,"href":"https:\/\/www.cascina36.com\/pt-br\/wp-json\/wp\/v2\/users\/1"}],"replies":[{"embeddable":true,"href":"https:\/\/www.cascina36.com\/pt-br\/wp-json\/wp\/v2\/comments?post=3079"}],"version-history":[{"count":0,"href":"https:\/\/www.cascina36.com\/pt-br\/wp-json\/wp\/v2\/pages\/3079\/revisions"}],"wp:attachment":[{"href":"https:\/\/www.cascina36.com\/pt-br\/wp-json\/wp\/v2\/media?parent=3079"}],"curies":[{"name":"wp","href":"https:\/\/api.w.org\/{rel}","templated":true}]}}