{"id":3087,"date":"2019-04-05T14:27:55","date_gmt":"2019-04-05T12:27:55","guid":{"rendered":"https:\/\/www.cascina36.com\/home-cascina36-b-b-bem-vindo\/regras-para-o-uso-da-area-relax\/"},"modified":"2019-04-05T14:28:02","modified_gmt":"2019-04-05T12:28:02","slug":"regras-para-o-uso-da-area-relax","status":"publish","type":"page","link":"https:\/\/www.cascina36.com\/pt-br\/regras-para-o-uso-da-area-relax\/","title":{"rendered":"Regras para o uso da \u00e1rea relax"},"content":{"rendered":"<div class=\"fusion-fullwidth fullwidth-box fusion-builder-row-1 nonhundred-percent-fullwidth non-hundred-percent-height-scrolling\" style=\"--awb-border-radius-top-left:0px;--awb-border-radius-top-right:0px;--awb-border-radius-bottom-right:0px;--awb-border-radius-bottom-left:0px;--awb-flex-wrap:wrap;\" ><div class=\"fusion-builder-row fusion-row\"><div class=\"fusion-layout-column fusion_builder_column fusion-builder-column-0 fusion_builder_column_1_1 1_1 fusion-one-full fusion-column-first fusion-column-last\" style=\"--awb-bg-size:cover;--awb-margin-bottom:0px;\"><div class=\"fusion-column-wrapper fusion-flex-column-wrapper-legacy\"><div class=\"fusion-text fusion-text-1\"><h1 style=\"text-align: center;\">Regras para o uso da \u00e1rea relax<\/h1>\n<h2 style=\"text-align: center;\">Os h\u00f3spedes s\u00e3o obrigados a cumprir as seguintes regras:<\/h2>\n<p>&nbsp;<\/p>\n<p>1. o acesso s\u00f3 \u00e9 permitido aos h\u00f3spedes de &#8220;Cascina 36 B &amp; B&#8221;, qualquer visitante externo pode n\u00e3o ser mais do que duas pessoas, deve respeitar este regulamento e apresentar um documento de identidade v\u00e1lido.<\/p>\n<p>&nbsp;<\/p>\n<p>2. voc\u00ea pode acessar a piscina de 10, 0 horas a 21, 0.<\/p>\n<p>&nbsp;<\/p>\n<p>3. \u00e9 proibido o acesso a menores de 12 anos e a pessoas deficientes desacompanhadas, dada a aus\u00eancia do atendente de banho.<\/p>\n<p>&nbsp;<\/p>\n<p>4. a profundidade da piscina \u00e9 de 1,40 metros em todas as suas partes.<\/p>\n<p>&nbsp;<\/p>\n<p>5. \u00e9 proibido mergulhar e funcionar no assoalho da Cuba.<\/p>\n<p>&nbsp;<\/p>\n<p>6. recomenda-se n\u00e3o molhar menos de tr\u00eas horas depois que a refei\u00e7\u00e3o \u00e9 consumida.<\/p>\n<p>&nbsp;<\/p>\n<p>7. n\u00e3o \u00e9 poss\u00edvel no assoalho da Cuba, consumindo o alimento ou as bebidas.<\/p>\n<p>&nbsp;<\/p>\n<p>8. a piscina deve ser acessada pelo chuveiro que deve ser usado antes de entrar na \u00e1gua.<\/p>\n<p>&nbsp;<\/p>\n<p>9. \u00e9 proibida a realiza\u00e7\u00e3o de atividades de apneia sem a presen\u00e7a de um instrutor qualificado.<\/p>\n<p>&nbsp;<\/p>\n<p>10. os animais n\u00e3o devem ser introduzidos.<\/p>\n<p>&nbsp;<\/p>\n<p>11. \u00e9 proibido usar protetor solar e \u00f3leos capilares antes de entrar na banheira.<\/p>\n<p>&nbsp;<\/p>\n<p>12. os frascos, os produtos vidreiros e outros objetos n\u00e3o estritamente relacionados ao banho s\u00e3o proibidos da introdu\u00e7\u00e3o na associa\u00e7\u00e3o.<\/p>\n<p>&nbsp;<\/p>\n<p>13. \u00e9 proibido tomar banho em condi\u00e7\u00f5es meteorol\u00f3gicas espec\u00edficas (trovoadas).<\/p>\n<p>&nbsp;<\/p>\n<p>14. \u00e9 proibido entrar no pool de pessoas em estado psicof\u00edsico alterado (embriaguez, altera\u00e7\u00f5es de narc\u00f3ticos, etc.) ou mesmo em condi\u00e7\u00f5es prec\u00e1rias evidentes de sa\u00fade, como para representar um risco para a seguran\u00e7a do pr\u00f3prio sujeito e para o Usu\u00e1rios fisiologicamente incontinente.<\/p>\n<p>&nbsp;<\/p>\n<p>15. a administra\u00e7\u00e3o n\u00e3o responde de forma alguma a quaisquer acidentes, ferimentos ou outros, o que pode acontecer aos nadadores para o seu pr\u00f3prio comportamento, especialmente se em viola\u00e7\u00e3o do presente regulamento.<\/p>\n<p>&nbsp;<\/p>\n<p>16. a lei \u00e9 proibido o chuveiro e o banheiro sem um traje.<\/p>\n<p>&nbsp;<\/p>\n<p style=\"text-align: center;\"><em><strong>A dire\u00e7\u00e3o de B &amp; B Cascina 36,<\/strong><\/em><\/p>\n<p style=\"text-align: center;\"><em><strong>Agradecemos antecipadamente, certo de uma colabora\u00e7\u00e3o cort\u00eas, <\/strong><\/em><\/p>\n<p style=\"text-align: center;\"><em><strong>Aceitar e aplicar este regulamento.<\/strong><\/em><\/p>\n<p style=\"text-align: center;\"><em><strong>Permanecemos dispon\u00edveis para qualquer esclarecimento e desejamos-lhe uma estadia feliz.<\/strong><\/em><\/p>\n<p>&nbsp;<\/p>\n<\/div><div class=\"fusion-image-element fusion-image-align-center in-legacy-container\" style=\"text-align:center;--awb-caption-title-font-family:var(--h2_typography-font-family);--awb-caption-title-font-weight:var(--h2_typography-font-weight);--awb-caption-title-font-style:var(--h2_typography-font-style);--awb-caption-title-size:var(--h2_typography-font-size);--awb-caption-title-transform:var(--h2_typography-text-transform);--awb-caption-title-line-height:var(--h2_typography-line-height);--awb-caption-title-letter-spacing:var(--h2_typography-letter-spacing);\"><div class=\"imageframe-align-center\"><span class=\" fusion-imageframe imageframe-none imageframe-1 hover-type-none\"><img decoding=\"async\" width=\"1280\" height=\"850\" title=\"piscina giorno\" src=\"https:\/\/www.cascina36.com\/wp-content\/uploads\/2017\/04\/piscina-giorno.jpg\" alt class=\"img-responsive wp-image-3608\" srcset=\"https:\/\/www.cascina36.com\/wp-content\/uploads\/2017\/04\/piscina-giorno-200x133.jpg 200w, https:\/\/www.cascina36.com\/wp-content\/uploads\/2017\/04\/piscina-giorno-400x266.jpg 400w, https:\/\/www.cascina36.com\/wp-content\/uploads\/2017\/04\/piscina-giorno-600x398.jpg 600w, https:\/\/www.cascina36.com\/wp-content\/uploads\/2017\/04\/piscina-giorno-800x531.jpg 800w, https:\/\/www.cascina36.com\/wp-content\/uploads\/2017\/04\/piscina-giorno-1200x797.jpg 1200w, https:\/\/www.cascina36.com\/wp-content\/uploads\/2017\/04\/piscina-giorno.jpg 1280w\" sizes=\"(max-width: 1105px) 100vw, 1200px\" \/><\/span><\/div><\/div><div class=\"fusion-clearfix\"><\/div><\/div><\/div><\/div><\/div>\n","protected":false},"excerpt":{"rendered":"","protected":false},"author":1,"featured_media":0,"parent":0,"menu_order":0,"comment_status":"closed","ping_status":"closed","template":"","meta":{"iawp_total_views":0,"footnotes":""},"class_list":["post-3087","page","type-page","status-publish","hentry"],"yoast_head":"<!-- This site is optimized with the Yoast SEO plugin v27.3 - https:\/\/yoast.com\/product\/yoast-seo-wordpress\/ -->\n<title>Regras para o uso da \u00e1rea relax - Cascina36 B&amp;B<\/title>\n<meta name=\"robots\" content=\"index, follow, max-snippet:-1, max-image-preview:large, max-video-preview:-1\" \/>\n<link rel=\"canonical\" href=\"https:\/\/www.cascina36.com\/pt-br\/regras-para-o-uso-da-area-relax\/\" \/>\n<meta property=\"og:locale\" content=\"pt_BR\" \/>\n<meta property=\"og:type\" content=\"article\" \/>\n<meta property=\"og:title\" content=\"Regras para o uso da \u00e1rea relax - Cascina36 B&amp;B\" \/>\n<meta property=\"og:url\" content=\"https:\/\/www.cascina36.com\/pt-br\/regras-para-o-uso-da-area-relax\/\" \/>\n<meta property=\"og:site_name\" content=\"Cascina36 B&amp;B\" \/>\n<meta property=\"article:modified_time\" content=\"2019-04-05T12:28:02+00:00\" \/>\n<meta name=\"twitter:card\" content=\"summary_large_image\" \/>\n<meta name=\"twitter:label1\" content=\"Est. tempo de leitura\" \/>\n\t<meta name=\"twitter:data1\" content=\"3 minutos\" \/>\n<script type=\"application\/ld+json\" class=\"yoast-schema-graph\">{\"@context\":\"https:\\\/\\\/schema.org\",\"@graph\":[{\"@type\":\"WebPage\",\"@id\":\"https:\\\/\\\/www.cascina36.com\\\/pt-br\\\/regras-para-o-uso-da-area-relax\\\/\",\"url\":\"https:\\\/\\\/www.cascina36.com\\\/pt-br\\\/regras-para-o-uso-da-area-relax\\\/\",\"name\":\"Regras para o uso da \u00e1rea relax - Cascina36 B&amp;B\",\"isPartOf\":{\"@id\":\"https:\\\/\\\/www.cascina36.com\\\/pt-br\\\/#website\"},\"datePublished\":\"2019-04-05T12:27:55+00:00\",\"dateModified\":\"2019-04-05T12:28:02+00:00\",\"breadcrumb\":{\"@id\":\"https:\\\/\\\/www.cascina36.com\\\/pt-br\\\/regras-para-o-uso-da-area-relax\\\/#breadcrumb\"},\"inLanguage\":\"pt-BR\",\"potentialAction\":[{\"@type\":\"ReadAction\",\"target\":[\"https:\\\/\\\/www.cascina36.com\\\/pt-br\\\/regras-para-o-uso-da-area-relax\\\/\"]}]},{\"@type\":\"BreadcrumbList\",\"@id\":\"https:\\\/\\\/www.cascina36.com\\\/pt-br\\\/regras-para-o-uso-da-area-relax\\\/#breadcrumb\",\"itemListElement\":[{\"@type\":\"ListItem\",\"position\":1,\"name\":\"Home\",\"item\":\"https:\\\/\\\/www.cascina36.com\\\/pt-br\\\/home-cascina36-b-b-bem-vindo\\\/\"},{\"@type\":\"ListItem\",\"position\":2,\"name\":\"Regras para o uso da \u00e1rea relax\"}]},{\"@type\":\"WebSite\",\"@id\":\"https:\\\/\\\/www.cascina36.com\\\/pt-br\\\/#website\",\"url\":\"https:\\\/\\\/www.cascina36.com\\\/pt-br\\\/\",\"name\":\"Cascina36 B&amp;B\",\"description\":\"B&amp;B, Bed and Breakfast, Pregnana Milanese, Milano, Italia, Fiera di Rho, Fiera Milano.\",\"publisher\":{\"@id\":\"https:\\\/\\\/www.cascina36.com\\\/pt-br\\\/#organization\"},\"potentialAction\":[{\"@type\":\"SearchAction\",\"target\":{\"@type\":\"EntryPoint\",\"urlTemplate\":\"https:\\\/\\\/www.cascina36.com\\\/pt-br\\\/?s={search_term_string}\"},\"query-input\":{\"@type\":\"PropertyValueSpecification\",\"valueRequired\":true,\"valueName\":\"search_term_string\"}}],\"inLanguage\":\"pt-BR\"},{\"@type\":\"Organization\",\"@id\":\"https:\\\/\\\/www.cascina36.com\\\/pt-br\\\/#organization\",\"name\":\"Cascina36 B&amp;B\",\"url\":\"https:\\\/\\\/www.cascina36.com\\\/pt-br\\\/\",\"logo\":{\"@type\":\"ImageObject\",\"inLanguage\":\"pt-BR\",\"@id\":\"https:\\\/\\\/www.cascina36.com\\\/pt-br\\\/#\\\/schema\\\/logo\\\/image\\\/\",\"url\":\"https:\\\/\\\/www.cascina36.com\\\/wp-content\\\/uploads\\\/2017\\\/04\\\/LogoCascina36-1.jpg\",\"contentUrl\":\"https:\\\/\\\/www.cascina36.com\\\/wp-content\\\/uploads\\\/2017\\\/04\\\/LogoCascina36-1.jpg\",\"width\":1038,\"height\":188,\"caption\":\"Cascina36 B&amp;B\"},\"image\":{\"@id\":\"https:\\\/\\\/www.cascina36.com\\\/pt-br\\\/#\\\/schema\\\/logo\\\/image\\\/\"}}]}<\/script>\n<!-- \/ Yoast SEO plugin. -->","yoast_head_json":{"title":"Regras para o uso da \u00e1rea relax - Cascina36 B&amp;B","robots":{"index":"index","follow":"follow","max-snippet":"max-snippet:-1","max-image-preview":"max-image-preview:large","max-video-preview":"max-video-preview:-1"},"canonical":"https:\/\/www.cascina36.com\/pt-br\/regras-para-o-uso-da-area-relax\/","og_locale":"pt_BR","og_type":"article","og_title":"Regras para o uso da \u00e1rea relax - Cascina36 B&amp;B","og_url":"https:\/\/www.cascina36.com\/pt-br\/regras-para-o-uso-da-area-relax\/","og_site_name":"Cascina36 B&amp;B","article_modified_time":"2019-04-05T12:28:02+00:00","twitter_card":"summary_large_image","twitter_misc":{"Est. tempo de leitura":"3 minutos"},"schema":{"@context":"https:\/\/schema.org","@graph":[{"@type":"WebPage","@id":"https:\/\/www.cascina36.com\/pt-br\/regras-para-o-uso-da-area-relax\/","url":"https:\/\/www.cascina36.com\/pt-br\/regras-para-o-uso-da-area-relax\/","name":"Regras para o uso da \u00e1rea relax - Cascina36 B&amp;B","isPartOf":{"@id":"https:\/\/www.cascina36.com\/pt-br\/#website"},"datePublished":"2019-04-05T12:27:55+00:00","dateModified":"2019-04-05T12:28:02+00:00","breadcrumb":{"@id":"https:\/\/www.cascina36.com\/pt-br\/regras-para-o-uso-da-area-relax\/#breadcrumb"},"inLanguage":"pt-BR","potentialAction":[{"@type":"ReadAction","target":["https:\/\/www.cascina36.com\/pt-br\/regras-para-o-uso-da-area-relax\/"]}]},{"@type":"BreadcrumbList","@id":"https:\/\/www.cascina36.com\/pt-br\/regras-para-o-uso-da-area-relax\/#breadcrumb","itemListElement":[{"@type":"ListItem","position":1,"name":"Home","item":"https:\/\/www.cascina36.com\/pt-br\/home-cascina36-b-b-bem-vindo\/"},{"@type":"ListItem","position":2,"name":"Regras para o uso da \u00e1rea relax"}]},{"@type":"WebSite","@id":"https:\/\/www.cascina36.com\/pt-br\/#website","url":"https:\/\/www.cascina36.com\/pt-br\/","name":"Cascina36 B&amp;B","description":"B&amp;B, Bed and Breakfast, Pregnana Milanese, Milano, Italia, Fiera di Rho, Fiera Milano.","publisher":{"@id":"https:\/\/www.cascina36.com\/pt-br\/#organization"},"potentialAction":[{"@type":"SearchAction","target":{"@type":"EntryPoint","urlTemplate":"https:\/\/www.cascina36.com\/pt-br\/?s={search_term_string}"},"query-input":{"@type":"PropertyValueSpecification","valueRequired":true,"valueName":"search_term_string"}}],"inLanguage":"pt-BR"},{"@type":"Organization","@id":"https:\/\/www.cascina36.com\/pt-br\/#organization","name":"Cascina36 B&amp;B","url":"https:\/\/www.cascina36.com\/pt-br\/","logo":{"@type":"ImageObject","inLanguage":"pt-BR","@id":"https:\/\/www.cascina36.com\/pt-br\/#\/schema\/logo\/image\/","url":"https:\/\/www.cascina36.com\/wp-content\/uploads\/2017\/04\/LogoCascina36-1.jpg","contentUrl":"https:\/\/www.cascina36.com\/wp-content\/uploads\/2017\/04\/LogoCascina36-1.jpg","width":1038,"height":188,"caption":"Cascina36 B&amp;B"},"image":{"@id":"https:\/\/www.cascina36.com\/pt-br\/#\/schema\/logo\/image\/"}}]}},"_links":{"self":[{"href":"https:\/\/www.cascina36.com\/pt-br\/wp-json\/wp\/v2\/pages\/3087","targetHints":{"allow":["GET"]}}],"collection":[{"href":"https:\/\/www.cascina36.com\/pt-br\/wp-json\/wp\/v2\/pages"}],"about":[{"href":"https:\/\/www.cascina36.com\/pt-br\/wp-json\/wp\/v2\/types\/page"}],"author":[{"embeddable":true,"href":"https:\/\/www.cascina36.com\/pt-br\/wp-json\/wp\/v2\/users\/1"}],"replies":[{"embeddable":true,"href":"https:\/\/www.cascina36.com\/pt-br\/wp-json\/wp\/v2\/comments?post=3087"}],"version-history":[{"count":0,"href":"https:\/\/www.cascina36.com\/pt-br\/wp-json\/wp\/v2\/pages\/3087\/revisions"}],"wp:attachment":[{"href":"https:\/\/www.cascina36.com\/pt-br\/wp-json\/wp\/v2\/media?parent=3087"}],"curies":[{"name":"wp","href":"https:\/\/api.w.org\/{rel}","templated":true}]}}