{"id":3108,"date":"2019-04-05T14:28:39","date_gmt":"2019-04-05T12:28:39","guid":{"rendered":"https:\/\/www.cascina36.com\/cookies-faq-do-garante-da-privacidade-da-republica-italiana\/"},"modified":"2019-04-05T14:28:39","modified_gmt":"2019-04-05T12:28:39","slug":"cookies-faq-do-garante-da-privacidade-da-republica-italiana","status":"publish","type":"page","link":"https:\/\/www.cascina36.com\/pt-br\/cookies-faq-do-garante-da-privacidade-da-republica-italiana\/","title":{"rendered":"Cookies-FAQ do garante da privacidade da Rep\u00fablica italiana"},"content":{"rendered":"<h2>Informa\u00e7\u00f5es e consentimento para o uso de cookies<\/h2>\n<h3>Perguntas frequentes<\/h3>\n<p>&nbsp;<\/p>\n<ol>\n<li><strong> O que s\u00e3o cookies?<\/strong><\/li>\n<\/ol>\n<p>Cookies s\u00e3o pequenos arquivos de texto que os sites visitados pelos usu\u00e1rios enviam para seus terminais, onde eles s\u00e3o armazenados para serem retransmitidos para os mesmos sites na pr\u00f3xima visita. Os cookies dos chamados &#8220;terceiros&#8221; s\u00e3o, em vez disso, configurados por um site diferente daquele que o usu\u00e1rio est\u00e1 visitando. Isso porque em cada site pode haver elementos (imagens, mapas, sons, links espec\u00edficos para p\u00e1ginas da Web de outros dom\u00ednios, etc.) que residem em servidores diferentes do site visitado.<\/p>\n<p>&nbsp;<\/p>\n<ol start=\"2\">\n<li><strong> O que s\u00e3o cookies para?<\/strong><\/li>\n<\/ol>\n<p>Os cookies s\u00e3o usados para fins diferentes: execu\u00e7\u00e3o de autentica\u00e7\u00e3o de computador, monitoramento de sess\u00f5es, armazenamento de informa\u00e7\u00f5es sobre configura\u00e7\u00f5es espec\u00edficas sobre usu\u00e1rios acessando o servidor, armazenando prefer\u00eancias, etc.<\/p>\n<p>&nbsp;<\/p>\n<ol start=\"3\">\n<li><strong> O que s\u00e3o cookies &#8220;t\u00e9cnicos&#8221;?<\/strong><\/li>\n<\/ol>\n<p>Estes s\u00e3o os cookies que s\u00e3o usados para fazer a navega\u00e7\u00e3o ou para fornecer um servi\u00e7o solicitado pelo usu\u00e1rio. N\u00e3o s\u00e3o usados para finalidades mais adicionais e s\u00e3o instalados normalmente diretamente pelo propriet\u00e1rio do Web site.<\/p>\n<p>Sem recorrer a tais cookies, algumas transa\u00e7\u00f5es n\u00e3o puderam ser cumpridas ou seriam mais complexas e\/ou inseguras, como atividades banc\u00e1rias em casa (exibindo o extrato banc\u00e1rio, transfer\u00eancias banc\u00e1rias, pagamento de contas, etc.), para as quais os cookies, Isso permite que voc\u00ea fa\u00e7a e mantenha a identifica\u00e7\u00e3o do usu\u00e1rio dentro da sess\u00e3o, s\u00e3o indispens\u00e1veis.<\/p>\n<p>&nbsp;<\/p>\n<ol start=\"4\">\n<li><strong> Cookies de an\u00e1lise de cookies s\u00e3o &#8220;t\u00e9cnicos&#8221;?<\/strong><\/li>\n<\/ol>\n<p>N\u00e3o. O Fior (cf. <a href=\"https:\/\/www.garanteprivacy.it\/garante\/doc.jsp?ID=3118884\">Medida de 8 de maio 2014<\/a>) Ele salientou que eles podem ser assimilados a cookies t\u00e9cnicos apenas se usado com a finalidade de otimizar o site diretamente do propriet\u00e1rio do site, que ir\u00e1 recolher informa\u00e7\u00f5es de forma agregada sobre o n\u00famero de usu\u00e1rios e como eles visitam o Site. Nessas condi\u00e7\u00f5es, as mesmas regras s\u00e3o v\u00e1lidas para a an\u00e1lise de cookies, em termos de informa\u00e7\u00f5es e de consenso, fornecidas para cookies t\u00e9cnicos.<\/p>\n<p>&nbsp;<\/p>\n<ol start=\"5\">\n<li><strong> O que s\u00e3o cookies de &#8220;perfil&#8221;?<\/strong><\/li>\n<\/ol>\n<p>Eles s\u00e3o os cookies usados para rastrear a navega\u00e7\u00e3o do usu\u00e1rio na rede e criar perfis sobre seus gostos, h\u00e1bitos, escolhas, etc. Com estes cookies podem ser enviados para os an\u00fancios de terminal do usu\u00e1rio em conson\u00e2ncia com as prefer\u00eancias j\u00e1 manifestadas pelo mesmo usu\u00e1rio na navega\u00e7\u00e3o on-line.<\/p>\n<p>&nbsp;<\/p>\n<ol start=\"6\">\n<li><strong> Voc\u00ea precisa do consentimento do usu\u00e1rio para instalar cookies no seu terminal?<\/strong><\/li>\n<\/ol>\n<p>Depende da finalidade para a qual os cookies s\u00e3o utilizados e, portanto, se s\u00e3o cookies &#8220;t\u00e9cnicos&#8221; ou &#8220;perfilagem&#8221;.<\/p>\n<p>O consentimento do usu\u00e1rio n\u00e3o \u00e9 necess\u00e1rio para a instala\u00e7\u00e3o de cookies t\u00e9cnicos, enquanto as informa\u00e7\u00f5es devem ser fornecidas (artigo 13 do c\u00f3digo de privacidade). O perfil de cookies, por outro lado, s\u00f3 pode ser instalado no terminal do usu\u00e1rio se tiver expressado seu consentimento ap\u00f3s ser informado de forma simplificada.<\/p>\n<p>&nbsp;<\/p>\n<ol start=\"7\">\n<li><strong> Como o propriet\u00e1rio do site deve fornecer as informa\u00e7\u00f5es simplificadas e solicitar o consentimento para o uso de cookies de perfil?<\/strong><\/li>\n<\/ol>\n<p>Conforme determinado pelo Fior na medida especificada na pergunta n \u00ba. 4, a divulga\u00e7\u00e3o deve ser definida para dois n\u00edveis.<\/p>\n<p>Quando o usu\u00e1rio acessa um site (na p\u00e1gina inicial ou em qualquer outra p\u00e1gina), um banner contendo uma primeira informa\u00e7\u00e3o &#8220;curta&#8221;, o pedido de consentimento para o uso de cookies e um link para acessar um mais informativo &#8221; Estendido &#8220;. Nesta p\u00e1gina, o usu\u00e1rio pode encontrar mais e mais informa\u00e7\u00f5es de cookie detalhadas para escolher quais cookies espec\u00edficos para autorizar.<\/p>\n<p>&nbsp;<\/p>\n<ol start=\"8\">\n<li><strong> Como o banner deve ser feito?<\/strong><\/li>\n<\/ol>\n<p>O banner deve ter tamanho para cobrir em parte o conte\u00fado da p\u00e1gina da Web que o usu\u00e1rio est\u00e1 visitando. Ele deve ser capaz de ser eliminado apenas atrav\u00e9s de uma interven\u00e7\u00e3o ativa do usu\u00e1rio, que \u00e9 atrav\u00e9s da sele\u00e7\u00e3o de um elemento contido na p\u00e1gina abaixo.<\/p>\n<p>&nbsp;<\/p>\n<ol start=\"9\">\n<li><strong> Quais as indica\u00e7\u00f5es que o banner deve conter?<\/strong><\/li>\n<\/ol>\n<p>O banner deve especificar que o site usa cookies de cria\u00e7\u00e3o de perfil, possivelmente tamb\u00e9m &#8220;terceiros&#8221;, que permitem que voc\u00ea envie an\u00fancios de acordo com as prefer\u00eancias do usu\u00e1rio.<\/p>\n<p>Ele deve conter o link para as informa\u00e7\u00f5es estendidas e a indica\u00e7\u00e3o de que, atrav\u00e9s desse link, \u00e9 poss\u00edvel negar o consentimento para a instala\u00e7\u00e3o de qualquer Cookie.<\/p>\n<p>Ele deve especificar que se o usu\u00e1rio optar por continuar &#8220;ignorando&#8221; o banner, ele concorda com o uso de cookies.<\/p>\n<p>&nbsp;<\/p>\n<ol start=\"10\">\n<li><strong> Como pode a aquisi\u00e7\u00e3o de consentimento feita atrav\u00e9s do uso do banner ser documentado?<\/strong><\/li>\n<\/ol>\n<p>A fim de manter o controle do consenso adquirido, o propriet\u00e1rio do site pode usar um cookie t\u00e9cnico especial, um sistema que n\u00e3o \u00e9 particularmente invasivo e que n\u00e3o requer mais consentimento.<\/p>\n<p>Na presen\u00e7a de tal &#8220;documenta\u00e7\u00e3o&#8221;, n\u00e3o \u00e9 necess\u00e1rio que as breves informa\u00e7\u00f5es sejam repropostas para a segunda visita do usu\u00e1rio no site, n\u00e3o obstante a possibilidade de este \u00faltimo negar o consentimento e\/ou modificar, a qualquer momento e de forma f\u00e1cil, sua Op\u00e7\u00f5es, como atrav\u00e9s do acesso \u00e0s informa\u00e7\u00f5es estendidas, que devem ser Linkable de cada p\u00e1gina do site.<\/p>\n<p>&nbsp;<\/p>\n<ol start=\"11\">\n<li><strong> Pode o consentimento on-line para o uso de cookies ser solicitado apenas atrav\u00e9s do uso do banner?<\/strong><\/li>\n<\/ol>\n<p>N\u00e3o. Os propriet\u00e1rios dos s\u00edtios t\u00eam sempre a possibilidade de utilizar modalidades diferentes daquelas identificadas pelo garante na medida indicada acima, desde que as modalidades seleccionadas tenham todos os requisitos de validade do consentimento exigido por lei.<\/p>\n<p>&nbsp;<\/p>\n<ol start=\"12\">\n<li><strong> \u00c9 a obriga\u00e7\u00e3o de usar o banner tamb\u00e9m sobre os propriet\u00e1rios de sites que usam apenas cookies t\u00e9cnicos?<\/strong><\/li>\n<\/ol>\n<p>N\u00e3o. Neste caso, o propriet\u00e1rio do site pode fornecer as informa\u00e7\u00f5es aos usu\u00e1rios com as modalidades que considera mais adequadas, por exemplo, tamb\u00e9m atrav\u00e9s da inser\u00e7\u00e3o das indica\u00e7\u00f5es relevantes na pol\u00edtica de privacidade indicada no site.<\/p>\n<p>&nbsp;<\/p>\n<ol start=\"13\">\n<li><strong> O que deve ser indicada a informa\u00e7\u00e3o \u00abalargada\u00bb?<\/strong><\/li>\n<\/ol>\n<p>Deve conter todos os elementos exigidos por lei, descrever analiticamente as caracter\u00edsticas e a finalidade dos cookies instalados pelo site e permitir que o usu\u00e1rio selecione\/desmarque cookies individuais.<\/p>\n<p>Deve incluir o link atualizado para informa\u00e7\u00f5es de terceiros e formul\u00e1rios de consentimento com os quais o titular assinou acordos para a instala\u00e7\u00e3o de cookies atrav\u00e9s de seu site.<\/p>\n<p>Finalmente, a capacidade do usu\u00e1rio de expressar suas op\u00e7\u00f5es em cookies tamb\u00e9m pode ser invocada atrav\u00e9s das configura\u00e7\u00f5es do navegador usadas.<\/p>\n<p>&nbsp;<\/p>\n<ol start=\"14\">\n<li><strong> Quem \u00e9 obrigado a fornecer as informa\u00e7\u00f5es e a solicitar o consentimento para o uso de cookies?<\/strong><\/li>\n<\/ol>\n<p>O propriet\u00e1rio do site que instala cookies de cria\u00e7\u00e3o de perfil.<\/p>\n<p>Para cookies de terceiros instalados atrav\u00e9s do site, as obriga\u00e7\u00f5es de divulga\u00e7\u00e3o e consentimento s\u00e3o impostas a terceiros, mas o propriet\u00e1rio do site, como um intermedi\u00e1rio t\u00e9cnico entre estes e os usu\u00e1rios, \u00e9 obrigado a incluir na informa\u00e7\u00e3o &#8220;estendida&#8221; os links atualizados para Informa\u00e7\u00f5es e as formas de consentimento dos pr\u00f3prios terceiros.<\/p>\n<p>&nbsp;<\/p>\n<ol start=\"15\">\n<li><strong> O uso de cookies deve ser notificado ao Fior?<\/strong><\/li>\n<\/ol>\n<p>Os cookies de perfilagem, que geralmente persistem ao longo do tempo, est\u00e3o sujeitos \u00e0 obriga\u00e7\u00e3o de notifica\u00e7\u00e3o, enquanto os cookies que t\u00eam finalidades diferentes e que se enquadram na categoria de cookies t\u00e9cnicos n\u00e3o devem ser notificados ao fIor.<\/p>\n<p>&nbsp;<\/p>\n<ol start=\"16\">\n<li><strong> Quando as medidas prescritas pelo Fior entram em vigor com a medida de 8 de maio de 2014?<\/strong><\/li>\n<\/ol>\n<p>O Fior previu um per\u00edodo transit\u00f3rio de um ano a partir da publica\u00e7\u00e3o da medida no di\u00e1rio oficial, a fim de permitir que as partes interessadas se definam. Este per\u00edodo terminar\u00e1 em 2 de junho de 2015.<\/p>\n<p>&nbsp;<\/p>\n","protected":false},"excerpt":{"rendered":"<p>Informa\u00e7\u00f5es e consentimento para o uso de cookies Perguntas frequentes &nbsp; O que s\u00e3o cookies? Cookies s\u00e3o pequenos arquivos de texto que os sites visitados pelos usu\u00e1rios enviam para seus terminais, onde eles s\u00e3o armazenados para serem retransmitidos para os  [&#8230;]<\/p>\n","protected":false},"author":1,"featured_media":0,"parent":0,"menu_order":0,"comment_status":"closed","ping_status":"closed","template":"","meta":{"iawp_total_views":1,"footnotes":""},"class_list":["post-3108","page","type-page","status-publish","hentry"],"yoast_head":"<!-- This site is optimized with the Yoast SEO plugin v27.3 - https:\/\/yoast.com\/product\/yoast-seo-wordpress\/ -->\n<title>Cookies-FAQ do garante da privacidade da Rep\u00fablica italiana - Cascina36 B&amp;B<\/title>\n<meta name=\"robots\" content=\"index, follow, max-snippet:-1, max-image-preview:large, max-video-preview:-1\" \/>\n<link rel=\"canonical\" href=\"https:\/\/www.cascina36.com\/pt-br\/cookies-faq-do-garante-da-privacidade-da-republica-italiana\/\" \/>\n<meta property=\"og:locale\" content=\"pt_BR\" \/>\n<meta property=\"og:type\" content=\"article\" \/>\n<meta property=\"og:title\" content=\"Cookies-FAQ do garante da privacidade da Rep\u00fablica italiana - Cascina36 B&amp;B\" \/>\n<meta property=\"og:description\" content=\"Informa\u00e7\u00f5es e consentimento para o uso de cookies Perguntas frequentes &nbsp; O que s\u00e3o cookies? Cookies s\u00e3o pequenos arquivos de texto que os sites visitados pelos usu\u00e1rios enviam para seus terminais, onde eles s\u00e3o armazenados para serem retransmitidos para os [...]\" \/>\n<meta property=\"og:url\" content=\"https:\/\/www.cascina36.com\/pt-br\/cookies-faq-do-garante-da-privacidade-da-republica-italiana\/\" \/>\n<meta property=\"og:site_name\" content=\"Cascina36 B&amp;B\" \/>\n<meta name=\"twitter:card\" content=\"summary_large_image\" \/>\n<meta name=\"twitter:label1\" content=\"Est. tempo de leitura\" \/>\n\t<meta name=\"twitter:data1\" content=\"7 minutos\" \/>\n<script type=\"application\/ld+json\" class=\"yoast-schema-graph\">{\"@context\":\"https:\\\/\\\/schema.org\",\"@graph\":[{\"@type\":\"WebPage\",\"@id\":\"https:\\\/\\\/www.cascina36.com\\\/pt-br\\\/cookies-faq-do-garante-da-privacidade-da-republica-italiana\\\/\",\"url\":\"https:\\\/\\\/www.cascina36.com\\\/pt-br\\\/cookies-faq-do-garante-da-privacidade-da-republica-italiana\\\/\",\"name\":\"Cookies-FAQ do garante da privacidade da Rep\u00fablica italiana - Cascina36 B&amp;B\",\"isPartOf\":{\"@id\":\"https:\\\/\\\/www.cascina36.com\\\/pt-br\\\/#website\"},\"datePublished\":\"2019-04-05T12:28:39+00:00\",\"breadcrumb\":{\"@id\":\"https:\\\/\\\/www.cascina36.com\\\/pt-br\\\/cookies-faq-do-garante-da-privacidade-da-republica-italiana\\\/#breadcrumb\"},\"inLanguage\":\"pt-BR\",\"potentialAction\":[{\"@type\":\"ReadAction\",\"target\":[\"https:\\\/\\\/www.cascina36.com\\\/pt-br\\\/cookies-faq-do-garante-da-privacidade-da-republica-italiana\\\/\"]}]},{\"@type\":\"BreadcrumbList\",\"@id\":\"https:\\\/\\\/www.cascina36.com\\\/pt-br\\\/cookies-faq-do-garante-da-privacidade-da-republica-italiana\\\/#breadcrumb\",\"itemListElement\":[{\"@type\":\"ListItem\",\"position\":1,\"name\":\"Home\",\"item\":\"https:\\\/\\\/www.cascina36.com\\\/pt-br\\\/home-cascina36-b-b-bem-vindo\\\/\"},{\"@type\":\"ListItem\",\"position\":2,\"name\":\"Cookies-FAQ do garante da privacidade da Rep\u00fablica italiana\"}]},{\"@type\":\"WebSite\",\"@id\":\"https:\\\/\\\/www.cascina36.com\\\/pt-br\\\/#website\",\"url\":\"https:\\\/\\\/www.cascina36.com\\\/pt-br\\\/\",\"name\":\"Cascina36 B&amp;B\",\"description\":\"B&amp;B, Bed and Breakfast, Pregnana Milanese, Milano, Italia, Fiera di Rho, Fiera Milano.\",\"publisher\":{\"@id\":\"https:\\\/\\\/www.cascina36.com\\\/pt-br\\\/#organization\"},\"potentialAction\":[{\"@type\":\"SearchAction\",\"target\":{\"@type\":\"EntryPoint\",\"urlTemplate\":\"https:\\\/\\\/www.cascina36.com\\\/pt-br\\\/?s={search_term_string}\"},\"query-input\":{\"@type\":\"PropertyValueSpecification\",\"valueRequired\":true,\"valueName\":\"search_term_string\"}}],\"inLanguage\":\"pt-BR\"},{\"@type\":\"Organization\",\"@id\":\"https:\\\/\\\/www.cascina36.com\\\/pt-br\\\/#organization\",\"name\":\"Cascina36 B&amp;B\",\"url\":\"https:\\\/\\\/www.cascina36.com\\\/pt-br\\\/\",\"logo\":{\"@type\":\"ImageObject\",\"inLanguage\":\"pt-BR\",\"@id\":\"https:\\\/\\\/www.cascina36.com\\\/pt-br\\\/#\\\/schema\\\/logo\\\/image\\\/\",\"url\":\"https:\\\/\\\/www.cascina36.com\\\/wp-content\\\/uploads\\\/2017\\\/04\\\/LogoCascina36-1.jpg\",\"contentUrl\":\"https:\\\/\\\/www.cascina36.com\\\/wp-content\\\/uploads\\\/2017\\\/04\\\/LogoCascina36-1.jpg\",\"width\":1038,\"height\":188,\"caption\":\"Cascina36 B&amp;B\"},\"image\":{\"@id\":\"https:\\\/\\\/www.cascina36.com\\\/pt-br\\\/#\\\/schema\\\/logo\\\/image\\\/\"}}]}<\/script>\n<!-- \/ Yoast SEO plugin. -->","yoast_head_json":{"title":"Cookies-FAQ do garante da privacidade da Rep\u00fablica italiana - Cascina36 B&amp;B","robots":{"index":"index","follow":"follow","max-snippet":"max-snippet:-1","max-image-preview":"max-image-preview:large","max-video-preview":"max-video-preview:-1"},"canonical":"https:\/\/www.cascina36.com\/pt-br\/cookies-faq-do-garante-da-privacidade-da-republica-italiana\/","og_locale":"pt_BR","og_type":"article","og_title":"Cookies-FAQ do garante da privacidade da Rep\u00fablica italiana - Cascina36 B&amp;B","og_description":"Informa\u00e7\u00f5es e consentimento para o uso de cookies Perguntas frequentes &nbsp; O que s\u00e3o cookies? Cookies s\u00e3o pequenos arquivos de texto que os sites visitados pelos usu\u00e1rios enviam para seus terminais, onde eles s\u00e3o armazenados para serem retransmitidos para os [...]","og_url":"https:\/\/www.cascina36.com\/pt-br\/cookies-faq-do-garante-da-privacidade-da-republica-italiana\/","og_site_name":"Cascina36 B&amp;B","twitter_card":"summary_large_image","twitter_misc":{"Est. tempo de leitura":"7 minutos"},"schema":{"@context":"https:\/\/schema.org","@graph":[{"@type":"WebPage","@id":"https:\/\/www.cascina36.com\/pt-br\/cookies-faq-do-garante-da-privacidade-da-republica-italiana\/","url":"https:\/\/www.cascina36.com\/pt-br\/cookies-faq-do-garante-da-privacidade-da-republica-italiana\/","name":"Cookies-FAQ do garante da privacidade da Rep\u00fablica italiana - Cascina36 B&amp;B","isPartOf":{"@id":"https:\/\/www.cascina36.com\/pt-br\/#website"},"datePublished":"2019-04-05T12:28:39+00:00","breadcrumb":{"@id":"https:\/\/www.cascina36.com\/pt-br\/cookies-faq-do-garante-da-privacidade-da-republica-italiana\/#breadcrumb"},"inLanguage":"pt-BR","potentialAction":[{"@type":"ReadAction","target":["https:\/\/www.cascina36.com\/pt-br\/cookies-faq-do-garante-da-privacidade-da-republica-italiana\/"]}]},{"@type":"BreadcrumbList","@id":"https:\/\/www.cascina36.com\/pt-br\/cookies-faq-do-garante-da-privacidade-da-republica-italiana\/#breadcrumb","itemListElement":[{"@type":"ListItem","position":1,"name":"Home","item":"https:\/\/www.cascina36.com\/pt-br\/home-cascina36-b-b-bem-vindo\/"},{"@type":"ListItem","position":2,"name":"Cookies-FAQ do garante da privacidade da Rep\u00fablica italiana"}]},{"@type":"WebSite","@id":"https:\/\/www.cascina36.com\/pt-br\/#website","url":"https:\/\/www.cascina36.com\/pt-br\/","name":"Cascina36 B&amp;B","description":"B&amp;B, Bed and Breakfast, Pregnana Milanese, Milano, Italia, Fiera di Rho, Fiera Milano.","publisher":{"@id":"https:\/\/www.cascina36.com\/pt-br\/#organization"},"potentialAction":[{"@type":"SearchAction","target":{"@type":"EntryPoint","urlTemplate":"https:\/\/www.cascina36.com\/pt-br\/?s={search_term_string}"},"query-input":{"@type":"PropertyValueSpecification","valueRequired":true,"valueName":"search_term_string"}}],"inLanguage":"pt-BR"},{"@type":"Organization","@id":"https:\/\/www.cascina36.com\/pt-br\/#organization","name":"Cascina36 B&amp;B","url":"https:\/\/www.cascina36.com\/pt-br\/","logo":{"@type":"ImageObject","inLanguage":"pt-BR","@id":"https:\/\/www.cascina36.com\/pt-br\/#\/schema\/logo\/image\/","url":"https:\/\/www.cascina36.com\/wp-content\/uploads\/2017\/04\/LogoCascina36-1.jpg","contentUrl":"https:\/\/www.cascina36.com\/wp-content\/uploads\/2017\/04\/LogoCascina36-1.jpg","width":1038,"height":188,"caption":"Cascina36 B&amp;B"},"image":{"@id":"https:\/\/www.cascina36.com\/pt-br\/#\/schema\/logo\/image\/"}}]}},"_links":{"self":[{"href":"https:\/\/www.cascina36.com\/pt-br\/wp-json\/wp\/v2\/pages\/3108","targetHints":{"allow":["GET"]}}],"collection":[{"href":"https:\/\/www.cascina36.com\/pt-br\/wp-json\/wp\/v2\/pages"}],"about":[{"href":"https:\/\/www.cascina36.com\/pt-br\/wp-json\/wp\/v2\/types\/page"}],"author":[{"embeddable":true,"href":"https:\/\/www.cascina36.com\/pt-br\/wp-json\/wp\/v2\/users\/1"}],"replies":[{"embeddable":true,"href":"https:\/\/www.cascina36.com\/pt-br\/wp-json\/wp\/v2\/comments?post=3108"}],"version-history":[{"count":0,"href":"https:\/\/www.cascina36.com\/pt-br\/wp-json\/wp\/v2\/pages\/3108\/revisions"}],"wp:attachment":[{"href":"https:\/\/www.cascina36.com\/pt-br\/wp-json\/wp\/v2\/media?parent=3108"}],"curies":[{"name":"wp","href":"https:\/\/api.w.org\/{rel}","templated":true}]}}