{"id":3109,"date":"2019-04-05T14:29:13","date_gmt":"2019-04-05T12:29:13","guid":{"rendered":"https:\/\/www.cascina36.com\/cookies-informacoes-estendidas\/"},"modified":"2019-04-05T14:29:13","modified_gmt":"2019-04-05T12:29:13","slug":"cookies-informacoes-estendidas","status":"publish","type":"page","link":"https:\/\/www.cascina36.com\/pt-br\/cookies-informacoes-estendidas\/","title":{"rendered":"COOKIES-informa\u00e7\u00f5es estendidas"},"content":{"rendered":"<h1>Cookies: divulga\u00e7\u00e3o estendida<\/h1>\n<h2>Premissa:<\/h2>\n<p>&nbsp;<\/p>\n<h3>Esta &#8220;informa\u00e7\u00e3o alargada&#8221; foi preparada e personalizada especificamente para este site <strong>www.anthilla.com<\/strong> de acordo com as disposi\u00e7\u00f5es da medida de 8 de maio de 2014 emitido pelo Fior para a protec\u00e7\u00e3o de dados pessoais.<\/h3>\n<p>&nbsp;<\/p>\n<p>Integra e atualiza outras informa\u00e7\u00f5es j\u00e1 presentes no site e\/ou lan\u00e7adas anteriormente pela empresa, em combina\u00e7\u00e3o com a qual fornece todos os elementos exigidos pela arte. 13 de D. Lgs. 196\/2003 e as disposi\u00e7\u00f5es subsequentes da autoridade que garantem a prote\u00e7\u00e3o dos dados pessoais.<\/p>\n<p>&nbsp;<\/p>\n<h2>Aviso importante:<\/h2>\n<p>Os terceiros devem ser informados de que a utiliza\u00e7\u00e3o desta declara\u00e7\u00e3o, ou mesmo apenas de determinadas partes do mesmo, noutros s\u00edtios Web relativamente aos quais n\u00e3o \u00e9 certamente relevante e\/ou incorrecto e\/ou incoerente, pode implicar a imposi\u00e7\u00e3o de san\u00e7\u00f5es pesadas por parte Da autoridade respons\u00e1vel pela prote\u00e7\u00e3o dos dados pessoais.<\/p>\n<h2>Assunto de divulga\u00e7\u00e3o:<\/h2>\n<p>Nossa empresa explora nessas tecnologias de p\u00e1ginas Web usando os chamados &#8220;cookies&#8221; e esta declara\u00e7\u00e3o tem o prop\u00f3sito de ilustrar para o usu\u00e1rio de forma clara e precisa sua maneira de usar.<\/p>\n<p>Este documento cancela e substitui integralmente todas as informa\u00e7\u00f5es anteriores fornecidas pela empresa sobre o tema dos cookies, que devem, portanto, ser consideradas completamente ultrapassadas.<\/p>\n<p>&nbsp;<\/p>\n<h2>O que s\u00e3o cookies:<\/h2>\n<p>Os cookies VI s\u00e3o cadeias de texto (pequenos ficheiros), que os s\u00edtios visitados por um utilizador enviam para o seu terminal (PC, Tablet, Smart Phone, etc.), onde s\u00e3o armazenados e retransmitidos para os mesmos s\u00edtios que os enviaram, durante a visita do mesmo usu\u00e1rio.<\/p>\n<p>&nbsp;<\/p>\n<h2>Tipos de cookies e seus prop\u00f3sitos:<\/h2>\n<p>Os cookies utilizados neste site s\u00e3o dos seguintes tipos:<\/p>\n<p>&nbsp;<\/p>\n<h4><strong>1. cookies t\u00e9cnicos: <\/strong><\/h4>\n<p>Eles permitem que o usu\u00e1rio a navega\u00e7\u00e3o ideal e r\u00e1pida atrav\u00e9s do site e o uso eficiente dos servi\u00e7os e\/ou as v\u00e1rias op\u00e7\u00f5es que ele oferece, permitindo, por exemplo, fazer uma compra ou autenticar-se para acessar \u00e1reas reservadas.<\/p>\n<p>Estes cookies s\u00e3o necess\u00e1rios para melhorar a usabilidade do site, mas eles ainda podem ser desativados.<\/p>\n<h4>2. cookies de terceiros:<\/h4>\n<p>Os cookies s\u00e3o instalados no terminal do usu\u00e1rio por gerentes de sites de terceiros atrav\u00e9s deste site.<\/p>\n<p>Cookies de terceiros, principalmente para fins de an\u00e1lise, derivam principalmente das capacidades de ferramentas para o gerenciamento de estat\u00edsticas anal\u00edticas, tais como: <strong><br \/>\n  <em>Google Analytics<\/em><br \/>\n<\/strong>.<\/p>\n<p>Voc\u00ea pode ter mais informa\u00e7\u00f5es sobre o <strong><em>Google Analytics<\/em><\/p>\n<p><\/strong> clicando no seguinte link: <strong><em> <a href=\"https:\/\/www.google.it\/intl\/it\/analytics\">www.google.it\/intl\/it\/Analytics<\/a> <\/em><\/p>\n<p><\/strong> <em>.<\/em><\/p>\n<p>Para desativar os cookies e evitar <strong><br \/>\n  <em>Google Analytics<\/em><br \/>\n<\/strong> para coletar dados de navega\u00e7\u00e3o, voc\u00ea pode baixar o complemento do navegador para desabilitar <strong><br \/>\n  <em>Google Analytics<\/em><br \/>\n<\/strong> clicando no seguinte link: <a href=\"https:\/\/tools.google.com\/dlpage\/gaoptout\"><strong><em>tools.google.com\/dlpage\/gaoptout<\/em><\/strong><\/a> .<\/p>\n<p>&nbsp;<\/p>\n<h2>As configura\u00e7\u00f5es do seu navegador:<\/h2>\n<p>Informamos tamb\u00e9m que o usu\u00e1rio pode configurar, <strong><em>Livremente e a qualquer momento, <\/em><\/strong>Seus par\u00e2metros de privacidade em rela\u00e7\u00e3o \u00e0 instala\u00e7\u00e3o e uso de cookies, diretamente atrav\u00e9s de seu programa de navega\u00e7\u00e3o (navegador) de acordo com suas instru\u00e7\u00f5es.<br \/>\nEm particular, o usu\u00e1rio pode definir a chamada <strong>&#8220;navega\u00e7\u00e3o privada&#8221;<\/strong>, gra\u00e7as ao qual seu programa de navega\u00e7\u00e3o interrompe a poupan\u00e7a dos locais hist\u00f3ricos visitados, todas as senhas inseridas, cookies e outros Informa\u00e7\u00f5es sobre as p\u00e1ginas que voc\u00ea visita.<br \/>\nAlertamos que, no caso de o usu\u00e1rio decidir desativar todos os cookies (mesmo os de natureza t\u00e9cnica), a qualidade e rapidez dos servi\u00e7os oferecidos por este site pode piorar drasticamente e voc\u00ea pode perder o acesso a algumas se\u00e7\u00f5es de Site em si.<\/p>\n<p>&nbsp;<\/p>\n<h2>Dire\u00e7\u00f5es pr\u00e1ticas para o usu\u00e1rio para a configura\u00e7\u00e3o correta do navegador:<\/h2>\n<p>Para bloquear ou restringir o uso de cookies, seja por este site ou por outros sites, diretamente atrav\u00e9s do seu navegador, voc\u00ea pode seguir as instru\u00e7\u00f5es simples abaixo e encaminhado para os navegadores de uso mais comum.<\/p>\n<p>&nbsp;<\/p>\n<h3>Google Chrome:<\/h3>\n<ul>\n<li>Clique no \u00edcone &#8220;<strong>Personalizar e verificar Google Chrome<\/strong>&#8221; localizado no canto superior direito.<\/li>\n<li>Em seguida, selecione o item de menu denominado &#8220;<strong>configura\u00e7\u00f5es<\/strong>&#8220;.<\/li>\n<li>No formul\u00e1rio que se abre, selecione o item de menu rotulado como &#8220;<strong>Mostrar configura\u00e7\u00f5es avan\u00e7adas<\/strong>&#8220;.<\/li>\n<li>Em seguida, para o item de menu chamado &#8220;<strong>privacidade<\/strong>&#8220;.<\/li>\n<li>Clique no bot\u00e3o &#8220;<strong>configura\u00e7\u00f5es de conte\u00fado<\/strong>&#8220;, onde voc\u00ea pode definir o bloco de todos ou parte dos cookies.<\/li>\n<\/ul>\n<h3>Microsoft Internet Explorer:<\/h3>\n<ul>\n<li>Clique no \u00edcone rotulado &#8220;<strong>ferramentas<\/strong>&#8221; localizado no canto superior direito.<\/li>\n<li>Em seguida, selecione o item de menu denominado &#8220;<strong>Op\u00e7\u00f5es da Internet<\/strong>&#8220;.<\/li>\n<li>No formul\u00e1rio que se abre, selecione o item de menu chamado &#8220;<strong>privacidade<\/strong>&#8220;, onde voc\u00ea pode definir o bloco de todos ou parte dos cookies.<\/li>\n<\/ul>\n<h3>Mozilla Firefox:<\/h3>\n<ul>\n<li>No menu suspenso localizado no canto superior esquerdo, ou no \u00edcone de 3 linhas localizado na barra de ferramentas.<\/li>\n<li>Selecione o item de menu denominado &#8220;<strong>Options<\/strong>&#8220;.<\/li>\n<li>No formul\u00e1rio que se abre, selecione o item de menu &#8220;<strong>privacidade<\/strong>&#8220;,<\/li>\n<li>Onde voc\u00ea pode definir o bloco de todos ou parte dos cookies.<\/li>\n<\/ul>\n<p>&nbsp;<\/p>\n<p><em>Data de redac\u00e7\u00e3o do presente documento:<\/em> <em>26\/03\/2019<\/em><\/p>\n<p>&nbsp;<\/p>\n","protected":false},"excerpt":{"rendered":"<p>Cookies: divulga\u00e7\u00e3o estendida Premissa: &nbsp; Esta &#8220;informa\u00e7\u00e3o alargada&#8221; foi preparada e personalizada especificamente para este site www.anthilla.com de acordo com as disposi\u00e7\u00f5es da medida de 8 de maio de 2014 emitido pelo Fior para a protec\u00e7\u00e3o de dados pessoais. &nbsp;  [&#8230;]<\/p>\n","protected":false},"author":1,"featured_media":0,"parent":0,"menu_order":0,"comment_status":"closed","ping_status":"closed","template":"","meta":{"iawp_total_views":1,"footnotes":""},"class_list":["post-3109","page","type-page","status-publish","hentry"],"yoast_head":"<!-- This site is optimized with the Yoast SEO plugin v27.3 - https:\/\/yoast.com\/product\/yoast-seo-wordpress\/ -->\n<title>COOKIES-informa\u00e7\u00f5es estendidas - Cascina36 B&amp;B<\/title>\n<meta name=\"robots\" content=\"index, follow, max-snippet:-1, max-image-preview:large, max-video-preview:-1\" \/>\n<link rel=\"canonical\" href=\"https:\/\/www.cascina36.com\/pt-br\/cookies-informacoes-estendidas\/\" \/>\n<meta property=\"og:locale\" content=\"pt_BR\" \/>\n<meta property=\"og:type\" content=\"article\" \/>\n<meta property=\"og:title\" content=\"COOKIES-informa\u00e7\u00f5es estendidas - Cascina36 B&amp;B\" \/>\n<meta property=\"og:description\" content=\"Cookies: divulga\u00e7\u00e3o estendida Premissa: &nbsp; Esta &#8220;informa\u00e7\u00e3o alargada&#8221; foi preparada e personalizada especificamente para este site www.anthilla.com de acordo com as disposi\u00e7\u00f5es da medida de 8 de maio de 2014 emitido pelo Fior para a protec\u00e7\u00e3o de dados pessoais. &nbsp; [...]\" \/>\n<meta property=\"og:url\" content=\"https:\/\/www.cascina36.com\/pt-br\/cookies-informacoes-estendidas\/\" \/>\n<meta property=\"og:site_name\" content=\"Cascina36 B&amp;B\" \/>\n<meta name=\"twitter:card\" content=\"summary_large_image\" \/>\n<meta name=\"twitter:label1\" content=\"Est. tempo de leitura\" \/>\n\t<meta name=\"twitter:data1\" content=\"4 minutos\" \/>\n<script type=\"application\/ld+json\" class=\"yoast-schema-graph\">{\"@context\":\"https:\\\/\\\/schema.org\",\"@graph\":[{\"@type\":\"WebPage\",\"@id\":\"https:\\\/\\\/www.cascina36.com\\\/pt-br\\\/cookies-informacoes-estendidas\\\/\",\"url\":\"https:\\\/\\\/www.cascina36.com\\\/pt-br\\\/cookies-informacoes-estendidas\\\/\",\"name\":\"COOKIES-informa\u00e7\u00f5es estendidas - Cascina36 B&amp;B\",\"isPartOf\":{\"@id\":\"https:\\\/\\\/www.cascina36.com\\\/pt-br\\\/#website\"},\"datePublished\":\"2019-04-05T12:29:13+00:00\",\"breadcrumb\":{\"@id\":\"https:\\\/\\\/www.cascina36.com\\\/pt-br\\\/cookies-informacoes-estendidas\\\/#breadcrumb\"},\"inLanguage\":\"pt-BR\",\"potentialAction\":[{\"@type\":\"ReadAction\",\"target\":[\"https:\\\/\\\/www.cascina36.com\\\/pt-br\\\/cookies-informacoes-estendidas\\\/\"]}]},{\"@type\":\"BreadcrumbList\",\"@id\":\"https:\\\/\\\/www.cascina36.com\\\/pt-br\\\/cookies-informacoes-estendidas\\\/#breadcrumb\",\"itemListElement\":[{\"@type\":\"ListItem\",\"position\":1,\"name\":\"Home\",\"item\":\"https:\\\/\\\/www.cascina36.com\\\/pt-br\\\/home-cascina36-b-b-bem-vindo\\\/\"},{\"@type\":\"ListItem\",\"position\":2,\"name\":\"COOKIES-informa\u00e7\u00f5es estendidas\"}]},{\"@type\":\"WebSite\",\"@id\":\"https:\\\/\\\/www.cascina36.com\\\/pt-br\\\/#website\",\"url\":\"https:\\\/\\\/www.cascina36.com\\\/pt-br\\\/\",\"name\":\"Cascina36 B&amp;B\",\"description\":\"B&amp;B, Bed and Breakfast, Pregnana Milanese, Milano, Italia, Fiera di Rho, Fiera Milano.\",\"publisher\":{\"@id\":\"https:\\\/\\\/www.cascina36.com\\\/pt-br\\\/#organization\"},\"potentialAction\":[{\"@type\":\"SearchAction\",\"target\":{\"@type\":\"EntryPoint\",\"urlTemplate\":\"https:\\\/\\\/www.cascina36.com\\\/pt-br\\\/?s={search_term_string}\"},\"query-input\":{\"@type\":\"PropertyValueSpecification\",\"valueRequired\":true,\"valueName\":\"search_term_string\"}}],\"inLanguage\":\"pt-BR\"},{\"@type\":\"Organization\",\"@id\":\"https:\\\/\\\/www.cascina36.com\\\/pt-br\\\/#organization\",\"name\":\"Cascina36 B&amp;B\",\"url\":\"https:\\\/\\\/www.cascina36.com\\\/pt-br\\\/\",\"logo\":{\"@type\":\"ImageObject\",\"inLanguage\":\"pt-BR\",\"@id\":\"https:\\\/\\\/www.cascina36.com\\\/pt-br\\\/#\\\/schema\\\/logo\\\/image\\\/\",\"url\":\"https:\\\/\\\/www.cascina36.com\\\/wp-content\\\/uploads\\\/2017\\\/04\\\/LogoCascina36-1.jpg\",\"contentUrl\":\"https:\\\/\\\/www.cascina36.com\\\/wp-content\\\/uploads\\\/2017\\\/04\\\/LogoCascina36-1.jpg\",\"width\":1038,\"height\":188,\"caption\":\"Cascina36 B&amp;B\"},\"image\":{\"@id\":\"https:\\\/\\\/www.cascina36.com\\\/pt-br\\\/#\\\/schema\\\/logo\\\/image\\\/\"}}]}<\/script>\n<!-- \/ Yoast SEO plugin. -->","yoast_head_json":{"title":"COOKIES-informa\u00e7\u00f5es estendidas - Cascina36 B&amp;B","robots":{"index":"index","follow":"follow","max-snippet":"max-snippet:-1","max-image-preview":"max-image-preview:large","max-video-preview":"max-video-preview:-1"},"canonical":"https:\/\/www.cascina36.com\/pt-br\/cookies-informacoes-estendidas\/","og_locale":"pt_BR","og_type":"article","og_title":"COOKIES-informa\u00e7\u00f5es estendidas - Cascina36 B&amp;B","og_description":"Cookies: divulga\u00e7\u00e3o estendida Premissa: &nbsp; Esta &#8220;informa\u00e7\u00e3o alargada&#8221; foi preparada e personalizada especificamente para este site www.anthilla.com de acordo com as disposi\u00e7\u00f5es da medida de 8 de maio de 2014 emitido pelo Fior para a protec\u00e7\u00e3o de dados pessoais. &nbsp; [...]","og_url":"https:\/\/www.cascina36.com\/pt-br\/cookies-informacoes-estendidas\/","og_site_name":"Cascina36 B&amp;B","twitter_card":"summary_large_image","twitter_misc":{"Est. tempo de leitura":"4 minutos"},"schema":{"@context":"https:\/\/schema.org","@graph":[{"@type":"WebPage","@id":"https:\/\/www.cascina36.com\/pt-br\/cookies-informacoes-estendidas\/","url":"https:\/\/www.cascina36.com\/pt-br\/cookies-informacoes-estendidas\/","name":"COOKIES-informa\u00e7\u00f5es estendidas - Cascina36 B&amp;B","isPartOf":{"@id":"https:\/\/www.cascina36.com\/pt-br\/#website"},"datePublished":"2019-04-05T12:29:13+00:00","breadcrumb":{"@id":"https:\/\/www.cascina36.com\/pt-br\/cookies-informacoes-estendidas\/#breadcrumb"},"inLanguage":"pt-BR","potentialAction":[{"@type":"ReadAction","target":["https:\/\/www.cascina36.com\/pt-br\/cookies-informacoes-estendidas\/"]}]},{"@type":"BreadcrumbList","@id":"https:\/\/www.cascina36.com\/pt-br\/cookies-informacoes-estendidas\/#breadcrumb","itemListElement":[{"@type":"ListItem","position":1,"name":"Home","item":"https:\/\/www.cascina36.com\/pt-br\/home-cascina36-b-b-bem-vindo\/"},{"@type":"ListItem","position":2,"name":"COOKIES-informa\u00e7\u00f5es estendidas"}]},{"@type":"WebSite","@id":"https:\/\/www.cascina36.com\/pt-br\/#website","url":"https:\/\/www.cascina36.com\/pt-br\/","name":"Cascina36 B&amp;B","description":"B&amp;B, Bed and Breakfast, Pregnana Milanese, Milano, Italia, Fiera di Rho, Fiera Milano.","publisher":{"@id":"https:\/\/www.cascina36.com\/pt-br\/#organization"},"potentialAction":[{"@type":"SearchAction","target":{"@type":"EntryPoint","urlTemplate":"https:\/\/www.cascina36.com\/pt-br\/?s={search_term_string}"},"query-input":{"@type":"PropertyValueSpecification","valueRequired":true,"valueName":"search_term_string"}}],"inLanguage":"pt-BR"},{"@type":"Organization","@id":"https:\/\/www.cascina36.com\/pt-br\/#organization","name":"Cascina36 B&amp;B","url":"https:\/\/www.cascina36.com\/pt-br\/","logo":{"@type":"ImageObject","inLanguage":"pt-BR","@id":"https:\/\/www.cascina36.com\/pt-br\/#\/schema\/logo\/image\/","url":"https:\/\/www.cascina36.com\/wp-content\/uploads\/2017\/04\/LogoCascina36-1.jpg","contentUrl":"https:\/\/www.cascina36.com\/wp-content\/uploads\/2017\/04\/LogoCascina36-1.jpg","width":1038,"height":188,"caption":"Cascina36 B&amp;B"},"image":{"@id":"https:\/\/www.cascina36.com\/pt-br\/#\/schema\/logo\/image\/"}}]}},"_links":{"self":[{"href":"https:\/\/www.cascina36.com\/pt-br\/wp-json\/wp\/v2\/pages\/3109","targetHints":{"allow":["GET"]}}],"collection":[{"href":"https:\/\/www.cascina36.com\/pt-br\/wp-json\/wp\/v2\/pages"}],"about":[{"href":"https:\/\/www.cascina36.com\/pt-br\/wp-json\/wp\/v2\/types\/page"}],"author":[{"embeddable":true,"href":"https:\/\/www.cascina36.com\/pt-br\/wp-json\/wp\/v2\/users\/1"}],"replies":[{"embeddable":true,"href":"https:\/\/www.cascina36.com\/pt-br\/wp-json\/wp\/v2\/comments?post=3109"}],"version-history":[{"count":0,"href":"https:\/\/www.cascina36.com\/pt-br\/wp-json\/wp\/v2\/pages\/3109\/revisions"}],"wp:attachment":[{"href":"https:\/\/www.cascina36.com\/pt-br\/wp-json\/wp\/v2\/media?parent=3109"}],"curies":[{"name":"wp","href":"https:\/\/api.w.org\/{rel}","templated":true}]}}